{"id":1349,"date":"2021-02-20T18:40:09","date_gmt":"2021-02-20T21:40:09","guid":{"rendered":"https:\/\/salesianossp.org.br\/aparecidaitaquera\/parnspsp\/?page_id=1349"},"modified":"2021-05-31T02:29:59","modified_gmt":"2021-05-31T05:29:59","slug":"pastorais","status":"publish","type":"page","link":"https:\/\/salesianossp.org.br\/aparecidaitaquera\/pastorais\/","title":{"rendered":"Pastorais"},"content":{"rendered":"\t\t<div data-elementor-type=\"wp-page\" data-elementor-id=\"1349\" class=\"elementor elementor-1349\" data-elementor-post-type=\"page\">\n\t\t\t\t\t\t<section class=\"elementor-section elementor-top-section elementor-element elementor-element-daa2875 elementor-section-boxed elementor-section-height-default elementor-section-height-default\" data-id=\"daa2875\" data-element_type=\"section\" data-e-type=\"section\">\n\t\t\t\t\t\t<div class=\"elementor-container elementor-column-gap-default\">\n\t\t\t\t\t<div class=\"elementor-column elementor-col-100 elementor-top-column elementor-element elementor-element-9d8750f\" data-id=\"9d8750f\" data-element_type=\"column\" data-e-type=\"column\">\n\t\t\t<div class=\"elementor-widget-wrap elementor-element-populated\">\n\t\t\t\t\t\t<div class=\"elementor-element elementor-element-561da91 elementor-widget elementor-widget-heading\" data-id=\"561da91\" data-element_type=\"widget\" data-e-type=\"widget\" data-widget_type=\"heading.default\">\n\t\t\t\t<div class=\"elementor-widget-container\">\n\t\t\t\t\t<h2 class=\"elementor-heading-title elementor-size-default\">Pastorais Paroquiais<\/h2>\t\t\t\t<\/div>\n\t\t\t\t<\/div>\n\t\t\t\t\t<\/div>\n\t\t<\/div>\n\t\t\t\t\t<\/div>\n\t\t<\/section>\n\t\t\t\t<section class=\"elementor-section elementor-top-section elementor-element elementor-element-4e658a8 elementor-section-boxed elementor-section-height-default elementor-section-height-default\" data-id=\"4e658a8\" data-element_type=\"section\" data-e-type=\"section\">\n\t\t\t\t\t\t<div class=\"elementor-container elementor-column-gap-default\">\n\t\t\t\t\t<div class=\"elementor-column elementor-col-50 elementor-top-column elementor-element elementor-element-061408f\" data-id=\"061408f\" data-element_type=\"column\" data-e-type=\"column\">\n\t\t\t<div class=\"elementor-widget-wrap elementor-element-populated\">\n\t\t\t\t\t\t<div class=\"elementor-element elementor-element-465f022 elementor-widget elementor-widget-image\" data-id=\"465f022\" data-element_type=\"widget\" data-e-type=\"widget\" data-widget_type=\"image.default\">\n\t\t\t\t<div class=\"elementor-widget-container\">\n\t\t\t\t\t\t\t\t\t\t\t\t\t\t\t<img fetchpriority=\"high\" decoding=\"async\" width=\"1024\" height=\"576\" src=\"https:\/\/salesianossp.org.br\/aparecidaitaquera\/wp-content\/uploads\/2021\/05\/past3-1024x576.jpg\" class=\"attachment-large size-large wp-image-1589\" alt=\"\" srcset=\"https:\/\/salesianossp.org.br\/aparecidaitaquera\/wp-content\/uploads\/2021\/05\/past3-1024x576.jpg 1024w, https:\/\/salesianossp.org.br\/aparecidaitaquera\/wp-content\/uploads\/2021\/05\/past3-300x169.jpg 300w, https:\/\/salesianossp.org.br\/aparecidaitaquera\/wp-content\/uploads\/2021\/05\/past3-768x432.jpg 768w, https:\/\/salesianossp.org.br\/aparecidaitaquera\/wp-content\/uploads\/2021\/05\/past3-260x146.jpg 260w, https:\/\/salesianossp.org.br\/aparecidaitaquera\/wp-content\/uploads\/2021\/05\/past3-50x28.jpg 50w, https:\/\/salesianossp.org.br\/aparecidaitaquera\/wp-content\/uploads\/2021\/05\/past3-133x75.jpg 133w, https:\/\/salesianossp.org.br\/aparecidaitaquera\/wp-content\/uploads\/2021\/05\/past3-800x450.jpg 800w, https:\/\/salesianossp.org.br\/aparecidaitaquera\/wp-content\/uploads\/2021\/05\/past3-750x422.jpg 750w, https:\/\/salesianossp.org.br\/aparecidaitaquera\/wp-content\/uploads\/2021\/05\/past3-1140x641.jpg 1140w, https:\/\/salesianossp.org.br\/aparecidaitaquera\/wp-content\/uploads\/2021\/05\/past3.jpg 1280w\" sizes=\"(max-width:767px) 480px, (max-width:1024px) 100vw, 1024px\" \/>\t\t\t\t\t\t\t\t\t\t\t\t\t\t\t<\/div>\n\t\t\t\t<\/div>\n\t\t\t\t<div class=\"elementor-element elementor-element-9c7860a elementor-vertical-align-top elementor-widget elementor-widget-image-box\" data-id=\"9c7860a\" data-element_type=\"widget\" data-e-type=\"widget\" data-widget_type=\"image-box.default\">\n\t\t\t\t<div class=\"elementor-widget-container\">\n\t\t\t\t\t<div class=\"elementor-image-box-wrapper\"><div class=\"elementor-image-box-content\"><h3 class=\"elementor-image-box-title\">Pastoral da Sa\u00fade<\/h3><\/div><\/div>\t\t\t\t<\/div>\n\t\t\t\t<\/div>\n\t\t\t\t<div class=\"elementor-element elementor-element-2a8879f elementor-widget elementor-widget-text-editor\" data-id=\"2a8879f\" data-element_type=\"widget\" data-e-type=\"widget\" data-widget_type=\"text-editor.default\">\n\t\t\t\t<div class=\"elementor-widget-container\">\n\t\t\t\t\t\t\t\t\t<p><span style=\"font-weight: 400;\">O trabalho realizado pela pastoral da sa\u00fade, engloba algumas atividades do cotidiano, entre elas a principal se d\u00e1 pelas Visitas \u00e0s fam\u00edlias de doentes, e essas visitas tem como objetivo principal auxiliar os enfermos em demandas simples, como marcar consultas se necess\u00e1rio, identificar a necessidade de buscar rem\u00e9dios nos postos de sa\u00fade, acompanhamento na realiza\u00e7\u00e3o de exames, etc. Al\u00e9m das atividades relacionadas \u00e0 sa\u00fade, tamb\u00e9m \u00e9 realizado algumas atividades dom\u00e9sticas, como\u00a0 verifica\u00e7\u00e3o dos alimentos em cestas b\u00e1sicas, se houver a necessidade \u00e9 feita a prepara\u00e7\u00e3o de refei\u00e7\u00f5es, entre outras demandas.\u00a0<\/span><\/p><p><span style=\"font-weight: 400;\">Coordenadora:\u00a0<br \/><\/span><span style=\"font-weight: 400;\">Maria Gilsiene (Nininha)<br \/><\/span><span style=\"font-weight: 400;\">Contato: (11) 98426-8927<\/span><\/p>\t\t\t\t\t\t\t\t<\/div>\n\t\t\t\t<\/div>\n\t\t\t\t\t<\/div>\n\t\t<\/div>\n\t\t\t\t<div class=\"elementor-column elementor-col-50 elementor-top-column elementor-element elementor-element-afec00e\" data-id=\"afec00e\" data-element_type=\"column\" data-e-type=\"column\">\n\t\t\t<div class=\"elementor-widget-wrap elementor-element-populated\">\n\t\t\t\t\t\t<div class=\"elementor-element elementor-element-4be5088 elementor-widget elementor-widget-image\" data-id=\"4be5088\" data-element_type=\"widget\" data-e-type=\"widget\" data-widget_type=\"image.default\">\n\t\t\t\t<div class=\"elementor-widget-container\">\n\t\t\t\t\t\t\t\t\t\t\t\t\t\t\t<img decoding=\"async\" width=\"1024\" height=\"576\" src=\"https:\/\/salesianossp.org.br\/aparecidaitaquera\/wp-content\/uploads\/2021\/05\/past4-1024x576.jpg\" class=\"attachment-large size-large wp-image-1590\" alt=\"\" srcset=\"https:\/\/salesianossp.org.br\/aparecidaitaquera\/wp-content\/uploads\/2021\/05\/past4-1024x576.jpg 1024w, https:\/\/salesianossp.org.br\/aparecidaitaquera\/wp-content\/uploads\/2021\/05\/past4-300x169.jpg 300w, https:\/\/salesianossp.org.br\/aparecidaitaquera\/wp-content\/uploads\/2021\/05\/past4-768x432.jpg 768w, https:\/\/salesianossp.org.br\/aparecidaitaquera\/wp-content\/uploads\/2021\/05\/past4-260x146.jpg 260w, https:\/\/salesianossp.org.br\/aparecidaitaquera\/wp-content\/uploads\/2021\/05\/past4-50x28.jpg 50w, https:\/\/salesianossp.org.br\/aparecidaitaquera\/wp-content\/uploads\/2021\/05\/past4-133x75.jpg 133w, https:\/\/salesianossp.org.br\/aparecidaitaquera\/wp-content\/uploads\/2021\/05\/past4-800x450.jpg 800w, https:\/\/salesianossp.org.br\/aparecidaitaquera\/wp-content\/uploads\/2021\/05\/past4-750x422.jpg 750w, https:\/\/salesianossp.org.br\/aparecidaitaquera\/wp-content\/uploads\/2021\/05\/past4-1140x641.jpg 1140w, https:\/\/salesianossp.org.br\/aparecidaitaquera\/wp-content\/uploads\/2021\/05\/past4.jpg 1280w\" sizes=\"(max-width:767px) 480px, (max-width:1024px) 100vw, 1024px\" \/>\t\t\t\t\t\t\t\t\t\t\t\t\t\t\t<\/div>\n\t\t\t\t<\/div>\n\t\t\t\t<div class=\"elementor-element elementor-element-d04bc72 elementor-vertical-align-top elementor-widget elementor-widget-image-box\" data-id=\"d04bc72\" data-element_type=\"widget\" data-e-type=\"widget\" data-widget_type=\"image-box.default\">\n\t\t\t\t<div class=\"elementor-widget-container\">\n\t\t\t\t\t<div class=\"elementor-image-box-wrapper\"><div class=\"elementor-image-box-content\"><h3 class=\"elementor-image-box-title\">Catequese<\/h3><\/div><\/div>\t\t\t\t<\/div>\n\t\t\t\t<\/div>\n\t\t\t\t<div class=\"elementor-element elementor-element-a456f27 elementor-widget elementor-widget-text-editor\" data-id=\"a456f27\" data-element_type=\"widget\" data-e-type=\"widget\" data-widget_type=\"text-editor.default\">\n\t\t\t\t<div class=\"elementor-widget-container\">\n\t\t\t\t\t\t\t\t\t<p><span style=\"font-weight: 400;\">Prepara\u00e7\u00e3o de crian\u00e7as da faixa et\u00e1ria de 8 a 13 anos, para a Primeira Eucaristia.<\/span><\/p><p>Catequese (do latim tardio catechesis, por sua vez do grego \u03ba\u03b1\u03c4\u03ae\u03c7\u03b7\u03c3\u03b9\u03c2, tamb\u00e9m derivado do verbo \u03ba\u03b1\u03c4\u03b7\u03c7\u03ad\u03c9 que significa &#8220;instruir a viva voz&#8221;) \u00e9 a parte principal do rito de inicia\u00e7\u00e3o crist\u00e3, em que a pessoa iniciada ouve o an\u00fancio do Evangelho. Portanto, a catequese e as celebra\u00e7\u00f5es formam uma unidade no processo de inicia\u00e7\u00e3o a vida crist\u00e3. A pessoa \u00e9 instru\u00edda para bem celebrar.<\/p><p><span style=\"font-weight: 400;\">Coordenadora: Claudia Pacca<br \/><\/span><span style=\"font-weight: 400;\">Contato: (11) 96444 9744<\/span><\/p>\t\t\t\t\t\t\t\t<\/div>\n\t\t\t\t<\/div>\n\t\t\t\t\t<\/div>\n\t\t<\/div>\n\t\t\t\t\t<\/div>\n\t\t<\/section>\n\t\t\t\t<section class=\"elementor-section elementor-top-section elementor-element elementor-element-632777b elementor-section-boxed elementor-section-height-default elementor-section-height-default\" data-id=\"632777b\" data-element_type=\"section\" data-e-type=\"section\">\n\t\t\t\t\t\t<div class=\"elementor-container elementor-column-gap-default\">\n\t\t\t\t\t<div class=\"elementor-column elementor-col-50 elementor-top-column elementor-element elementor-element-b2f093e\" data-id=\"b2f093e\" data-element_type=\"column\" data-e-type=\"column\">\n\t\t\t<div class=\"elementor-widget-wrap elementor-element-populated\">\n\t\t\t\t\t\t<div class=\"elementor-element elementor-element-f5e58e9 elementor-widget elementor-widget-image\" data-id=\"f5e58e9\" data-element_type=\"widget\" data-e-type=\"widget\" data-widget_type=\"image.default\">\n\t\t\t\t<div class=\"elementor-widget-container\">\n\t\t\t\t\t\t\t\t\t\t\t\t\t\t\t<img decoding=\"async\" width=\"1024\" height=\"576\" src=\"https:\/\/salesianossp.org.br\/aparecidaitaquera\/wp-content\/uploads\/2021\/05\/past2-1024x576.jpg\" class=\"attachment-large size-large wp-image-1588\" alt=\"\" srcset=\"https:\/\/salesianossp.org.br\/aparecidaitaquera\/wp-content\/uploads\/2021\/05\/past2-1024x576.jpg 1024w, https:\/\/salesianossp.org.br\/aparecidaitaquera\/wp-content\/uploads\/2021\/05\/past2-300x169.jpg 300w, https:\/\/salesianossp.org.br\/aparecidaitaquera\/wp-content\/uploads\/2021\/05\/past2-768x432.jpg 768w, https:\/\/salesianossp.org.br\/aparecidaitaquera\/wp-content\/uploads\/2021\/05\/past2-260x146.jpg 260w, https:\/\/salesianossp.org.br\/aparecidaitaquera\/wp-content\/uploads\/2021\/05\/past2-50x28.jpg 50w, https:\/\/salesianossp.org.br\/aparecidaitaquera\/wp-content\/uploads\/2021\/05\/past2-133x75.jpg 133w, https:\/\/salesianossp.org.br\/aparecidaitaquera\/wp-content\/uploads\/2021\/05\/past2-800x450.jpg 800w, https:\/\/salesianossp.org.br\/aparecidaitaquera\/wp-content\/uploads\/2021\/05\/past2-750x422.jpg 750w, https:\/\/salesianossp.org.br\/aparecidaitaquera\/wp-content\/uploads\/2021\/05\/past2-1140x641.jpg 1140w, https:\/\/salesianossp.org.br\/aparecidaitaquera\/wp-content\/uploads\/2021\/05\/past2.jpg 1280w\" sizes=\"(max-width:767px) 480px, (max-width:1024px) 100vw, 1024px\" \/>\t\t\t\t\t\t\t\t\t\t\t\t\t\t\t<\/div>\n\t\t\t\t<\/div>\n\t\t\t\t<div class=\"elementor-element elementor-element-1102c80 elementor-vertical-align-top elementor-widget elementor-widget-image-box\" data-id=\"1102c80\" data-element_type=\"widget\" data-e-type=\"widget\" data-widget_type=\"image-box.default\">\n\t\t\t\t<div class=\"elementor-widget-container\">\n\t\t\t\t\t<div class=\"elementor-image-box-wrapper\"><div class=\"elementor-image-box-content\"><h3 class=\"elementor-image-box-title\">PASCOM<\/h3><\/div><\/div>\t\t\t\t<\/div>\n\t\t\t\t<\/div>\n\t\t\t\t<div class=\"elementor-element elementor-element-8e54bc0 elementor-widget elementor-widget-text-editor\" data-id=\"8e54bc0\" data-element_type=\"widget\" data-e-type=\"widget\" data-widget_type=\"text-editor.default\">\n\t\t\t\t<div class=\"elementor-widget-container\">\n\t\t\t\t\t\t\t\t\t<p><span style=\"font-weight: 400;\">A Pastoral da Comunica\u00e7\u00e3o da Par\u00f3quia Nossa Senhora Aparecida foi criada em 2016, mas come\u00e7ou a ter uma participa\u00e7\u00e3o ativa na par\u00f3quia a partir da segunda metade de 2018. \u00c9 a pastoral respons\u00e1vel por toda a comunica\u00e7\u00e3o entre a par\u00f3quia e os paroquianos.\u00a0<\/span><\/p><p><span style=\"font-weight: 400;\">A Pascom \u00e9 respons\u00e1vel por administrar as redes sociais (facebook, instagram e youtube) e agora tamb\u00e9m o site da par\u00f3quia.<\/span><\/p><p><span style=\"font-weight: 400;\">Em 2020 e 2021 a Pascom teve um trabalho forte para poder levar a Palavra at\u00e9 os fi\u00e9is por meio das transmiss\u00f5es das missas pelas redes sociais.<\/span><\/p><p><span style=\"font-weight: 400;\">Coordenador: Edson Company Colalto Junior<br \/><\/span><span style=\"font-weight: 400;\">Vice-coordenador: Jo\u00e3o Batista<br \/><\/span><span style=\"font-weight: 400;\">e-mail: <\/span><a href=\"mailto:pascom.aparecida16@gmail.com\"><span style=\"font-weight: 400;\">pascom.aparecida16@gmail.com<\/span><\/a><\/p>\t\t\t\t\t\t\t\t<\/div>\n\t\t\t\t<\/div>\n\t\t\t\t\t<\/div>\n\t\t<\/div>\n\t\t\t\t<div class=\"elementor-column elementor-col-50 elementor-top-column elementor-element elementor-element-5b942a2\" data-id=\"5b942a2\" data-element_type=\"column\" data-e-type=\"column\">\n\t\t\t<div class=\"elementor-widget-wrap elementor-element-populated\">\n\t\t\t\t\t\t<div class=\"elementor-element elementor-element-5fd11fb elementor-widget elementor-widget-image\" data-id=\"5fd11fb\" data-element_type=\"widget\" data-e-type=\"widget\" data-widget_type=\"image.default\">\n\t\t\t\t<div class=\"elementor-widget-container\">\n\t\t\t\t\t\t\t\t\t\t\t\t\t\t\t<img loading=\"lazy\" decoding=\"async\" width=\"1024\" height=\"576\" src=\"https:\/\/salesianossp.org.br\/aparecidaitaquera\/wp-content\/uploads\/2021\/05\/past1-1024x576.jpg\" class=\"attachment-large size-large wp-image-1587\" alt=\"\" srcset=\"https:\/\/salesianossp.org.br\/aparecidaitaquera\/wp-content\/uploads\/2021\/05\/past1-1024x576.jpg 1024w, https:\/\/salesianossp.org.br\/aparecidaitaquera\/wp-content\/uploads\/2021\/05\/past1-300x169.jpg 300w, https:\/\/salesianossp.org.br\/aparecidaitaquera\/wp-content\/uploads\/2021\/05\/past1-768x432.jpg 768w, https:\/\/salesianossp.org.br\/aparecidaitaquera\/wp-content\/uploads\/2021\/05\/past1-260x146.jpg 260w, https:\/\/salesianossp.org.br\/aparecidaitaquera\/wp-content\/uploads\/2021\/05\/past1-50x28.jpg 50w, https:\/\/salesianossp.org.br\/aparecidaitaquera\/wp-content\/uploads\/2021\/05\/past1-133x75.jpg 133w, https:\/\/salesianossp.org.br\/aparecidaitaquera\/wp-content\/uploads\/2021\/05\/past1-800x450.jpg 800w, https:\/\/salesianossp.org.br\/aparecidaitaquera\/wp-content\/uploads\/2021\/05\/past1-750x422.jpg 750w, https:\/\/salesianossp.org.br\/aparecidaitaquera\/wp-content\/uploads\/2021\/05\/past1-1140x641.jpg 1140w, https:\/\/salesianossp.org.br\/aparecidaitaquera\/wp-content\/uploads\/2021\/05\/past1.jpg 1280w\" sizes=\"(max-width:767px) 480px, (max-width:1024px) 100vw, 1024px\" \/>\t\t\t\t\t\t\t\t\t\t\t\t\t\t\t<\/div>\n\t\t\t\t<\/div>\n\t\t\t\t<div class=\"elementor-element elementor-element-ddd8e57 elementor-vertical-align-top elementor-widget elementor-widget-image-box\" data-id=\"ddd8e57\" data-element_type=\"widget\" data-e-type=\"widget\" data-widget_type=\"image-box.default\">\n\t\t\t\t<div class=\"elementor-widget-container\">\n\t\t\t\t\t<div class=\"elementor-image-box-wrapper\"><div class=\"elementor-image-box-content\"><h3 class=\"elementor-image-box-title\">ADMA Itaquera<\/h3><\/div><\/div>\t\t\t\t<\/div>\n\t\t\t\t<\/div>\n\t\t\t\t<div class=\"elementor-element elementor-element-127d8e7 elementor-widget elementor-widget-text-editor\" data-id=\"127d8e7\" data-element_type=\"widget\" data-e-type=\"widget\" data-widget_type=\"text-editor.default\">\n\t\t\t\t<div class=\"elementor-widget-container\">\n\t\t\t\t\t\t\t\t\t<p>A Associa\u00e7\u00e3o de Maria Auxiliadora oferece uma caminhada de santifica\u00e7\u00e3o e de apostolado, segundo o carisma salesiano. A ADMA foi fundada por Dom Bosco no dia 18 de abril de 1869, junto ao Santu\u00e1rio de Maria Auxiliadora, em Valdocco, Turim (It\u00e1lia), com a finalidade de promover e defender a f\u00e9 crist\u00e3 do povo simples.<\/p><p>A ADMA fomenta o culto da Eucaristia e da devo\u00e7\u00e3o a Nossa Senhora Auxiliadora, sob todas as formas, p\u00fablicas e privadas, aprovadas pela igreja, dedicando especial aten\u00e7\u00e3o \u00e0s fam\u00edlias e aos jovens. A Associa\u00e7\u00e3o \u00e9 um grupo da fam\u00edlia salesiana e est\u00e1 presente em todo o mundo, especialmente junto \u00e0s obras dos Salesianos de Dom Bosco (SDB) e das Filhas de Maria Auxiliadora (FMA).<\/p>\t\t\t\t\t\t\t\t<\/div>\n\t\t\t\t<\/div>\n\t\t\t\t\t<\/div>\n\t\t<\/div>\n\t\t\t\t\t<\/div>\n\t\t<\/section>\n\t\t\t\t<\/div>\n\t\t","protected":false},"excerpt":{"rendered":"<p>Pastorais Paroquiais Pastoral da Sa\u00fade O trabalho realizado pela pastoral da sa\u00fade, engloba algumas atividades do cotidiano, entre elas a principal se d\u00e1 pelas Visitas \u00e0s<span class=\"excerpt-hellip\"> [\u2026]<\/span><\/p>\n","protected":false},"author":93,"featured_media":0,"parent":0,"menu_order":0,"comment_status":"closed","ping_status":"closed","template":"elementor_header_footer","meta":{"footnotes":""},"class_list":["post-1349","page","type-page","status-publish","hentry"],"_links":{"self":[{"href":"https:\/\/salesianossp.org.br\/aparecidaitaquera\/wp-json\/wp\/v2\/pages\/1349","targetHints":{"allow":["GET"]}}],"collection":[{"href":"https:\/\/salesianossp.org.br\/aparecidaitaquera\/wp-json\/wp\/v2\/pages"}],"about":[{"href":"https:\/\/salesianossp.org.br\/aparecidaitaquera\/wp-json\/wp\/v2\/types\/page"}],"author":[{"embeddable":true,"href":"https:\/\/salesianossp.org.br\/aparecidaitaquera\/wp-json\/wp\/v2\/users\/93"}],"replies":[{"embeddable":true,"href":"https:\/\/salesianossp.org.br\/aparecidaitaquera\/wp-json\/wp\/v2\/comments?post=1349"}],"version-history":[{"count":16,"href":"https:\/\/salesianossp.org.br\/aparecidaitaquera\/wp-json\/wp\/v2\/pages\/1349\/revisions"}],"predecessor-version":[{"id":1594,"href":"https:\/\/salesianossp.org.br\/aparecidaitaquera\/wp-json\/wp\/v2\/pages\/1349\/revisions\/1594"}],"wp:attachment":[{"href":"https:\/\/salesianossp.org.br\/aparecidaitaquera\/wp-json\/wp\/v2\/media?parent=1349"}],"curies":[{"name":"wp","href":"https:\/\/api.w.org\/{rel}","templated":true}]}}