{"id":113701,"date":"2025-01-13T03:20:55","date_gmt":"2025-01-13T03:20:55","guid":{"rendered":"https:\/\/salesianossp.org.br\/obrasaoluis\/?page_id=113701"},"modified":"2025-10-09T14:00:46","modified_gmt":"2025-10-09T14:00:46","slug":"cursos-atividades","status":"publish","type":"page","link":"https:\/\/salesianossp.org.br\/obrasaoluis\/cursos-atividades\/","title":{"rendered":"Cursos e atividades"},"content":{"rendered":"\t\t<div data-elementor-type=\"wp-page\" data-elementor-id=\"113701\" class=\"elementor elementor-113701\" data-elementor-post-type=\"page\">\n\t\t\t\t<section class=\"elementor-element elementor-element-df6515c e-flex e-con-boxed e-con e-parent\" data-id=\"df6515c\" data-element_type=\"container\" data-e-type=\"container\">\n\t\t\t\t\t<div class=\"e-con-inner\">\n\t\t<header class=\"elementor-element elementor-element-6d4008f e-con-full e-flex e-con e-child\" data-id=\"6d4008f\" data-element_type=\"container\" data-e-type=\"container\">\n\t\t<div class=\"elementor-element elementor-element-1bb8fb5 e-con-full e-flex e-con e-child\" data-id=\"1bb8fb5\" data-element_type=\"container\" data-e-type=\"container\">\n\t\t\t\t<div class=\"elementor-element elementor-element-8db755f elementor-widget elementor-widget-heading\" data-id=\"8db755f\" data-element_type=\"widget\" data-e-type=\"widget\" data-widget_type=\"heading.default\">\n\t\t\t\t<div class=\"elementor-widget-container\">\n\t\t\t\t\t<h2 class=\"elementor-heading-title elementor-size-default\">Cursos e Atividades<\/h2>\t\t\t\t<\/div>\n\t\t\t\t<\/div>\n\t\t\t\t<\/div>\n\t\t<div class=\"elementor-element elementor-element-d9396c3 e-con-full e-flex e-con e-child\" data-id=\"d9396c3\" data-element_type=\"container\" data-e-type=\"container\">\n\t\t\t\t<div class=\"elementor-element elementor-element-b21f5e2 elementor-widget elementor-widget-heading\" data-id=\"b21f5e2\" data-element_type=\"widget\" data-e-type=\"widget\" data-widget_type=\"heading.default\">\n\t\t\t\t<div class=\"elementor-widget-container\">\n\t\t\t\t\t<p class=\"elementor-heading-title elementor-size-default\">Lorem ipsum dolor sit amet, consectetur adipiscing elit, sed do eiusmod tempor incididunt ut labore et dolore magna aliqua. Ut enim ad minim veniam, quis nostrud exercitation ullamco laboris nisi ut aliquip ex ea commodo consequat. Duis aute irure dolor in reprehenderit in voluptate velit esse cillum dolore eu fugiat nulla pariatur. Excepteur sint.Lorem ipsum dolor sit amet, consectetur adipiscing elit, sed do eiusmod tempor incididunt ut labore et dolore magna aliqua. Ut enim ad minim veniam, quis.<\/p>\t\t\t\t<\/div>\n\t\t\t\t<\/div>\n\t\t\t\t<\/div>\n\t\t\t\t<\/header>\n\t\t\t\t\t<\/div>\n\t\t\t\t<\/section>\n\t\t<div class=\"elementor-element elementor-element-c9c21e3 e-flex e-con-boxed e-con e-parent\" data-id=\"c9c21e3\" data-element_type=\"container\" data-e-type=\"container\">\n\t\t\t\t\t<div class=\"e-con-inner\">\n\t\t<div class=\"elementor-element elementor-element-a0141d9 e-con-full e-flex e-con e-child\" data-id=\"a0141d9\" data-element_type=\"container\" data-e-type=\"container\">\n\t\t<div class=\"elementor-element elementor-element-6c2de01 e-con-full e-flex e-con e-child\" data-id=\"6c2de01\" data-element_type=\"container\" data-e-type=\"container\">\n\t\t<div class=\"elementor-element elementor-element-7f38f00 e-con-full e-flex e-con e-child\" data-id=\"7f38f00\" data-element_type=\"container\" data-e-type=\"container\">\n\t\t\t\t<div class=\"elementor-element elementor-element-7cf8fcb elementor-widget-tablet__width-initial elementor-widget-mobile__width-initial elementor-widget__width-initial elementor-widget elementor-widget-jet-smart-filters-search\" data-id=\"7cf8fcb\" data-element_type=\"widget\" data-e-type=\"widget\" data-widget_type=\"jet-smart-filters-search.default\">\n\t\t\t\t<div class=\"elementor-widget-container\">\n\t\t\t\t\t<div class=\"jet-smart-filters-search jet-filter\">\n<div\n\tclass=\"jet-search-filter\"\n\tdata-query-type=\"_s\" data-query-var=\"query\" data-smart-filter=\"search\" data-filter-id=\"115597\" data-apply-type=\"ajax-ontyping\" data-content-provider=\"jet-engine\" data-additional-providers=\"\" data-query-id=\"cursos\" data-active-label=\"\" data-layout-options=\"{&quot;show_label&quot;:&quot;&quot;,&quot;display_options&quot;:[]}\" data-query-var-suffix=\"search\" data-min-letters-count=\"3\">\n\t<div class=\"jet-search-filter__input-wrapper\">\n\t\t<input\n\t\t\tclass=\"jet-search-filter__input\"\n\t\t\ttype=\"search\"\n\t\t\tautocomplete=\"off\"\n\t\t\tname=\"query\"\n\t\t\tvalue=\"\"\n\t\t\tplaceholder=\"Busca...\"\n\t\t\taria-label=\"Filtro Busca OS PVI\"\n\t\t\t\t\t>\n\t\t\t\t\t<div class=\"jet-search-filter__input-clear\">\n\t\t\t\t<svg width=\"22\" height=\"28\" viewBox=\"0 0 22 28\" xmlns=\"http:\/\/www.w3.org\/2000\/svg\">\n\t<path d=\"M20.281 20.656c0 0.391-0.156 0.781-0.438 1.062l-2.125 2.125c-0.281 0.281-0.672 0.438-1.062 0.438s-0.781-0.156-1.062-0.438l-4.594-4.594-4.594 4.594c-0.281 0.281-0.672 0.438-1.062 0.438s-0.781-0.156-1.062-0.438l-2.125-2.125c-0.281-0.281-0.438-0.672-0.438-1.062s0.156-0.781 0.438-1.062l4.594-4.594-4.594-4.594c-0.281-0.281-0.438-0.672-0.438-1.062s0.156-0.781 0.438-1.062l2.125-2.125c0.281-0.281 0.672-0.438 1.062-0.438s0.781 0.156 1.062 0.438l4.594 4.594 4.594-4.594c0.281-0.281 0.672-0.438 1.062-0.438s0.781 0.156 1.062 0.438l2.125 2.125c0.281 0.281 0.438 0.672 0.438 1.062s-0.156 0.781-0.438 1.062l-4.594 4.594 4.594 4.594c0.281 0.281 0.438 0.672 0.438 1.062z\"><\/path>\n<\/svg>\n\t\t\t<\/div>\n\t\t\t<div class=\"jet-search-filter__input-loading\"><\/div>\n\t\t\t<\/div>\n\n\t<\/div>\n<\/div>\t\t\t\t<\/div>\n\t\t\t\t<\/div>\n\t\t\t\t<div class=\"elementor-element elementor-element-fd3877f elementor-view-default elementor-widget elementor-widget-icon\" data-id=\"fd3877f\" data-element_type=\"widget\" data-e-type=\"widget\" data-widget_type=\"icon.default\">\n\t\t\t\t<div class=\"elementor-widget-container\">\n\t\t\t\t\t\t\t<div class=\"elementor-icon-wrapper\">\n\t\t\t<div class=\"elementor-icon\">\n\t\t\t<svg xmlns=\"http:\/\/www.w3.org\/2000\/svg\" width=\"52\" height=\"52\" viewBox=\"0 0 52 52\" fill=\"none\"><rect width=\"52\" height=\"52\" rx=\"26\" fill=\"#E63827\"><\/rect><path fill-rule=\"evenodd\" clip-rule=\"evenodd\" d=\"M32.0858 31.2267C35.6839 28.0984 36.6541 22.8258 34.1493 18.7202C31.346 14.1252 25.2514 12.7319 20.5367 15.6083C15.822 18.4847 14.2726 24.5414 17.0759 29.1364C19.7021 33.441 25.2166 34.9358 29.7792 32.7428L31.6151 35.752C32.0119 36.4023 32.8607 36.6079 33.511 36.2112C34.1613 35.8144 34.3668 34.9656 33.9701 34.3153L32.0858 31.2267ZM29.3095 29.988C25.8757 32.0829 21.4368 31.0682 19.3951 27.7215C17.3533 24.3748 18.4819 19.9635 21.9157 17.8686C25.3495 15.7737 29.7884 16.7884 31.8301 20.1351C33.8719 23.4818 32.7434 27.893 29.3095 29.988Z\" fill=\"#FEFAF1\"><\/path><\/svg>\t\t\t<\/div>\n\t\t<\/div>\n\t\t\t\t\t\t<\/div>\n\t\t\t\t<\/div>\n\t\t\t\t<\/div>\n\t\t<div class=\"elementor-element elementor-element-0e6a6e2 e-con-full e-flex e-con e-child\" data-id=\"0e6a6e2\" data-element_type=\"container\" data-e-type=\"container\" data-settings=\"{&quot;background_background&quot;:&quot;classic&quot;}\">\n\t\t\t\t<div class=\"elementor-element elementor-element-2960ed4 elementor-widget elementor-widget-jet-smart-filters-checkboxes\" data-id=\"2960ed4\" data-element_type=\"widget\" data-e-type=\"widget\" data-widget_type=\"jet-smart-filters-checkboxes.default\">\n\t\t\t\t<div class=\"elementor-widget-container\">\n\t\t\t\t\t<div class=\"jet-smart-filters-checkboxes jet-filter \" data-indexer-rule=\"show\" data-show-counter=\"\" data-change-counter=\"always\"><div class=\"jet-checkboxes-list\" data-query-type=\"meta_query\" data-query-var=\"cursos_atividades_periodo\" data-smart-filter=\"checkboxes\" data-filter-id=\"115809\" data-apply-type=\"ajax\" data-content-provider=\"jet-engine\" data-additional-providers=\"\" data-query-id=\"cursos\" data-active-label=\"\" data-layout-options=\"{&quot;show_label&quot;:&quot;&quot;,&quot;display_options&quot;:{&quot;show_items_label&quot;:false,&quot;show_decorator&quot;:false,&quot;filter_image_size&quot;:&quot;full&quot;,&quot;show_counter&quot;:false}}\" data-query-var-suffix=\"is_custom_checkbox\" data-apply-on=\"value\">\n\t<fieldset class=\"jet-checkboxes-list-wrapper\"><legend style=\"display:none;\">Filtro Turnos Cursos e Atividades<\/legend><div class=\"jet-checkboxes-list__row jet-filter-row\">\n\t\t<label\n\t\tclass=\"jet-checkboxes-list__item\"\n\t\t\t>\n\t\t<input\n\t\t\ttype=\"checkbox\"\n\t\t\tclass=\"jet-checkboxes-list__input\"\n\t\t\tname=\"cursos_atividades_periodo\"\n\t\t\tvalue=\"Manh\u00e3\"\n\t\t\tdata-label=\"Manh\u00e3\"\n\t\t\t\t\t\taria-label=\"Manh\u00e3\"\n\t\t\t\t\t>\n\t\t<div class=\"jet-checkboxes-list__button\">\n\t\t\t\t\t\t<span class=\"jet-checkboxes-list__label\">\n\t\t\t\tManh\u00e3\t\t\t<\/span>\n\t\t\t\t\t<\/div>\n\t<\/label>\n<\/div><div class=\"jet-checkboxes-list__row jet-filter-row\">\n\t\t<label\n\t\tclass=\"jet-checkboxes-list__item\"\n\t\t\t>\n\t\t<input\n\t\t\ttype=\"checkbox\"\n\t\t\tclass=\"jet-checkboxes-list__input\"\n\t\t\tname=\"cursos_atividades_periodo\"\n\t\t\tvalue=\"Tarde\"\n\t\t\tdata-label=\"Tarde\"\n\t\t\t\t\t\taria-label=\"Tarde\"\n\t\t\t\t\t>\n\t\t<div class=\"jet-checkboxes-list__button\">\n\t\t\t\t\t\t<span class=\"jet-checkboxes-list__label\">\n\t\t\t\tTarde\t\t\t<\/span>\n\t\t\t\t\t<\/div>\n\t<\/label>\n<\/div><div class=\"jet-checkboxes-list__row jet-filter-row\">\n\t\t<label\n\t\tclass=\"jet-checkboxes-list__item\"\n\t\t\t>\n\t\t<input\n\t\t\ttype=\"checkbox\"\n\t\t\tclass=\"jet-checkboxes-list__input\"\n\t\t\tname=\"cursos_atividades_periodo\"\n\t\t\tvalue=\"Noite\"\n\t\t\tdata-label=\"Noite\"\n\t\t\t\t\t\taria-label=\"Noite\"\n\t\t\t\t\t>\n\t\t<div class=\"jet-checkboxes-list__button\">\n\t\t\t\t\t\t<span class=\"jet-checkboxes-list__label\">\n\t\t\t\tNoite\t\t\t<\/span>\n\t\t\t\t\t<\/div>\n\t<\/label>\n<\/div><\/fieldset><\/div>\n<\/div>\t\t\t\t<\/div>\n\t\t\t\t<\/div>\n\t\t\t\t<div class=\"elementor-element elementor-element-671e1ec elementor-widget elementor-widget-jet-smart-filters-checkboxes\" data-id=\"671e1ec\" data-element_type=\"widget\" data-e-type=\"widget\" data-widget_type=\"jet-smart-filters-checkboxes.default\">\n\t\t\t\t<div class=\"elementor-widget-container\">\n\t\t\t\t\t<div class=\"jet-smart-filters-checkboxes jet-filter \" data-indexer-rule=\"show\" data-show-counter=\"\" data-change-counter=\"always\"><\/div>\t\t\t\t<\/div>\n\t\t\t\t<\/div>\n\t\t\t\t<\/div>\n\t\t\t\t<\/div>\n\t\t<div class=\"elementor-element elementor-element-b489d80 e-con-full e-flex e-con e-child\" data-id=\"b489d80\" data-element_type=\"container\" data-e-type=\"container\">\n\t\t\t\t<div class=\"elementor-element elementor-element-0588fc4 elementor-widget elementor-widget-jet-listing-grid\" data-id=\"0588fc4\" data-element_type=\"widget\" data-e-type=\"widget\" id=\"cursos\" data-settings=\"{&quot;columns&quot;:&quot;2&quot;,&quot;columns_mobile&quot;:&quot;1&quot;}\" data-widget_type=\"jet-listing-grid.default\">\n\t\t\t\t<div class=\"elementor-widget-container\">\n\t\t\t\t\t<div class=\"jet-listing-grid jet-listing\"><div class=\"jet-listing-not-found jet-listing-grid__items\" data-nav=\"{&quot;enabled&quot;:false,&quot;type&quot;:null,&quot;more_el&quot;:null,&quot;query&quot;:[],&quot;widget_settings&quot;:{&quot;lisitng_id&quot;:115616,&quot;posts_num&quot;:6,&quot;columns&quot;:2,&quot;columns_tablet&quot;:2,&quot;columns_mobile&quot;:1,&quot;column_min_width&quot;:240,&quot;column_min_width_tablet&quot;:240,&quot;column_min_width_mobile&quot;:240,&quot;inline_columns_css&quot;:false,&quot;is_archive_template&quot;:&quot;&quot;,&quot;post_status&quot;:[&quot;publish&quot;],&quot;use_random_posts_num&quot;:&quot;&quot;,&quot;max_posts_num&quot;:9,&quot;not_found_message&quot;:&quot;Nenhuma Obra Social encontrada&quot;,&quot;is_masonry&quot;:false,&quot;equal_columns_height&quot;:&quot;&quot;,&quot;use_load_more&quot;:&quot;&quot;,&quot;load_more_id&quot;:&quot;&quot;,&quot;load_more_type&quot;:&quot;click&quot;,&quot;load_more_offset&quot;:{&quot;unit&quot;:&quot;px&quot;,&quot;size&quot;:0,&quot;sizes&quot;:[]},&quot;use_custom_post_types&quot;:&quot;&quot;,&quot;custom_post_types&quot;:[],&quot;hide_widget_if&quot;:&quot;&quot;,&quot;carousel_enabled&quot;:&quot;&quot;,&quot;slides_to_scroll&quot;:&quot;1&quot;,&quot;arrows&quot;:&quot;true&quot;,&quot;arrow_icon&quot;:&quot;fa fa-angle-left&quot;,&quot;dots&quot;:&quot;&quot;,&quot;autoplay&quot;:&quot;true&quot;,&quot;pause_on_hover&quot;:&quot;true&quot;,&quot;autoplay_speed&quot;:5000,&quot;infinite&quot;:&quot;true&quot;,&quot;center_mode&quot;:&quot;&quot;,&quot;effect&quot;:&quot;slide&quot;,&quot;speed&quot;:500,&quot;inject_alternative_items&quot;:&quot;&quot;,&quot;injection_items&quot;:[],&quot;scroll_slider_enabled&quot;:&quot;&quot;,&quot;scroll_slider_on&quot;:[&quot;desktop&quot;,&quot;tablet&quot;,&quot;mobile&quot;],&quot;custom_query&quot;:false,&quot;custom_query_id&quot;:&quot;&quot;,&quot;_element_id&quot;:&quot;cursos&quot;,&quot;collapse_first_last_gap&quot;:&quot;true&quot;,&quot;list_tag_selection&quot;:&quot;&quot;,&quot;list_items_wrapper_tag&quot;:&quot;div&quot;,&quot;list_item_tag&quot;:&quot;div&quot;,&quot;empty_items_wrapper_tag&quot;:&quot;div&quot;}}\" data-listing-source=\"posts\" data-listing-id=\"115616\" data-query-id=\"\" data-queried-id=\"113701|WP_Post\">Nenhuma Obra Social encontrada<\/div><\/div>\t\t\t\t<\/div>\n\t\t\t\t<\/div>\n\t\t\t\t<\/div>\n\t\t\t\t<\/div>\n\t\t\t\t<div class=\"elementor-element elementor-element-60ed9a9 elementor-widget elementor-widget-jet-smart-filters-pagination\" data-id=\"60ed9a9\" data-element_type=\"widget\" data-e-type=\"widget\" data-widget_type=\"jet-smart-filters-pagination.default\">\n\t\t\t\t<div class=\"elementor-widget-container\">\n\t\t\t\t\t<div\n\t\t\t\tclass=\"jet-smart-filters-pagination jet-filter\"\n\t\t\t\tdata-apply-provider=\"jet-engine\"\n\t\t\t\tdata-content-provider=\"jet-engine\"\n\t\t\t\tdata-query-id=\"cursos\"\n\t\t\t\tdata-controls=\"{&quot;items_enabled&quot;:true,&quot;pages_mid_size&quot;:4,&quot;pages_end_size&quot;:0,&quot;nav_enabled&quot;:false,&quot;load_more_enabled&quot;:false,&quot;provider_top_offset&quot;:100}\"\n\t\t\t\tdata-apply-type=\"ajax\"\n\t\t\t><\/div>\t\t\t\t<\/div>\n\t\t\t\t<\/div>\n\t\t\t\t\t<\/div>\n\t\t\t\t<\/div>\n\t\t\t\t<\/div>\n\t\t","protected":false},"excerpt":{"rendered":"<p>Cursos e Atividades Filtro Turnos Cursos e Atividades Manh\u00e3 Tarde Noite Filtro Programas e Servi\u00e7os Cursos e Atividades Circo social Dom Bosco Cursos Profissionalizantes (CEDESP) Educa\u00e7\u00e3o Sociocomunit\u00e1ria Saiba mais Saiba mais Saiba mais Saiba mais<\/p>\n","protected":false},"author":4,"featured_media":0,"parent":0,"menu_order":0,"comment_status":"closed","ping_status":"closed","template":"","meta":{"footnotes":""},"class_list":["post-113701","page","type-page","status-publish","hentry"],"yoast_head":"<!-- This site is optimized with the Yoast SEO plugin v27.3 - https:\/\/yoast.com\/product\/yoast-seo-wordpress\/ -->\n<title>Cursos e atividades - Obra Social S\u00e3o Lu\u00eds<\/title>\n<meta name=\"robots\" content=\"index, follow, max-snippet:-1, max-image-preview:large, max-video-preview:-1\" \/>\n<link rel=\"canonical\" href=\"https:\/\/salesianossp.org.br\/obrasaoluis\/cursos-atividades\/\" \/>\n<meta property=\"og:locale\" content=\"pt_BR\" \/>\n<meta property=\"og:type\" content=\"article\" \/>\n<meta property=\"og:title\" content=\"Cursos e atividades - Obra Social S\u00e3o Lu\u00eds\" \/>\n<meta property=\"og:description\" content=\"Cursos e Atividades Filtro Turnos Cursos e Atividades Manh\u00e3 Tarde Noite Filtro Programas e Servi\u00e7os Cursos e Atividades Circo social Dom Bosco Cursos Profissionalizantes (CEDESP) Educa\u00e7\u00e3o Sociocomunit\u00e1ria Saiba mais Saiba mais Saiba mais Saiba mais\" \/>\n<meta property=\"og:url\" content=\"https:\/\/salesianossp.org.br\/obrasaoluis\/cursos-atividades\/\" \/>\n<meta property=\"og:site_name\" content=\"Obra Social S\u00e3o Lu\u00eds\" \/>\n<meta property=\"article:publisher\" content=\"https:\/\/www.facebook.com\/provimlorena\" \/>\n<meta property=\"article:modified_time\" content=\"2025-10-09T14:00:46+00:00\" \/>\n<meta name=\"twitter:card\" content=\"summary_large_image\" \/>\n<script type=\"application\/ld+json\" class=\"yoast-schema-graph\">{\"@context\":\"https:\\\/\\\/schema.org\",\"@graph\":[{\"@type\":\"WebPage\",\"@id\":\"https:\\\/\\\/salesianossp.org.br\\\/obrasaoluis\\\/cursos-atividades\\\/\",\"url\":\"https:\\\/\\\/salesianossp.org.br\\\/obrasaoluis\\\/cursos-atividades\\\/\",\"name\":\"Cursos e atividades - Obra Social S\u00e3o Lu\u00eds\",\"isPartOf\":{\"@id\":\"https:\\\/\\\/salesianossp.org.br\\\/obrasaoluis\\\/#website\"},\"datePublished\":\"2025-01-13T03:20:55+00:00\",\"dateModified\":\"2025-10-09T14:00:46+00:00\",\"breadcrumb\":{\"@id\":\"https:\\\/\\\/salesianossp.org.br\\\/obrasaoluis\\\/cursos-atividades\\\/#breadcrumb\"},\"inLanguage\":\"pt-BR\",\"potentialAction\":[{\"@type\":\"ReadAction\",\"target\":[\"https:\\\/\\\/salesianossp.org.br\\\/obrasaoluis\\\/cursos-atividades\\\/\"]}]},{\"@type\":\"BreadcrumbList\",\"@id\":\"https:\\\/\\\/salesianossp.org.br\\\/obrasaoluis\\\/cursos-atividades\\\/#breadcrumb\",\"itemListElement\":[{\"@type\":\"ListItem\",\"position\":1,\"name\":\"In\u00edcio\",\"item\":\"https:\\\/\\\/salesianossp.org.br\\\/obrasaoluis\\\/\"},{\"@type\":\"ListItem\",\"position\":2,\"name\":\"Cursos e atividades\"}]},{\"@type\":\"WebSite\",\"@id\":\"https:\\\/\\\/salesianossp.org.br\\\/obrasaoluis\\\/#website\",\"url\":\"https:\\\/\\\/salesianossp.org.br\\\/obrasaoluis\\\/\",\"name\":\"Obra Social S\u00e3o Lu\u00eds\",\"description\":\"\",\"publisher\":{\"@id\":\"https:\\\/\\\/salesianossp.org.br\\\/obrasaoluis\\\/#organization\"},\"potentialAction\":[{\"@type\":\"SearchAction\",\"target\":{\"@type\":\"EntryPoint\",\"urlTemplate\":\"https:\\\/\\\/salesianossp.org.br\\\/obrasaoluis\\\/?s={search_term_string}\"},\"query-input\":{\"@type\":\"PropertyValueSpecification\",\"valueRequired\":true,\"valueName\":\"search_term_string\"}}],\"inLanguage\":\"pt-BR\"},{\"@type\":\"Organization\",\"@id\":\"https:\\\/\\\/salesianossp.org.br\\\/obrasaoluis\\\/#organization\",\"name\":\"Obra Social S\u00e3o Lu\u00eds\",\"url\":\"https:\\\/\\\/salesianossp.org.br\\\/obrasaoluis\\\/\",\"logo\":{\"@type\":\"ImageObject\",\"inLanguage\":\"pt-BR\",\"@id\":\"https:\\\/\\\/salesianossp.org.br\\\/obrasaoluis\\\/#\\\/schema\\\/logo\\\/image\\\/\",\"url\":\"https:\\\/\\\/salesianossp.org.br\\\/obrasaoluis\\\/wp-content\\\/uploads\\\/2025\\\/10\\\/logotipo-obra-social-sao-luis-color-56.svg\",\"contentUrl\":\"https:\\\/\\\/salesianossp.org.br\\\/obrasaoluis\\\/wp-content\\\/uploads\\\/2025\\\/10\\\/logotipo-obra-social-sao-luis-color-56.svg\",\"width\":157,\"height\":56,\"caption\":\"Obra Social S\u00e3o Lu\u00eds\"},\"image\":{\"@id\":\"https:\\\/\\\/salesianossp.org.br\\\/obrasaoluis\\\/#\\\/schema\\\/logo\\\/image\\\/\"},\"sameAs\":[\"https:\\\/\\\/www.facebook.com\\\/provimlorena\",\"https:\\\/\\\/www.instagram.com\\\/provimlorena\\\/\",\"https:\\\/\\\/www.youtube.com\\\/channel\\\/UC9tslJ1m3GnElb5FBUCxFwQ\"]}]}<\/script>\n<!-- \/ Yoast SEO plugin. -->","yoast_head_json":{"title":"Cursos e atividades - Obra Social S\u00e3o Lu\u00eds","robots":{"index":"index","follow":"follow","max-snippet":"max-snippet:-1","max-image-preview":"max-image-preview:large","max-video-preview":"max-video-preview:-1"},"canonical":"https:\/\/salesianossp.org.br\/obrasaoluis\/cursos-atividades\/","og_locale":"pt_BR","og_type":"article","og_title":"Cursos e atividades - Obra Social S\u00e3o Lu\u00eds","og_description":"Cursos e Atividades Filtro Turnos Cursos e Atividades Manh\u00e3 Tarde Noite Filtro Programas e Servi\u00e7os Cursos e Atividades Circo social Dom Bosco Cursos Profissionalizantes (CEDESP) Educa\u00e7\u00e3o Sociocomunit\u00e1ria Saiba mais Saiba mais Saiba mais Saiba mais","og_url":"https:\/\/salesianossp.org.br\/obrasaoluis\/cursos-atividades\/","og_site_name":"Obra Social S\u00e3o Lu\u00eds","article_publisher":"https:\/\/www.facebook.com\/provimlorena","article_modified_time":"2025-10-09T14:00:46+00:00","twitter_card":"summary_large_image","schema":{"@context":"https:\/\/schema.org","@graph":[{"@type":"WebPage","@id":"https:\/\/salesianossp.org.br\/obrasaoluis\/cursos-atividades\/","url":"https:\/\/salesianossp.org.br\/obrasaoluis\/cursos-atividades\/","name":"Cursos e atividades - Obra Social S\u00e3o Lu\u00eds","isPartOf":{"@id":"https:\/\/salesianossp.org.br\/obrasaoluis\/#website"},"datePublished":"2025-01-13T03:20:55+00:00","dateModified":"2025-10-09T14:00:46+00:00","breadcrumb":{"@id":"https:\/\/salesianossp.org.br\/obrasaoluis\/cursos-atividades\/#breadcrumb"},"inLanguage":"pt-BR","potentialAction":[{"@type":"ReadAction","target":["https:\/\/salesianossp.org.br\/obrasaoluis\/cursos-atividades\/"]}]},{"@type":"BreadcrumbList","@id":"https:\/\/salesianossp.org.br\/obrasaoluis\/cursos-atividades\/#breadcrumb","itemListElement":[{"@type":"ListItem","position":1,"name":"In\u00edcio","item":"https:\/\/salesianossp.org.br\/obrasaoluis\/"},{"@type":"ListItem","position":2,"name":"Cursos e atividades"}]},{"@type":"WebSite","@id":"https:\/\/salesianossp.org.br\/obrasaoluis\/#website","url":"https:\/\/salesianossp.org.br\/obrasaoluis\/","name":"Obra Social S\u00e3o Lu\u00eds","description":"","publisher":{"@id":"https:\/\/salesianossp.org.br\/obrasaoluis\/#organization"},"potentialAction":[{"@type":"SearchAction","target":{"@type":"EntryPoint","urlTemplate":"https:\/\/salesianossp.org.br\/obrasaoluis\/?s={search_term_string}"},"query-input":{"@type":"PropertyValueSpecification","valueRequired":true,"valueName":"search_term_string"}}],"inLanguage":"pt-BR"},{"@type":"Organization","@id":"https:\/\/salesianossp.org.br\/obrasaoluis\/#organization","name":"Obra Social S\u00e3o Lu\u00eds","url":"https:\/\/salesianossp.org.br\/obrasaoluis\/","logo":{"@type":"ImageObject","inLanguage":"pt-BR","@id":"https:\/\/salesianossp.org.br\/obrasaoluis\/#\/schema\/logo\/image\/","url":"https:\/\/salesianossp.org.br\/obrasaoluis\/wp-content\/uploads\/2025\/10\/logotipo-obra-social-sao-luis-color-56.svg","contentUrl":"https:\/\/salesianossp.org.br\/obrasaoluis\/wp-content\/uploads\/2025\/10\/logotipo-obra-social-sao-luis-color-56.svg","width":157,"height":56,"caption":"Obra Social S\u00e3o Lu\u00eds"},"image":{"@id":"https:\/\/salesianossp.org.br\/obrasaoluis\/#\/schema\/logo\/image\/"},"sameAs":["https:\/\/www.facebook.com\/provimlorena","https:\/\/www.instagram.com\/provimlorena\/","https:\/\/www.youtube.com\/channel\/UC9tslJ1m3GnElb5FBUCxFwQ"]}]}},"_links":{"self":[{"href":"https:\/\/salesianossp.org.br\/obrasaoluis\/wp-json\/wp\/v2\/pages\/113701","targetHints":{"allow":["GET"]}}],"collection":[{"href":"https:\/\/salesianossp.org.br\/obrasaoluis\/wp-json\/wp\/v2\/pages"}],"about":[{"href":"https:\/\/salesianossp.org.br\/obrasaoluis\/wp-json\/wp\/v2\/types\/page"}],"author":[{"embeddable":true,"href":"https:\/\/salesianossp.org.br\/obrasaoluis\/wp-json\/wp\/v2\/users\/4"}],"replies":[{"embeddable":true,"href":"https:\/\/salesianossp.org.br\/obrasaoluis\/wp-json\/wp\/v2\/comments?post=113701"}],"version-history":[{"count":88,"href":"https:\/\/salesianossp.org.br\/obrasaoluis\/wp-json\/wp\/v2\/pages\/113701\/revisions"}],"predecessor-version":[{"id":117076,"href":"https:\/\/salesianossp.org.br\/obrasaoluis\/wp-json\/wp\/v2\/pages\/113701\/revisions\/117076"}],"wp:attachment":[{"href":"https:\/\/salesianossp.org.br\/obrasaoluis\/wp-json\/wp\/v2\/media?parent=113701"}],"curies":[{"name":"wp","href":"https:\/\/api.w.org\/{rel}","templated":true}]}}