{"id":116031,"date":"2025-03-06T16:43:00","date_gmt":"2025-03-06T16:43:00","guid":{"rendered":"https:\/\/salesianossp.org.br\/obrasaoluis\/?page_id=116031"},"modified":"2025-10-09T19:54:11","modified_gmt":"2025-10-09T19:54:11","slug":"perguntas-frequentes","status":"publish","type":"page","link":"https:\/\/salesianossp.org.br\/obrasaoluis\/perguntas-frequentes\/","title":{"rendered":"Perguntas frequentes"},"content":{"rendered":"\t\t<div data-elementor-type=\"wp-page\" data-elementor-id=\"116031\" class=\"elementor elementor-116031\" data-elementor-post-type=\"page\">\n\t\t\t\t<section class=\"elementor-element elementor-element-6ca606e e-con-full e-flex e-con e-parent\" data-id=\"6ca606e\" data-element_type=\"container\" data-e-type=\"container\" data-settings=\"{&quot;background_background&quot;:&quot;classic&quot;}\">\n\t\t<div class=\"elementor-element elementor-element-4c33f52 e-con-full e-flex e-con e-child\" data-id=\"4c33f52\" data-element_type=\"container\" data-e-type=\"container\" data-settings=\"{&quot;background_background&quot;:&quot;classic&quot;}\">\n\t\t\t\t<div class=\"elementor-element elementor-element-8d28588 jet-breadcrumbs-align-center elementor-widget elementor-widget-jet-breadcrumbs\" data-id=\"8d28588\" data-element_type=\"widget\" data-e-type=\"widget\" data-widget_type=\"jet-breadcrumbs.default\">\n\t\t\t\t<div class=\"elementor-widget-container\">\n\t\t\t\t\t<div class=\"elementor-jet-breadcrumbs jet-blocks\">\n\t\t<div class=\"jet-breadcrumbs\">\n\t\t<div class=\"jet-breadcrumbs__content\">\n\t\t<div class=\"jet-breadcrumbs__wrap\"><div class=\"jet-breadcrumbs__item\"><a href=\"https:\/\/salesianossp.org.br\/obrasaoluis\/\" class=\"jet-breadcrumbs__item-link is-home\" rel=\"home\" title=\"Home\">Home<\/a><\/div>\n\t\t<\/div>\n\t\t<\/div>\n\t\t<\/div><\/div>\t\t\t\t<\/div>\n\t\t\t\t<\/div>\n\t\t\t\t<\/div>\n\t\t\t\t<\/section>\n\t\t<section class=\"elementor-element elementor-element-ddb5dad e-flex e-con-boxed e-con e-parent\" data-id=\"ddb5dad\" data-element_type=\"container\" data-e-type=\"container\">\n\t\t\t\t\t<div class=\"e-con-inner\">\n\t\t<header class=\"elementor-element elementor-element-8ecc31f e-con-full e-flex e-con e-child\" data-id=\"8ecc31f\" data-element_type=\"container\" data-e-type=\"container\">\n\t\t\t\t<div class=\"elementor-element elementor-element-3f5f411 elementor-widget elementor-widget-heading\" data-id=\"3f5f411\" data-element_type=\"widget\" data-e-type=\"widget\" data-widget_type=\"heading.default\">\n\t\t\t\t<div class=\"elementor-widget-container\">\n\t\t\t\t\t<h2 class=\"elementor-heading-title elementor-size-default\">Sobre a institui\u00e7\u00e3o<\/h2>\t\t\t\t<\/div>\n\t\t\t\t<\/div>\n\t\t\t\t<\/header>\n\t\t<div class=\"elementor-element elementor-element-e016417 e-con-full e-flex e-con e-child\" data-id=\"e016417\" data-element_type=\"container\" data-e-type=\"container\">\n\t\t\t\t<div class=\"elementor-element elementor-element-ce8b6dc elementor-widget elementor-widget-jet-accordion\" data-id=\"ce8b6dc\" data-element_type=\"widget\" data-e-type=\"widget\" data-widget_type=\"jet-accordion.default\">\n\t\t\t\t<div class=\"elementor-widget-container\">\n\t\t\t\t\t\t\t\t\t<div class=\"jet-accordion\" data-settings=\"{&quot;collapsible&quot;:true,&quot;ajaxTemplate&quot;:false,&quot;switchScrolling&quot;:false,&quot;switchScrollingTablet&quot;:false,&quot;switchScrollingMobile&quot;:false,&quot;switchScrollingOffset&quot;:{&quot;size&quot;:0,&quot;unit&quot;:&quot;px&quot;},&quot;switchScrollingOffsetTablet&quot;:{&quot;size&quot;:0,&quot;unit&quot;:&quot;px&quot;},&quot;switchScrollingOffsetMobile&quot;:{&quot;size&quot;:0,&quot;unit&quot;:&quot;px&quot;},&quot;switchScrollingDelay&quot;:500,&quot;switchScrollingDelayTablet&quot;:500,&quot;switchScrollingDelayMobile&quot;:500}\">\n\t\t\t<div class=\"jet-accordion__inner\">\n\t\t\t\t<div class=\" jet-accordion__item jet-toggle jet-toggle-fade-effect \">\n\t\t\t\t\t\t\t<div id=\"jet-toggle-control-2161\" class=\"jet-toggle__control elementor-menu-anchor\" data-toggle=\"1\" role=\"button\" tabindex=\"0\" aria-controls=\"jet-toggle-content-2161\" aria-expanded=\"false\" data-template-id=\"false\">\n\t\t\t\t\t\t\t\t<div class=\"jet-toggle__label-icon jet-toggle-icon-position-right\"><span class=\"jet-toggle__icon icon-normal jet-tabs-icon\"><svg class=\"e-font-icon-svg e-fas-chevron-down\" viewBox=\"0 0 448 512\" xmlns=\"http:\/\/www.w3.org\/2000\/svg\"><path d=\"M207.029 381.476L12.686 187.132c-9.373-9.373-9.373-24.569 0-33.941l22.667-22.667c9.357-9.357 24.522-9.375 33.901-.04L224 284.505l154.745-154.021c9.379-9.335 24.544-9.317 33.901.04l22.667 22.667c9.373 9.373 9.373 24.569 0 33.941L240.971 381.476c-9.373 9.372-24.569 9.372-33.942 0z\"><\/path><\/svg><\/span><span class=\"jet-toggle__icon icon-active jet-tabs-icon\"><svg class=\"e-font-icon-svg e-fas-chevron-up\" viewBox=\"0 0 448 512\" xmlns=\"http:\/\/www.w3.org\/2000\/svg\"><path d=\"M240.971 130.524l194.343 194.343c9.373 9.373 9.373 24.569 0 33.941l-22.667 22.667c-9.357 9.357-24.522 9.375-33.901.04L224 227.495 69.255 381.516c-9.379 9.335-24.544 9.317-33.901-.04l-22.667-22.667c-9.373-9.373-9.373-24.569 0-33.941L207.03 130.525c9.372-9.373 24.568-9.373 33.941-.001z\"><\/path><\/svg><\/span><\/div><div class=\"jet-toggle__label-text\">Como fa\u00e7o para matricular meu filho(a), fora do per\u00edodo de matr\u00edcula?<\/div>\t\t\t\t\t\t\t<\/div>\n\t\t\t\t\t\t\t<div id=\"jet-toggle-content-2161\" class=\"jet-toggle__content\" data-toggle=\"1\" role=\"region\" data-template-id=\"false\">\n\t\t\t\t\t\t\t\t<div class=\"jet-toggle__content-inner\"><p>S\u00f3 deixar o nome do menor e do respons\u00e1vel, n\u00famero de telefone e idade do menor, assim que abrir vaga, entramos em contato.<\/p><\/div>\n\t\t\t\t\t\t\t<\/div>\n\t\t\t\t\t\t<\/div><div class=\" jet-accordion__item jet-toggle jet-toggle-fade-effect \">\n\t\t\t\t\t\t\t<div id=\"jet-toggle-control-2162\" class=\"jet-toggle__control elementor-menu-anchor\" data-toggle=\"2\" role=\"button\" tabindex=\"0\" aria-controls=\"jet-toggle-content-2162\" aria-expanded=\"false\" data-template-id=\"false\">\n\t\t\t\t\t\t\t\t<div class=\"jet-toggle__label-icon jet-toggle-icon-position-right\"><span class=\"jet-toggle__icon icon-normal jet-tabs-icon\"><svg class=\"e-font-icon-svg e-fas-chevron-down\" viewBox=\"0 0 448 512\" xmlns=\"http:\/\/www.w3.org\/2000\/svg\"><path d=\"M207.029 381.476L12.686 187.132c-9.373-9.373-9.373-24.569 0-33.941l22.667-22.667c9.357-9.357 24.522-9.375 33.901-.04L224 284.505l154.745-154.021c9.379-9.335 24.544-9.317 33.901.04l22.667 22.667c9.373 9.373 9.373 24.569 0 33.941L240.971 381.476c-9.373 9.372-24.569 9.372-33.942 0z\"><\/path><\/svg><\/span><span class=\"jet-toggle__icon icon-active jet-tabs-icon\"><svg class=\"e-font-icon-svg e-fas-chevron-up\" viewBox=\"0 0 448 512\" xmlns=\"http:\/\/www.w3.org\/2000\/svg\"><path d=\"M240.971 130.524l194.343 194.343c9.373 9.373 9.373 24.569 0 33.941l-22.667 22.667c-9.357 9.357-24.522 9.375-33.901.04L224 227.495 69.255 381.516c-9.379 9.335-24.544 9.317-33.901-.04l-22.667-22.667c-9.373-9.373-9.373-24.569 0-33.941L207.03 130.525c9.372-9.373 24.568-9.373 33.941-.001z\"><\/path><\/svg><\/span><\/div><div class=\"jet-toggle__label-text\">Quais documentos preciso trazer para matr\u00edcula?<\/div>\t\t\t\t\t\t\t<\/div>\n\t\t\t\t\t\t\t<div id=\"jet-toggle-content-2162\" class=\"jet-toggle__content\" data-toggle=\"2\" role=\"region\" data-template-id=\"false\">\n\t\t\t\t\t\t\t\t<div class=\"jet-toggle__content-inner\"><p>RG do educando e do respons\u00e1vel; CPF do educando e do respons\u00e1vel; N\u00famero do NIS do educando; Comprovante de matr\u00edcula escolar do educando; Comprovante de resid\u00eancia.<\/p><\/div>\n\t\t\t\t\t\t\t<\/div>\n\t\t\t\t\t\t<\/div><div class=\" jet-accordion__item jet-toggle jet-toggle-fade-effect \">\n\t\t\t\t\t\t\t<div id=\"jet-toggle-control-2163\" class=\"jet-toggle__control elementor-menu-anchor\" data-toggle=\"3\" role=\"button\" tabindex=\"0\" aria-controls=\"jet-toggle-content-2163\" aria-expanded=\"false\" data-template-id=\"false\">\n\t\t\t\t\t\t\t\t<div class=\"jet-toggle__label-icon jet-toggle-icon-position-right\"><span class=\"jet-toggle__icon icon-normal jet-tabs-icon\"><svg class=\"e-font-icon-svg e-fas-chevron-down\" viewBox=\"0 0 448 512\" xmlns=\"http:\/\/www.w3.org\/2000\/svg\"><path d=\"M207.029 381.476L12.686 187.132c-9.373-9.373-9.373-24.569 0-33.941l22.667-22.667c9.357-9.357 24.522-9.375 33.901-.04L224 284.505l154.745-154.021c9.379-9.335 24.544-9.317 33.901.04l22.667 22.667c9.373 9.373 9.373 24.569 0 33.941L240.971 381.476c-9.373 9.372-24.569 9.372-33.942 0z\"><\/path><\/svg><\/span><span class=\"jet-toggle__icon icon-active jet-tabs-icon\"><svg class=\"e-font-icon-svg e-fas-chevron-up\" viewBox=\"0 0 448 512\" xmlns=\"http:\/\/www.w3.org\/2000\/svg\"><path d=\"M240.971 130.524l194.343 194.343c9.373 9.373 9.373 24.569 0 33.941l-22.667 22.667c-9.357 9.357-24.522 9.375-33.901.04L224 227.495 69.255 381.516c-9.379 9.335-24.544 9.317-33.901-.04l-22.667-22.667c-9.373-9.373-9.373-24.569 0-33.941L207.03 130.525c9.372-9.373 24.568-9.373 33.941-.001z\"><\/path><\/svg><\/span><\/div><div class=\"jet-toggle__label-text\">Qual o tipo de atendimento feito na Obra?<\/div>\t\t\t\t\t\t\t<\/div>\n\t\t\t\t\t\t\t<div id=\"jet-toggle-content-2163\" class=\"jet-toggle__content\" data-toggle=\"3\" role=\"region\" data-template-id=\"false\">\n\t\t\t\t\t\t\t\t<div class=\"jet-toggle__content-inner\"><p>Atendemos o contra turno da escola e n\u00e3o somos refor\u00e7o escolar. S\u00e3o realizadas atividades di\u00e1rias com o educando de forma que trabalhe neles o esp\u00edrito de equipe e protagonismo, al\u00e9m de oferecer oficinas culturais e esportivas.<\/p><\/div>\n\t\t\t\t\t\t\t<\/div>\n\t\t\t\t\t\t<\/div>\t\t\t<\/div>\n\t\t<\/div>\n\t\t\t\t\t\t<\/div>\n\t\t\t\t<\/div>\n\t\t\t\t<\/div>\n\t\t\t\t\t<\/div>\n\t\t\t\t<\/section>\n\t\t\t\t<\/div>\n\t\t","protected":false},"excerpt":{"rendered":"<p>Home Sobre a institui\u00e7\u00e3o Como fa\u00e7o para matricular meu filho(a), fora do per\u00edodo de matr\u00edcula? S\u00f3 deixar o nome do menor e do respons\u00e1vel, n\u00famero de telefone e idade do menor, assim que abrir vaga, entramos em contato. Quais documentos preciso trazer para matr\u00edcula? RG do educando e do respons\u00e1vel; CPF do educando e do [&hellip;]<\/p>\n","protected":false},"author":4,"featured_media":0,"parent":0,"menu_order":0,"comment_status":"closed","ping_status":"closed","template":"","meta":{"footnotes":""},"class_list":["post-116031","page","type-page","status-publish","hentry"],"yoast_head":"<!-- This site is optimized with the Yoast SEO plugin v27.3 - https:\/\/yoast.com\/product\/yoast-seo-wordpress\/ -->\n<title>Perguntas frequentes - Obra Social S\u00e3o Lu\u00eds<\/title>\n<meta name=\"robots\" content=\"index, follow, max-snippet:-1, max-image-preview:large, max-video-preview:-1\" \/>\n<link rel=\"canonical\" href=\"https:\/\/salesianossp.org.br\/obrasaoluis\/perguntas-frequentes\/\" \/>\n<meta property=\"og:locale\" content=\"pt_BR\" \/>\n<meta property=\"og:type\" content=\"article\" \/>\n<meta property=\"og:title\" content=\"Perguntas frequentes - Obra Social S\u00e3o Lu\u00eds\" \/>\n<meta property=\"og:description\" content=\"Home Sobre a institui\u00e7\u00e3o Como fa\u00e7o para matricular meu filho(a), fora do per\u00edodo de matr\u00edcula? S\u00f3 deixar o nome do menor e do respons\u00e1vel, n\u00famero de telefone e idade do menor, assim que abrir vaga, entramos em contato. Quais documentos preciso trazer para matr\u00edcula? RG do educando e do respons\u00e1vel; CPF do educando e do [&hellip;]\" \/>\n<meta property=\"og:url\" content=\"https:\/\/salesianossp.org.br\/obrasaoluis\/perguntas-frequentes\/\" \/>\n<meta property=\"og:site_name\" content=\"Obra Social S\u00e3o Lu\u00eds\" \/>\n<meta property=\"article:publisher\" content=\"https:\/\/www.facebook.com\/provimlorena\" \/>\n<meta property=\"article:modified_time\" content=\"2025-10-09T19:54:11+00:00\" \/>\n<meta name=\"twitter:card\" content=\"summary_large_image\" \/>\n<meta name=\"twitter:label1\" content=\"Est. tempo de leitura\" \/>\n\t<meta name=\"twitter:data1\" content=\"1 minuto\" \/>\n<script type=\"application\/ld+json\" class=\"yoast-schema-graph\">{\"@context\":\"https:\\\/\\\/schema.org\",\"@graph\":[{\"@type\":\"WebPage\",\"@id\":\"https:\\\/\\\/salesianossp.org.br\\\/obrasaoluis\\\/perguntas-frequentes\\\/\",\"url\":\"https:\\\/\\\/salesianossp.org.br\\\/obrasaoluis\\\/perguntas-frequentes\\\/\",\"name\":\"Perguntas frequentes - Obra Social S\u00e3o Lu\u00eds\",\"isPartOf\":{\"@id\":\"https:\\\/\\\/salesianossp.org.br\\\/obrasaoluis\\\/#website\"},\"datePublished\":\"2025-03-06T16:43:00+00:00\",\"dateModified\":\"2025-10-09T19:54:11+00:00\",\"breadcrumb\":{\"@id\":\"https:\\\/\\\/salesianossp.org.br\\\/obrasaoluis\\\/perguntas-frequentes\\\/#breadcrumb\"},\"inLanguage\":\"pt-BR\",\"potentialAction\":[{\"@type\":\"ReadAction\",\"target\":[\"https:\\\/\\\/salesianossp.org.br\\\/obrasaoluis\\\/perguntas-frequentes\\\/\"]}]},{\"@type\":\"BreadcrumbList\",\"@id\":\"https:\\\/\\\/salesianossp.org.br\\\/obrasaoluis\\\/perguntas-frequentes\\\/#breadcrumb\",\"itemListElement\":[{\"@type\":\"ListItem\",\"position\":1,\"name\":\"In\u00edcio\",\"item\":\"https:\\\/\\\/salesianossp.org.br\\\/obrasaoluis\\\/\"},{\"@type\":\"ListItem\",\"position\":2,\"name\":\"Perguntas frequentes\"}]},{\"@type\":\"WebSite\",\"@id\":\"https:\\\/\\\/salesianossp.org.br\\\/obrasaoluis\\\/#website\",\"url\":\"https:\\\/\\\/salesianossp.org.br\\\/obrasaoluis\\\/\",\"name\":\"Obra Social S\u00e3o Lu\u00eds\",\"description\":\"\",\"publisher\":{\"@id\":\"https:\\\/\\\/salesianossp.org.br\\\/obrasaoluis\\\/#organization\"},\"potentialAction\":[{\"@type\":\"SearchAction\",\"target\":{\"@type\":\"EntryPoint\",\"urlTemplate\":\"https:\\\/\\\/salesianossp.org.br\\\/obrasaoluis\\\/?s={search_term_string}\"},\"query-input\":{\"@type\":\"PropertyValueSpecification\",\"valueRequired\":true,\"valueName\":\"search_term_string\"}}],\"inLanguage\":\"pt-BR\"},{\"@type\":\"Organization\",\"@id\":\"https:\\\/\\\/salesianossp.org.br\\\/obrasaoluis\\\/#organization\",\"name\":\"Obra Social S\u00e3o Lu\u00eds\",\"url\":\"https:\\\/\\\/salesianossp.org.br\\\/obrasaoluis\\\/\",\"logo\":{\"@type\":\"ImageObject\",\"inLanguage\":\"pt-BR\",\"@id\":\"https:\\\/\\\/salesianossp.org.br\\\/obrasaoluis\\\/#\\\/schema\\\/logo\\\/image\\\/\",\"url\":\"https:\\\/\\\/salesianossp.org.br\\\/obrasaoluis\\\/wp-content\\\/uploads\\\/2025\\\/10\\\/logotipo-obra-social-sao-luis-color-56.svg\",\"contentUrl\":\"https:\\\/\\\/salesianossp.org.br\\\/obrasaoluis\\\/wp-content\\\/uploads\\\/2025\\\/10\\\/logotipo-obra-social-sao-luis-color-56.svg\",\"width\":157,\"height\":56,\"caption\":\"Obra Social S\u00e3o Lu\u00eds\"},\"image\":{\"@id\":\"https:\\\/\\\/salesianossp.org.br\\\/obrasaoluis\\\/#\\\/schema\\\/logo\\\/image\\\/\"},\"sameAs\":[\"https:\\\/\\\/www.facebook.com\\\/provimlorena\",\"https:\\\/\\\/www.instagram.com\\\/provimlorena\\\/\",\"https:\\\/\\\/www.youtube.com\\\/channel\\\/UC9tslJ1m3GnElb5FBUCxFwQ\"]}]}<\/script>\n<!-- \/ Yoast SEO plugin. -->","yoast_head_json":{"title":"Perguntas frequentes - Obra Social S\u00e3o Lu\u00eds","robots":{"index":"index","follow":"follow","max-snippet":"max-snippet:-1","max-image-preview":"max-image-preview:large","max-video-preview":"max-video-preview:-1"},"canonical":"https:\/\/salesianossp.org.br\/obrasaoluis\/perguntas-frequentes\/","og_locale":"pt_BR","og_type":"article","og_title":"Perguntas frequentes - Obra Social S\u00e3o Lu\u00eds","og_description":"Home Sobre a institui\u00e7\u00e3o Como fa\u00e7o para matricular meu filho(a), fora do per\u00edodo de matr\u00edcula? S\u00f3 deixar o nome do menor e do respons\u00e1vel, n\u00famero de telefone e idade do menor, assim que abrir vaga, entramos em contato. Quais documentos preciso trazer para matr\u00edcula? RG do educando e do respons\u00e1vel; CPF do educando e do [&hellip;]","og_url":"https:\/\/salesianossp.org.br\/obrasaoluis\/perguntas-frequentes\/","og_site_name":"Obra Social S\u00e3o Lu\u00eds","article_publisher":"https:\/\/www.facebook.com\/provimlorena","article_modified_time":"2025-10-09T19:54:11+00:00","twitter_card":"summary_large_image","twitter_misc":{"Est. tempo de leitura":"1 minuto"},"schema":{"@context":"https:\/\/schema.org","@graph":[{"@type":"WebPage","@id":"https:\/\/salesianossp.org.br\/obrasaoluis\/perguntas-frequentes\/","url":"https:\/\/salesianossp.org.br\/obrasaoluis\/perguntas-frequentes\/","name":"Perguntas frequentes - Obra Social S\u00e3o Lu\u00eds","isPartOf":{"@id":"https:\/\/salesianossp.org.br\/obrasaoluis\/#website"},"datePublished":"2025-03-06T16:43:00+00:00","dateModified":"2025-10-09T19:54:11+00:00","breadcrumb":{"@id":"https:\/\/salesianossp.org.br\/obrasaoluis\/perguntas-frequentes\/#breadcrumb"},"inLanguage":"pt-BR","potentialAction":[{"@type":"ReadAction","target":["https:\/\/salesianossp.org.br\/obrasaoluis\/perguntas-frequentes\/"]}]},{"@type":"BreadcrumbList","@id":"https:\/\/salesianossp.org.br\/obrasaoluis\/perguntas-frequentes\/#breadcrumb","itemListElement":[{"@type":"ListItem","position":1,"name":"In\u00edcio","item":"https:\/\/salesianossp.org.br\/obrasaoluis\/"},{"@type":"ListItem","position":2,"name":"Perguntas frequentes"}]},{"@type":"WebSite","@id":"https:\/\/salesianossp.org.br\/obrasaoluis\/#website","url":"https:\/\/salesianossp.org.br\/obrasaoluis\/","name":"Obra Social S\u00e3o Lu\u00eds","description":"","publisher":{"@id":"https:\/\/salesianossp.org.br\/obrasaoluis\/#organization"},"potentialAction":[{"@type":"SearchAction","target":{"@type":"EntryPoint","urlTemplate":"https:\/\/salesianossp.org.br\/obrasaoluis\/?s={search_term_string}"},"query-input":{"@type":"PropertyValueSpecification","valueRequired":true,"valueName":"search_term_string"}}],"inLanguage":"pt-BR"},{"@type":"Organization","@id":"https:\/\/salesianossp.org.br\/obrasaoluis\/#organization","name":"Obra Social S\u00e3o Lu\u00eds","url":"https:\/\/salesianossp.org.br\/obrasaoluis\/","logo":{"@type":"ImageObject","inLanguage":"pt-BR","@id":"https:\/\/salesianossp.org.br\/obrasaoluis\/#\/schema\/logo\/image\/","url":"https:\/\/salesianossp.org.br\/obrasaoluis\/wp-content\/uploads\/2025\/10\/logotipo-obra-social-sao-luis-color-56.svg","contentUrl":"https:\/\/salesianossp.org.br\/obrasaoluis\/wp-content\/uploads\/2025\/10\/logotipo-obra-social-sao-luis-color-56.svg","width":157,"height":56,"caption":"Obra Social S\u00e3o Lu\u00eds"},"image":{"@id":"https:\/\/salesianossp.org.br\/obrasaoluis\/#\/schema\/logo\/image\/"},"sameAs":["https:\/\/www.facebook.com\/provimlorena","https:\/\/www.instagram.com\/provimlorena\/","https:\/\/www.youtube.com\/channel\/UC9tslJ1m3GnElb5FBUCxFwQ"]}]}},"_links":{"self":[{"href":"https:\/\/salesianossp.org.br\/obrasaoluis\/wp-json\/wp\/v2\/pages\/116031","targetHints":{"allow":["GET"]}}],"collection":[{"href":"https:\/\/salesianossp.org.br\/obrasaoluis\/wp-json\/wp\/v2\/pages"}],"about":[{"href":"https:\/\/salesianossp.org.br\/obrasaoluis\/wp-json\/wp\/v2\/types\/page"}],"author":[{"embeddable":true,"href":"https:\/\/salesianossp.org.br\/obrasaoluis\/wp-json\/wp\/v2\/users\/4"}],"replies":[{"embeddable":true,"href":"https:\/\/salesianossp.org.br\/obrasaoluis\/wp-json\/wp\/v2\/comments?post=116031"}],"version-history":[{"count":76,"href":"https:\/\/salesianossp.org.br\/obrasaoluis\/wp-json\/wp\/v2\/pages\/116031\/revisions"}],"predecessor-version":[{"id":118090,"href":"https:\/\/salesianossp.org.br\/obrasaoluis\/wp-json\/wp\/v2\/pages\/116031\/revisions\/118090"}],"wp:attachment":[{"href":"https:\/\/salesianossp.org.br\/obrasaoluis\/wp-json\/wp\/v2\/media?parent=116031"}],"curies":[{"name":"wp","href":"https:\/\/api.w.org\/{rel}","templated":true}]}}