{"id":115840,"date":"2025-03-04T00:44:14","date_gmt":"2025-03-04T00:44:14","guid":{"rendered":"https:\/\/salesianossp.org.br\/osamericana\/?page_id=115840"},"modified":"2025-10-03T04:07:54","modified_gmt":"2025-10-03T04:07:54","slug":"programas","status":"publish","type":"page","link":"https:\/\/salesianossp.org.br\/osamericana\/programas\/","title":{"rendered":"Programas"},"content":{"rendered":"\t\t<div data-elementor-type=\"wp-page\" data-elementor-id=\"115840\" class=\"elementor elementor-115840\" data-elementor-post-type=\"page\">\n\t\t\t\t<main class=\"elementor-element elementor-element-94140a5 e-con-full e-flex e-con e-parent\" data-id=\"94140a5\" data-element_type=\"container\" data-e-type=\"container\" data-settings=\"{&quot;background_background&quot;:&quot;classic&quot;}\">\n\t\t<div class=\"elementor-element elementor-element-e60dce1 e-flex e-con-boxed e-con e-child\" data-id=\"e60dce1\" data-element_type=\"container\" data-e-type=\"container\" data-settings=\"{&quot;background_background&quot;:&quot;classic&quot;}\">\n\t\t\t\t\t<div class=\"e-con-inner\">\n\t\t<div class=\"elementor-element elementor-element-848ea5e e-con-full e-flex e-con e-child\" data-id=\"848ea5e\" data-element_type=\"container\" data-e-type=\"container\">\n\t\t<div class=\"elementor-element elementor-element-2942509 e-con-full e-flex e-con e-child\" data-id=\"2942509\" data-element_type=\"container\" data-e-type=\"container\">\n\t\t\t\t<div class=\"elementor-element elementor-element-f1531eb elementor-widget elementor-widget-heading\" data-id=\"f1531eb\" data-element_type=\"widget\" data-e-type=\"widget\" data-widget_type=\"heading.default\">\n\t\t\t\t<div class=\"elementor-widget-container\">\n\t\t\t\t\t<h1 class=\"elementor-heading-title elementor-size-default\">CONHE\u00c7A<\/h1>\t\t\t\t<\/div>\n\t\t\t\t<\/div>\n\t\t\t\t<div class=\"elementor-element elementor-element-e4d4b07 elementor-widget elementor-widget-heading\" data-id=\"e4d4b07\" data-element_type=\"widget\" data-e-type=\"widget\" data-widget_type=\"heading.default\">\n\t\t\t\t<div class=\"elementor-widget-container\">\n\t\t\t\t\t<h1 class=\"elementor-heading-title elementor-size-default\">NOSSOS PROGRAMAS<\/h1>\t\t\t\t<\/div>\n\t\t\t\t<\/div>\n\t\t\t\t<\/div>\n\t\t<div class=\"elementor-element elementor-element-e36bd3e e-con-full e-flex e-con e-child\" data-id=\"e36bd3e\" data-element_type=\"container\" data-e-type=\"container\">\n\t\t\t\t<div class=\"elementor-element elementor-element-bde2a37 elementor-widget elementor-widget-heading\" data-id=\"bde2a37\" data-element_type=\"widget\" data-e-type=\"widget\" data-widget_type=\"heading.default\">\n\t\t\t\t<div class=\"elementor-widget-container\">\n\t\t\t\t\t<p class=\"elementor-heading-title elementor-size-default\">Movidos pelo carisma de Dom Bosco, nosso compromisso \u00e9 com o desenvolvimento integral de crian\u00e7as, adolescentes e jovens. Conhe\u00e7a a seguir o trabalho que realizamos em nossa comunidade: uma proposta de acolhimento que se torna um porto seguro, de educa\u00e7\u00e3o que prepara para a vida e de protagonismo que desperta o melhor em cada um, com o grande objetivo de formar \"bons crist\u00e3os e honestos cidad\u00e3os\".<\/p>\t\t\t\t<\/div>\n\t\t\t\t<\/div>\n\t\t\t\t<\/div>\n\t\t\t\t<\/div>\n\t\t\t\t\t<\/div>\n\t\t\t\t<\/div>\n\t\t\t\t<\/main>\n\t\t<section class=\"elementor-element elementor-element-2c3a1f9 e-flex e-con-boxed e-con e-parent\" data-id=\"2c3a1f9\" data-element_type=\"container\" data-e-type=\"container\" id=\"paif\">\n\t\t\t\t\t<div class=\"e-con-inner\">\n\t\t<div class=\"elementor-element elementor-element-f9ef346 e-con-full e-flex e-con e-child\" data-id=\"f9ef346\" data-element_type=\"container\" data-e-type=\"container\">\n\t\t<div class=\"elementor-element elementor-element-4405952 e-con-full e-flex e-con e-child\" data-id=\"4405952\" data-element_type=\"container\" data-e-type=\"container\">\n\t\t<header class=\"elementor-element elementor-element-9b6ac04 e-con-full e-flex e-con e-child\" data-id=\"9b6ac04\" data-element_type=\"container\" data-e-type=\"container\">\n\t\t\t\t<div class=\"elementor-element elementor-element-aa1776e elementor-widget elementor-widget-heading\" data-id=\"aa1776e\" data-element_type=\"widget\" data-e-type=\"widget\" data-widget_type=\"heading.default\">\n\t\t\t\t<div class=\"elementor-widget-container\">\n\t\t\t\t\t<div class=\"elementor-heading-title elementor-size-default\">Nossos programas<\/div>\t\t\t\t<\/div>\n\t\t\t\t<\/div>\n\t\t\t\t<div class=\"elementor-element elementor-element-cff53ff elementor-widget elementor-widget-heading\" data-id=\"cff53ff\" data-element_type=\"widget\" data-e-type=\"widget\" data-widget_type=\"heading.default\">\n\t\t\t\t<div class=\"elementor-widget-container\">\n\t\t\t\t\t<h2 class=\"elementor-heading-title elementor-size-default\">Programa M\u00e3e Americanense\u200b<\/h2>\t\t\t\t<\/div>\n\t\t\t\t<\/div>\n\t\t\t\t<\/header>\n\t\t<div class=\"elementor-element elementor-element-3952f4b e-con-full e-flex e-con e-child\" data-id=\"3952f4b\" data-element_type=\"container\" data-e-type=\"container\">\n\t\t\t\t<div class=\"elementor-element elementor-element-df27f65 elementor-widget elementor-widget-button\" data-id=\"df27f65\" data-element_type=\"widget\" data-e-type=\"widget\" data-widget_type=\"button.default\">\n\t\t\t\t<div class=\"elementor-widget-container\">\n\t\t\t\t\t\t\t\t\t<div class=\"elementor-button-wrapper\">\n\t\t\t\t\t<a class=\"elementor-button elementor-size-sm\" role=\"button\">\n\t\t\t\t\t\t<span class=\"elementor-button-content-wrapper\">\n\t\t\t\t\t\t\t\t\t<span class=\"elementor-button-text\">Assist\u00eancia Social<\/span>\n\t\t\t\t\t<\/span>\n\t\t\t\t\t<\/a>\n\t\t\t\t<\/div>\n\t\t\t\t\t\t\t\t<\/div>\n\t\t\t\t<\/div>\n\t\t\t\t<div class=\"elementor-element elementor-element-b87b248 elementor-widget elementor-widget-button\" data-id=\"b87b248\" data-element_type=\"widget\" data-e-type=\"widget\" data-widget_type=\"button.default\">\n\t\t\t\t<div class=\"elementor-widget-container\">\n\t\t\t\t\t\t\t\t\t<div class=\"elementor-button-wrapper\">\n\t\t\t\t\t<a class=\"elementor-button elementor-size-sm\" role=\"button\">\n\t\t\t\t\t\t<span class=\"elementor-button-content-wrapper\">\n\t\t\t\t\t\t\t\t\t<span class=\"elementor-button-text\">Apoio Materno-Infantil <\/span>\n\t\t\t\t\t<\/span>\n\t\t\t\t\t<\/a>\n\t\t\t\t<\/div>\n\t\t\t\t\t\t\t\t<\/div>\n\t\t\t\t<\/div>\n\t\t\t\t<\/div>\n\t\t\t\t<div class=\"elementor-element elementor-element-ec0768f elementor-widget elementor-widget-heading\" data-id=\"ec0768f\" data-element_type=\"widget\" data-e-type=\"widget\" data-widget_type=\"heading.default\">\n\t\t\t\t<div class=\"elementor-widget-container\">\n\t\t\t\t\t<p class=\"elementor-heading-title elementor-size-default\">Em parceria com a Secretaria de Assist\u00eancia Social e Direitos Humanos (SASDH) da Prefeitura de Americana, a Casa de Dom Bosco atua como um polo de acolhimento para o Programa M\u00e3es Americanenses. A iniciativa visa amparar gestantes e m\u00e3es em situa\u00e7\u00e3o de vulnerabilidade, fortalecendo o v\u00ednculo materno-infantil e a autonomia feminina. Na Casa Dom Bosco, o programa se desenvolve atrav\u00e9s de encontros e oficinas que oferecem suporte psicol\u00f3gico, rodas de conversa sobre cuidados na gesta\u00e7\u00e3o e p\u00f3s-parto, e cursos de qualifica\u00e7\u00e3o profissional. Dessa forma, a institui\u00e7\u00e3o n\u00e3o apenas cede seu espa\u00e7o f\u00edsico, mas integra as participantes \u00e0 sua rede de apoio, utilizando sua expertise e o la\u00e7o de confian\u00e7a com a comunidade para garantir que essas mulheres recebam o suporte necess\u00e1rio para uma maternidade mais segura e digna.<\/p>\t\t\t\t<\/div>\n\t\t\t\t<\/div>\n\t\t\t\t<\/div>\n\t\t\t\t<\/div>\n\t\t\t\t<div class=\"elementor-element elementor-element-1975eb5 elementor-widget-tablet__width-inherit elementor-widget elementor-widget-image\" data-id=\"1975eb5\" data-element_type=\"widget\" data-e-type=\"widget\" data-widget_type=\"image.default\">\n\t\t\t\t<div class=\"elementor-widget-container\">\n\t\t\t\t\t\t\t\t\t\t\t\t\t\t\t<img fetchpriority=\"high\" decoding=\"async\" width=\"724\" height=\"620\" src=\"https:\/\/salesianossp.org.br\/osamericana\/wp-content\/uploads\/2025\/10\/img_prototipo_os_programas_1.webp\" class=\"attachment-full size-full wp-image-117199\" alt=\"\" srcset=\"https:\/\/salesianossp.org.br\/osamericana\/wp-content\/uploads\/2025\/10\/img_prototipo_os_programas_1.webp 724w, https:\/\/salesianossp.org.br\/osamericana\/wp-content\/uploads\/2025\/10\/img_prototipo_os_programas_1-300x257.webp 300w\" sizes=\"(max-width: 724px) 100vw, 724px\" \/>\t\t\t\t\t\t\t\t\t\t\t\t\t\t\t<\/div>\n\t\t\t\t<\/div>\n\t\t\t\t\t<\/div>\n\t\t\t\t<\/section>\n\t\t\t\t<\/div>\n\t\t","protected":false},"excerpt":{"rendered":"<p>CONHE\u00c7A NOSSOS PROGRAMAS Movidos pelo carisma de Dom Bosco, nosso compromisso \u00e9 com o desenvolvimento integral de crian\u00e7as, adolescentes e jovens. Conhe\u00e7a a seguir o trabalho que realizamos em nossa comunidade: uma proposta de acolhimento que se torna um porto seguro, de educa\u00e7\u00e3o que prepara para a vida e de protagonismo que desperta o melhor [&hellip;]<\/p>\n","protected":false},"author":31,"featured_media":0,"parent":0,"menu_order":0,"comment_status":"closed","ping_status":"closed","template":"","meta":{"footnotes":""},"class_list":["post-115840","page","type-page","status-publish","hentry"],"yoast_head":"<!-- This site is optimized with the Yoast SEO plugin v27.3 - https:\/\/yoast.com\/product\/yoast-seo-wordpress\/ -->\n<title>Programas - Casa Dom Bosco<\/title>\n<meta name=\"robots\" content=\"index, follow, max-snippet:-1, max-image-preview:large, max-video-preview:-1\" \/>\n<link rel=\"canonical\" href=\"https:\/\/salesianossp.org.br\/osamericana\/programas\/\" \/>\n<meta property=\"og:locale\" content=\"pt_BR\" \/>\n<meta property=\"og:type\" content=\"article\" \/>\n<meta property=\"og:title\" content=\"Programas - Casa Dom Bosco\" \/>\n<meta property=\"og:description\" content=\"CONHE\u00c7A NOSSOS PROGRAMAS Movidos pelo carisma de Dom Bosco, nosso compromisso \u00e9 com o desenvolvimento integral de crian\u00e7as, adolescentes e jovens. Conhe\u00e7a a seguir o trabalho que realizamos em nossa comunidade: uma proposta de acolhimento que se torna um porto seguro, de educa\u00e7\u00e3o que prepara para a vida e de protagonismo que desperta o melhor [&hellip;]\" \/>\n<meta property=\"og:url\" content=\"https:\/\/salesianossp.org.br\/osamericana\/programas\/\" \/>\n<meta property=\"og:site_name\" content=\"Casa Dom Bosco\" \/>\n<meta property=\"article:modified_time\" content=\"2025-10-03T04:07:54+00:00\" \/>\n<meta property=\"og:image\" content=\"https:\/\/salesianossp.org.br\/osamericana\/wp-content\/uploads\/2025\/10\/img_prototipo_os_programas_1.webp\" \/>\n<meta name=\"twitter:card\" content=\"summary_large_image\" \/>\n<meta name=\"twitter:label1\" content=\"Est. tempo de leitura\" \/>\n\t<meta name=\"twitter:data1\" content=\"1 minuto\" \/>\n<script type=\"application\/ld+json\" class=\"yoast-schema-graph\">{\"@context\":\"https:\\\/\\\/schema.org\",\"@graph\":[{\"@type\":\"WebPage\",\"@id\":\"https:\\\/\\\/salesianossp.org.br\\\/osamericana\\\/programas\\\/\",\"url\":\"https:\\\/\\\/salesianossp.org.br\\\/osamericana\\\/programas\\\/\",\"name\":\"Programas - Casa Dom Bosco\",\"isPartOf\":{\"@id\":\"https:\\\/\\\/salesianossp.org.br\\\/osamericana\\\/#website\"},\"primaryImageOfPage\":{\"@id\":\"https:\\\/\\\/salesianossp.org.br\\\/osamericana\\\/programas\\\/#primaryimage\"},\"image\":{\"@id\":\"https:\\\/\\\/salesianossp.org.br\\\/osamericana\\\/programas\\\/#primaryimage\"},\"thumbnailUrl\":\"https:\\\/\\\/salesianossp.org.br\\\/osamericana\\\/wp-content\\\/uploads\\\/2025\\\/10\\\/img_prototipo_os_programas_1.webp\",\"datePublished\":\"2025-03-04T00:44:14+00:00\",\"dateModified\":\"2025-10-03T04:07:54+00:00\",\"breadcrumb\":{\"@id\":\"https:\\\/\\\/salesianossp.org.br\\\/osamericana\\\/programas\\\/#breadcrumb\"},\"inLanguage\":\"pt-BR\",\"potentialAction\":[{\"@type\":\"ReadAction\",\"target\":[\"https:\\\/\\\/salesianossp.org.br\\\/osamericana\\\/programas\\\/\"]}]},{\"@type\":\"ImageObject\",\"inLanguage\":\"pt-BR\",\"@id\":\"https:\\\/\\\/salesianossp.org.br\\\/osamericana\\\/programas\\\/#primaryimage\",\"url\":\"https:\\\/\\\/salesianossp.org.br\\\/osamericana\\\/wp-content\\\/uploads\\\/2025\\\/10\\\/img_prototipo_os_programas_1.webp\",\"contentUrl\":\"https:\\\/\\\/salesianossp.org.br\\\/osamericana\\\/wp-content\\\/uploads\\\/2025\\\/10\\\/img_prototipo_os_programas_1.webp\",\"width\":724,\"height\":620},{\"@type\":\"BreadcrumbList\",\"@id\":\"https:\\\/\\\/salesianossp.org.br\\\/osamericana\\\/programas\\\/#breadcrumb\",\"itemListElement\":[{\"@type\":\"ListItem\",\"position\":1,\"name\":\"In\u00edcio\",\"item\":\"https:\\\/\\\/salesianossp.org.br\\\/osamericana\\\/\"},{\"@type\":\"ListItem\",\"position\":2,\"name\":\"Programas\"}]},{\"@type\":\"WebSite\",\"@id\":\"https:\\\/\\\/salesianossp.org.br\\\/osamericana\\\/#website\",\"url\":\"https:\\\/\\\/salesianossp.org.br\\\/osamericana\\\/\",\"name\":\"Casa Dom Bosco\",\"description\":\"\",\"publisher\":{\"@id\":\"https:\\\/\\\/salesianossp.org.br\\\/osamericana\\\/#organization\"},\"potentialAction\":[{\"@type\":\"SearchAction\",\"target\":{\"@type\":\"EntryPoint\",\"urlTemplate\":\"https:\\\/\\\/salesianossp.org.br\\\/osamericana\\\/?s={search_term_string}\"},\"query-input\":{\"@type\":\"PropertyValueSpecification\",\"valueRequired\":true,\"valueName\":\"search_term_string\"}}],\"inLanguage\":\"pt-BR\"},{\"@type\":\"Organization\",\"@id\":\"https:\\\/\\\/salesianossp.org.br\\\/osamericana\\\/#organization\",\"name\":\"Casa Dom Bosco\",\"url\":\"https:\\\/\\\/salesianossp.org.br\\\/osamericana\\\/\",\"logo\":{\"@type\":\"ImageObject\",\"inLanguage\":\"pt-BR\",\"@id\":\"https:\\\/\\\/salesianossp.org.br\\\/osamericana\\\/#\\\/schema\\\/logo\\\/image\\\/\",\"url\":\"https:\\\/\\\/salesianossp.org.br\\\/osamericana\\\/wp-content\\\/uploads\\\/2024\\\/03\\\/logotipo-casa-de-Dom-Bosco-1.png\",\"contentUrl\":\"https:\\\/\\\/salesianossp.org.br\\\/osamericana\\\/wp-content\\\/uploads\\\/2024\\\/03\\\/logotipo-casa-de-Dom-Bosco-1.png\",\"width\":500,\"height\":163,\"caption\":\"Casa Dom Bosco\"},\"image\":{\"@id\":\"https:\\\/\\\/salesianossp.org.br\\\/osamericana\\\/#\\\/schema\\\/logo\\\/image\\\/\"}}]}<\/script>\n<!-- \/ Yoast SEO plugin. -->","yoast_head_json":{"title":"Programas - Casa Dom Bosco","robots":{"index":"index","follow":"follow","max-snippet":"max-snippet:-1","max-image-preview":"max-image-preview:large","max-video-preview":"max-video-preview:-1"},"canonical":"https:\/\/salesianossp.org.br\/osamericana\/programas\/","og_locale":"pt_BR","og_type":"article","og_title":"Programas - Casa Dom Bosco","og_description":"CONHE\u00c7A NOSSOS PROGRAMAS Movidos pelo carisma de Dom Bosco, nosso compromisso \u00e9 com o desenvolvimento integral de crian\u00e7as, adolescentes e jovens. Conhe\u00e7a a seguir o trabalho que realizamos em nossa comunidade: uma proposta de acolhimento que se torna um porto seguro, de educa\u00e7\u00e3o que prepara para a vida e de protagonismo que desperta o melhor [&hellip;]","og_url":"https:\/\/salesianossp.org.br\/osamericana\/programas\/","og_site_name":"Casa Dom Bosco","article_modified_time":"2025-10-03T04:07:54+00:00","og_image":[{"url":"https:\/\/salesianossp.org.br\/osamericana\/wp-content\/uploads\/2025\/10\/img_prototipo_os_programas_1.webp","type":"","width":"","height":""}],"twitter_card":"summary_large_image","twitter_misc":{"Est. tempo de leitura":"1 minuto"},"schema":{"@context":"https:\/\/schema.org","@graph":[{"@type":"WebPage","@id":"https:\/\/salesianossp.org.br\/osamericana\/programas\/","url":"https:\/\/salesianossp.org.br\/osamericana\/programas\/","name":"Programas - Casa Dom Bosco","isPartOf":{"@id":"https:\/\/salesianossp.org.br\/osamericana\/#website"},"primaryImageOfPage":{"@id":"https:\/\/salesianossp.org.br\/osamericana\/programas\/#primaryimage"},"image":{"@id":"https:\/\/salesianossp.org.br\/osamericana\/programas\/#primaryimage"},"thumbnailUrl":"https:\/\/salesianossp.org.br\/osamericana\/wp-content\/uploads\/2025\/10\/img_prototipo_os_programas_1.webp","datePublished":"2025-03-04T00:44:14+00:00","dateModified":"2025-10-03T04:07:54+00:00","breadcrumb":{"@id":"https:\/\/salesianossp.org.br\/osamericana\/programas\/#breadcrumb"},"inLanguage":"pt-BR","potentialAction":[{"@type":"ReadAction","target":["https:\/\/salesianossp.org.br\/osamericana\/programas\/"]}]},{"@type":"ImageObject","inLanguage":"pt-BR","@id":"https:\/\/salesianossp.org.br\/osamericana\/programas\/#primaryimage","url":"https:\/\/salesianossp.org.br\/osamericana\/wp-content\/uploads\/2025\/10\/img_prototipo_os_programas_1.webp","contentUrl":"https:\/\/salesianossp.org.br\/osamericana\/wp-content\/uploads\/2025\/10\/img_prototipo_os_programas_1.webp","width":724,"height":620},{"@type":"BreadcrumbList","@id":"https:\/\/salesianossp.org.br\/osamericana\/programas\/#breadcrumb","itemListElement":[{"@type":"ListItem","position":1,"name":"In\u00edcio","item":"https:\/\/salesianossp.org.br\/osamericana\/"},{"@type":"ListItem","position":2,"name":"Programas"}]},{"@type":"WebSite","@id":"https:\/\/salesianossp.org.br\/osamericana\/#website","url":"https:\/\/salesianossp.org.br\/osamericana\/","name":"Casa Dom Bosco","description":"","publisher":{"@id":"https:\/\/salesianossp.org.br\/osamericana\/#organization"},"potentialAction":[{"@type":"SearchAction","target":{"@type":"EntryPoint","urlTemplate":"https:\/\/salesianossp.org.br\/osamericana\/?s={search_term_string}"},"query-input":{"@type":"PropertyValueSpecification","valueRequired":true,"valueName":"search_term_string"}}],"inLanguage":"pt-BR"},{"@type":"Organization","@id":"https:\/\/salesianossp.org.br\/osamericana\/#organization","name":"Casa Dom Bosco","url":"https:\/\/salesianossp.org.br\/osamericana\/","logo":{"@type":"ImageObject","inLanguage":"pt-BR","@id":"https:\/\/salesianossp.org.br\/osamericana\/#\/schema\/logo\/image\/","url":"https:\/\/salesianossp.org.br\/osamericana\/wp-content\/uploads\/2024\/03\/logotipo-casa-de-Dom-Bosco-1.png","contentUrl":"https:\/\/salesianossp.org.br\/osamericana\/wp-content\/uploads\/2024\/03\/logotipo-casa-de-Dom-Bosco-1.png","width":500,"height":163,"caption":"Casa Dom Bosco"},"image":{"@id":"https:\/\/salesianossp.org.br\/osamericana\/#\/schema\/logo\/image\/"}}]}},"_links":{"self":[{"href":"https:\/\/salesianossp.org.br\/osamericana\/wp-json\/wp\/v2\/pages\/115840","targetHints":{"allow":["GET"]}}],"collection":[{"href":"https:\/\/salesianossp.org.br\/osamericana\/wp-json\/wp\/v2\/pages"}],"about":[{"href":"https:\/\/salesianossp.org.br\/osamericana\/wp-json\/wp\/v2\/types\/page"}],"author":[{"embeddable":true,"href":"https:\/\/salesianossp.org.br\/osamericana\/wp-json\/wp\/v2\/users\/31"}],"replies":[{"embeddable":true,"href":"https:\/\/salesianossp.org.br\/osamericana\/wp-json\/wp\/v2\/comments?post=115840"}],"version-history":[{"count":22,"href":"https:\/\/salesianossp.org.br\/osamericana\/wp-json\/wp\/v2\/pages\/115840\/revisions"}],"predecessor-version":[{"id":117202,"href":"https:\/\/salesianossp.org.br\/osamericana\/wp-json\/wp\/v2\/pages\/115840\/revisions\/117202"}],"wp:attachment":[{"href":"https:\/\/salesianossp.org.br\/osamericana\/wp-json\/wp\/v2\/media?parent=115840"}],"curies":[{"name":"wp","href":"https:\/\/api.w.org\/{rel}","templated":true}]}}