{"id":115819,"date":"2025-03-03T23:36:19","date_gmt":"2025-03-03T23:36:19","guid":{"rendered":"https:\/\/salesianossp.org.br\/osararas\/?page_id=115819"},"modified":"2025-10-03T02:08:15","modified_gmt":"2025-10-03T02:08:15","slug":"servicos","status":"publish","type":"page","link":"https:\/\/salesianossp.org.br\/osararas\/servicos\/","title":{"rendered":"Servi\u00e7os"},"content":{"rendered":"\t\t<div data-elementor-type=\"wp-page\" data-elementor-id=\"115819\" class=\"elementor elementor-115819\" data-elementor-post-type=\"page\">\n\t\t\t\t<main class=\"elementor-element elementor-element-0f124d4 e-con-full e-flex e-con e-parent\" data-id=\"0f124d4\" data-element_type=\"container\" data-e-type=\"container\" data-settings=\"{&quot;background_background&quot;:&quot;classic&quot;}\">\n\t\t<div class=\"elementor-element elementor-element-042413a e-flex e-con-boxed e-con e-child\" data-id=\"042413a\" data-element_type=\"container\" data-e-type=\"container\" data-settings=\"{&quot;background_background&quot;:&quot;classic&quot;}\">\n\t\t\t\t\t<div class=\"e-con-inner\">\n\t\t<div class=\"elementor-element elementor-element-3ad17f1 e-con-full e-flex e-con e-child\" data-id=\"3ad17f1\" data-element_type=\"container\" data-e-type=\"container\">\n\t\t<div class=\"elementor-element elementor-element-458bcc0 e-con-full e-flex e-con e-child\" data-id=\"458bcc0\" data-element_type=\"container\" data-e-type=\"container\">\n\t\t\t\t<div class=\"elementor-element elementor-element-7192d41 elementor-widget elementor-widget-heading\" data-id=\"7192d41\" data-element_type=\"widget\" data-e-type=\"widget\" data-widget_type=\"heading.default\">\n\t\t\t\t<div class=\"elementor-widget-container\">\n\t\t\t\t\t<h1 class=\"elementor-heading-title elementor-size-default\">CONHE\u00c7A<\/h1>\t\t\t\t<\/div>\n\t\t\t\t<\/div>\n\t\t\t\t<div class=\"elementor-element elementor-element-de7e8dd elementor-widget elementor-widget-heading\" data-id=\"de7e8dd\" data-element_type=\"widget\" data-e-type=\"widget\" data-widget_type=\"heading.default\">\n\t\t\t\t<div class=\"elementor-widget-container\">\n\t\t\t\t\t<h1 class=\"elementor-heading-title elementor-size-default\">NOSSOS SERVI\u00c7OS<\/h1>\t\t\t\t<\/div>\n\t\t\t\t<\/div>\n\t\t\t\t<\/div>\n\t\t<div class=\"elementor-element elementor-element-dee90ae e-con-full e-flex e-con e-child\" data-id=\"dee90ae\" data-element_type=\"container\" data-e-type=\"container\">\n\t\t\t\t<div class=\"elementor-element elementor-element-c1223f8 elementor-widget elementor-widget-heading\" data-id=\"c1223f8\" data-element_type=\"widget\" data-e-type=\"widget\" data-widget_type=\"heading.default\">\n\t\t\t\t<div class=\"elementor-widget-container\">\n\t\t\t\t\t<p class=\"elementor-heading-title elementor-size-default\">Movidos pelo carisma de Dom Bosco, nosso compromisso \u00e9 com o desenvolvimento integral de crian\u00e7as, adolescentes e jovens. Conhe\u00e7a a seguir o trabalho que realizamos em nossa comunidade: uma proposta de acolhimento que se torna um porto seguro, de educa\u00e7\u00e3o que prepara para a vida e de protagonismo que desperta o melhor em cada um, com o grande objetivo de formar \"bons crist\u00e3os e honestos cidad\u00e3os\".<\/p>\t\t\t\t<\/div>\n\t\t\t\t<\/div>\n\t\t\t\t<\/div>\n\t\t\t\t<\/div>\n\t\t\t\t\t<\/div>\n\t\t\t\t<\/div>\n\t\t\t\t<\/main>\n\t\t<section class=\"elementor-element elementor-element-ea0be23 e-flex e-con-boxed e-con e-parent\" data-id=\"ea0be23\" data-element_type=\"container\" data-e-type=\"container\" id=\"cedesp\">\n\t\t\t\t\t<div class=\"e-con-inner\">\n\t\t<div class=\"elementor-element elementor-element-2c41bd6 e-con-full e-flex e-con e-child\" data-id=\"2c41bd6\" data-element_type=\"container\" data-e-type=\"container\">\n\t\t<div class=\"elementor-element elementor-element-c4bfa14 e-con-full e-flex e-con e-child\" data-id=\"c4bfa14\" data-element_type=\"container\" data-e-type=\"container\">\n\t\t<header class=\"elementor-element elementor-element-f5d8871 e-con-full e-flex e-con e-child\" data-id=\"f5d8871\" data-element_type=\"container\" data-e-type=\"container\">\n\t\t\t\t<div class=\"elementor-element elementor-element-ae272de elementor-widget elementor-widget-heading\" data-id=\"ae272de\" data-element_type=\"widget\" data-e-type=\"widget\" data-widget_type=\"heading.default\">\n\t\t\t\t<div class=\"elementor-widget-container\">\n\t\t\t\t\t<div class=\"elementor-heading-title elementor-size-default\">Nossos servi\u00e7os<\/div>\t\t\t\t<\/div>\n\t\t\t\t<\/div>\n\t\t\t\t<div class=\"elementor-element elementor-element-3fc9d16 elementor-widget elementor-widget-heading\" data-id=\"3fc9d16\" data-element_type=\"widget\" data-e-type=\"widget\" data-widget_type=\"heading.default\">\n\t\t\t\t<div class=\"elementor-widget-container\">\n\t\t\t\t\t<h2 class=\"elementor-heading-title elementor-size-default\">Servi\u00e7o de Conviv\u00eancia e Fortalecimento de V\u00ednculos (SCFV)<\/h2>\t\t\t\t<\/div>\n\t\t\t\t<\/div>\n\t\t\t\t<\/header>\n\t\t<div class=\"elementor-element elementor-element-c35c3a9 e-con-full e-flex e-con e-child\" data-id=\"c35c3a9\" data-element_type=\"container\" data-e-type=\"container\">\n\t\t\t\t<div class=\"elementor-element elementor-element-6bf0b2c elementor-widget elementor-widget-button\" data-id=\"6bf0b2c\" data-element_type=\"widget\" data-e-type=\"widget\" data-widget_type=\"button.default\">\n\t\t\t\t<div class=\"elementor-widget-container\">\n\t\t\t\t\t\t\t\t\t<div class=\"elementor-button-wrapper\">\n\t\t\t\t\t<a class=\"elementor-button elementor-size-sm\" role=\"button\">\n\t\t\t\t\t\t<span class=\"elementor-button-content-wrapper\">\n\t\t\t\t\t\t\t\t\t<span class=\"elementor-button-text\">Assist\u00eancia Social<\/span>\n\t\t\t\t\t<\/span>\n\t\t\t\t\t<\/a>\n\t\t\t\t<\/div>\n\t\t\t\t\t\t\t\t<\/div>\n\t\t\t\t<\/div>\n\t\t\t\t<div class=\"elementor-element elementor-element-73bd18d elementor-widget elementor-widget-button\" data-id=\"73bd18d\" data-element_type=\"widget\" data-e-type=\"widget\" data-widget_type=\"button.default\">\n\t\t\t\t<div class=\"elementor-widget-container\">\n\t\t\t\t\t\t\t\t\t<div class=\"elementor-button-wrapper\">\n\t\t\t\t\t<a class=\"elementor-button elementor-size-sm\" role=\"button\">\n\t\t\t\t\t\t<span class=\"elementor-button-content-wrapper\">\n\t\t\t\t\t\t\t\t\t<span class=\"elementor-button-text\">Prote\u00e7\u00e3o B\u00e1sica<\/span>\n\t\t\t\t\t<\/span>\n\t\t\t\t\t<\/a>\n\t\t\t\t<\/div>\n\t\t\t\t\t\t\t\t<\/div>\n\t\t\t\t<\/div>\n\t\t\t\t<\/div>\n\t\t\t\t<div class=\"elementor-element elementor-element-d9f0fef elementor-widget elementor-widget-heading\" data-id=\"d9f0fef\" data-element_type=\"widget\" data-e-type=\"widget\" data-widget_type=\"heading.default\">\n\t\t\t\t<div class=\"elementor-widget-container\">\n\t\t\t\t\t<p class=\"elementor-heading-title elementor-size-default\">O Servi\u00e7o de Conviv\u00eancia e Fortalecimento de V\u00ednculos (SCFV) \u00e9 um espa\u00e7o de acolhimento para crian\u00e7as e adolescentes e um ponto de apoio para suas fam\u00edlias. Inspirados em Dom Bosco, entendemos que o desenvolvimento saud\u00e1vel de um jovem floresce quando ele se sente seguro tanto em nossa casa quanto em seu lar. Por isso, nossas atividades de esporte, cultura e forma\u00e7\u00e3o buscam promover valores que incentivam o di\u00e1logo, o respeito e a uni\u00e3o dentro de casa, fazendo do nosso trabalho uma verdadeira parceria com os pais e respons\u00e1veis na miss\u00e3o de educar.<\/p>\t\t\t\t<\/div>\n\t\t\t\t<\/div>\n\t\t\t\t<\/div>\n\t\t\t\t<\/div>\n\t\t\t\t<div class=\"elementor-element elementor-element-72ae8dc elementor-widget-tablet__width-inherit elementor-widget elementor-widget-image\" data-id=\"72ae8dc\" data-element_type=\"widget\" data-e-type=\"widget\" data-widget_type=\"image.default\">\n\t\t\t\t<div class=\"elementor-widget-container\">\n\t\t\t\t\t\t\t\t\t\t\t\t\t\t\t<img fetchpriority=\"high\" decoding=\"async\" width=\"724\" height=\"620\" src=\"https:\/\/salesianossp.org.br\/osararas\/wp-content\/uploads\/2025\/10\/img_prototipo_os_servicos_7.webp\" class=\"attachment-full size-full wp-image-117227\" alt=\"\" srcset=\"https:\/\/salesianossp.org.br\/osararas\/wp-content\/uploads\/2025\/10\/img_prototipo_os_servicos_7.webp 724w, https:\/\/salesianossp.org.br\/osararas\/wp-content\/uploads\/2025\/10\/img_prototipo_os_servicos_7-300x257.webp 300w\" sizes=\"(max-width: 724px) 100vw, 724px\" \/>\t\t\t\t\t\t\t\t\t\t\t\t\t\t\t<\/div>\n\t\t\t\t<\/div>\n\t\t\t\t\t<\/div>\n\t\t\t\t<\/section>\n\t\t\t\t<\/div>\n\t\t","protected":false},"excerpt":{"rendered":"<p>CONHE\u00c7A NOSSOS SERVI\u00c7OS Movidos pelo carisma de Dom Bosco, nosso compromisso \u00e9 com o desenvolvimento integral de crian\u00e7as, adolescentes e jovens. Conhe\u00e7a a seguir o trabalho que realizamos em nossa comunidade: uma proposta de acolhimento que se torna um porto seguro, de educa\u00e7\u00e3o que prepara para a vida e de protagonismo que desperta o melhor [&hellip;]<\/p>\n","protected":false},"author":29,"featured_media":0,"parent":0,"menu_order":0,"comment_status":"closed","ping_status":"closed","template":"","meta":{"footnotes":""},"class_list":["post-115819","page","type-page","status-publish","hentry"],"yoast_head":"<!-- This site is optimized with the Yoast SEO plugin v27.3 - https:\/\/yoast.com\/product\/yoast-seo-wordpress\/ -->\n<title>Servi\u00e7os - Orat\u00f3rio Dom Bosco<\/title>\n<meta name=\"robots\" content=\"index, follow, max-snippet:-1, max-image-preview:large, max-video-preview:-1\" \/>\n<link rel=\"canonical\" href=\"https:\/\/salesianossp.org.br\/osararas\/servicos\/\" \/>\n<meta property=\"og:locale\" content=\"pt_BR\" \/>\n<meta property=\"og:type\" content=\"article\" \/>\n<meta property=\"og:title\" content=\"Servi\u00e7os - Orat\u00f3rio Dom Bosco\" \/>\n<meta property=\"og:description\" content=\"CONHE\u00c7A NOSSOS SERVI\u00c7OS Movidos pelo carisma de Dom Bosco, nosso compromisso \u00e9 com o desenvolvimento integral de crian\u00e7as, adolescentes e jovens. Conhe\u00e7a a seguir o trabalho que realizamos em nossa comunidade: uma proposta de acolhimento que se torna um porto seguro, de educa\u00e7\u00e3o que prepara para a vida e de protagonismo que desperta o melhor [&hellip;]\" \/>\n<meta property=\"og:url\" content=\"https:\/\/salesianossp.org.br\/osararas\/servicos\/\" \/>\n<meta property=\"og:site_name\" content=\"Orat\u00f3rio Dom Bosco\" \/>\n<meta property=\"article:modified_time\" content=\"2025-10-03T02:08:15+00:00\" \/>\n<meta property=\"og:image\" content=\"https:\/\/salesianossp.org.br\/osararas\/wp-content\/uploads\/2025\/10\/img_prototipo_os_servicos_7.webp\" \/>\n\t<meta property=\"og:image:width\" content=\"724\" \/>\n\t<meta property=\"og:image:height\" content=\"620\" \/>\n\t<meta property=\"og:image:type\" content=\"image\/webp\" \/>\n<meta name=\"twitter:card\" content=\"summary_large_image\" \/>\n<meta name=\"twitter:label1\" content=\"Est. tempo de leitura\" \/>\n\t<meta name=\"twitter:data1\" content=\"1 minuto\" \/>\n<script type=\"application\/ld+json\" class=\"yoast-schema-graph\">{\"@context\":\"https:\\\/\\\/schema.org\",\"@graph\":[{\"@type\":\"WebPage\",\"@id\":\"https:\\\/\\\/salesianossp.org.br\\\/osararas\\\/servicos\\\/\",\"url\":\"https:\\\/\\\/salesianossp.org.br\\\/osararas\\\/servicos\\\/\",\"name\":\"Servi\u00e7os - Orat\u00f3rio Dom Bosco\",\"isPartOf\":{\"@id\":\"https:\\\/\\\/salesianossp.org.br\\\/osararas\\\/#website\"},\"primaryImageOfPage\":{\"@id\":\"https:\\\/\\\/salesianossp.org.br\\\/osararas\\\/servicos\\\/#primaryimage\"},\"image\":{\"@id\":\"https:\\\/\\\/salesianossp.org.br\\\/osararas\\\/servicos\\\/#primaryimage\"},\"thumbnailUrl\":\"https:\\\/\\\/salesianossp.org.br\\\/osararas\\\/wp-content\\\/uploads\\\/2025\\\/10\\\/img_prototipo_os_servicos_7.webp\",\"datePublished\":\"2025-03-03T23:36:19+00:00\",\"dateModified\":\"2025-10-03T02:08:15+00:00\",\"breadcrumb\":{\"@id\":\"https:\\\/\\\/salesianossp.org.br\\\/osararas\\\/servicos\\\/#breadcrumb\"},\"inLanguage\":\"pt-BR\",\"potentialAction\":[{\"@type\":\"ReadAction\",\"target\":[\"https:\\\/\\\/salesianossp.org.br\\\/osararas\\\/servicos\\\/\"]}]},{\"@type\":\"ImageObject\",\"inLanguage\":\"pt-BR\",\"@id\":\"https:\\\/\\\/salesianossp.org.br\\\/osararas\\\/servicos\\\/#primaryimage\",\"url\":\"https:\\\/\\\/salesianossp.org.br\\\/osararas\\\/wp-content\\\/uploads\\\/2025\\\/10\\\/img_prototipo_os_servicos_7.webp\",\"contentUrl\":\"https:\\\/\\\/salesianossp.org.br\\\/osararas\\\/wp-content\\\/uploads\\\/2025\\\/10\\\/img_prototipo_os_servicos_7.webp\",\"width\":724,\"height\":620},{\"@type\":\"BreadcrumbList\",\"@id\":\"https:\\\/\\\/salesianossp.org.br\\\/osararas\\\/servicos\\\/#breadcrumb\",\"itemListElement\":[{\"@type\":\"ListItem\",\"position\":1,\"name\":\"In\u00edcio\",\"item\":\"https:\\\/\\\/salesianossp.org.br\\\/osararas\\\/\"},{\"@type\":\"ListItem\",\"position\":2,\"name\":\"Servi\u00e7os\"}]},{\"@type\":\"WebSite\",\"@id\":\"https:\\\/\\\/salesianossp.org.br\\\/osararas\\\/#website\",\"url\":\"https:\\\/\\\/salesianossp.org.br\\\/osararas\\\/\",\"name\":\"Orat\u00f3rio Dom Bosco\",\"description\":\"\",\"publisher\":{\"@id\":\"https:\\\/\\\/salesianossp.org.br\\\/osararas\\\/#organization\"},\"potentialAction\":[{\"@type\":\"SearchAction\",\"target\":{\"@type\":\"EntryPoint\",\"urlTemplate\":\"https:\\\/\\\/salesianossp.org.br\\\/osararas\\\/?s={search_term_string}\"},\"query-input\":{\"@type\":\"PropertyValueSpecification\",\"valueRequired\":true,\"valueName\":\"search_term_string\"}}],\"inLanguage\":\"pt-BR\"},{\"@type\":\"Organization\",\"@id\":\"https:\\\/\\\/salesianossp.org.br\\\/osararas\\\/#organization\",\"name\":\"Orat\u00f3rio Dom Bosco\",\"url\":\"https:\\\/\\\/salesianossp.org.br\\\/osararas\\\/\",\"logo\":{\"@type\":\"ImageObject\",\"inLanguage\":\"pt-BR\",\"@id\":\"https:\\\/\\\/salesianossp.org.br\\\/osararas\\\/#\\\/schema\\\/logo\\\/image\\\/\",\"url\":\"https:\\\/\\\/salesianossp.org.br\\\/osararas\\\/wp-content\\\/uploads\\\/2025\\\/09\\\/logotipo-oratorio-dom-bosco-color-56.svg\",\"contentUrl\":\"https:\\\/\\\/salesianossp.org.br\\\/osararas\\\/wp-content\\\/uploads\\\/2025\\\/09\\\/logotipo-oratorio-dom-bosco-color-56.svg\",\"width\":151,\"height\":56,\"caption\":\"Orat\u00f3rio Dom Bosco\"},\"image\":{\"@id\":\"https:\\\/\\\/salesianossp.org.br\\\/osararas\\\/#\\\/schema\\\/logo\\\/image\\\/\"}}]}<\/script>\n<!-- \/ Yoast SEO plugin. -->","yoast_head_json":{"title":"Servi\u00e7os - Orat\u00f3rio Dom Bosco","robots":{"index":"index","follow":"follow","max-snippet":"max-snippet:-1","max-image-preview":"max-image-preview:large","max-video-preview":"max-video-preview:-1"},"canonical":"https:\/\/salesianossp.org.br\/osararas\/servicos\/","og_locale":"pt_BR","og_type":"article","og_title":"Servi\u00e7os - Orat\u00f3rio Dom Bosco","og_description":"CONHE\u00c7A NOSSOS SERVI\u00c7OS Movidos pelo carisma de Dom Bosco, nosso compromisso \u00e9 com o desenvolvimento integral de crian\u00e7as, adolescentes e jovens. Conhe\u00e7a a seguir o trabalho que realizamos em nossa comunidade: uma proposta de acolhimento que se torna um porto seguro, de educa\u00e7\u00e3o que prepara para a vida e de protagonismo que desperta o melhor [&hellip;]","og_url":"https:\/\/salesianossp.org.br\/osararas\/servicos\/","og_site_name":"Orat\u00f3rio Dom Bosco","article_modified_time":"2025-10-03T02:08:15+00:00","og_image":[{"width":724,"height":620,"url":"https:\/\/salesianossp.org.br\/osararas\/wp-content\/uploads\/2025\/10\/img_prototipo_os_servicos_7.webp","type":"image\/webp"}],"twitter_card":"summary_large_image","twitter_misc":{"Est. tempo de leitura":"1 minuto"},"schema":{"@context":"https:\/\/schema.org","@graph":[{"@type":"WebPage","@id":"https:\/\/salesianossp.org.br\/osararas\/servicos\/","url":"https:\/\/salesianossp.org.br\/osararas\/servicos\/","name":"Servi\u00e7os - Orat\u00f3rio Dom Bosco","isPartOf":{"@id":"https:\/\/salesianossp.org.br\/osararas\/#website"},"primaryImageOfPage":{"@id":"https:\/\/salesianossp.org.br\/osararas\/servicos\/#primaryimage"},"image":{"@id":"https:\/\/salesianossp.org.br\/osararas\/servicos\/#primaryimage"},"thumbnailUrl":"https:\/\/salesianossp.org.br\/osararas\/wp-content\/uploads\/2025\/10\/img_prototipo_os_servicos_7.webp","datePublished":"2025-03-03T23:36:19+00:00","dateModified":"2025-10-03T02:08:15+00:00","breadcrumb":{"@id":"https:\/\/salesianossp.org.br\/osararas\/servicos\/#breadcrumb"},"inLanguage":"pt-BR","potentialAction":[{"@type":"ReadAction","target":["https:\/\/salesianossp.org.br\/osararas\/servicos\/"]}]},{"@type":"ImageObject","inLanguage":"pt-BR","@id":"https:\/\/salesianossp.org.br\/osararas\/servicos\/#primaryimage","url":"https:\/\/salesianossp.org.br\/osararas\/wp-content\/uploads\/2025\/10\/img_prototipo_os_servicos_7.webp","contentUrl":"https:\/\/salesianossp.org.br\/osararas\/wp-content\/uploads\/2025\/10\/img_prototipo_os_servicos_7.webp","width":724,"height":620},{"@type":"BreadcrumbList","@id":"https:\/\/salesianossp.org.br\/osararas\/servicos\/#breadcrumb","itemListElement":[{"@type":"ListItem","position":1,"name":"In\u00edcio","item":"https:\/\/salesianossp.org.br\/osararas\/"},{"@type":"ListItem","position":2,"name":"Servi\u00e7os"}]},{"@type":"WebSite","@id":"https:\/\/salesianossp.org.br\/osararas\/#website","url":"https:\/\/salesianossp.org.br\/osararas\/","name":"Orat\u00f3rio Dom Bosco","description":"","publisher":{"@id":"https:\/\/salesianossp.org.br\/osararas\/#organization"},"potentialAction":[{"@type":"SearchAction","target":{"@type":"EntryPoint","urlTemplate":"https:\/\/salesianossp.org.br\/osararas\/?s={search_term_string}"},"query-input":{"@type":"PropertyValueSpecification","valueRequired":true,"valueName":"search_term_string"}}],"inLanguage":"pt-BR"},{"@type":"Organization","@id":"https:\/\/salesianossp.org.br\/osararas\/#organization","name":"Orat\u00f3rio Dom Bosco","url":"https:\/\/salesianossp.org.br\/osararas\/","logo":{"@type":"ImageObject","inLanguage":"pt-BR","@id":"https:\/\/salesianossp.org.br\/osararas\/#\/schema\/logo\/image\/","url":"https:\/\/salesianossp.org.br\/osararas\/wp-content\/uploads\/2025\/09\/logotipo-oratorio-dom-bosco-color-56.svg","contentUrl":"https:\/\/salesianossp.org.br\/osararas\/wp-content\/uploads\/2025\/09\/logotipo-oratorio-dom-bosco-color-56.svg","width":151,"height":56,"caption":"Orat\u00f3rio Dom Bosco"},"image":{"@id":"https:\/\/salesianossp.org.br\/osararas\/#\/schema\/logo\/image\/"}}]}},"_links":{"self":[{"href":"https:\/\/salesianossp.org.br\/osararas\/wp-json\/wp\/v2\/pages\/115819","targetHints":{"allow":["GET"]}}],"collection":[{"href":"https:\/\/salesianossp.org.br\/osararas\/wp-json\/wp\/v2\/pages"}],"about":[{"href":"https:\/\/salesianossp.org.br\/osararas\/wp-json\/wp\/v2\/types\/page"}],"author":[{"embeddable":true,"href":"https:\/\/salesianossp.org.br\/osararas\/wp-json\/wp\/v2\/users\/29"}],"replies":[{"embeddable":true,"href":"https:\/\/salesianossp.org.br\/osararas\/wp-json\/wp\/v2\/comments?post=115819"}],"version-history":[{"count":25,"href":"https:\/\/salesianossp.org.br\/osararas\/wp-json\/wp\/v2\/pages\/115819\/revisions"}],"predecessor-version":[{"id":117230,"href":"https:\/\/salesianossp.org.br\/osararas\/wp-json\/wp\/v2\/pages\/115819\/revisions\/117230"}],"wp:attachment":[{"href":"https:\/\/salesianossp.org.br\/osararas\/wp-json\/wp\/v2\/media?parent=115819"}],"curies":[{"name":"wp","href":"https:\/\/api.w.org\/{rel}","templated":true}]}}