{"id":113776,"date":"2025-01-13T04:43:24","date_gmt":"2025-01-13T04:43:24","guid":{"rendered":"https:\/\/salesianossp.org.br\/oscamposdojordao\/?page_id=113776"},"modified":"2025-10-03T06:13:46","modified_gmt":"2025-10-03T06:13:46","slug":"colabore","status":"publish","type":"page","link":"https:\/\/salesianossp.org.br\/oscamposdojordao\/colabore\/","title":{"rendered":"Colabore"},"content":{"rendered":"\t\t<div data-elementor-type=\"wp-page\" data-elementor-id=\"113776\" class=\"elementor elementor-113776\" data-elementor-post-type=\"page\">\n\t\t\t\t<section class=\"elementor-element elementor-element-cf444ae e-con-full e-flex e-con e-parent\" data-id=\"cf444ae\" data-element_type=\"container\" data-e-type=\"container\" data-settings=\"{&quot;background_background&quot;:&quot;classic&quot;}\">\n\t\t<div class=\"elementor-element elementor-element-f2c7036 e-con-full e-flex e-con e-child\" data-id=\"f2c7036\" data-element_type=\"container\" data-e-type=\"container\" data-settings=\"{&quot;background_background&quot;:&quot;classic&quot;}\">\n\t\t\t\t<div class=\"elementor-element elementor-element-8227772 jet-breadcrumbs-align-center elementor-widget elementor-widget-jet-breadcrumbs\" data-id=\"8227772\" data-element_type=\"widget\" data-e-type=\"widget\" data-widget_type=\"jet-breadcrumbs.default\">\n\t\t\t\t<div class=\"elementor-widget-container\">\n\t\t\t\t\t<div class=\"elementor-jet-breadcrumbs jet-blocks\">\n\t\t<div class=\"jet-breadcrumbs\">\n\t\t<div class=\"jet-breadcrumbs__content\">\n\t\t<div class=\"jet-breadcrumbs__wrap\"><div class=\"jet-breadcrumbs__item\"><a href=\"https:\/\/salesianossp.org.br\/oscamposdojordao\/\" class=\"jet-breadcrumbs__item-link is-home\" rel=\"home\" title=\"Home\">Home<\/a><\/div>\n\t\t<\/div>\n\t\t<\/div>\n\t\t<\/div><\/div>\t\t\t\t<\/div>\n\t\t\t\t<\/div>\n\t\t\t\t<\/div>\n\t\t\t\t<\/section>\n\t\t<section class=\"elementor-element elementor-element-13baeaf e-flex e-con-boxed e-con e-parent\" data-id=\"13baeaf\" data-element_type=\"container\" data-e-type=\"container\" data-settings=\"{&quot;background_background&quot;:&quot;classic&quot;}\">\n\t\t\t\t\t<div class=\"e-con-inner\">\n\t\t<div class=\"elementor-element elementor-element-2ccf728 e-con-full e-flex e-con e-child\" data-id=\"2ccf728\" data-element_type=\"container\" data-e-type=\"container\" data-settings=\"{&quot;background_background&quot;:&quot;classic&quot;}\">\n\t\t<div class=\"elementor-element elementor-element-5f03a69 e-con-full e-flex e-con e-child\" data-id=\"5f03a69\" data-element_type=\"container\" data-e-type=\"container\">\n\t\t\t\t<div class=\"elementor-element elementor-element-c63d7b6 elementor-view-default elementor-widget elementor-widget-icon\" data-id=\"c63d7b6\" data-element_type=\"widget\" data-e-type=\"widget\" data-widget_type=\"icon.default\">\n\t\t\t\t<div class=\"elementor-widget-container\">\n\t\t\t\t\t\t\t<div class=\"elementor-icon-wrapper\">\n\t\t\t<div class=\"elementor-icon\">\n\t\t\t<svg xmlns=\"http:\/\/www.w3.org\/2000\/svg\" width=\"120\" height=\"120\" viewBox=\"0 0 120 120\" fill=\"none\"><path d=\"M85.9995 113.75C70.6995 113.75 58.2495 101.3 58.2495 86.0001C58.2495 70.7001 70.6995 58.2501 85.9995 58.2501C101.299 58.2501 113.749 70.7001 113.749 86.0001C113.749 101.3 101.299 113.75 85.9995 113.75ZM85.9995 65.7501C74.8495 65.7501 65.7495 74.8501 65.7495 86.0001C65.7495 97.1501 74.8495 106.25 85.9995 106.25C97.1495 106.25 106.249 97.1501 106.249 86.0001C106.249 74.8501 97.1495 65.7501 85.9995 65.7501Z\" fill=\"#E63827\"><\/path><path d=\"M94.9493 90.05H76.9995C74.9495 90.05 73.2495 88.35 73.2495 86.3C73.2495 84.25 74.9495 82.55 76.9995 82.55H94.9493C96.9993 82.55 98.6993 84.25 98.6993 86.3C98.6993 88.35 97.0493 90.05 94.9493 90.05Z\" fill=\"#E63827\"><\/path><path d=\"M86.001 99.2499C83.951 99.2499 82.251 97.5499 82.251 95.4999V77.55C82.251 75.5 83.951 73.8 86.001 73.8C88.051 73.8 89.751 75.5 89.751 77.55V95.4999C89.751 97.5499 88.051 99.2499 86.001 99.2499Z\" fill=\"#E63827\"><\/path><path d=\"M60 108.25C58.45 108.25 56.9 108.05 55.65 107.6C42.85 103.25 6.25 82.05 6.25 43.45C6.25 25.95 20.4 11.7499 37.8 11.7499C46.15 11.7499 54.15 15.1 60 20.95C65.85 15.1 73.9 11.7499 82.2 11.7499C99.6 11.7499 113.75 25.95 113.75 43.45C113.75 53.2 111.4 62.55 106.75 71.3C106.2 72.35 105.15 73.1001 103.95 73.2501C102.7 73.4001 101.55 72.9999 100.7 72.0999C96.8001 67.9999 91.55 65.7001 85.95 65.7001C74.8 65.7001 65.7001 74.8 65.7001 85.95C65.7001 90.9 67.55 95.7001 70.9 99.4501C71.7 100.35 71.9999 101.55 71.7499 102.7C71.4999 103.85 70.7 104.85 69.65 105.35C67.65 106.25 65.8501 107 64.2001 107.55C63.0501 108.05 61.55 108.25 60 108.25ZM37.8 19.2499C24.55 19.2499 13.75 30.1 13.75 43.45C13.75 77.65 46.6 96.5499 58.1 100.5C59 100.85 60.95 100.8 61.85 100.5C62 100.45 62.1501 100.4 62.3001 100.35C59.7001 96.05 58.2501 91.1001 58.2501 86.0001C58.2501 70.7001 70.7001 58.2501 86.0001 58.2501C91.9001 58.2501 97.5 60.1 102.2 63.45C104.9 57.05 106.25 50.35 106.25 43.45C106.25 30.1 95.45 19.2499 82.2 19.2499C74.7 19.2499 67.4999 22.8501 62.9999 28.9001C61.5999 30.8001 58.4001 30.8001 57.0001 28.9001C52.5001 22.8501 45.3 19.2499 37.8 19.2499Z\" fill=\"#E63827\"><\/path><\/svg>\t\t\t<\/div>\n\t\t<\/div>\n\t\t\t\t\t\t<\/div>\n\t\t\t\t<\/div>\n\t\t\t\t<div class=\"elementor-element elementor-element-2d286f6 elementor-widget elementor-widget-heading\" data-id=\"2d286f6\" data-element_type=\"widget\" data-e-type=\"widget\" data-widget_type=\"heading.default\">\n\t\t\t\t<div class=\"elementor-widget-container\">\n\t\t\t\t\t<div class=\"elementor-heading-title elementor-size-default\">01<\/div>\t\t\t\t<\/div>\n\t\t\t\t<\/div>\n\t\t\t\t<\/div>\n\t\t<div class=\"elementor-element elementor-element-c6b8245 e-con-full e-flex e-con e-child\" data-id=\"c6b8245\" data-element_type=\"container\" data-e-type=\"container\">\n\t\t\t\t<div class=\"elementor-element elementor-element-63f6f31 elementor-widget elementor-widget-heading\" data-id=\"63f6f31\" data-element_type=\"widget\" data-e-type=\"widget\" data-widget_type=\"heading.default\">\n\t\t\t\t<div class=\"elementor-widget-container\">\n\t\t\t\t\t<h5 class=\"elementor-heading-title elementor-size-default\">Fazer doa\u00e7\u00e3o<\/h5>\t\t\t\t<\/div>\n\t\t\t\t<\/div>\n\t\t\t\t<div class=\"jet-popup-target elementor-element elementor-element-eaee2e9 elementor-align-left elementor-widget elementor-widget-button\" data-jet-popup=\"{&quot;attached-popup&quot;:&quot;jet-popup-116611&quot;,&quot;trigger-type&quot;:&quot;click-self&quot;,&quot;trigger-custom-selector&quot;:&quot;&quot;}\" data-id=\"eaee2e9\" data-element_type=\"widget\" data-e-type=\"widget\" data-widget_type=\"button.default\">\n\t\t\t\t<div class=\"elementor-widget-container\">\n\t\t\t\t\t\t\t\t\t<div class=\"elementor-button-wrapper\">\n\t\t\t\t\t<a class=\"elementor-button elementor-button-link elementor-size-sm\" href=\"#\">\n\t\t\t\t\t\t<span class=\"elementor-button-content-wrapper\">\n\t\t\t\t\t\t\t\t\t<span class=\"elementor-button-text\">Doar<\/span>\n\t\t\t\t\t<\/span>\n\t\t\t\t\t<\/a>\n\t\t\t\t<\/div>\n\t\t\t\t\t\t\t\t<\/div>\n\t\t\t\t<\/div>\n\t\t\t\t<\/div>\n\t\t\t\t<\/div>\n\t\t<div class=\"elementor-element elementor-element-b7cfbb3 e-con-full e-flex e-con e-child\" data-id=\"b7cfbb3\" data-element_type=\"container\" data-e-type=\"container\" data-settings=\"{&quot;background_background&quot;:&quot;classic&quot;}\">\n\t\t<div class=\"elementor-element elementor-element-bf5e973 e-con-full e-flex e-con e-child\" data-id=\"bf5e973\" data-element_type=\"container\" data-e-type=\"container\">\n\t\t\t\t<div class=\"elementor-element elementor-element-19bde02 elementor-view-default elementor-widget elementor-widget-icon\" data-id=\"19bde02\" data-element_type=\"widget\" data-e-type=\"widget\" data-widget_type=\"icon.default\">\n\t\t\t\t<div class=\"elementor-widget-container\">\n\t\t\t\t\t\t\t<div class=\"elementor-icon-wrapper\">\n\t\t\t<div class=\"elementor-icon\">\n\t\t\t<svg xmlns=\"http:\/\/www.w3.org\/2000\/svg\" width=\"20\" height=\"20\" viewBox=\"0 0 20 20\" fill=\"none\"><path d=\"M10 13.9584C9.66669 13.9584 9.33335 13.9334 9.01669 13.8751C7.25002 13.6167 5.64169 12.6001 4.62502 11.0917C3.91669 10.0251 3.54169 8.78341 3.54169 7.50008C3.54169 3.94175 6.44169 1.04175 10 1.04175C13.5584 1.04175 16.4584 3.94175 16.4584 7.50008C16.4584 8.78341 16.0834 10.0251 15.375 11.0917C14.35 12.6084 12.7417 13.6168 10.9584 13.8834C10.6667 13.9334 10.3334 13.9584 10 13.9584ZM10 2.29175C7.12502 2.29175 4.79169 4.62508 4.79169 7.50008C4.79169 8.54175 5.09169 9.54175 5.65835 10.3917C6.48335 11.6084 7.77502 12.4251 9.20835 12.6334C9.74169 12.7251 10.2667 12.7251 10.7584 12.6334C12.2167 12.4251 13.5084 11.6001 14.3334 10.3834C14.9 9.53341 15.2 8.53341 15.2 7.49174C15.2084 4.62507 12.875 2.29175 10 2.29175Z\" fill=\"#F37F1F\"><\/path><path d=\"M5.39154 18.8249C5.27487 18.8249 5.16654 18.8082 5.04987 18.7832C4.5082 18.6582 4.09154 18.2416 3.96654 17.6999L3.67487 16.4749C3.6582 16.3999 3.59987 16.3415 3.51654 16.3165L2.14154 15.9916C1.62487 15.8666 1.21654 15.4832 1.07487 14.9749C0.933202 14.4666 1.07487 13.9166 1.44987 13.5416L4.69987 10.2916C4.8332 10.1582 5.01654 10.0916 5.19987 10.1082C5.3832 10.1249 5.54987 10.2249 5.6582 10.3832C6.4832 11.5999 7.77487 12.4249 9.21654 12.6332C9.74987 12.7249 10.2749 12.7249 10.7665 12.6332C12.2249 12.4249 13.5165 11.5999 14.3415 10.3832C14.4415 10.2249 14.6165 10.1249 14.7999 10.1082C14.9832 10.0916 15.1665 10.1582 15.2999 10.2916L18.5499 13.5416C18.9249 13.9166 19.0665 14.4666 18.9249 14.9749C18.7832 15.4832 18.3665 15.8749 17.8582 15.9916L16.4832 16.3165C16.4082 16.3332 16.3499 16.3916 16.3249 16.4749L16.0332 17.6999C15.9082 18.2416 15.4915 18.6582 14.9499 18.7832C14.4082 18.9166 13.8499 18.7249 13.4999 18.2999L9.99987 14.2749L6.49987 18.3082C6.21654 18.6416 5.81654 18.8249 5.39154 18.8249ZM5.07487 11.6916L2.3332 14.4332C2.2582 14.5082 2.26654 14.5916 2.2832 14.6416C2.29154 14.6832 2.3332 14.7666 2.4332 14.7832L3.8082 15.1082C4.34987 15.2332 4.76654 15.6499 4.89154 16.1916L5.1832 17.4166C5.2082 17.5249 5.29154 17.5582 5.34154 17.5749C5.39154 17.5832 5.47487 17.5916 5.54987 17.5082L8.74154 13.8332C7.32487 13.5582 6.02487 12.7999 5.07487 11.6916ZM11.2582 13.8249L14.4499 17.4916C14.5249 17.5832 14.6165 17.5832 14.6665 17.5665C14.7165 17.5582 14.7915 17.5166 14.8249 17.4082L15.1165 16.1832C15.2415 15.6416 15.6582 15.2249 16.1999 15.0999L17.5749 14.7749C17.6749 14.7499 17.7165 14.6749 17.7249 14.6332C17.7415 14.5916 17.7499 14.4999 17.6749 14.4249L14.9332 11.6832C13.9749 12.7916 12.6832 13.5499 11.2582 13.8249Z\" fill=\"#F37F1F\"><\/path><path d=\"M11.5751 10.7416C11.3584 10.7416 11.1001 10.6833 10.7918 10.5L10.0001 10.025L9.20843 10.4916C8.48343 10.925 8.00843 10.675 7.83343 10.55C7.65843 10.425 7.28343 10.05 7.4751 9.22497L7.6751 8.36663L7.00843 7.74995C6.64176 7.38328 6.50843 6.94163 6.63343 6.54163C6.75843 6.14163 7.1251 5.85829 7.64176 5.77495L8.53343 5.62496L8.95843 4.69163C9.2001 4.21663 9.5751 3.94995 10.0001 3.94995C10.4251 3.94995 10.8084 4.22497 11.0418 4.69997L11.5334 5.6833L12.3584 5.78329C12.8668 5.86663 13.2334 6.14995 13.3668 6.54995C13.4918 6.94995 13.3584 7.39162 12.9918 7.75829L12.3001 8.44997L12.5168 9.22497C12.7084 10.05 12.3334 10.425 12.1584 10.55C12.0668 10.625 11.8668 10.7416 11.5751 10.7416ZM8.00843 6.99164L8.58343 7.56661C8.8501 7.83328 8.98343 8.2833 8.9001 8.64996L8.74176 9.31662L9.40843 8.92495C9.76676 8.71662 10.2501 8.71662 10.6001 8.92495L11.2668 9.31662L11.1168 8.64996C11.0334 8.27496 11.1584 7.83328 11.4251 7.56661L12.0001 6.99164L11.2751 6.86662C10.9251 6.80828 10.5751 6.54997 10.4168 6.2333L10.0001 5.41663L9.58343 6.24996C9.43343 6.55829 9.08343 6.82497 8.73343 6.8833L8.00843 6.99164Z\" fill=\"#F37F1F\"><\/path><\/svg>\t\t\t<\/div>\n\t\t<\/div>\n\t\t\t\t\t\t<\/div>\n\t\t\t\t<\/div>\n\t\t\t\t<div class=\"elementor-element elementor-element-d8e41cf elementor-widget elementor-widget-heading\" data-id=\"d8e41cf\" data-element_type=\"widget\" data-e-type=\"widget\" data-widget_type=\"heading.default\">\n\t\t\t\t<div class=\"elementor-widget-container\">\n\t\t\t\t\t<div class=\"elementor-heading-title elementor-size-default\">02<\/div>\t\t\t\t<\/div>\n\t\t\t\t<\/div>\n\t\t\t\t<\/div>\n\t\t<div class=\"elementor-element elementor-element-d2c03e2 e-con-full e-flex e-con e-child\" data-id=\"d2c03e2\" data-element_type=\"container\" data-e-type=\"container\">\n\t\t\t\t<div class=\"elementor-element elementor-element-d97fc5a elementor-widget elementor-widget-heading\" data-id=\"d97fc5a\" data-element_type=\"widget\" data-e-type=\"widget\" data-widget_type=\"heading.default\">\n\t\t\t\t<div class=\"elementor-widget-container\">\n\t\t\t\t\t<h5 class=\"elementor-heading-title elementor-size-default\">Seja um volunt\u00e1rio<\/h5>\t\t\t\t<\/div>\n\t\t\t\t<\/div>\n\t\t\t\t<div class=\"jet-popup-target elementor-element elementor-element-7d135ce elementor-align-left elementor-widget elementor-widget-button\" data-jet-popup=\"{&quot;attached-popup&quot;:&quot;jet-popup-116631&quot;,&quot;trigger-type&quot;:&quot;click-self&quot;,&quot;trigger-custom-selector&quot;:&quot;&quot;}\" data-id=\"7d135ce\" data-element_type=\"widget\" data-e-type=\"widget\" data-widget_type=\"button.default\">\n\t\t\t\t<div class=\"elementor-widget-container\">\n\t\t\t\t\t\t\t\t\t<div class=\"elementor-button-wrapper\">\n\t\t\t\t\t<a class=\"elementor-button elementor-button-link elementor-size-sm\" href=\"#\">\n\t\t\t\t\t\t<span class=\"elementor-button-content-wrapper\">\n\t\t\t\t\t\t\t\t\t<span class=\"elementor-button-text\">Inscreva-se<\/span>\n\t\t\t\t\t<\/span>\n\t\t\t\t\t<\/a>\n\t\t\t\t<\/div>\n\t\t\t\t\t\t\t\t<\/div>\n\t\t\t\t<\/div>\n\t\t\t\t<\/div>\n\t\t\t\t<\/div>\n\t\t<div class=\"elementor-element elementor-element-444ccb6 e-con-full e-flex e-con e-child\" data-id=\"444ccb6\" data-element_type=\"container\" data-e-type=\"container\" data-settings=\"{&quot;background_background&quot;:&quot;classic&quot;}\">\n\t\t<div class=\"elementor-element elementor-element-99961cd e-con-full e-flex e-con e-child\" data-id=\"99961cd\" data-element_type=\"container\" data-e-type=\"container\">\n\t\t\t\t<div class=\"elementor-element elementor-element-3ae1e1c elementor-view-default elementor-widget elementor-widget-icon\" data-id=\"3ae1e1c\" data-element_type=\"widget\" data-e-type=\"widget\" data-widget_type=\"icon.default\">\n\t\t\t\t<div class=\"elementor-widget-container\">\n\t\t\t\t\t\t\t<div class=\"elementor-icon-wrapper\">\n\t\t\t<div class=\"elementor-icon\">\n\t\t\t<svg xmlns=\"http:\/\/www.w3.org\/2000\/svg\" width=\"120\" height=\"120\" viewBox=\"0 0 120 120\" fill=\"none\"><path d=\"M79.9999 113.75H39.9999C16.8999 113.75 12.5999 103 11.4999 92.55L7.74992 52.5C7.19992 47.25 7.04992 39.5 12.2499 33.7C16.7499 28.7 24.1999 26.3 34.9999 26.3H84.9999C95.8499 26.3 103.3 28.75 107.75 33.7C112.95 39.5 112.8 47.25 112.25 52.55L108.5 92.5C107.4 103 103.1 113.75 79.9999 113.75ZM34.9999 33.75C26.5499 33.75 20.7499 35.4 17.7999 38.7C15.3499 41.4 14.5499 45.55 15.1999 51.75L18.9499 91.8C19.7999 99.7 21.9499 106.25 39.9999 106.25H79.9999C97.9999 106.25 100.2 99.7 101.05 91.75L104.8 51.8C105.45 45.55 104.65 41.4 102.2 38.7C99.2499 35.4 93.4499 33.75 84.9999 33.75H34.9999Z\" fill=\"#21438E\"><\/path><path d=\"M80 33.75C77.95 33.75 76.25 32.05 76.25 30V26C76.25 17.1 76.25 13.75 64 13.75H56C43.75 13.75 43.75 17.1 43.75 26V30C43.75 32.05 42.05 33.75 40 33.75C37.95 33.75 36.25 32.05 36.25 30V26C36.25 17.2 36.25 6.25 56 6.25H64C83.75 6.25 83.75 17.2 83.75 26V30C83.75 32.05 82.05 33.75 80 33.75Z\" fill=\"#21438E\"><\/path><path d=\"M60 83.75C46.25 83.75 46.25 75.25 46.25 70.15V65C46.25 57.95 47.95 56.25 55 56.25H65C72.05 56.25 73.75 57.95 73.75 65V70C73.75 75.2 73.75 83.75 60 83.75ZM53.75 63.75C53.75 64.15 53.75 64.6 53.75 65V70.15C53.75 75.3 53.75 76.25 60 76.25C66.25 76.25 66.25 75.45 66.25 70.1V65C66.25 64.6 66.25 64.15 66.25 63.75C65.85 63.75 65.4 63.75 65 63.75H55C54.6 63.75 54.15 63.75 53.75 63.75Z\" fill=\"#21438E\"><\/path><path d=\"M70 73.85C68.15 73.85 66.5 72.45 66.3 70.55C66.05 68.5 67.5 66.6 69.55 66.35C82.75 64.7 95.4 59.7 106.05 51.95C107.7 50.7 110.05 51.1 111.3 52.8C112.5 54.45 112.15 56.8 110.45 58.05C98.75 66.55 84.95 72 70.45 73.85C70.3 73.85 70.15 73.85 70 73.85Z\" fill=\"#21438E\"><\/path><path d=\"M50 73.9C49.85 73.9 49.7 73.9 49.5499 73.9C35.85 72.35 22.5 67.35 10.95 59.45C9.24995 58.3 8.79995 55.95 9.94995 54.25C11.1 52.55 13.45 52.1 15.15 53.25C25.7 60.45 37.85 65 50.35 66.45C52.4 66.7 53.9 68.55 53.6499 70.6C53.5 72.5 51.9 73.9 50 73.9Z\" fill=\"#21438E\"><\/path><\/svg>\t\t\t<\/div>\n\t\t<\/div>\n\t\t\t\t\t\t<\/div>\n\t\t\t\t<\/div>\n\t\t\t\t<div class=\"elementor-element elementor-element-3d0a753 elementor-widget elementor-widget-heading\" data-id=\"3d0a753\" data-element_type=\"widget\" data-e-type=\"widget\" data-widget_type=\"heading.default\">\n\t\t\t\t<div class=\"elementor-widget-container\">\n\t\t\t\t\t<div class=\"elementor-heading-title elementor-size-default\">03<\/div>\t\t\t\t<\/div>\n\t\t\t\t<\/div>\n\t\t\t\t<\/div>\n\t\t<div class=\"elementor-element elementor-element-44829a8 e-con-full e-flex e-con e-child\" data-id=\"44829a8\" data-element_type=\"container\" data-e-type=\"container\">\n\t\t\t\t<div class=\"elementor-element elementor-element-e34b8cd elementor-widget elementor-widget-heading\" data-id=\"e34b8cd\" data-element_type=\"widget\" data-e-type=\"widget\" data-widget_type=\"heading.default\">\n\t\t\t\t<div class=\"elementor-widget-container\">\n\t\t\t\t\t<h5 class=\"elementor-heading-title elementor-size-default\">Seja um Parceiro<\/h5>\t\t\t\t<\/div>\n\t\t\t\t<\/div>\n\t\t\t\t<div class=\"jet-popup-target elementor-element elementor-element-98ea31a elementor-align-left elementor-widget elementor-widget-button\" data-jet-popup=\"{&quot;attached-popup&quot;:&quot;jet-popup-116636&quot;,&quot;trigger-type&quot;:&quot;click-self&quot;,&quot;trigger-custom-selector&quot;:&quot;&quot;}\" data-id=\"98ea31a\" data-element_type=\"widget\" data-e-type=\"widget\" data-widget_type=\"button.default\">\n\t\t\t\t<div class=\"elementor-widget-container\">\n\t\t\t\t\t\t\t\t\t<div class=\"elementor-button-wrapper\">\n\t\t\t\t\t<a class=\"elementor-button elementor-button-link elementor-size-sm\" href=\"#\">\n\t\t\t\t\t\t<span class=\"elementor-button-content-wrapper\">\n\t\t\t\t\t\t\t\t\t<span class=\"elementor-button-text\">Contato<\/span>\n\t\t\t\t\t<\/span>\n\t\t\t\t\t<\/a>\n\t\t\t\t<\/div>\n\t\t\t\t\t\t\t\t<\/div>\n\t\t\t\t<\/div>\n\t\t\t\t<\/div>\n\t\t\t\t<\/div>\n\t\t\t\t\t<\/div>\n\t\t\t\t<\/section>\n\t\t\t\t<\/div>\n\t\t","protected":false},"excerpt":{"rendered":"<p>Home 01 Fazer doa\u00e7\u00e3o Doar 02 Seja um volunt\u00e1rio Inscreva-se 03 Seja um Parceiro Contato<\/p>\n","protected":false},"author":30,"featured_media":0,"parent":0,"menu_order":0,"comment_status":"closed","ping_status":"closed","template":"","meta":{"footnotes":""},"class_list":["post-113776","page","type-page","status-publish","hentry"],"yoast_head":"<!-- This site is optimized with the Yoast SEO plugin v27.3 - https:\/\/yoast.com\/product\/yoast-seo-wordpress\/ -->\n<title>Colabore - Obra Social Santa Clara<\/title>\n<meta name=\"robots\" content=\"index, follow, max-snippet:-1, max-image-preview:large, max-video-preview:-1\" \/>\n<link rel=\"canonical\" href=\"https:\/\/salesianossp.org.br\/oscamposdojordao\/colabore\/\" \/>\n<meta property=\"og:locale\" content=\"pt_BR\" \/>\n<meta property=\"og:type\" content=\"article\" \/>\n<meta property=\"og:title\" content=\"Colabore - Obra Social Santa Clara\" \/>\n<meta property=\"og:description\" content=\"Home 01 Fazer doa\u00e7\u00e3o Doar 02 Seja um volunt\u00e1rio Inscreva-se 03 Seja um Parceiro Contato\" \/>\n<meta property=\"og:url\" content=\"https:\/\/salesianossp.org.br\/oscamposdojordao\/colabore\/\" \/>\n<meta property=\"og:site_name\" content=\"Obra Social Santa Clara\" \/>\n<meta property=\"article:modified_time\" content=\"2025-10-03T06:13:46+00:00\" \/>\n<meta name=\"twitter:card\" content=\"summary_large_image\" \/>\n<script type=\"application\/ld+json\" class=\"yoast-schema-graph\">{\"@context\":\"https:\\\/\\\/schema.org\",\"@graph\":[{\"@type\":\"WebPage\",\"@id\":\"https:\\\/\\\/salesianossp.org.br\\\/oscamposdojordao\\\/colabore\\\/\",\"url\":\"https:\\\/\\\/salesianossp.org.br\\\/oscamposdojordao\\\/colabore\\\/\",\"name\":\"Colabore - Obra Social Santa Clara\",\"isPartOf\":{\"@id\":\"https:\\\/\\\/salesianossp.org.br\\\/oscamposdojordao\\\/#website\"},\"datePublished\":\"2025-01-13T04:43:24+00:00\",\"dateModified\":\"2025-10-03T06:13:46+00:00\",\"breadcrumb\":{\"@id\":\"https:\\\/\\\/salesianossp.org.br\\\/oscamposdojordao\\\/colabore\\\/#breadcrumb\"},\"inLanguage\":\"pt-BR\",\"potentialAction\":[{\"@type\":\"ReadAction\",\"target\":[\"https:\\\/\\\/salesianossp.org.br\\\/oscamposdojordao\\\/colabore\\\/\"]}]},{\"@type\":\"BreadcrumbList\",\"@id\":\"https:\\\/\\\/salesianossp.org.br\\\/oscamposdojordao\\\/colabore\\\/#breadcrumb\",\"itemListElement\":[{\"@type\":\"ListItem\",\"position\":1,\"name\":\"In\u00edcio\",\"item\":\"https:\\\/\\\/salesianossp.org.br\\\/oscamposdojordao\\\/\"},{\"@type\":\"ListItem\",\"position\":2,\"name\":\"Colabore\"}]},{\"@type\":\"WebSite\",\"@id\":\"https:\\\/\\\/salesianossp.org.br\\\/oscamposdojordao\\\/#website\",\"url\":\"https:\\\/\\\/salesianossp.org.br\\\/oscamposdojordao\\\/\",\"name\":\"Obra Social Santa Clara\",\"description\":\"\",\"publisher\":{\"@id\":\"https:\\\/\\\/salesianossp.org.br\\\/oscamposdojordao\\\/#organization\"},\"potentialAction\":[{\"@type\":\"SearchAction\",\"target\":{\"@type\":\"EntryPoint\",\"urlTemplate\":\"https:\\\/\\\/salesianossp.org.br\\\/oscamposdojordao\\\/?s={search_term_string}\"},\"query-input\":{\"@type\":\"PropertyValueSpecification\",\"valueRequired\":true,\"valueName\":\"search_term_string\"}}],\"inLanguage\":\"pt-BR\"},{\"@type\":\"Organization\",\"@id\":\"https:\\\/\\\/salesianossp.org.br\\\/oscamposdojordao\\\/#organization\",\"name\":\"Obra Social Santa Clara\",\"url\":\"https:\\\/\\\/salesianossp.org.br\\\/oscamposdojordao\\\/\",\"logo\":{\"@type\":\"ImageObject\",\"inLanguage\":\"pt-BR\",\"@id\":\"https:\\\/\\\/salesianossp.org.br\\\/oscamposdojordao\\\/#\\\/schema\\\/logo\\\/image\\\/\",\"url\":\"https:\\\/\\\/salesianossp.org.br\\\/oscamposdojordao\\\/wp-content\\\/uploads\\\/2025\\\/09\\\/logotipo-obra-social-santa-clara-color-56.svg\",\"contentUrl\":\"https:\\\/\\\/salesianossp.org.br\\\/oscamposdojordao\\\/wp-content\\\/uploads\\\/2025\\\/09\\\/logotipo-obra-social-santa-clara-color-56.svg\",\"width\":227,\"height\":56,\"caption\":\"Obra Social Santa Clara\"},\"image\":{\"@id\":\"https:\\\/\\\/salesianossp.org.br\\\/oscamposdojordao\\\/#\\\/schema\\\/logo\\\/image\\\/\"}}]}<\/script>\n<!-- \/ Yoast SEO plugin. -->","yoast_head_json":{"title":"Colabore - Obra Social Santa Clara","robots":{"index":"index","follow":"follow","max-snippet":"max-snippet:-1","max-image-preview":"max-image-preview:large","max-video-preview":"max-video-preview:-1"},"canonical":"https:\/\/salesianossp.org.br\/oscamposdojordao\/colabore\/","og_locale":"pt_BR","og_type":"article","og_title":"Colabore - Obra Social Santa Clara","og_description":"Home 01 Fazer doa\u00e7\u00e3o Doar 02 Seja um volunt\u00e1rio Inscreva-se 03 Seja um Parceiro Contato","og_url":"https:\/\/salesianossp.org.br\/oscamposdojordao\/colabore\/","og_site_name":"Obra Social Santa Clara","article_modified_time":"2025-10-03T06:13:46+00:00","twitter_card":"summary_large_image","schema":{"@context":"https:\/\/schema.org","@graph":[{"@type":"WebPage","@id":"https:\/\/salesianossp.org.br\/oscamposdojordao\/colabore\/","url":"https:\/\/salesianossp.org.br\/oscamposdojordao\/colabore\/","name":"Colabore - Obra Social Santa Clara","isPartOf":{"@id":"https:\/\/salesianossp.org.br\/oscamposdojordao\/#website"},"datePublished":"2025-01-13T04:43:24+00:00","dateModified":"2025-10-03T06:13:46+00:00","breadcrumb":{"@id":"https:\/\/salesianossp.org.br\/oscamposdojordao\/colabore\/#breadcrumb"},"inLanguage":"pt-BR","potentialAction":[{"@type":"ReadAction","target":["https:\/\/salesianossp.org.br\/oscamposdojordao\/colabore\/"]}]},{"@type":"BreadcrumbList","@id":"https:\/\/salesianossp.org.br\/oscamposdojordao\/colabore\/#breadcrumb","itemListElement":[{"@type":"ListItem","position":1,"name":"In\u00edcio","item":"https:\/\/salesianossp.org.br\/oscamposdojordao\/"},{"@type":"ListItem","position":2,"name":"Colabore"}]},{"@type":"WebSite","@id":"https:\/\/salesianossp.org.br\/oscamposdojordao\/#website","url":"https:\/\/salesianossp.org.br\/oscamposdojordao\/","name":"Obra Social Santa Clara","description":"","publisher":{"@id":"https:\/\/salesianossp.org.br\/oscamposdojordao\/#organization"},"potentialAction":[{"@type":"SearchAction","target":{"@type":"EntryPoint","urlTemplate":"https:\/\/salesianossp.org.br\/oscamposdojordao\/?s={search_term_string}"},"query-input":{"@type":"PropertyValueSpecification","valueRequired":true,"valueName":"search_term_string"}}],"inLanguage":"pt-BR"},{"@type":"Organization","@id":"https:\/\/salesianossp.org.br\/oscamposdojordao\/#organization","name":"Obra Social Santa Clara","url":"https:\/\/salesianossp.org.br\/oscamposdojordao\/","logo":{"@type":"ImageObject","inLanguage":"pt-BR","@id":"https:\/\/salesianossp.org.br\/oscamposdojordao\/#\/schema\/logo\/image\/","url":"https:\/\/salesianossp.org.br\/oscamposdojordao\/wp-content\/uploads\/2025\/09\/logotipo-obra-social-santa-clara-color-56.svg","contentUrl":"https:\/\/salesianossp.org.br\/oscamposdojordao\/wp-content\/uploads\/2025\/09\/logotipo-obra-social-santa-clara-color-56.svg","width":227,"height":56,"caption":"Obra Social Santa Clara"},"image":{"@id":"https:\/\/salesianossp.org.br\/oscamposdojordao\/#\/schema\/logo\/image\/"}}]}},"_links":{"self":[{"href":"https:\/\/salesianossp.org.br\/oscamposdojordao\/wp-json\/wp\/v2\/pages\/113776","targetHints":{"allow":["GET"]}}],"collection":[{"href":"https:\/\/salesianossp.org.br\/oscamposdojordao\/wp-json\/wp\/v2\/pages"}],"about":[{"href":"https:\/\/salesianossp.org.br\/oscamposdojordao\/wp-json\/wp\/v2\/types\/page"}],"author":[{"embeddable":true,"href":"https:\/\/salesianossp.org.br\/oscamposdojordao\/wp-json\/wp\/v2\/users\/30"}],"replies":[{"embeddable":true,"href":"https:\/\/salesianossp.org.br\/oscamposdojordao\/wp-json\/wp\/v2\/comments?post=113776"}],"version-history":[{"count":66,"href":"https:\/\/salesianossp.org.br\/oscamposdojordao\/wp-json\/wp\/v2\/pages\/113776\/revisions"}],"predecessor-version":[{"id":117200,"href":"https:\/\/salesianossp.org.br\/oscamposdojordao\/wp-json\/wp\/v2\/pages\/113776\/revisions\/117200"}],"wp:attachment":[{"href":"https:\/\/salesianossp.org.br\/oscamposdojordao\/wp-json\/wp\/v2\/media?parent=113776"}],"curies":[{"name":"wp","href":"https:\/\/api.w.org\/{rel}","templated":true}]}}