{"id":113814,"date":"2025-01-14T01:03:40","date_gmt":"2025-01-14T01:03:40","guid":{"rendered":"https:\/\/salesianossp.org.br\/oscamposdojordao\/?page_id=113814"},"modified":"2025-10-03T06:08:08","modified_gmt":"2025-10-03T06:08:08","slug":"arquivos","status":"publish","type":"page","link":"https:\/\/salesianossp.org.br\/oscamposdojordao\/arquivos\/","title":{"rendered":"Arquivos"},"content":{"rendered":"\t\t<div data-elementor-type=\"wp-page\" data-elementor-id=\"113814\" class=\"elementor elementor-113814\" data-elementor-post-type=\"page\">\n\t\t\t\t<section class=\"elementor-element elementor-element-8685f86 e-con-full e-flex e-con e-parent\" data-id=\"8685f86\" data-element_type=\"container\" data-e-type=\"container\" data-settings=\"{&quot;background_background&quot;:&quot;classic&quot;}\">\n\t\t<div class=\"elementor-element elementor-element-b333e92 e-con-full e-flex e-con e-child\" data-id=\"b333e92\" data-element_type=\"container\" data-e-type=\"container\" data-settings=\"{&quot;background_background&quot;:&quot;classic&quot;}\">\n\t\t\t\t<div class=\"elementor-element elementor-element-90d2fe0 jet-breadcrumbs-align-center elementor-widget elementor-widget-jet-breadcrumbs\" data-id=\"90d2fe0\" data-element_type=\"widget\" data-e-type=\"widget\" data-widget_type=\"jet-breadcrumbs.default\">\n\t\t\t\t<div class=\"elementor-widget-container\">\n\t\t\t\t\t<div class=\"elementor-jet-breadcrumbs jet-blocks\">\n\t\t<div class=\"jet-breadcrumbs\">\n\t\t<div class=\"jet-breadcrumbs__content\">\n\t\t<div class=\"jet-breadcrumbs__wrap\"><div class=\"jet-breadcrumbs__item\"><a href=\"https:\/\/salesianossp.org.br\/oscamposdojordao\/\" class=\"jet-breadcrumbs__item-link is-home\" rel=\"home\" title=\"Home\">Home<\/a><\/div>\n\t\t<\/div>\n\t\t<\/div>\n\t\t<\/div><\/div>\t\t\t\t<\/div>\n\t\t\t\t<\/div>\n\t\t\t\t<\/div>\n\t\t\t\t<\/section>\n\t\t<section class=\"elementor-element elementor-element-88c8548 e-flex e-con-boxed e-con e-parent\" data-id=\"88c8548\" data-element_type=\"container\" data-e-type=\"container\" data-settings=\"{&quot;background_background&quot;:&quot;classic&quot;}\">\n\t\t\t\t\t<div class=\"e-con-inner\">\n\t\t<div class=\"elementor-element elementor-element-83f2609 e-con-full e-flex e-con e-child\" data-id=\"83f2609\" data-element_type=\"container\" data-e-type=\"container\">\n\t\t\t\t<div class=\"elementor-element elementor-element-427da09 elementor-widget__width-initial elementor-widget-tablet__width-initial elementor-widget elementor-widget-jet-smart-filters-search\" data-id=\"427da09\" data-element_type=\"widget\" data-e-type=\"widget\" data-widget_type=\"jet-smart-filters-search.default\">\n\t\t\t\t<div class=\"elementor-widget-container\">\n\t\t\t\t\t<div class=\"jet-smart-filters-search jet-filter\">\n<div\n\tclass=\"jet-search-filter\"\n\tdata-query-type=\"_s\" data-query-var=\"query\" data-smart-filter=\"search\" data-filter-id=\"115597\" data-apply-type=\"ajax-ontyping\" data-content-provider=\"jet-engine\" data-additional-providers=\"\" data-query-id=\"arquivos\" data-active-label=\"\" data-layout-options=\"{&quot;show_label&quot;:&quot;&quot;,&quot;display_options&quot;:[]}\" data-query-var-suffix=\"search\" data-min-letters-count=\"3\">\n\t<div class=\"jet-search-filter__input-wrapper\">\n\t\t<input\n\t\t\tclass=\"jet-search-filter__input\"\n\t\t\ttype=\"search\"\n\t\t\tautocomplete=\"off\"\n\t\t\tname=\"query\"\n\t\t\tvalue=\"\"\n\t\t\tplaceholder=\"Busca...\"\n\t\t\taria-label=\"Filtro Busca OS PVI\"\n\t\t\t\t\t>\n\t\t\t\t\t<div class=\"jet-search-filter__input-clear\">\n\t\t\t\t<svg width=\"22\" height=\"28\" viewBox=\"0 0 22 28\" xmlns=\"http:\/\/www.w3.org\/2000\/svg\">\n\t<path d=\"M20.281 20.656c0 0.391-0.156 0.781-0.438 1.062l-2.125 2.125c-0.281 0.281-0.672 0.438-1.062 0.438s-0.781-0.156-1.062-0.438l-4.594-4.594-4.594 4.594c-0.281 0.281-0.672 0.438-1.062 0.438s-0.781-0.156-1.062-0.438l-2.125-2.125c-0.281-0.281-0.438-0.672-0.438-1.062s0.156-0.781 0.438-1.062l4.594-4.594-4.594-4.594c-0.281-0.281-0.438-0.672-0.438-1.062s0.156-0.781 0.438-1.062l2.125-2.125c0.281-0.281 0.672-0.438 1.062-0.438s0.781 0.156 1.062 0.438l4.594 4.594 4.594-4.594c0.281-0.281 0.672-0.438 1.062-0.438s0.781 0.156 1.062 0.438l2.125 2.125c0.281 0.281 0.438 0.672 0.438 1.062s-0.156 0.781-0.438 1.062l-4.594 4.594 4.594 4.594c0.281 0.281 0.438 0.672 0.438 1.062z\"><\/path>\n<\/svg>\n\t\t\t<\/div>\n\t\t\t<div class=\"jet-search-filter__input-loading\"><\/div>\n\t\t\t<\/div>\n\n\t<\/div>\n<\/div>\t\t\t\t<\/div>\n\t\t\t\t<\/div>\n\t\t\t\t<div class=\"elementor-element elementor-element-6706c14 elementor-view-default elementor-widget elementor-widget-icon\" data-id=\"6706c14\" data-element_type=\"widget\" data-e-type=\"widget\" data-widget_type=\"icon.default\">\n\t\t\t\t<div class=\"elementor-widget-container\">\n\t\t\t\t\t\t\t<div class=\"elementor-icon-wrapper\">\n\t\t\t<div class=\"elementor-icon\">\n\t\t\t<svg xmlns=\"http:\/\/www.w3.org\/2000\/svg\" width=\"52\" height=\"52\" viewBox=\"0 0 52 52\" fill=\"none\"><rect width=\"52\" height=\"52\" rx=\"26\" fill=\"#E63827\"><\/rect><path fill-rule=\"evenodd\" clip-rule=\"evenodd\" d=\"M32.0858 31.2267C35.6839 28.0984 36.6541 22.8258 34.1493 18.7202C31.346 14.1252 25.2514 12.7319 20.5367 15.6083C15.822 18.4847 14.2726 24.5414 17.0759 29.1364C19.7021 33.441 25.2166 34.9358 29.7792 32.7428L31.6151 35.752C32.0119 36.4023 32.8607 36.6079 33.511 36.2112C34.1613 35.8144 34.3668 34.9656 33.9701 34.3153L32.0858 31.2267ZM29.3095 29.988C25.8757 32.0829 21.4368 31.0682 19.3951 27.7215C17.3533 24.3748 18.4819 19.9635 21.9157 17.8686C25.3495 15.7737 29.7884 16.7884 31.8301 20.1351C33.8719 23.4818 32.7434 27.893 29.3095 29.988Z\" fill=\"#FEFAF1\"><\/path><\/svg>\t\t\t<\/div>\n\t\t<\/div>\n\t\t\t\t\t\t<\/div>\n\t\t\t\t<\/div>\n\t\t\t\t<\/div>\n\t\t\t\t<div class=\"elementor-element elementor-element-019f44f elementor-widget elementor-widget-jet-listing-grid\" data-id=\"019f44f\" data-element_type=\"widget\" data-e-type=\"widget\" id=\"docissp\" data-settings=\"{&quot;columns&quot;:&quot;4&quot;,&quot;columns_tablet&quot;:&quot;2&quot;,&quot;columns_mobile&quot;:&quot;1&quot;}\" data-widget_type=\"jet-listing-grid.default\">\n\t\t\t\t<div class=\"elementor-widget-container\">\n\t\t\t\t\t<div class=\"jet-listing-grid jet-listing\"><div class=\"jet-listing-grid__items grid-col-desk-4 grid-col-tablet-2 grid-col-mobile-1 jet-listing-grid--113903 jet-equal-columns__wrapper grid-collapse-gap\" data-queried-id=\"113814|WP_Post\" data-cct-slug=\"arquivos_gerais\" data-nav=\"{&quot;enabled&quot;:false,&quot;type&quot;:null,&quot;more_el&quot;:null,&quot;query&quot;:[],&quot;widget_settings&quot;:{&quot;lisitng_id&quot;:113903,&quot;posts_num&quot;:12,&quot;columns&quot;:4,&quot;columns_tablet&quot;:2,&quot;columns_mobile&quot;:1,&quot;column_min_width&quot;:240,&quot;column_min_width_tablet&quot;:240,&quot;column_min_width_mobile&quot;:240,&quot;inline_columns_css&quot;:false,&quot;is_archive_template&quot;:&quot;&quot;,&quot;post_status&quot;:[&quot;publish&quot;],&quot;use_random_posts_num&quot;:&quot;&quot;,&quot;max_posts_num&quot;:9,&quot;not_found_message&quot;:&quot;Nenhum arquivo encontrado...&quot;,&quot;is_masonry&quot;:false,&quot;equal_columns_height&quot;:&quot;yes&quot;,&quot;use_load_more&quot;:&quot;&quot;,&quot;load_more_id&quot;:&quot;&quot;,&quot;load_more_type&quot;:&quot;click&quot;,&quot;load_more_offset&quot;:{&quot;unit&quot;:&quot;px&quot;,&quot;size&quot;:0,&quot;sizes&quot;:[]},&quot;use_custom_post_types&quot;:&quot;&quot;,&quot;custom_post_types&quot;:[],&quot;hide_widget_if&quot;:&quot;&quot;,&quot;carousel_enabled&quot;:&quot;&quot;,&quot;slides_to_scroll&quot;:&quot;1&quot;,&quot;arrows&quot;:&quot;true&quot;,&quot;arrow_icon&quot;:&quot;fa fa-angle-left&quot;,&quot;dots&quot;:&quot;&quot;,&quot;autoplay&quot;:&quot;true&quot;,&quot;pause_on_hover&quot;:&quot;true&quot;,&quot;autoplay_speed&quot;:5000,&quot;infinite&quot;:&quot;true&quot;,&quot;center_mode&quot;:&quot;&quot;,&quot;effect&quot;:&quot;slide&quot;,&quot;speed&quot;:500,&quot;inject_alternative_items&quot;:&quot;&quot;,&quot;injection_items&quot;:[],&quot;scroll_slider_enabled&quot;:&quot;&quot;,&quot;scroll_slider_on&quot;:[&quot;desktop&quot;,&quot;tablet&quot;,&quot;mobile&quot;],&quot;custom_query&quot;:false,&quot;custom_query_id&quot;:&quot;&quot;,&quot;_element_id&quot;:&quot;docissp&quot;,&quot;collapse_first_last_gap&quot;:&quot;true&quot;,&quot;list_tag_selection&quot;:&quot;&quot;,&quot;list_items_wrapper_tag&quot;:&quot;div&quot;,&quot;list_item_tag&quot;:&quot;div&quot;,&quot;empty_items_wrapper_tag&quot;:&quot;div&quot;}}\" data-page=\"1\" data-pages=\"1\" data-listing-source=\"custom_content_type\" data-listing-id=\"113903\" data-query-id=\"\"><div class=\"jet-listing-grid__item jet-listing-dynamic-post-18 jet-equal-columns\" data-post-id=\"18\"  >\t\t<div data-elementor-type=\"jet-listing-items\" data-elementor-id=\"113903\" class=\"elementor elementor-113903\" data-elementor-post-type=\"jet-engine\">\n\t\t\t\t<div class=\"elementor-element elementor-element-c1eb66a e-con-full e-flex e-con e-parent\" data-id=\"c1eb66a\" data-element_type=\"container\" data-e-type=\"container\" data-settings=\"{&quot;background_background&quot;:&quot;classic&quot;}\">\n\t\t<div class=\"elementor-element elementor-element-736708f e-con-full e-flex e-con e-child\" data-id=\"736708f\" data-element_type=\"container\" data-e-type=\"container\">\n\t\t<div class=\"elementor-element elementor-element-483dc9f e-con-full e-flex e-con e-child\" data-id=\"483dc9f\" data-element_type=\"container\" data-e-type=\"container\">\n\t\t\t\t<div class=\"elementor-element elementor-element-ccf899c jedv-enabled--yes elementor-widget elementor-widget-image\" data-id=\"ccf899c\" data-element_type=\"widget\" data-e-type=\"widget\" data-widget_type=\"image.default\">\n\t\t\t\t<div class=\"elementor-widget-container\">\n\t\t\t\t\t\t\t\t\t\t\t\t\t\t\t<img decoding=\"async\" width=\"48\" height=\"48\" src=\"https:\/\/salesianossp.org.br\/oscamposdojordao\/wp-content\/uploads\/2025\/01\/icon-line-grey-300-document-text.svg\" class=\"attachment-full size-full wp-image-115644\" alt=\"\" \/>\t\t\t\t\t\t\t\t\t\t\t\t\t\t\t<\/div>\n\t\t\t\t<\/div>\n\t\t\t\t<div class=\"elementor-element elementor-element-1a182ef elementor-widget elementor-widget-button\" data-id=\"1a182ef\" data-element_type=\"widget\" data-e-type=\"widget\" data-widget_type=\"button.default\">\n\t\t\t\t<div class=\"elementor-widget-container\">\n\t\t\t\t\t\t\t\t\t<div class=\"elementor-button-wrapper\">\n\t\t\t\t\t<a class=\"elementor-button elementor-size-sm\" role=\"button\">\n\t\t\t\t\t\t<span class=\"elementor-button-content-wrapper\">\n\t\t\t\t\t\t\t\t\t<span class=\"elementor-button-text\">Documento<\/span>\n\t\t\t\t\t<\/span>\n\t\t\t\t\t<\/a>\n\t\t\t\t<\/div>\n\t\t\t\t\t\t\t\t<\/div>\n\t\t\t\t<\/div>\n\t\t\t\t<\/div>\n\t\t<div class=\"elementor-element elementor-element-b2baefb e-con-full e-flex e-con e-child\" data-id=\"b2baefb\" data-element_type=\"container\" data-e-type=\"container\">\n\t\t\t\t<div class=\"elementor-element elementor-element-a031112 elementor-widget elementor-widget-heading\" data-id=\"a031112\" data-element_type=\"widget\" data-e-type=\"widget\" data-widget_type=\"heading.default\">\n\t\t\t\t<div class=\"elementor-widget-container\">\n\t\t\t\t\t<h3 class=\"elementor-heading-title elementor-size-default\">Preven\u00e7\u00e3o e prote\u00e7\u00e3o de crian\u00e7as, adolescentes e vulner\u00e1veis. Normas e Procedimentos.<\/h3>\t\t\t\t<\/div>\n\t\t\t\t<\/div>\n\t\t\t\t<\/div>\n\t\t\t\t<\/div>\n\t\t<div class=\"elementor-element elementor-element-e007a53 e-con-full e-flex e-con e-child\" data-id=\"e007a53\" data-element_type=\"container\" data-e-type=\"container\">\n\t\t\t\t<div class=\"elementor-element elementor-element-a9e88a2 cta3 jedv-enabled--yes elementor-widget elementor-widget-button\" data-id=\"a9e88a2\" data-element_type=\"widget\" data-e-type=\"widget\" data-widget_type=\"button.default\">\n\t\t\t\t<div class=\"elementor-widget-container\">\n\t\t\t\t\t\t\t\t\t<div class=\"elementor-button-wrapper\">\n\t\t\t\t\t<a class=\"elementor-button elementor-button-link elementor-size-sm\" href=\"https:\/\/drive.google.com\/file\/d\/1henNElMZXtdRi9GVPDQT3eXoTSkKmMwN\/view\">\n\t\t\t\t\t\t<span class=\"elementor-button-content-wrapper\">\n\t\t\t\t\t\t<span class=\"elementor-button-icon\">\n\t\t\t\t<svg xmlns=\"http:\/\/www.w3.org\/2000\/svg\" width=\"24\" height=\"24\" viewBox=\"0 0 24 24\" fill=\"none\"><path d=\"M11.88 14.99C11.69 14.99 11.5 14.92 11.35 14.77L8.79001 12.21C8.50001 11.92 8.50001 11.44 8.79001 11.15C9.08001 10.86 9.56001 10.86 9.85001 11.15L11.88 13.18L13.91 11.15C14.2 10.86 14.68 10.86 14.97 11.15C15.26 11.44 15.26 11.92 14.97 12.21L12.41 14.77C12.26 14.92 12.07 14.99 11.88 14.99Z\" fill=\"#FEFAF1\"><\/path><path d=\"M11.88 14.92C11.47 14.92 11.13 14.58 11.13 14.17V4C11.13 3.59 11.47 3.25 11.88 3.25C12.29 3.25 12.63 3.59 12.63 4V14.17C12.63 14.58 12.29 14.92 11.88 14.92Z\" fill=\"#FEFAF1\"><\/path><path d=\"M12 20.9301C6.85 20.9301 3.25 17.3301 3.25 12.1801C3.25 11.7701 3.59 11.4301 4 11.4301C4.41 11.4301 4.75 11.7701 4.75 12.1801C4.75 16.4501 7.73 19.4301 12 19.4301C16.27 19.4301 19.25 16.4501 19.25 12.1801C19.25 11.7701 19.59 11.4301 20 11.4301C20.41 11.4301 20.75 11.7701 20.75 12.1801C20.75 17.3301 17.15 20.9301 12 20.9301Z\" fill=\"#FEFAF1\"><\/path><\/svg>\t\t\t<\/span>\n\t\t\t\t\t\t\t\t\t<span class=\"elementor-button-text\">Baixar<\/span>\n\t\t\t\t\t<\/span>\n\t\t\t\t\t<\/a>\n\t\t\t\t<\/div>\n\t\t\t\t\t\t\t\t<\/div>\n\t\t\t\t<\/div>\n\t\t\t\t<\/div>\n\t\t\t\t<\/div>\n\t\t\t\t<\/div>\n\t\t<\/div><div class=\"jet-listing-grid__item jet-listing-dynamic-post-19 jet-equal-columns\" data-post-id=\"19\"  >\t\t<div data-elementor-type=\"jet-listing-items\" data-elementor-id=\"113903\" class=\"elementor elementor-113903\" data-elementor-post-type=\"jet-engine\">\n\t\t\t\t<div class=\"elementor-element elementor-element-c1eb66a e-con-full e-flex e-con e-parent\" data-id=\"c1eb66a\" data-element_type=\"container\" data-e-type=\"container\" data-settings=\"{&quot;background_background&quot;:&quot;classic&quot;}\">\n\t\t<div class=\"elementor-element elementor-element-736708f e-con-full e-flex e-con e-child\" data-id=\"736708f\" data-element_type=\"container\" data-e-type=\"container\">\n\t\t<div class=\"elementor-element elementor-element-483dc9f e-con-full e-flex e-con e-child\" data-id=\"483dc9f\" data-element_type=\"container\" data-e-type=\"container\">\n\t\t\t\t<div class=\"elementor-element elementor-element-ccf899c jedv-enabled--yes elementor-widget elementor-widget-image\" data-id=\"ccf899c\" data-element_type=\"widget\" data-e-type=\"widget\" data-widget_type=\"image.default\">\n\t\t\t\t<div class=\"elementor-widget-container\">\n\t\t\t\t\t\t\t\t\t\t\t\t\t\t\t<img decoding=\"async\" width=\"48\" height=\"48\" src=\"https:\/\/salesianossp.org.br\/oscamposdojordao\/wp-content\/uploads\/2025\/01\/icon-line-grey-300-document-text.svg\" class=\"attachment-full size-full wp-image-115644\" alt=\"\" \/>\t\t\t\t\t\t\t\t\t\t\t\t\t\t\t<\/div>\n\t\t\t\t<\/div>\n\t\t\t\t<div class=\"elementor-element elementor-element-1a182ef elementor-widget elementor-widget-button\" data-id=\"1a182ef\" data-element_type=\"widget\" data-e-type=\"widget\" data-widget_type=\"button.default\">\n\t\t\t\t<div class=\"elementor-widget-container\">\n\t\t\t\t\t\t\t\t\t<div class=\"elementor-button-wrapper\">\n\t\t\t\t\t<a class=\"elementor-button elementor-size-sm\" role=\"button\">\n\t\t\t\t\t\t<span class=\"elementor-button-content-wrapper\">\n\t\t\t\t\t\t\t\t\t<span class=\"elementor-button-text\">Documento<\/span>\n\t\t\t\t\t<\/span>\n\t\t\t\t\t<\/a>\n\t\t\t\t<\/div>\n\t\t\t\t\t\t\t\t<\/div>\n\t\t\t\t<\/div>\n\t\t\t\t<\/div>\n\t\t<div class=\"elementor-element elementor-element-b2baefb e-con-full e-flex e-con e-child\" data-id=\"b2baefb\" data-element_type=\"container\" data-e-type=\"container\">\n\t\t\t\t<div class=\"elementor-element elementor-element-a031112 elementor-widget elementor-widget-heading\" data-id=\"a031112\" data-element_type=\"widget\" data-e-type=\"widget\" data-widget_type=\"heading.default\">\n\t\t\t\t<div class=\"elementor-widget-container\">\n\t\t\t\t\t<h3 class=\"elementor-heading-title elementor-size-default\">Relat\u00f3rio Social 2024<\/h3>\t\t\t\t<\/div>\n\t\t\t\t<\/div>\n\t\t\t\t<\/div>\n\t\t\t\t<\/div>\n\t\t<div class=\"elementor-element elementor-element-e007a53 e-con-full e-flex e-con e-child\" data-id=\"e007a53\" data-element_type=\"container\" data-e-type=\"container\">\n\t\t\t\t<div class=\"elementor-element elementor-element-a9e88a2 cta3 jedv-enabled--yes elementor-widget elementor-widget-button\" data-id=\"a9e88a2\" data-element_type=\"widget\" data-e-type=\"widget\" data-widget_type=\"button.default\">\n\t\t\t\t<div class=\"elementor-widget-container\">\n\t\t\t\t\t\t\t\t\t<div class=\"elementor-button-wrapper\">\n\t\t\t\t\t<a class=\"elementor-button elementor-button-link elementor-size-sm\" href=\"https:\/\/drive.google.com\/file\/d\/1Qc-ZRMeAamGr3S8IZM5yEdsbneDqZxG6\/view?usp=drive_link\">\n\t\t\t\t\t\t<span class=\"elementor-button-content-wrapper\">\n\t\t\t\t\t\t<span class=\"elementor-button-icon\">\n\t\t\t\t<svg xmlns=\"http:\/\/www.w3.org\/2000\/svg\" width=\"24\" height=\"24\" viewBox=\"0 0 24 24\" fill=\"none\"><path d=\"M11.88 14.99C11.69 14.99 11.5 14.92 11.35 14.77L8.79001 12.21C8.50001 11.92 8.50001 11.44 8.79001 11.15C9.08001 10.86 9.56001 10.86 9.85001 11.15L11.88 13.18L13.91 11.15C14.2 10.86 14.68 10.86 14.97 11.15C15.26 11.44 15.26 11.92 14.97 12.21L12.41 14.77C12.26 14.92 12.07 14.99 11.88 14.99Z\" fill=\"#FEFAF1\"><\/path><path d=\"M11.88 14.92C11.47 14.92 11.13 14.58 11.13 14.17V4C11.13 3.59 11.47 3.25 11.88 3.25C12.29 3.25 12.63 3.59 12.63 4V14.17C12.63 14.58 12.29 14.92 11.88 14.92Z\" fill=\"#FEFAF1\"><\/path><path d=\"M12 20.9301C6.85 20.9301 3.25 17.3301 3.25 12.1801C3.25 11.7701 3.59 11.4301 4 11.4301C4.41 11.4301 4.75 11.7701 4.75 12.1801C4.75 16.4501 7.73 19.4301 12 19.4301C16.27 19.4301 19.25 16.4501 19.25 12.1801C19.25 11.7701 19.59 11.4301 20 11.4301C20.41 11.4301 20.75 11.7701 20.75 12.1801C20.75 17.3301 17.15 20.9301 12 20.9301Z\" fill=\"#FEFAF1\"><\/path><\/svg>\t\t\t<\/span>\n\t\t\t\t\t\t\t\t\t<span class=\"elementor-button-text\">Baixar<\/span>\n\t\t\t\t\t<\/span>\n\t\t\t\t\t<\/a>\n\t\t\t\t<\/div>\n\t\t\t\t\t\t\t\t<\/div>\n\t\t\t\t<\/div>\n\t\t\t\t<\/div>\n\t\t\t\t<\/div>\n\t\t\t\t<\/div>\n\t\t<\/div><\/div><\/div>\t\t\t\t<\/div>\n\t\t\t\t<\/div>\n\t\t\t\t<div class=\"elementor-element elementor-element-b96a9df elementor-widget elementor-widget-jet-smart-filters-pagination\" data-id=\"b96a9df\" data-element_type=\"widget\" data-e-type=\"widget\" data-widget_type=\"jet-smart-filters-pagination.default\">\n\t\t\t\t<div class=\"elementor-widget-container\">\n\t\t\t\t\t<div\n\t\t\t\tclass=\"jet-smart-filters-pagination jet-filter\"\n\t\t\t\tdata-apply-provider=\"jet-engine\"\n\t\t\t\tdata-content-provider=\"jet-engine\"\n\t\t\t\tdata-query-id=\"docissp\"\n\t\t\t\tdata-controls=\"{&quot;items_enabled&quot;:true,&quot;pages_mid_size&quot;:4,&quot;pages_end_size&quot;:0,&quot;nav_enabled&quot;:false,&quot;load_more_enabled&quot;:false,&quot;provider_top_offset&quot;:100}\"\n\t\t\t\tdata-apply-type=\"ajax\"\n\t\t\t><\/div>\t\t\t\t<\/div>\n\t\t\t\t<\/div>\n\t\t\t\t\t<\/div>\n\t\t\t\t<\/section>\n\t\t\t\t<\/div>\n\t\t","protected":false},"excerpt":{"rendered":"<p>Home<\/p>\n","protected":false},"author":30,"featured_media":0,"parent":0,"menu_order":0,"comment_status":"closed","ping_status":"closed","template":"","meta":{"footnotes":""},"class_list":["post-113814","page","type-page","status-publish","hentry"],"yoast_head":"<!-- This site is optimized with the Yoast SEO plugin v27.3 - https:\/\/yoast.com\/product\/yoast-seo-wordpress\/ -->\n<title>Arquivos - Obra Social Santa Clara<\/title>\n<meta name=\"robots\" content=\"index, follow, max-snippet:-1, max-image-preview:large, max-video-preview:-1\" \/>\n<link rel=\"canonical\" href=\"https:\/\/salesianossp.org.br\/oscamposdojordao\/arquivos\/\" \/>\n<meta property=\"og:locale\" content=\"pt_BR\" \/>\n<meta property=\"og:type\" content=\"article\" \/>\n<meta property=\"og:title\" content=\"Arquivos - Obra Social Santa Clara\" \/>\n<meta property=\"og:description\" content=\"Home\" \/>\n<meta property=\"og:url\" content=\"https:\/\/salesianossp.org.br\/oscamposdojordao\/arquivos\/\" \/>\n<meta property=\"og:site_name\" content=\"Obra Social Santa Clara\" \/>\n<meta property=\"article:modified_time\" content=\"2025-10-03T06:08:08+00:00\" \/>\n<meta name=\"twitter:card\" content=\"summary_large_image\" \/>\n<script type=\"application\/ld+json\" class=\"yoast-schema-graph\">{\"@context\":\"https:\\\/\\\/schema.org\",\"@graph\":[{\"@type\":\"WebPage\",\"@id\":\"https:\\\/\\\/salesianossp.org.br\\\/oscamposdojordao\\\/arquivos\\\/\",\"url\":\"https:\\\/\\\/salesianossp.org.br\\\/oscamposdojordao\\\/arquivos\\\/\",\"name\":\"Arquivos - Obra Social Santa Clara\",\"isPartOf\":{\"@id\":\"https:\\\/\\\/salesianossp.org.br\\\/oscamposdojordao\\\/#website\"},\"datePublished\":\"2025-01-14T01:03:40+00:00\",\"dateModified\":\"2025-10-03T06:08:08+00:00\",\"breadcrumb\":{\"@id\":\"https:\\\/\\\/salesianossp.org.br\\\/oscamposdojordao\\\/arquivos\\\/#breadcrumb\"},\"inLanguage\":\"pt-BR\",\"potentialAction\":[{\"@type\":\"ReadAction\",\"target\":[\"https:\\\/\\\/salesianossp.org.br\\\/oscamposdojordao\\\/arquivos\\\/\"]}]},{\"@type\":\"BreadcrumbList\",\"@id\":\"https:\\\/\\\/salesianossp.org.br\\\/oscamposdojordao\\\/arquivos\\\/#breadcrumb\",\"itemListElement\":[{\"@type\":\"ListItem\",\"position\":1,\"name\":\"In\u00edcio\",\"item\":\"https:\\\/\\\/salesianossp.org.br\\\/oscamposdojordao\\\/\"},{\"@type\":\"ListItem\",\"position\":2,\"name\":\"Arquivos\"}]},{\"@type\":\"WebSite\",\"@id\":\"https:\\\/\\\/salesianossp.org.br\\\/oscamposdojordao\\\/#website\",\"url\":\"https:\\\/\\\/salesianossp.org.br\\\/oscamposdojordao\\\/\",\"name\":\"Obra Social Santa Clara\",\"description\":\"\",\"publisher\":{\"@id\":\"https:\\\/\\\/salesianossp.org.br\\\/oscamposdojordao\\\/#organization\"},\"potentialAction\":[{\"@type\":\"SearchAction\",\"target\":{\"@type\":\"EntryPoint\",\"urlTemplate\":\"https:\\\/\\\/salesianossp.org.br\\\/oscamposdojordao\\\/?s={search_term_string}\"},\"query-input\":{\"@type\":\"PropertyValueSpecification\",\"valueRequired\":true,\"valueName\":\"search_term_string\"}}],\"inLanguage\":\"pt-BR\"},{\"@type\":\"Organization\",\"@id\":\"https:\\\/\\\/salesianossp.org.br\\\/oscamposdojordao\\\/#organization\",\"name\":\"Obra Social Santa Clara\",\"url\":\"https:\\\/\\\/salesianossp.org.br\\\/oscamposdojordao\\\/\",\"logo\":{\"@type\":\"ImageObject\",\"inLanguage\":\"pt-BR\",\"@id\":\"https:\\\/\\\/salesianossp.org.br\\\/oscamposdojordao\\\/#\\\/schema\\\/logo\\\/image\\\/\",\"url\":\"https:\\\/\\\/salesianossp.org.br\\\/oscamposdojordao\\\/wp-content\\\/uploads\\\/2025\\\/09\\\/logotipo-obra-social-santa-clara-color-56.svg\",\"contentUrl\":\"https:\\\/\\\/salesianossp.org.br\\\/oscamposdojordao\\\/wp-content\\\/uploads\\\/2025\\\/09\\\/logotipo-obra-social-santa-clara-color-56.svg\",\"width\":227,\"height\":56,\"caption\":\"Obra Social Santa Clara\"},\"image\":{\"@id\":\"https:\\\/\\\/salesianossp.org.br\\\/oscamposdojordao\\\/#\\\/schema\\\/logo\\\/image\\\/\"}}]}<\/script>\n<!-- \/ Yoast SEO plugin. -->","yoast_head_json":{"title":"Arquivos - Obra Social Santa Clara","robots":{"index":"index","follow":"follow","max-snippet":"max-snippet:-1","max-image-preview":"max-image-preview:large","max-video-preview":"max-video-preview:-1"},"canonical":"https:\/\/salesianossp.org.br\/oscamposdojordao\/arquivos\/","og_locale":"pt_BR","og_type":"article","og_title":"Arquivos - Obra Social Santa Clara","og_description":"Home","og_url":"https:\/\/salesianossp.org.br\/oscamposdojordao\/arquivos\/","og_site_name":"Obra Social Santa Clara","article_modified_time":"2025-10-03T06:08:08+00:00","twitter_card":"summary_large_image","schema":{"@context":"https:\/\/schema.org","@graph":[{"@type":"WebPage","@id":"https:\/\/salesianossp.org.br\/oscamposdojordao\/arquivos\/","url":"https:\/\/salesianossp.org.br\/oscamposdojordao\/arquivos\/","name":"Arquivos - Obra Social Santa Clara","isPartOf":{"@id":"https:\/\/salesianossp.org.br\/oscamposdojordao\/#website"},"datePublished":"2025-01-14T01:03:40+00:00","dateModified":"2025-10-03T06:08:08+00:00","breadcrumb":{"@id":"https:\/\/salesianossp.org.br\/oscamposdojordao\/arquivos\/#breadcrumb"},"inLanguage":"pt-BR","potentialAction":[{"@type":"ReadAction","target":["https:\/\/salesianossp.org.br\/oscamposdojordao\/arquivos\/"]}]},{"@type":"BreadcrumbList","@id":"https:\/\/salesianossp.org.br\/oscamposdojordao\/arquivos\/#breadcrumb","itemListElement":[{"@type":"ListItem","position":1,"name":"In\u00edcio","item":"https:\/\/salesianossp.org.br\/oscamposdojordao\/"},{"@type":"ListItem","position":2,"name":"Arquivos"}]},{"@type":"WebSite","@id":"https:\/\/salesianossp.org.br\/oscamposdojordao\/#website","url":"https:\/\/salesianossp.org.br\/oscamposdojordao\/","name":"Obra Social Santa Clara","description":"","publisher":{"@id":"https:\/\/salesianossp.org.br\/oscamposdojordao\/#organization"},"potentialAction":[{"@type":"SearchAction","target":{"@type":"EntryPoint","urlTemplate":"https:\/\/salesianossp.org.br\/oscamposdojordao\/?s={search_term_string}"},"query-input":{"@type":"PropertyValueSpecification","valueRequired":true,"valueName":"search_term_string"}}],"inLanguage":"pt-BR"},{"@type":"Organization","@id":"https:\/\/salesianossp.org.br\/oscamposdojordao\/#organization","name":"Obra Social Santa Clara","url":"https:\/\/salesianossp.org.br\/oscamposdojordao\/","logo":{"@type":"ImageObject","inLanguage":"pt-BR","@id":"https:\/\/salesianossp.org.br\/oscamposdojordao\/#\/schema\/logo\/image\/","url":"https:\/\/salesianossp.org.br\/oscamposdojordao\/wp-content\/uploads\/2025\/09\/logotipo-obra-social-santa-clara-color-56.svg","contentUrl":"https:\/\/salesianossp.org.br\/oscamposdojordao\/wp-content\/uploads\/2025\/09\/logotipo-obra-social-santa-clara-color-56.svg","width":227,"height":56,"caption":"Obra Social Santa Clara"},"image":{"@id":"https:\/\/salesianossp.org.br\/oscamposdojordao\/#\/schema\/logo\/image\/"}}]}},"_links":{"self":[{"href":"https:\/\/salesianossp.org.br\/oscamposdojordao\/wp-json\/wp\/v2\/pages\/113814","targetHints":{"allow":["GET"]}}],"collection":[{"href":"https:\/\/salesianossp.org.br\/oscamposdojordao\/wp-json\/wp\/v2\/pages"}],"about":[{"href":"https:\/\/salesianossp.org.br\/oscamposdojordao\/wp-json\/wp\/v2\/types\/page"}],"author":[{"embeddable":true,"href":"https:\/\/salesianossp.org.br\/oscamposdojordao\/wp-json\/wp\/v2\/users\/30"}],"replies":[{"embeddable":true,"href":"https:\/\/salesianossp.org.br\/oscamposdojordao\/wp-json\/wp\/v2\/comments?post=113814"}],"version-history":[{"count":65,"href":"https:\/\/salesianossp.org.br\/oscamposdojordao\/wp-json\/wp\/v2\/pages\/113814\/revisions"}],"predecessor-version":[{"id":117176,"href":"https:\/\/salesianossp.org.br\/oscamposdojordao\/wp-json\/wp\/v2\/pages\/113814\/revisions\/117176"}],"wp:attachment":[{"href":"https:\/\/salesianossp.org.br\/oscamposdojordao\/wp-json\/wp\/v2\/media?parent=113814"}],"curies":[{"name":"wp","href":"https:\/\/api.w.org\/{rel}","templated":true}]}}