{"id":115840,"date":"2025-03-04T00:44:14","date_gmt":"2025-03-04T00:44:14","guid":{"rendered":"https:\/\/salesianossp.org.br\/oscamposdojordao\/?page_id=115840"},"modified":"2025-10-03T06:11:21","modified_gmt":"2025-10-03T06:11:21","slug":"programas","status":"publish","type":"page","link":"https:\/\/salesianossp.org.br\/oscamposdojordao\/programas\/","title":{"rendered":"Programas"},"content":{"rendered":"\t\t<div data-elementor-type=\"wp-page\" data-elementor-id=\"115840\" class=\"elementor elementor-115840\" data-elementor-post-type=\"page\">\n\t\t\t\t<main class=\"elementor-element elementor-element-94140a5 e-con-full e-flex e-con e-parent\" data-id=\"94140a5\" data-element_type=\"container\" data-e-type=\"container\" data-settings=\"{&quot;background_background&quot;:&quot;classic&quot;}\">\n\t\t<div class=\"elementor-element elementor-element-e60dce1 e-flex e-con-boxed e-con e-child\" data-id=\"e60dce1\" data-element_type=\"container\" data-e-type=\"container\" data-settings=\"{&quot;background_background&quot;:&quot;classic&quot;}\">\n\t\t\t\t\t<div class=\"e-con-inner\">\n\t\t<div class=\"elementor-element elementor-element-848ea5e e-con-full e-flex e-con e-child\" data-id=\"848ea5e\" data-element_type=\"container\" data-e-type=\"container\">\n\t\t<div class=\"elementor-element elementor-element-2942509 e-con-full e-flex e-con e-child\" data-id=\"2942509\" data-element_type=\"container\" data-e-type=\"container\">\n\t\t\t\t<div class=\"elementor-element elementor-element-f1531eb elementor-widget elementor-widget-heading\" data-id=\"f1531eb\" data-element_type=\"widget\" data-e-type=\"widget\" data-widget_type=\"heading.default\">\n\t\t\t\t<div class=\"elementor-widget-container\">\n\t\t\t\t\t<h1 class=\"elementor-heading-title elementor-size-default\">CONHE\u00c7A<\/h1>\t\t\t\t<\/div>\n\t\t\t\t<\/div>\n\t\t\t\t<div class=\"elementor-element elementor-element-e4d4b07 elementor-widget elementor-widget-heading\" data-id=\"e4d4b07\" data-element_type=\"widget\" data-e-type=\"widget\" data-widget_type=\"heading.default\">\n\t\t\t\t<div class=\"elementor-widget-container\">\n\t\t\t\t\t<h1 class=\"elementor-heading-title elementor-size-default\">NOSSOS PROGRAMAS<\/h1>\t\t\t\t<\/div>\n\t\t\t\t<\/div>\n\t\t\t\t<\/div>\n\t\t<div class=\"elementor-element elementor-element-e36bd3e e-con-full e-flex e-con e-child\" data-id=\"e36bd3e\" data-element_type=\"container\" data-e-type=\"container\">\n\t\t\t\t<div class=\"elementor-element elementor-element-bde2a37 elementor-widget elementor-widget-heading\" data-id=\"bde2a37\" data-element_type=\"widget\" data-e-type=\"widget\" data-widget_type=\"heading.default\">\n\t\t\t\t<div class=\"elementor-widget-container\">\n\t\t\t\t\t<p class=\"elementor-heading-title elementor-size-default\">Movidos pelo carisma de Dom Bosco, nosso compromisso \u00e9 com o desenvolvimento integral de crian\u00e7as, adolescentes e jovens. Conhe\u00e7a a seguir o trabalho que realizamos em nossa comunidade: uma proposta de acolhimento que se torna um porto seguro, de educa\u00e7\u00e3o que prepara para a vida e de protagonismo que desperta o melhor em cada um, com o grande objetivo de formar \"bons crist\u00e3os e honestos cidad\u00e3os\".<\/p>\t\t\t\t<\/div>\n\t\t\t\t<\/div>\n\t\t\t\t<\/div>\n\t\t\t\t<\/div>\n\t\t\t\t\t<\/div>\n\t\t\t\t<\/div>\n\t\t\t\t<\/main>\n\t\t<section class=\"elementor-element elementor-element-2c3a1f9 e-flex e-con-boxed e-con e-parent\" data-id=\"2c3a1f9\" data-element_type=\"container\" data-e-type=\"container\" id=\"paif\">\n\t\t\t\t\t<div class=\"e-con-inner\">\n\t\t<div class=\"elementor-element elementor-element-f9ef346 e-con-full e-flex e-con e-child\" data-id=\"f9ef346\" data-element_type=\"container\" data-e-type=\"container\">\n\t\t<div class=\"elementor-element elementor-element-4405952 e-con-full e-flex e-con e-child\" data-id=\"4405952\" data-element_type=\"container\" data-e-type=\"container\">\n\t\t<header class=\"elementor-element elementor-element-9b6ac04 e-con-full e-flex e-con e-child\" data-id=\"9b6ac04\" data-element_type=\"container\" data-e-type=\"container\">\n\t\t\t\t<div class=\"elementor-element elementor-element-aa1776e elementor-widget elementor-widget-heading\" data-id=\"aa1776e\" data-element_type=\"widget\" data-e-type=\"widget\" data-widget_type=\"heading.default\">\n\t\t\t\t<div class=\"elementor-widget-container\">\n\t\t\t\t\t<div class=\"elementor-heading-title elementor-size-default\">Nossos programas<\/div>\t\t\t\t<\/div>\n\t\t\t\t<\/div>\n\t\t\t\t<div class=\"elementor-element elementor-element-cff53ff elementor-widget elementor-widget-heading\" data-id=\"cff53ff\" data-element_type=\"widget\" data-e-type=\"widget\" data-widget_type=\"heading.default\">\n\t\t\t\t<div class=\"elementor-widget-container\">\n\t\t\t\t\t<h2 class=\"elementor-heading-title elementor-size-default\">Programa Vida Melhor (PROVIM)<\/h2>\t\t\t\t<\/div>\n\t\t\t\t<\/div>\n\t\t\t\t<\/header>\n\t\t<div class=\"elementor-element elementor-element-3952f4b e-con-full e-flex e-con e-child\" data-id=\"3952f4b\" data-element_type=\"container\" data-e-type=\"container\">\n\t\t\t\t<div class=\"elementor-element elementor-element-df27f65 elementor-widget elementor-widget-button\" data-id=\"df27f65\" data-element_type=\"widget\" data-e-type=\"widget\" data-widget_type=\"button.default\">\n\t\t\t\t<div class=\"elementor-widget-container\">\n\t\t\t\t\t\t\t\t\t<div class=\"elementor-button-wrapper\">\n\t\t\t\t\t<a class=\"elementor-button elementor-size-sm\" role=\"button\">\n\t\t\t\t\t\t<span class=\"elementor-button-content-wrapper\">\n\t\t\t\t\t\t\t\t\t<span class=\"elementor-button-text\">Acompanhamento Socioassistencial<\/span>\n\t\t\t\t\t<\/span>\n\t\t\t\t\t<\/a>\n\t\t\t\t<\/div>\n\t\t\t\t\t\t\t\t<\/div>\n\t\t\t\t<\/div>\n\t\t\t\t<div class=\"elementor-element elementor-element-242bff9 elementor-widget elementor-widget-button\" data-id=\"242bff9\" data-element_type=\"widget\" data-e-type=\"widget\" data-widget_type=\"button.default\">\n\t\t\t\t<div class=\"elementor-widget-container\">\n\t\t\t\t\t\t\t\t\t<div class=\"elementor-button-wrapper\">\n\t\t\t\t\t<a class=\"elementor-button elementor-size-sm\" role=\"button\">\n\t\t\t\t\t\t<span class=\"elementor-button-content-wrapper\">\n\t\t\t\t\t\t\t\t\t<span class=\"elementor-button-text\">Forma\u00e7\u00e3o e Desenvolvimento<\/span>\n\t\t\t\t\t<\/span>\n\t\t\t\t\t<\/a>\n\t\t\t\t<\/div>\n\t\t\t\t\t\t\t\t<\/div>\n\t\t\t\t<\/div>\n\t\t\t\t<\/div>\n\t\t\t\t<div class=\"elementor-element elementor-element-ec0768f elementor-widget elementor-widget-heading\" data-id=\"ec0768f\" data-element_type=\"widget\" data-e-type=\"widget\" data-widget_type=\"heading.default\">\n\t\t\t\t<div class=\"elementor-widget-container\">\n\t\t\t\t\t<p class=\"elementor-heading-title elementor-size-default\">O PROVIM \u00e9 o Programa de Vida Melhor da Obra Social Santa Clara e representa o cora\u00e7\u00e3o do nosso apoio socioassistencial \u00e0 comunidade. Sua fun\u00e7\u00e3o \u00e9 ir al\u00e9m do cuidado educacional, atuando como uma ponte essencial entre as crian\u00e7as, os adolescentes, suas fam\u00edlias e a rede de servi\u00e7os do munic\u00edpio. Por meio do PROVIM, garantimos que aqueles em situa\u00e7\u00e3o de vulnerabilidade tenham acesso facilitado a um suporte integral, que inclui encaminhamentos cruciais para acompanhamento psicol\u00f3gico e psicopedag\u00f3gico, assist\u00eancia social e servi\u00e7os de sa\u00fade. Dessa forma, o programa promove a dignidade humana e a melhoria da qualidade de vida, articulando recursos para que cada jovem possa ter as ferramentas necess\u00e1rias para construir um futuro com mais oportunidades e bem-estar.<\/p>\t\t\t\t<\/div>\n\t\t\t\t<\/div>\n\t\t\t\t<\/div>\n\t\t\t\t<\/div>\n\t\t\t\t<div class=\"elementor-element elementor-element-1975eb5 elementor-widget-tablet__width-inherit elementor-widget elementor-widget-image\" data-id=\"1975eb5\" data-element_type=\"widget\" data-e-type=\"widget\" data-widget_type=\"image.default\">\n\t\t\t\t<div class=\"elementor-widget-container\">\n\t\t\t\t\t\t\t\t\t\t\t\t\t\t\t<img fetchpriority=\"high\" decoding=\"async\" width=\"724\" height=\"620\" src=\"https:\/\/salesianossp.org.br\/oscamposdojordao\/wp-content\/uploads\/2025\/03\/img_prototipo_os_programas_1.webp\" class=\"attachment-full size-full wp-image-115847\" alt=\"\" srcset=\"https:\/\/salesianossp.org.br\/oscamposdojordao\/wp-content\/uploads\/2025\/03\/img_prototipo_os_programas_1.webp 724w, https:\/\/salesianossp.org.br\/oscamposdojordao\/wp-content\/uploads\/2025\/03\/img_prototipo_os_programas_1-300x257.webp 300w\" sizes=\"(max-width: 724px) 100vw, 724px\" \/>\t\t\t\t\t\t\t\t\t\t\t\t\t\t\t<\/div>\n\t\t\t\t<\/div>\n\t\t\t\t\t<\/div>\n\t\t\t\t<\/section>\n\t\t<section class=\"elementor-element elementor-element-6339c39 e-flex e-con-boxed e-con e-parent\" data-id=\"6339c39\" data-element_type=\"container\" data-e-type=\"container\" id=\"gestao-de-talentos\">\n\t\t\t\t\t<div class=\"e-con-inner\">\n\t\t\t\t<div class=\"elementor-element elementor-element-bfe10b5 elementor-widget-tablet__width-inherit elementor-widget elementor-widget-image\" data-id=\"bfe10b5\" data-element_type=\"widget\" data-e-type=\"widget\" data-widget_type=\"image.default\">\n\t\t\t\t<div class=\"elementor-widget-container\">\n\t\t\t\t\t\t\t\t\t\t\t\t\t\t\t<img decoding=\"async\" width=\"724\" height=\"620\" src=\"https:\/\/salesianossp.org.br\/oscamposdojordao\/wp-content\/uploads\/2025\/03\/img_prototipo_os_programas_2.webp\" class=\"attachment-full size-full wp-image-115848\" alt=\"\" srcset=\"https:\/\/salesianossp.org.br\/oscamposdojordao\/wp-content\/uploads\/2025\/03\/img_prototipo_os_programas_2.webp 724w, https:\/\/salesianossp.org.br\/oscamposdojordao\/wp-content\/uploads\/2025\/03\/img_prototipo_os_programas_2-300x257.webp 300w\" sizes=\"(max-width: 724px) 100vw, 724px\" \/>\t\t\t\t\t\t\t\t\t\t\t\t\t\t\t<\/div>\n\t\t\t\t<\/div>\n\t\t<div class=\"elementor-element elementor-element-96ee9a9 e-con-full e-flex e-con e-child\" data-id=\"96ee9a9\" data-element_type=\"container\" data-e-type=\"container\">\n\t\t<div class=\"elementor-element elementor-element-b259b53 e-con-full e-flex e-con e-child\" data-id=\"b259b53\" data-element_type=\"container\" data-e-type=\"container\">\n\t\t<header class=\"elementor-element elementor-element-03e1324 e-con-full e-flex e-con e-child\" data-id=\"03e1324\" data-element_type=\"container\" data-e-type=\"container\">\n\t\t\t\t<div class=\"elementor-element elementor-element-36d9ef0 elementor-widget elementor-widget-heading\" data-id=\"36d9ef0\" data-element_type=\"widget\" data-e-type=\"widget\" data-widget_type=\"heading.default\">\n\t\t\t\t<div class=\"elementor-widget-container\">\n\t\t\t\t\t<div class=\"elementor-heading-title elementor-size-default\">Nossos programas<\/div>\t\t\t\t<\/div>\n\t\t\t\t<\/div>\n\t\t\t\t<div class=\"elementor-element elementor-element-82ec316 elementor-widget elementor-widget-heading\" data-id=\"82ec316\" data-element_type=\"widget\" data-e-type=\"widget\" data-widget_type=\"heading.default\">\n\t\t\t\t<div class=\"elementor-widget-container\">\n\t\t\t\t\t<h2 class=\"elementor-heading-title elementor-size-default\">Programa Play Recycling<\/h2>\t\t\t\t<\/div>\n\t\t\t\t<\/div>\n\t\t\t\t<\/header>\n\t\t<div class=\"elementor-element elementor-element-e73012a e-con-full e-flex e-con e-child\" data-id=\"e73012a\" data-element_type=\"container\" data-e-type=\"container\">\n\t\t\t\t<div class=\"elementor-element elementor-element-2dc3349 elementor-widget elementor-widget-button\" data-id=\"2dc3349\" data-element_type=\"widget\" data-e-type=\"widget\" data-widget_type=\"button.default\">\n\t\t\t\t<div class=\"elementor-widget-container\">\n\t\t\t\t\t\t\t\t\t<div class=\"elementor-button-wrapper\">\n\t\t\t\t\t<a class=\"elementor-button elementor-size-sm\" role=\"button\">\n\t\t\t\t\t\t<span class=\"elementor-button-content-wrapper\">\n\t\t\t\t\t\t\t\t\t<span class=\"elementor-button-text\">Educa\u00e7\u00e3o Socioambiental<\/span>\n\t\t\t\t\t<\/span>\n\t\t\t\t\t<\/a>\n\t\t\t\t<\/div>\n\t\t\t\t\t\t\t\t<\/div>\n\t\t\t\t<\/div>\n\t\t\t\t<\/div>\n\t\t\t\t<div class=\"elementor-element elementor-element-66b699e elementor-widget elementor-widget-heading\" data-id=\"66b699e\" data-element_type=\"widget\" data-e-type=\"widget\" data-widget_type=\"heading.default\">\n\t\t\t\t<div class=\"elementor-widget-container\">\n\t\t\t\t\t<p class=\"elementor-heading-title elementor-size-default\">O Programa Play Recycling \u00e9 um projeto de educa\u00e7\u00e3o socioambiental que combina a criatividade com a conscientiza\u00e7\u00e3o. Realizado em parceria com a Obra Social Santa Clara, ele tem como objetivo despertar o protagonismo juvenil nos temas de sustentabilidade e responsabilidade com o meio ambiente. O programa promove o desenvolvimento de habilidades essenciais nos jovens, como o pensamento cient\u00edfico, a cultura digital, a comunica\u00e7\u00e3o e a criatividade, tudo isso por meio de atividades que integram a reciclagem e o brincar. Essa iniciativa fortalece a autonomia dos participantes e os capacita a se tornarem agentes de transforma\u00e7\u00e3o em suas comunidades, construindo um futuro mais sustent\u00e1vel.<\/p>\t\t\t\t<\/div>\n\t\t\t\t<\/div>\n\t\t\t\t<\/div>\n\t\t\t\t<\/div>\n\t\t\t\t\t<\/div>\n\t\t\t\t<\/section>\n\t\t\t\t<\/div>\n\t\t","protected":false},"excerpt":{"rendered":"<p>CONHE\u00c7A NOSSOS PROGRAMAS Movidos pelo carisma de Dom Bosco, nosso compromisso \u00e9 com o desenvolvimento integral de crian\u00e7as, adolescentes e jovens. Conhe\u00e7a a seguir o trabalho que realizamos em nossa comunidade: uma proposta de acolhimento que se torna um porto seguro, de educa\u00e7\u00e3o que prepara para a vida e de protagonismo que desperta o melhor [&hellip;]<\/p>\n","protected":false},"author":30,"featured_media":0,"parent":0,"menu_order":0,"comment_status":"closed","ping_status":"closed","template":"","meta":{"footnotes":""},"class_list":["post-115840","page","type-page","status-publish","hentry"],"yoast_head":"<!-- This site is optimized with the Yoast SEO plugin v27.3 - https:\/\/yoast.com\/product\/yoast-seo-wordpress\/ -->\n<title>Programas - Obra Social Santa Clara<\/title>\n<meta name=\"robots\" content=\"index, follow, max-snippet:-1, max-image-preview:large, max-video-preview:-1\" \/>\n<link rel=\"canonical\" href=\"https:\/\/salesianossp.org.br\/oscamposdojordao\/programas\/\" \/>\n<meta property=\"og:locale\" content=\"pt_BR\" \/>\n<meta property=\"og:type\" content=\"article\" \/>\n<meta property=\"og:title\" content=\"Programas - Obra Social Santa Clara\" \/>\n<meta property=\"og:description\" content=\"CONHE\u00c7A NOSSOS PROGRAMAS Movidos pelo carisma de Dom Bosco, nosso compromisso \u00e9 com o desenvolvimento integral de crian\u00e7as, adolescentes e jovens. Conhe\u00e7a a seguir o trabalho que realizamos em nossa comunidade: uma proposta de acolhimento que se torna um porto seguro, de educa\u00e7\u00e3o que prepara para a vida e de protagonismo que desperta o melhor [&hellip;]\" \/>\n<meta property=\"og:url\" content=\"https:\/\/salesianossp.org.br\/oscamposdojordao\/programas\/\" \/>\n<meta property=\"og:site_name\" content=\"Obra Social Santa Clara\" \/>\n<meta property=\"article:modified_time\" content=\"2025-10-03T06:11:21+00:00\" \/>\n<meta property=\"og:image\" content=\"https:\/\/salesianossp.org.br\/oscamposdojordao\/wp-content\/uploads\/2025\/03\/img_prototipo_os_programas_1.webp\" \/>\n\t<meta property=\"og:image:width\" content=\"724\" \/>\n\t<meta property=\"og:image:height\" content=\"620\" \/>\n\t<meta property=\"og:image:type\" content=\"image\/webp\" \/>\n<meta name=\"twitter:card\" content=\"summary_large_image\" \/>\n<meta name=\"twitter:label1\" content=\"Est. tempo de leitura\" \/>\n\t<meta name=\"twitter:data1\" content=\"2 minutos\" \/>\n<script type=\"application\/ld+json\" class=\"yoast-schema-graph\">{\"@context\":\"https:\\\/\\\/schema.org\",\"@graph\":[{\"@type\":\"WebPage\",\"@id\":\"https:\\\/\\\/salesianossp.org.br\\\/oscamposdojordao\\\/programas\\\/\",\"url\":\"https:\\\/\\\/salesianossp.org.br\\\/oscamposdojordao\\\/programas\\\/\",\"name\":\"Programas - Obra Social Santa Clara\",\"isPartOf\":{\"@id\":\"https:\\\/\\\/salesianossp.org.br\\\/oscamposdojordao\\\/#website\"},\"primaryImageOfPage\":{\"@id\":\"https:\\\/\\\/salesianossp.org.br\\\/oscamposdojordao\\\/programas\\\/#primaryimage\"},\"image\":{\"@id\":\"https:\\\/\\\/salesianossp.org.br\\\/oscamposdojordao\\\/programas\\\/#primaryimage\"},\"thumbnailUrl\":\"https:\\\/\\\/salesianossp.org.br\\\/oscamposdojordao\\\/wp-content\\\/uploads\\\/2025\\\/03\\\/img_prototipo_os_programas_1.webp\",\"datePublished\":\"2025-03-04T00:44:14+00:00\",\"dateModified\":\"2025-10-03T06:11:21+00:00\",\"breadcrumb\":{\"@id\":\"https:\\\/\\\/salesianossp.org.br\\\/oscamposdojordao\\\/programas\\\/#breadcrumb\"},\"inLanguage\":\"pt-BR\",\"potentialAction\":[{\"@type\":\"ReadAction\",\"target\":[\"https:\\\/\\\/salesianossp.org.br\\\/oscamposdojordao\\\/programas\\\/\"]}]},{\"@type\":\"ImageObject\",\"inLanguage\":\"pt-BR\",\"@id\":\"https:\\\/\\\/salesianossp.org.br\\\/oscamposdojordao\\\/programas\\\/#primaryimage\",\"url\":\"https:\\\/\\\/salesianossp.org.br\\\/oscamposdojordao\\\/wp-content\\\/uploads\\\/2025\\\/03\\\/img_prototipo_os_programas_1.webp\",\"contentUrl\":\"https:\\\/\\\/salesianossp.org.br\\\/oscamposdojordao\\\/wp-content\\\/uploads\\\/2025\\\/03\\\/img_prototipo_os_programas_1.webp\",\"width\":724,\"height\":620},{\"@type\":\"BreadcrumbList\",\"@id\":\"https:\\\/\\\/salesianossp.org.br\\\/oscamposdojordao\\\/programas\\\/#breadcrumb\",\"itemListElement\":[{\"@type\":\"ListItem\",\"position\":1,\"name\":\"In\u00edcio\",\"item\":\"https:\\\/\\\/salesianossp.org.br\\\/oscamposdojordao\\\/\"},{\"@type\":\"ListItem\",\"position\":2,\"name\":\"Programas\"}]},{\"@type\":\"WebSite\",\"@id\":\"https:\\\/\\\/salesianossp.org.br\\\/oscamposdojordao\\\/#website\",\"url\":\"https:\\\/\\\/salesianossp.org.br\\\/oscamposdojordao\\\/\",\"name\":\"Obra Social Santa Clara\",\"description\":\"\",\"publisher\":{\"@id\":\"https:\\\/\\\/salesianossp.org.br\\\/oscamposdojordao\\\/#organization\"},\"potentialAction\":[{\"@type\":\"SearchAction\",\"target\":{\"@type\":\"EntryPoint\",\"urlTemplate\":\"https:\\\/\\\/salesianossp.org.br\\\/oscamposdojordao\\\/?s={search_term_string}\"},\"query-input\":{\"@type\":\"PropertyValueSpecification\",\"valueRequired\":true,\"valueName\":\"search_term_string\"}}],\"inLanguage\":\"pt-BR\"},{\"@type\":\"Organization\",\"@id\":\"https:\\\/\\\/salesianossp.org.br\\\/oscamposdojordao\\\/#organization\",\"name\":\"Obra Social Santa Clara\",\"url\":\"https:\\\/\\\/salesianossp.org.br\\\/oscamposdojordao\\\/\",\"logo\":{\"@type\":\"ImageObject\",\"inLanguage\":\"pt-BR\",\"@id\":\"https:\\\/\\\/salesianossp.org.br\\\/oscamposdojordao\\\/#\\\/schema\\\/logo\\\/image\\\/\",\"url\":\"https:\\\/\\\/salesianossp.org.br\\\/oscamposdojordao\\\/wp-content\\\/uploads\\\/2025\\\/09\\\/logotipo-obra-social-santa-clara-color-56.svg\",\"contentUrl\":\"https:\\\/\\\/salesianossp.org.br\\\/oscamposdojordao\\\/wp-content\\\/uploads\\\/2025\\\/09\\\/logotipo-obra-social-santa-clara-color-56.svg\",\"width\":227,\"height\":56,\"caption\":\"Obra Social Santa Clara\"},\"image\":{\"@id\":\"https:\\\/\\\/salesianossp.org.br\\\/oscamposdojordao\\\/#\\\/schema\\\/logo\\\/image\\\/\"}}]}<\/script>\n<!-- \/ Yoast SEO plugin. -->","yoast_head_json":{"title":"Programas - Obra Social Santa Clara","robots":{"index":"index","follow":"follow","max-snippet":"max-snippet:-1","max-image-preview":"max-image-preview:large","max-video-preview":"max-video-preview:-1"},"canonical":"https:\/\/salesianossp.org.br\/oscamposdojordao\/programas\/","og_locale":"pt_BR","og_type":"article","og_title":"Programas - Obra Social Santa Clara","og_description":"CONHE\u00c7A NOSSOS PROGRAMAS Movidos pelo carisma de Dom Bosco, nosso compromisso \u00e9 com o desenvolvimento integral de crian\u00e7as, adolescentes e jovens. Conhe\u00e7a a seguir o trabalho que realizamos em nossa comunidade: uma proposta de acolhimento que se torna um porto seguro, de educa\u00e7\u00e3o que prepara para a vida e de protagonismo que desperta o melhor [&hellip;]","og_url":"https:\/\/salesianossp.org.br\/oscamposdojordao\/programas\/","og_site_name":"Obra Social Santa Clara","article_modified_time":"2025-10-03T06:11:21+00:00","og_image":[{"width":724,"height":620,"url":"https:\/\/salesianossp.org.br\/oscamposdojordao\/wp-content\/uploads\/2025\/03\/img_prototipo_os_programas_1.webp","type":"image\/webp"}],"twitter_card":"summary_large_image","twitter_misc":{"Est. tempo de leitura":"2 minutos"},"schema":{"@context":"https:\/\/schema.org","@graph":[{"@type":"WebPage","@id":"https:\/\/salesianossp.org.br\/oscamposdojordao\/programas\/","url":"https:\/\/salesianossp.org.br\/oscamposdojordao\/programas\/","name":"Programas - Obra Social Santa Clara","isPartOf":{"@id":"https:\/\/salesianossp.org.br\/oscamposdojordao\/#website"},"primaryImageOfPage":{"@id":"https:\/\/salesianossp.org.br\/oscamposdojordao\/programas\/#primaryimage"},"image":{"@id":"https:\/\/salesianossp.org.br\/oscamposdojordao\/programas\/#primaryimage"},"thumbnailUrl":"https:\/\/salesianossp.org.br\/oscamposdojordao\/wp-content\/uploads\/2025\/03\/img_prototipo_os_programas_1.webp","datePublished":"2025-03-04T00:44:14+00:00","dateModified":"2025-10-03T06:11:21+00:00","breadcrumb":{"@id":"https:\/\/salesianossp.org.br\/oscamposdojordao\/programas\/#breadcrumb"},"inLanguage":"pt-BR","potentialAction":[{"@type":"ReadAction","target":["https:\/\/salesianossp.org.br\/oscamposdojordao\/programas\/"]}]},{"@type":"ImageObject","inLanguage":"pt-BR","@id":"https:\/\/salesianossp.org.br\/oscamposdojordao\/programas\/#primaryimage","url":"https:\/\/salesianossp.org.br\/oscamposdojordao\/wp-content\/uploads\/2025\/03\/img_prototipo_os_programas_1.webp","contentUrl":"https:\/\/salesianossp.org.br\/oscamposdojordao\/wp-content\/uploads\/2025\/03\/img_prototipo_os_programas_1.webp","width":724,"height":620},{"@type":"BreadcrumbList","@id":"https:\/\/salesianossp.org.br\/oscamposdojordao\/programas\/#breadcrumb","itemListElement":[{"@type":"ListItem","position":1,"name":"In\u00edcio","item":"https:\/\/salesianossp.org.br\/oscamposdojordao\/"},{"@type":"ListItem","position":2,"name":"Programas"}]},{"@type":"WebSite","@id":"https:\/\/salesianossp.org.br\/oscamposdojordao\/#website","url":"https:\/\/salesianossp.org.br\/oscamposdojordao\/","name":"Obra Social Santa Clara","description":"","publisher":{"@id":"https:\/\/salesianossp.org.br\/oscamposdojordao\/#organization"},"potentialAction":[{"@type":"SearchAction","target":{"@type":"EntryPoint","urlTemplate":"https:\/\/salesianossp.org.br\/oscamposdojordao\/?s={search_term_string}"},"query-input":{"@type":"PropertyValueSpecification","valueRequired":true,"valueName":"search_term_string"}}],"inLanguage":"pt-BR"},{"@type":"Organization","@id":"https:\/\/salesianossp.org.br\/oscamposdojordao\/#organization","name":"Obra Social Santa Clara","url":"https:\/\/salesianossp.org.br\/oscamposdojordao\/","logo":{"@type":"ImageObject","inLanguage":"pt-BR","@id":"https:\/\/salesianossp.org.br\/oscamposdojordao\/#\/schema\/logo\/image\/","url":"https:\/\/salesianossp.org.br\/oscamposdojordao\/wp-content\/uploads\/2025\/09\/logotipo-obra-social-santa-clara-color-56.svg","contentUrl":"https:\/\/salesianossp.org.br\/oscamposdojordao\/wp-content\/uploads\/2025\/09\/logotipo-obra-social-santa-clara-color-56.svg","width":227,"height":56,"caption":"Obra Social Santa Clara"},"image":{"@id":"https:\/\/salesianossp.org.br\/oscamposdojordao\/#\/schema\/logo\/image\/"}}]}},"_links":{"self":[{"href":"https:\/\/salesianossp.org.br\/oscamposdojordao\/wp-json\/wp\/v2\/pages\/115840","targetHints":{"allow":["GET"]}}],"collection":[{"href":"https:\/\/salesianossp.org.br\/oscamposdojordao\/wp-json\/wp\/v2\/pages"}],"about":[{"href":"https:\/\/salesianossp.org.br\/oscamposdojordao\/wp-json\/wp\/v2\/types\/page"}],"author":[{"embeddable":true,"href":"https:\/\/salesianossp.org.br\/oscamposdojordao\/wp-json\/wp\/v2\/users\/30"}],"replies":[{"embeddable":true,"href":"https:\/\/salesianossp.org.br\/oscamposdojordao\/wp-json\/wp\/v2\/comments?post=115840"}],"version-history":[{"count":25,"href":"https:\/\/salesianossp.org.br\/oscamposdojordao\/wp-json\/wp\/v2\/pages\/115840\/revisions"}],"predecessor-version":[{"id":117188,"href":"https:\/\/salesianossp.org.br\/oscamposdojordao\/wp-json\/wp\/v2\/pages\/115840\/revisions\/117188"}],"wp:attachment":[{"href":"https:\/\/salesianossp.org.br\/oscamposdojordao\/wp-json\/wp\/v2\/media?parent=115840"}],"curies":[{"name":"wp","href":"https:\/\/api.w.org\/{rel}","templated":true}]}}