{"id":117544,"date":"2025-10-29T01:02:55","date_gmt":"2025-10-29T01:02:55","guid":{"rendered":"https:\/\/salesianossp.org.br\/ositaquera\/?page_id=117544"},"modified":"2025-12-01T20:55:03","modified_gmt":"2025-12-01T20:55:03","slug":"escola-de-samba","status":"publish","type":"page","link":"https:\/\/salesianossp.org.br\/ositaquera\/escola-de-samba\/","title":{"rendered":"Escola de Samba"},"content":{"rendered":"\t\t<div data-elementor-type=\"wp-page\" data-elementor-id=\"117544\" class=\"elementor elementor-117544\" data-elementor-post-type=\"page\">\n\t\t\t\t<section class=\"elementor-element elementor-element-081eb3d e-con-full e-flex e-con e-parent\" data-id=\"081eb3d\" data-element_type=\"container\" data-e-type=\"container\" data-settings=\"{&quot;background_background&quot;:&quot;classic&quot;}\">\n\t\t<div class=\"elementor-element elementor-element-6dc9eec e-con-full e-flex e-con e-child\" data-id=\"6dc9eec\" data-element_type=\"container\" data-e-type=\"container\" data-settings=\"{&quot;background_background&quot;:&quot;classic&quot;}\">\n\t\t\t\t<div class=\"elementor-element elementor-element-ee0c20d jet-breadcrumbs-align-center elementor-widget elementor-widget-jet-breadcrumbs\" data-id=\"ee0c20d\" data-element_type=\"widget\" data-e-type=\"widget\" data-widget_type=\"jet-breadcrumbs.default\">\n\t\t\t\t<div class=\"elementor-widget-container\">\n\t\t\t\t\t<div class=\"elementor-jet-breadcrumbs jet-blocks\">\n\t\t<div class=\"jet-breadcrumbs\">\n\t\t<div class=\"jet-breadcrumbs__content\">\n\t\t<div class=\"jet-breadcrumbs__wrap\"><div class=\"jet-breadcrumbs__item\"><a href=\"https:\/\/salesianossp.org.br\/ositaquera\/\" class=\"jet-breadcrumbs__item-link is-home\" rel=\"home\" title=\"Home\">Home<\/a><\/div>\n\t\t<\/div>\n\t\t<\/div>\n\t\t<\/div><\/div>\t\t\t\t<\/div>\n\t\t\t\t<\/div>\n\t\t\t\t<\/div>\n\t\t\t\t<\/section>\n\t\t<section class=\"elementor-element elementor-element-2fc88a4 e-flex e-con-boxed e-con e-parent\" data-id=\"2fc88a4\" data-element_type=\"container\" data-e-type=\"container\" data-settings=\"{&quot;background_background&quot;:&quot;classic&quot;}\">\n\t\t\t\t\t<div class=\"e-con-inner\">\n\t\t<div class=\"elementor-element elementor-element-c552361 e-con-full e-flex e-con e-child\" data-id=\"c552361\" data-element_type=\"container\" data-e-type=\"container\">\n\t\t<header class=\"elementor-element elementor-element-47a5f35 e-con-full e-flex e-con e-child\" data-id=\"47a5f35\" data-element_type=\"container\" data-e-type=\"container\">\n\t\t\t\t<div class=\"elementor-element elementor-element-c3238b1 elementor-widget elementor-widget-heading\" data-id=\"c3238b1\" data-element_type=\"widget\" data-e-type=\"widget\" data-widget_type=\"heading.default\">\n\t\t\t\t<div class=\"elementor-widget-container\">\n\t\t\t\t\t<h2 class=\"elementor-heading-title elementor-size-default\">Escola de Samba Dom Bosco de Itaquera<\/h2>\t\t\t\t<\/div>\n\t\t\t\t<\/div>\n\t\t\t\t<\/header>\n\t\t\t\t<div class=\"elementor-element elementor-element-3f190de elementor-widget elementor-widget-heading\" data-id=\"3f190de\" data-element_type=\"widget\" data-e-type=\"widget\" data-widget_type=\"heading.default\">\n\t\t\t\t<div class=\"elementor-widget-container\">\n\t\t\t\t\t<p class=\"elementor-heading-title elementor-size-default\">Nascida do sonho do seu idealizador Padre Rosalvino Mor\u00e1n Vi\u00f1ayo, o Gr\u00eamio Recreativo Cultural Escola de Samba Dom Bosco surgiu no ano 2000 com a inten\u00e7\u00e3o de resgatar a juventude de Itaquera e regi\u00e3o, apresentando atividades que fossem de seu interesse.\u2028<br>\n\nA Dom Bosco est\u00e1 no Grupo de Acesso 1 da LIGA-SP em S\u00e3o Paulo e busca al\u00e7ar novos voos no carnaval e brilhar no cen\u00e1rio do samba paulistano fortalecendo as ra\u00edzes da cultura popular.\u2028<br>\n\nLocalizada no bairro de Itaquera, a escola de samba tem uma estrutura invej\u00e1vel e foi fundada a partir da Obra Social Dom Bosco, uma gigante da Assist\u00eancia Social da cidade de S\u00e3o Paulo com mais de 40 anos de servi\u00e7os prestados \u00e0 sociedade.<br>\n\n\u2028Seus componentes s\u00e3o a base de um resultado s\u00f3lido de uma das maiores obras sociais do pa\u00eds, que preserva a cultura e desenvolve um trabalho social respeitado, que  j\u00e1 resgatou e contribuiu com o desenvolvimento de milhares de pessoas.<br>\n<\/p>\t\t\t\t<\/div>\n\t\t\t\t<\/div>\n\t\t\t\t<\/div>\n\t\t\t\t<div class=\"elementor-element elementor-element-4fa51d6 elementor-widget elementor-widget-image\" data-id=\"4fa51d6\" data-element_type=\"widget\" data-e-type=\"widget\" data-widget_type=\"image.default\">\n\t\t\t\t<div class=\"elementor-widget-container\">\n\t\t\t\t\t\t\t\t\t\t\t\t\t\t\t<img fetchpriority=\"high\" decoding=\"async\" width=\"616\" height=\"592\" src=\"https:\/\/salesianossp.org.br\/ositaquera\/wp-content\/uploads\/2025\/10\/img_pb_escola_samba.webp\" class=\"attachment-large size-large wp-image-117555\" alt=\"\" srcset=\"https:\/\/salesianossp.org.br\/ositaquera\/wp-content\/uploads\/2025\/10\/img_pb_escola_samba.webp 616w, https:\/\/salesianossp.org.br\/ositaquera\/wp-content\/uploads\/2025\/10\/img_pb_escola_samba-300x288.webp 300w\" sizes=\"(max-width: 616px) 100vw, 616px\" \/>\t\t\t\t\t\t\t\t\t\t\t\t\t\t\t<\/div>\n\t\t\t\t<\/div>\n\t\t\t\t\t<\/div>\n\t\t\t\t<\/section>\n\t\t<section class=\"elementor-element elementor-element-69e2f8a e-flex e-con-boxed e-con e-parent\" data-id=\"69e2f8a\" data-element_type=\"container\" data-e-type=\"container\" data-settings=\"{&quot;background_background&quot;:&quot;classic&quot;}\">\n\t\t\t\t\t<div class=\"e-con-inner\">\n\t\t\t\t<div class=\"elementor-element elementor-element-bb45234 elementor-widget elementor-widget-image\" data-id=\"bb45234\" data-element_type=\"widget\" data-e-type=\"widget\" data-widget_type=\"image.default\">\n\t\t\t\t<div class=\"elementor-widget-container\">\n\t\t\t\t\t\t\t\t\t\t\t\t\t\t\t<img decoding=\"async\" width=\"800\" height=\"390\" src=\"https:\/\/salesianossp.org.br\/ositaquera\/wp-content\/uploads\/2025\/10\/img_pb_escola_samba_2.webp\" class=\"attachment-large size-large wp-image-117556\" alt=\"\" srcset=\"https:\/\/salesianossp.org.br\/ositaquera\/wp-content\/uploads\/2025\/10\/img_pb_escola_samba_2.webp 928w, https:\/\/salesianossp.org.br\/ositaquera\/wp-content\/uploads\/2025\/10\/img_pb_escola_samba_2-300x146.webp 300w, https:\/\/salesianossp.org.br\/ositaquera\/wp-content\/uploads\/2025\/10\/img_pb_escola_samba_2-768x374.webp 768w\" sizes=\"(max-width: 800px) 100vw, 800px\" \/>\t\t\t\t\t\t\t\t\t\t\t\t\t\t\t<\/div>\n\t\t\t\t<\/div>\n\t\t\t\t<div class=\"elementor-element elementor-element-b7be9ec elementor-widget elementor-widget-image\" data-id=\"b7be9ec\" data-element_type=\"widget\" data-e-type=\"widget\" data-widget_type=\"image.default\">\n\t\t\t\t<div class=\"elementor-widget-container\">\n\t\t\t\t\t\t\t\t\t\t\t\t\t\t\t<img decoding=\"async\" width=\"616\" height=\"452\" src=\"https:\/\/salesianossp.org.br\/ositaquera\/wp-content\/uploads\/2025\/10\/img_pb_escola_samba_3.webp\" class=\"attachment-large size-large wp-image-117557\" alt=\"\" srcset=\"https:\/\/salesianossp.org.br\/ositaquera\/wp-content\/uploads\/2025\/10\/img_pb_escola_samba_3.webp 616w, https:\/\/salesianossp.org.br\/ositaquera\/wp-content\/uploads\/2025\/10\/img_pb_escola_samba_3-300x220.webp 300w\" sizes=\"(max-width: 616px) 100vw, 616px\" \/>\t\t\t\t\t\t\t\t\t\t\t\t\t\t\t<\/div>\n\t\t\t\t<\/div>\n\t\t\t\t\t<\/div>\n\t\t\t\t<\/section>\n\t\t<section class=\"elementor-element elementor-element-ab971aa e-flex e-con-boxed e-con e-parent\" data-id=\"ab971aa\" data-element_type=\"container\" data-e-type=\"container\" data-settings=\"{&quot;background_background&quot;:&quot;classic&quot;}\">\n\t\t\t\t\t<div class=\"e-con-inner\">\n\t\t\t\t<div class=\"elementor-element elementor-element-ec63d67 elementor-widget elementor-widget-image\" data-id=\"ec63d67\" data-element_type=\"widget\" data-e-type=\"widget\" data-widget_type=\"image.default\">\n\t\t\t\t<div class=\"elementor-widget-container\">\n\t\t\t\t\t\t\t\t\t\t\t\t\t\t\t<img loading=\"lazy\" decoding=\"async\" width=\"616\" height=\"592\" src=\"https:\/\/salesianossp.org.br\/ositaquera\/wp-content\/uploads\/2025\/10\/img_pb_escola_samba_4.webp\" class=\"attachment-large size-large wp-image-117558\" alt=\"\" srcset=\"https:\/\/salesianossp.org.br\/ositaquera\/wp-content\/uploads\/2025\/10\/img_pb_escola_samba_4.webp 616w, https:\/\/salesianossp.org.br\/ositaquera\/wp-content\/uploads\/2025\/10\/img_pb_escola_samba_4-300x288.webp 300w\" sizes=\"(max-width: 616px) 100vw, 616px\" \/>\t\t\t\t\t\t\t\t\t\t\t\t\t\t\t<\/div>\n\t\t\t\t<\/div>\n\t\t<div class=\"elementor-element elementor-element-034df9c e-con-full e-flex e-con e-child\" data-id=\"034df9c\" data-element_type=\"container\" data-e-type=\"container\">\n\t\t\t\t<div class=\"elementor-element elementor-element-54147f8 elementor-widget elementor-widget-heading\" data-id=\"54147f8\" data-element_type=\"widget\" data-e-type=\"widget\" data-widget_type=\"heading.default\">\n\t\t\t\t<div class=\"elementor-widget-container\">\n\t\t\t\t\t<p class=\"elementor-heading-title elementor-size-default\">Embora ainda n\u00e3o tenha atingido o grupo especial, a Dom Bosco de Itaquera \u00e9 a escola de samba mais competitiva dos \u00faltimos anos, ocupando sempre as primeiras coloca\u00e7\u00f5es.<br>\n\nOs ensaios e eventos re\u00fanem pessoas das mais diversas classes sociais e s\u00e3o reconhecidos pela organiza\u00e7\u00e3o e respeito, recebendo visitantes de todas as regi\u00f5es de S\u00e3o Paulo e com uma faixa de idade que varia de 10 a 90 anos.<br>\n\nNos \u00faltimos anos a Escola de Samba Dom Bosco tem recebido in\u00fameros pr\u00eamios,  concedidos pela imprensa especializada do carnaval figurando sempre entre as grandes escolas de samba de S\u00e3o Paulo.<br>\n\nA Escola \u00e9 presidida pelo Padre Rosalvino, juntamente com os demais Salesianos da presen\u00e7a educativa; tem a dire\u00e7\u00e3o de uma comiss\u00e3o gestora formada por membros que est\u00e3o na escola desde a funda\u00e7\u00e3o, mesclada com pessoas que recentemente se agregaram, mas que possuem uma vasta experi\u00eancia no carnaval paulistano; assim, conta com os melhores profissionais do nosso carnaval disputando sempre na parte de cima da tabela, sem perder seus princ\u00edpios originais e o carisma salesiano, mantendo o esp\u00edrito de \"fam\u00edlia\".\n<\/p>\t\t\t\t<\/div>\n\t\t\t\t<\/div>\n\t\t\t\t<\/div>\n\t\t\t\t\t<\/div>\n\t\t\t\t<\/section>\n\t\t\t\t<\/div>\n\t\t","protected":false},"excerpt":{"rendered":"<p>Home Escola de Samba Dom Bosco de Itaquera Nascida do sonho do seu idealizador Padre Rosalvino Mor\u00e1n Vi\u00f1ayo, o Gr\u00eamio Recreativo Cultural Escola de Samba Dom Bosco surgiu no ano 2000 com a inten\u00e7\u00e3o de resgatar a juventude de Itaquera e regi\u00e3o, apresentando atividades que fossem de seu interesse.\u2028 A Dom Bosco est\u00e1 no Grupo [&hellip;]<\/p>\n","protected":false},"author":28,"featured_media":0,"parent":0,"menu_order":0,"comment_status":"closed","ping_status":"closed","template":"elementor_header_footer","meta":{"footnotes":""},"class_list":["post-117544","page","type-page","status-publish","hentry"],"yoast_head":"<!-- This site is optimized with the Yoast SEO plugin v27.3 - https:\/\/yoast.com\/product\/yoast-seo-wordpress\/ -->\n<title>Escola de Samba - Obra Social Dom Bosco<\/title>\n<meta name=\"robots\" content=\"index, follow, max-snippet:-1, max-image-preview:large, max-video-preview:-1\" \/>\n<link rel=\"canonical\" href=\"https:\/\/salesianossp.org.br\/ositaquera\/escola-de-samba\/\" \/>\n<meta property=\"og:locale\" content=\"pt_BR\" \/>\n<meta property=\"og:type\" content=\"article\" \/>\n<meta property=\"og:title\" content=\"Escola de Samba - Obra Social Dom Bosco\" \/>\n<meta property=\"og:description\" content=\"Home Escola de Samba Dom Bosco de Itaquera Nascida do sonho do seu idealizador Padre Rosalvino Mor\u00e1n Vi\u00f1ayo, o Gr\u00eamio Recreativo Cultural Escola de Samba Dom Bosco surgiu no ano 2000 com a inten\u00e7\u00e3o de resgatar a juventude de Itaquera e regi\u00e3o, apresentando atividades que fossem de seu interesse.\u2028 A Dom Bosco est\u00e1 no Grupo [&hellip;]\" \/>\n<meta property=\"og:url\" content=\"https:\/\/salesianossp.org.br\/ositaquera\/escola-de-samba\/\" \/>\n<meta property=\"og:site_name\" content=\"Obra Social Dom Bosco\" \/>\n<meta property=\"article:publisher\" content=\"https:\/\/www.facebook.com\/domboscoitaquera\" \/>\n<meta property=\"article:modified_time\" content=\"2025-12-01T20:55:03+00:00\" \/>\n<meta property=\"og:image\" content=\"https:\/\/salesianossp.org.br\/ositaquera\/wp-content\/uploads\/2025\/10\/img_pb_escola_samba.webp\" \/>\n\t<meta property=\"og:image:width\" content=\"616\" \/>\n\t<meta property=\"og:image:height\" content=\"592\" \/>\n\t<meta property=\"og:image:type\" content=\"image\/webp\" \/>\n<meta name=\"twitter:card\" content=\"summary_large_image\" \/>\n<meta name=\"twitter:label1\" content=\"Est. tempo de leitura\" \/>\n\t<meta name=\"twitter:data1\" content=\"2 minutos\" \/>\n<script type=\"application\/ld+json\" class=\"yoast-schema-graph\">{\"@context\":\"https:\\\/\\\/schema.org\",\"@graph\":[{\"@type\":\"WebPage\",\"@id\":\"https:\\\/\\\/salesianossp.org.br\\\/ositaquera\\\/escola-de-samba\\\/\",\"url\":\"https:\\\/\\\/salesianossp.org.br\\\/ositaquera\\\/escola-de-samba\\\/\",\"name\":\"Escola de Samba - Obra Social Dom Bosco\",\"isPartOf\":{\"@id\":\"https:\\\/\\\/salesianossp.org.br\\\/ositaquera\\\/#website\"},\"primaryImageOfPage\":{\"@id\":\"https:\\\/\\\/salesianossp.org.br\\\/ositaquera\\\/escola-de-samba\\\/#primaryimage\"},\"image\":{\"@id\":\"https:\\\/\\\/salesianossp.org.br\\\/ositaquera\\\/escola-de-samba\\\/#primaryimage\"},\"thumbnailUrl\":\"https:\\\/\\\/salesianossp.org.br\\\/ositaquera\\\/wp-content\\\/uploads\\\/2025\\\/10\\\/img_pb_escola_samba.webp\",\"datePublished\":\"2025-10-29T01:02:55+00:00\",\"dateModified\":\"2025-12-01T20:55:03+00:00\",\"breadcrumb\":{\"@id\":\"https:\\\/\\\/salesianossp.org.br\\\/ositaquera\\\/escola-de-samba\\\/#breadcrumb\"},\"inLanguage\":\"pt-BR\",\"potentialAction\":[{\"@type\":\"ReadAction\",\"target\":[\"https:\\\/\\\/salesianossp.org.br\\\/ositaquera\\\/escola-de-samba\\\/\"]}]},{\"@type\":\"ImageObject\",\"inLanguage\":\"pt-BR\",\"@id\":\"https:\\\/\\\/salesianossp.org.br\\\/ositaquera\\\/escola-de-samba\\\/#primaryimage\",\"url\":\"https:\\\/\\\/salesianossp.org.br\\\/ositaquera\\\/wp-content\\\/uploads\\\/2025\\\/10\\\/img_pb_escola_samba.webp\",\"contentUrl\":\"https:\\\/\\\/salesianossp.org.br\\\/ositaquera\\\/wp-content\\\/uploads\\\/2025\\\/10\\\/img_pb_escola_samba.webp\",\"width\":616,\"height\":592},{\"@type\":\"BreadcrumbList\",\"@id\":\"https:\\\/\\\/salesianossp.org.br\\\/ositaquera\\\/escola-de-samba\\\/#breadcrumb\",\"itemListElement\":[{\"@type\":\"ListItem\",\"position\":1,\"name\":\"In\u00edcio\",\"item\":\"https:\\\/\\\/salesianossp.org.br\\\/ositaquera\\\/\"},{\"@type\":\"ListItem\",\"position\":2,\"name\":\"Escola de Samba\"}]},{\"@type\":\"WebSite\",\"@id\":\"https:\\\/\\\/salesianossp.org.br\\\/ositaquera\\\/#website\",\"url\":\"https:\\\/\\\/salesianossp.org.br\\\/ositaquera\\\/\",\"name\":\"Obra Social Dom Bosco\",\"description\":\"\",\"publisher\":{\"@id\":\"https:\\\/\\\/salesianossp.org.br\\\/ositaquera\\\/#organization\"},\"potentialAction\":[{\"@type\":\"SearchAction\",\"target\":{\"@type\":\"EntryPoint\",\"urlTemplate\":\"https:\\\/\\\/salesianossp.org.br\\\/ositaquera\\\/?s={search_term_string}\"},\"query-input\":{\"@type\":\"PropertyValueSpecification\",\"valueRequired\":true,\"valueName\":\"search_term_string\"}}],\"inLanguage\":\"pt-BR\"},{\"@type\":\"Organization\",\"@id\":\"https:\\\/\\\/salesianossp.org.br\\\/ositaquera\\\/#organization\",\"name\":\"Obra Social Dom Bosco\",\"url\":\"https:\\\/\\\/salesianossp.org.br\\\/ositaquera\\\/\",\"logo\":{\"@type\":\"ImageObject\",\"inLanguage\":\"pt-BR\",\"@id\":\"https:\\\/\\\/salesianossp.org.br\\\/ositaquera\\\/#\\\/schema\\\/logo\\\/image\\\/\",\"url\":\"https:\\\/\\\/salesianossp.org.br\\\/ositaquera\\\/wp-content\\\/uploads\\\/2024\\\/03\\\/logo-obra-social-dom-bosco-itaquera-h-scaled.png\",\"contentUrl\":\"https:\\\/\\\/salesianossp.org.br\\\/ositaquera\\\/wp-content\\\/uploads\\\/2024\\\/03\\\/logo-obra-social-dom-bosco-itaquera-h-scaled.png\",\"width\":2560,\"height\":672,\"caption\":\"Obra Social Dom Bosco\"},\"image\":{\"@id\":\"https:\\\/\\\/salesianossp.org.br\\\/ositaquera\\\/#\\\/schema\\\/logo\\\/image\\\/\"},\"sameAs\":[\"https:\\\/\\\/www.facebook.com\\\/domboscoitaquera\",\"https:\\\/\\\/br.linkedin.com\\\/company\\\/domboscoitaquera\",\"https:\\\/\\\/www.youtube.com\\\/channel\\\/UCMIUZW8mqlpEbP7Dy02veOw\",\"https:\\\/\\\/www.instagram.com\\\/obradombosco\\\/\"]}]}<\/script>\n<!-- \/ Yoast SEO plugin. -->","yoast_head_json":{"title":"Escola de Samba - Obra Social Dom Bosco","robots":{"index":"index","follow":"follow","max-snippet":"max-snippet:-1","max-image-preview":"max-image-preview:large","max-video-preview":"max-video-preview:-1"},"canonical":"https:\/\/salesianossp.org.br\/ositaquera\/escola-de-samba\/","og_locale":"pt_BR","og_type":"article","og_title":"Escola de Samba - Obra Social Dom Bosco","og_description":"Home Escola de Samba Dom Bosco de Itaquera Nascida do sonho do seu idealizador Padre Rosalvino Mor\u00e1n Vi\u00f1ayo, o Gr\u00eamio Recreativo Cultural Escola de Samba Dom Bosco surgiu no ano 2000 com a inten\u00e7\u00e3o de resgatar a juventude de Itaquera e regi\u00e3o, apresentando atividades que fossem de seu interesse.\u2028 A Dom Bosco est\u00e1 no Grupo [&hellip;]","og_url":"https:\/\/salesianossp.org.br\/ositaquera\/escola-de-samba\/","og_site_name":"Obra Social Dom Bosco","article_publisher":"https:\/\/www.facebook.com\/domboscoitaquera","article_modified_time":"2025-12-01T20:55:03+00:00","og_image":[{"width":616,"height":592,"url":"https:\/\/salesianossp.org.br\/ositaquera\/wp-content\/uploads\/2025\/10\/img_pb_escola_samba.webp","type":"image\/webp"}],"twitter_card":"summary_large_image","twitter_misc":{"Est. tempo de leitura":"2 minutos"},"schema":{"@context":"https:\/\/schema.org","@graph":[{"@type":"WebPage","@id":"https:\/\/salesianossp.org.br\/ositaquera\/escola-de-samba\/","url":"https:\/\/salesianossp.org.br\/ositaquera\/escola-de-samba\/","name":"Escola de Samba - Obra Social Dom Bosco","isPartOf":{"@id":"https:\/\/salesianossp.org.br\/ositaquera\/#website"},"primaryImageOfPage":{"@id":"https:\/\/salesianossp.org.br\/ositaquera\/escola-de-samba\/#primaryimage"},"image":{"@id":"https:\/\/salesianossp.org.br\/ositaquera\/escola-de-samba\/#primaryimage"},"thumbnailUrl":"https:\/\/salesianossp.org.br\/ositaquera\/wp-content\/uploads\/2025\/10\/img_pb_escola_samba.webp","datePublished":"2025-10-29T01:02:55+00:00","dateModified":"2025-12-01T20:55:03+00:00","breadcrumb":{"@id":"https:\/\/salesianossp.org.br\/ositaquera\/escola-de-samba\/#breadcrumb"},"inLanguage":"pt-BR","potentialAction":[{"@type":"ReadAction","target":["https:\/\/salesianossp.org.br\/ositaquera\/escola-de-samba\/"]}]},{"@type":"ImageObject","inLanguage":"pt-BR","@id":"https:\/\/salesianossp.org.br\/ositaquera\/escola-de-samba\/#primaryimage","url":"https:\/\/salesianossp.org.br\/ositaquera\/wp-content\/uploads\/2025\/10\/img_pb_escola_samba.webp","contentUrl":"https:\/\/salesianossp.org.br\/ositaquera\/wp-content\/uploads\/2025\/10\/img_pb_escola_samba.webp","width":616,"height":592},{"@type":"BreadcrumbList","@id":"https:\/\/salesianossp.org.br\/ositaquera\/escola-de-samba\/#breadcrumb","itemListElement":[{"@type":"ListItem","position":1,"name":"In\u00edcio","item":"https:\/\/salesianossp.org.br\/ositaquera\/"},{"@type":"ListItem","position":2,"name":"Escola de Samba"}]},{"@type":"WebSite","@id":"https:\/\/salesianossp.org.br\/ositaquera\/#website","url":"https:\/\/salesianossp.org.br\/ositaquera\/","name":"Obra Social Dom Bosco","description":"","publisher":{"@id":"https:\/\/salesianossp.org.br\/ositaquera\/#organization"},"potentialAction":[{"@type":"SearchAction","target":{"@type":"EntryPoint","urlTemplate":"https:\/\/salesianossp.org.br\/ositaquera\/?s={search_term_string}"},"query-input":{"@type":"PropertyValueSpecification","valueRequired":true,"valueName":"search_term_string"}}],"inLanguage":"pt-BR"},{"@type":"Organization","@id":"https:\/\/salesianossp.org.br\/ositaquera\/#organization","name":"Obra Social Dom Bosco","url":"https:\/\/salesianossp.org.br\/ositaquera\/","logo":{"@type":"ImageObject","inLanguage":"pt-BR","@id":"https:\/\/salesianossp.org.br\/ositaquera\/#\/schema\/logo\/image\/","url":"https:\/\/salesianossp.org.br\/ositaquera\/wp-content\/uploads\/2024\/03\/logo-obra-social-dom-bosco-itaquera-h-scaled.png","contentUrl":"https:\/\/salesianossp.org.br\/ositaquera\/wp-content\/uploads\/2024\/03\/logo-obra-social-dom-bosco-itaquera-h-scaled.png","width":2560,"height":672,"caption":"Obra Social Dom Bosco"},"image":{"@id":"https:\/\/salesianossp.org.br\/ositaquera\/#\/schema\/logo\/image\/"},"sameAs":["https:\/\/www.facebook.com\/domboscoitaquera","https:\/\/br.linkedin.com\/company\/domboscoitaquera","https:\/\/www.youtube.com\/channel\/UCMIUZW8mqlpEbP7Dy02veOw","https:\/\/www.instagram.com\/obradombosco\/"]}]}},"_links":{"self":[{"href":"https:\/\/salesianossp.org.br\/ositaquera\/wp-json\/wp\/v2\/pages\/117544","targetHints":{"allow":["GET"]}}],"collection":[{"href":"https:\/\/salesianossp.org.br\/ositaquera\/wp-json\/wp\/v2\/pages"}],"about":[{"href":"https:\/\/salesianossp.org.br\/ositaquera\/wp-json\/wp\/v2\/types\/page"}],"author":[{"embeddable":true,"href":"https:\/\/salesianossp.org.br\/ositaquera\/wp-json\/wp\/v2\/users\/28"}],"replies":[{"embeddable":true,"href":"https:\/\/salesianossp.org.br\/ositaquera\/wp-json\/wp\/v2\/comments?post=117544"}],"version-history":[{"count":13,"href":"https:\/\/salesianossp.org.br\/ositaquera\/wp-json\/wp\/v2\/pages\/117544\/revisions"}],"predecessor-version":[{"id":117789,"href":"https:\/\/salesianossp.org.br\/ositaquera\/wp-json\/wp\/v2\/pages\/117544\/revisions\/117789"}],"wp:attachment":[{"href":"https:\/\/salesianossp.org.br\/ositaquera\/wp-json\/wp\/v2\/media?parent=117544"}],"curies":[{"name":"wp","href":"https:\/\/api.w.org\/{rel}","templated":true}]}}