{"id":24,"date":"2020-04-06T14:37:10","date_gmt":"2020-04-06T14:37:10","guid":{"rendered":"https:\/\/themes.muffingroup.com\/be\/politics2\/?page_id=24"},"modified":"2024-05-13T10:04:06","modified_gmt":"2024-05-13T13:04:06","slug":"servicos-e-projetos","status":"publish","type":"page","link":"https:\/\/salesianossp.org.br\/oslapa\/servicos-e-projetos\/","title":{"rendered":"Servi\u00e7os e Projetos"},"content":{"rendered":"\t\t<div data-elementor-type=\"wp-page\" data-elementor-id=\"24\" class=\"elementor elementor-24\" data-elementor-post-type=\"page\">\n\t\t\t\t\t\t<section class=\"elementor-section elementor-top-section elementor-element elementor-element-e10d818 elementor-section-boxed elementor-section-height-default elementor-section-height-default\" data-id=\"e10d818\" data-element_type=\"section\" data-e-type=\"section\">\n\t\t\t\t\t\t<div class=\"elementor-container elementor-column-gap-default\">\n\t\t\t\t\t<div class=\"elementor-column elementor-col-100 elementor-top-column elementor-element elementor-element-4cd315e\" data-id=\"4cd315e\" data-element_type=\"column\" data-e-type=\"column\">\n\t\t\t<div class=\"elementor-widget-wrap elementor-element-populated\">\n\t\t\t\t\t\t<div class=\"elementor-element elementor-element-7fad99a elementor-widget elementor-widget-spacer\" data-id=\"7fad99a\" data-element_type=\"widget\" data-e-type=\"widget\" data-widget_type=\"spacer.default\">\n\t\t\t\t<div class=\"elementor-widget-container\">\n\t\t\t\t\t\t\t<div class=\"elementor-spacer\">\n\t\t\t<div class=\"elementor-spacer-inner\"><\/div>\n\t\t<\/div>\n\t\t\t\t\t\t<\/div>\n\t\t\t\t<\/div>\n\t\t\t\t<div class=\"elementor-element elementor-element-6281239 elementor-widget elementor-widget-heading\" data-id=\"6281239\" data-element_type=\"widget\" data-e-type=\"widget\" data-widget_type=\"heading.default\">\n\t\t\t\t<div class=\"elementor-widget-container\">\n\t\t\t\t\t<h2 class=\"elementor-heading-title elementor-size-default\">Servi\u00e7os e Projetos<\/h2>\t\t\t\t<\/div>\n\t\t\t\t<\/div>\n\t\t\t\t<div class=\"elementor-element elementor-element-5165a33 elementor-widget elementor-widget-spacer\" data-id=\"5165a33\" data-element_type=\"widget\" data-e-type=\"widget\" data-widget_type=\"spacer.default\">\n\t\t\t\t<div class=\"elementor-widget-container\">\n\t\t\t\t\t\t\t<div class=\"elementor-spacer\">\n\t\t\t<div class=\"elementor-spacer-inner\"><\/div>\n\t\t<\/div>\n\t\t\t\t\t\t<\/div>\n\t\t\t\t<\/div>\n\t\t\t\t\t<\/div>\n\t\t<\/div>\n\t\t\t\t\t<\/div>\n\t\t<\/section>\n\t\t\t\t<section class=\"elementor-section elementor-top-section elementor-element elementor-element-2e67edf elementor-section-boxed elementor-section-height-default elementor-section-height-default\" data-id=\"2e67edf\" data-element_type=\"section\" data-e-type=\"section\">\n\t\t\t\t\t\t<div class=\"elementor-container elementor-column-gap-default\">\n\t\t\t\t\t<div class=\"elementor-column elementor-col-50 elementor-top-column elementor-element elementor-element-4b18241\" data-id=\"4b18241\" data-element_type=\"column\" data-e-type=\"column\">\n\t\t\t<div class=\"elementor-widget-wrap elementor-element-populated\">\n\t\t\t\t\t\t<div class=\"elementor-element elementor-element-cc0aa2a elementor-widget elementor-widget-image\" data-id=\"cc0aa2a\" data-element_type=\"widget\" data-e-type=\"widget\" data-widget_type=\"image.default\">\n\t\t\t\t<div class=\"elementor-widget-container\">\n\t\t\t\t\t\t\t\t\t\t\t\t\t\t\t<img fetchpriority=\"high\" decoding=\"async\" width=\"1024\" height=\"682\" src=\"https:\/\/salesianossp.org.br\/oslapa\/wp-content\/uploads\/2021\/10\/CCA-1-1024x682.jpg\" class=\"attachment-large size-large wp-image-1801\" alt=\"\" srcset=\"https:\/\/salesianossp.org.br\/oslapa\/wp-content\/uploads\/2021\/10\/CCA-1-1024x682.jpg 1024w, https:\/\/salesianossp.org.br\/oslapa\/wp-content\/uploads\/2021\/10\/CCA-1-300x200.jpg 300w, https:\/\/salesianossp.org.br\/oslapa\/wp-content\/uploads\/2021\/10\/CCA-1-768x512.jpg 768w, https:\/\/salesianossp.org.br\/oslapa\/wp-content\/uploads\/2021\/10\/CCA-1-219x146.jpg 219w, https:\/\/salesianossp.org.br\/oslapa\/wp-content\/uploads\/2021\/10\/CCA-1-50x33.jpg 50w, https:\/\/salesianossp.org.br\/oslapa\/wp-content\/uploads\/2021\/10\/CCA-1-113x75.jpg 113w, https:\/\/salesianossp.org.br\/oslapa\/wp-content\/uploads\/2021\/10\/CCA-1.jpg 1037w\" sizes=\"(max-width:767px) 480px, (max-width:1024px) 100vw, 1024px\" \/>\t\t\t\t\t\t\t\t\t\t\t\t\t\t\t<\/div>\n\t\t\t\t<\/div>\n\t\t\t\t<div class=\"elementor-element elementor-element-fb086c6 elementor-widget elementor-widget-text-editor\" data-id=\"fb086c6\" data-element_type=\"widget\" data-e-type=\"widget\" data-widget_type=\"text-editor.default\">\n\t\t\t\t<div class=\"elementor-widget-container\">\n\t\t\t\t\t\t\t\t\t<ul><li><span style=\"font-weight: 400;\">240 crian\u00e7as e adolescentes atendidos diariamente<\/span><\/li><li><span style=\"font-weight: 400;\">Idade: 6 a 14 e 11 meses<\/span><\/li><\/ul>\t\t\t\t\t\t\t\t<\/div>\n\t\t\t\t<\/div>\n\t\t\t\t\t<\/div>\n\t\t<\/div>\n\t\t\t\t<div class=\"elementor-column elementor-col-50 elementor-top-column elementor-element elementor-element-9ba41df\" data-id=\"9ba41df\" data-element_type=\"column\" data-e-type=\"column\">\n\t\t\t<div class=\"elementor-widget-wrap elementor-element-populated\">\n\t\t\t\t\t\t<div class=\"elementor-element elementor-element-387ac73 elementor-widget elementor-widget-heading\" data-id=\"387ac73\" data-element_type=\"widget\" data-e-type=\"widget\" data-widget_type=\"heading.default\">\n\t\t\t\t<div class=\"elementor-widget-container\">\n\t\t\t\t\t<h2 class=\"elementor-heading-title elementor-size-xl\">Centro para Crian\u00e7as e Adolescentes (CCA)<\/h2>\t\t\t\t<\/div>\n\t\t\t\t<\/div>\n\t\t\t\t<div class=\"elementor-element elementor-element-c75544a elementor-widget__width-initial elementor-widget elementor-widget-text-editor\" data-id=\"c75544a\" data-element_type=\"widget\" data-e-type=\"widget\" data-widget_type=\"text-editor.default\">\n\t\t\t\t<div class=\"elementor-widget-container\">\n\t\t\t\t\t\t\t\t\t<p>O Centro para Crian\u00e7as e adolescentes (CCA) \u00e9 um espa\u00e7o de conviv\u00eancia e fortalecimento de v\u00ednculos familiares e comunit\u00e1rios, que por meio de atividades l\u00fadicas, art\u00edsticas, esportivas e de forma\u00e7\u00e3o humana, busca oferecer prote\u00e7\u00e3o social \u00e0 crian\u00e7a e ao adolescente de 6 a 14 anos e 11 meses, desenvolvendo suas potencialidades, bem como favorecendo aquisi\u00e7\u00f5es para a conquista da autonomia, protagonismo e cidadania.<\/p><p>Fa\u00e7a sua pr\u00e9-inscri\u00e7\u00e3o para o CCA do Centro Juvenil Dom Bosco no link abaixo:\u00a0<\/p><p><a style=\"letter-spacing: 0px;\" href=\"https:\/\/forms.gle\/EUktmXGkVWunBuGM7\" target=\"_blank\" rel=\"noopener\">Pr\u00e9-inscri\u00e7\u00e3o CCA<\/a><\/p><p><span style=\"letter-spacing: 0px;\">Mais informa\u00e7\u00f5es :\u00a0<\/span><\/p><p><a style=\"letter-spacing: 0px;\" href=\"https:\/\/api.whatsapp.com\/send?phone=5511987050215\" target=\"_blank\" rel=\"noopener\">(11) 98705-0215<\/a><span style=\"letter-spacing: 0px;\"> (Therezinha ou Luana).<\/span><\/p>\t\t\t\t\t\t\t\t<\/div>\n\t\t\t\t<\/div>\n\t\t\t\t\t<\/div>\n\t\t<\/div>\n\t\t\t\t\t<\/div>\n\t\t<\/section>\n\t\t\t\t<section class=\"elementor-section elementor-top-section elementor-element elementor-element-3c61155 elementor-section-boxed elementor-section-height-default elementor-section-height-default\" data-id=\"3c61155\" data-element_type=\"section\" data-e-type=\"section\">\n\t\t\t\t\t\t<div class=\"elementor-container elementor-column-gap-default\">\n\t\t\t\t\t<div class=\"elementor-column elementor-col-50 elementor-top-column elementor-element elementor-element-87520ba\" data-id=\"87520ba\" data-element_type=\"column\" data-e-type=\"column\">\n\t\t\t<div class=\"elementor-widget-wrap elementor-element-populated\">\n\t\t\t\t\t\t<div class=\"elementor-element elementor-element-8fc4f72 elementor-widget elementor-widget-heading\" data-id=\"8fc4f72\" data-element_type=\"widget\" data-e-type=\"widget\" data-widget_type=\"heading.default\">\n\t\t\t\t<div class=\"elementor-widget-container\">\n\t\t\t\t\t<h2 class=\"elementor-heading-title elementor-size-xl\">Centro de Desenvolvimento Social e Produtivo (CEDESP)<\/h2>\t\t\t\t<\/div>\n\t\t\t\t<\/div>\n\t\t\t\t<div class=\"elementor-element elementor-element-9b11ca0 elementor-widget elementor-widget-text-editor\" data-id=\"9b11ca0\" data-element_type=\"widget\" data-e-type=\"widget\" data-widget_type=\"text-editor.default\">\n\t\t\t\t<div class=\"elementor-widget-container\">\n\t\t\t\t\t\t\t\t\t<p><span style=\"font-weight: 400;\">Os cursos de qualifica\u00e7\u00e3o profissional, aliados \u00e0s oficinas de mundo do trabalho e forma\u00e7\u00e3o humana, buscam estimular a autonomia e desenvolver o protagonismo, o di\u00e1logo e o fortalecimento de v\u00ednculos sociais e familiares, atrav\u00e9s das experi\u00eancias e a\u00e7\u00f5es de um projeto que orienta a trajet\u00f3ria de cada ser humano na vida pessoal e profissional, via inser\u00e7\u00e3o de projeto de vida e ao mercado de trabalho.<\/span><\/p>\t\t\t\t\t\t\t\t<\/div>\n\t\t\t\t<\/div>\n\t\t\t\t\t<\/div>\n\t\t<\/div>\n\t\t\t\t<div class=\"elementor-column elementor-col-50 elementor-top-column elementor-element elementor-element-5436bc6\" data-id=\"5436bc6\" data-element_type=\"column\" data-e-type=\"column\">\n\t\t\t<div class=\"elementor-widget-wrap elementor-element-populated\">\n\t\t\t\t\t\t<div class=\"elementor-element elementor-element-c8ebd14 elementor-widget elementor-widget-image\" data-id=\"c8ebd14\" data-element_type=\"widget\" data-e-type=\"widget\" data-widget_type=\"image.default\">\n\t\t\t\t<div class=\"elementor-widget-container\">\n\t\t\t\t\t\t\t\t\t\t\t\t\t\t\t<img decoding=\"async\" width=\"1364\" height=\"408\" src=\"https:\/\/salesianossp.org.br\/oslapa\/wp-content\/uploads\/2024\/05\/Banner-Inscricoes-CEDESP.png\" class=\"attachment-full size-full wp-image-8599\" alt=\"\" srcset=\"https:\/\/salesianossp.org.br\/oslapa\/wp-content\/uploads\/2024\/05\/Banner-Inscricoes-CEDESP.png 1364w, https:\/\/salesianossp.org.br\/oslapa\/wp-content\/uploads\/2024\/05\/Banner-Inscricoes-CEDESP-300x90.png 300w, https:\/\/salesianossp.org.br\/oslapa\/wp-content\/uploads\/2024\/05\/Banner-Inscricoes-CEDESP-1024x306.png 1024w, https:\/\/salesianossp.org.br\/oslapa\/wp-content\/uploads\/2024\/05\/Banner-Inscricoes-CEDESP-768x230.png 768w, https:\/\/salesianossp.org.br\/oslapa\/wp-content\/uploads\/2024\/05\/Banner-Inscricoes-CEDESP-150x45.png 150w, https:\/\/salesianossp.org.br\/oslapa\/wp-content\/uploads\/2024\/05\/Banner-Inscricoes-CEDESP-480x144.png 480w\" sizes=\"(max-width:767px) 480px, (max-width:1364px) 100vw, 1364px\" \/>\t\t\t\t\t\t\t\t\t\t\t\t\t\t\t<\/div>\n\t\t\t\t<\/div>\n\t\t\t\t<div class=\"elementor-element elementor-element-0d2a5e0 elementor-widget__width-initial elementor-widget elementor-widget-text-editor\" data-id=\"0d2a5e0\" data-element_type=\"widget\" data-e-type=\"widget\" data-widget_type=\"text-editor.default\">\n\t\t\t\t<div class=\"elementor-widget-container\">\n\t\t\t\t\t\t\t\t\t<ul><li><span style=\"font-weight: 400;\">160 adolescentes, jovens e adultos atendidos diariamente<\/span><\/li><li><span style=\"font-weight: 400;\">Idade: de 15 a 59 anos<\/span><\/li><\/ul><div><p>As Inscri\u00e7\u00f5es para os Cursos Profissionalizantes do CEDESP (2\u00b0 semestre de 2024), ter\u00e3o in\u00edcio em maio de 2024<\/p><\/div>\t\t\t\t\t\t\t\t<\/div>\n\t\t\t\t<\/div>\n\t\t\t\t<div class=\"elementor-element elementor-element-d6ec505 elementor-widget elementor-widget-text-editor\" data-id=\"d6ec505\" data-element_type=\"widget\" data-e-type=\"widget\" data-widget_type=\"text-editor.default\">\n\t\t\t\t<div class=\"elementor-widget-container\">\n\t\t\t\t\t\t\t\t\t<p>Mais informa\u00e7\u00f5es:<\/p><p><a href=\"https:\/\/api.whatsapp.com\/send?phone=5511987050217\" target=\"_blank\" rel=\"noopener\">(11) 98705-0217<\/a>\u00a0(Everton ou Paloma)<\/p>\t\t\t\t\t\t\t\t<\/div>\n\t\t\t\t<\/div>\n\t\t\t\t\t<\/div>\n\t\t<\/div>\n\t\t\t\t\t<\/div>\n\t\t<\/section>\n\t\t\t\t<section class=\"elementor-section elementor-top-section elementor-element elementor-element-6d99fbb elementor-section-boxed elementor-section-height-default elementor-section-height-default\" data-id=\"6d99fbb\" data-element_type=\"section\" data-e-type=\"section\">\n\t\t\t\t\t\t<div class=\"elementor-container elementor-column-gap-default\">\n\t\t\t\t\t<div class=\"elementor-column elementor-col-50 elementor-top-column elementor-element elementor-element-ebd012c\" data-id=\"ebd012c\" data-element_type=\"column\" data-e-type=\"column\">\n\t\t\t<div class=\"elementor-widget-wrap elementor-element-populated\">\n\t\t\t\t\t\t<div class=\"elementor-element elementor-element-06aecb0 elementor-widget elementor-widget-image\" data-id=\"06aecb0\" data-element_type=\"widget\" data-e-type=\"widget\" data-widget_type=\"image.default\">\n\t\t\t\t<div class=\"elementor-widget-container\">\n\t\t\t\t\t\t\t\t\t\t\t\t\t\t\t<img decoding=\"async\" width=\"730\" height=\"1024\" src=\"https:\/\/salesianossp.org.br\/oslapa\/wp-content\/uploads\/2022\/04\/5-motivos-para-se-contratar-um-jovem-aprendiz-730x1024.png\" class=\"attachment-large size-large wp-image-2008\" alt=\"\" srcset=\"https:\/\/salesianossp.org.br\/oslapa\/wp-content\/uploads\/2022\/04\/5-motivos-para-se-contratar-um-jovem-aprendiz-730x1024.png 730w, https:\/\/salesianossp.org.br\/oslapa\/wp-content\/uploads\/2022\/04\/5-motivos-para-se-contratar-um-jovem-aprendiz-214x300.png 214w, https:\/\/salesianossp.org.br\/oslapa\/wp-content\/uploads\/2022\/04\/5-motivos-para-se-contratar-um-jovem-aprendiz-768x1077.png 768w, https:\/\/salesianossp.org.br\/oslapa\/wp-content\/uploads\/2022\/04\/5-motivos-para-se-contratar-um-jovem-aprendiz-1095x1536.png 1095w, https:\/\/salesianossp.org.br\/oslapa\/wp-content\/uploads\/2022\/04\/5-motivos-para-se-contratar-um-jovem-aprendiz-1460x2048.png 1460w, https:\/\/salesianossp.org.br\/oslapa\/wp-content\/uploads\/2022\/04\/5-motivos-para-se-contratar-um-jovem-aprendiz-104x146.png 104w, https:\/\/salesianossp.org.br\/oslapa\/wp-content\/uploads\/2022\/04\/5-motivos-para-se-contratar-um-jovem-aprendiz-36x50.png 36w, https:\/\/salesianossp.org.br\/oslapa\/wp-content\/uploads\/2022\/04\/5-motivos-para-se-contratar-um-jovem-aprendiz-53x75.png 53w\" sizes=\"(max-width:767px) 480px, 730px\" \/>\t\t\t\t\t\t\t\t\t\t\t\t\t\t\t<\/div>\n\t\t\t\t<\/div>\n\t\t\t\t\t<\/div>\n\t\t<\/div>\n\t\t\t\t<div class=\"elementor-column elementor-col-50 elementor-top-column elementor-element elementor-element-ed8c0c9\" data-id=\"ed8c0c9\" data-element_type=\"column\" data-e-type=\"column\">\n\t\t\t<div class=\"elementor-widget-wrap elementor-element-populated\">\n\t\t\t\t\t\t<div class=\"elementor-element elementor-element-334c04f elementor-widget elementor-widget-heading\" data-id=\"334c04f\" data-element_type=\"widget\" data-e-type=\"widget\" data-widget_type=\"heading.default\">\n\t\t\t\t<div class=\"elementor-widget-container\">\n\t\t\t\t\t<h2 class=\"elementor-heading-title elementor-size-xl\">Programa Jovem Aprendiz<\/h2>\t\t\t\t<\/div>\n\t\t\t\t<\/div>\n\t\t\t\t<div class=\"elementor-element elementor-element-3f5dbaf elementor-widget elementor-widget-text-editor\" data-id=\"3f5dbaf\" data-element_type=\"widget\" data-e-type=\"widget\" data-widget_type=\"text-editor.default\">\n\t\t\t\t<div class=\"elementor-widget-container\">\n\t\t\t\t\t\t\t\t\t<p><span style=\"font-weight: 400;\">O Programa Jovem Aprendiz oferece aos jovens a oportunidade da conquista do t\u00e3o sonhado primeiro emprego. Os aprendizes trabalham durante 4 dias da semana na empresa e em 1 dia participam de atividades formativas no Centro Juvenil. As empresas, que acreditam no potencial dos jovens, desenvolvem uma parceria fundamental para o seu crescimento humano e profissional.<br \/><\/span><span style=\"font-weight: 400;\">O Jovem Aprendiz Salesiano \u00e9 diferenciado no mercado de trabalho! Com o trabalho formativo t\u00e9cnico e de valores humanos, desenvolvido no Centro Juvenil, as empresas contam com profissionais especialmente qualificados.<\/span><\/p><p><span style=\"font-weight: 400;\">Seja um parceiro da nossa institui\u00e7\u00e3o e nos ajude a formar jovens em busca de sua primeira oportunidade de emprego.<br \/><\/span><\/p><p><span style=\"font-weight: 400;\">Seja um Jovem Aprendiz Salesiano, inscreva-se em nosso programa de aprendizagem, <a href=\"https:\/\/forms.gle\/meSghxiTj3jKvcYh8\" target=\"_blank\" rel=\"noopener\">clique aqui<\/a><br \/><\/span><\/p>\t\t\t\t\t\t\t\t<\/div>\n\t\t\t\t<\/div>\n\t\t\t\t\t<\/div>\n\t\t<\/div>\n\t\t\t\t\t<\/div>\n\t\t<\/section>\n\t\t\t\t<section class=\"elementor-section elementor-top-section elementor-element elementor-element-e764cf9 elementor-section-boxed elementor-section-height-default elementor-section-height-default\" data-id=\"e764cf9\" data-element_type=\"section\" data-e-type=\"section\">\n\t\t\t\t\t\t<div class=\"elementor-container elementor-column-gap-default\">\n\t\t\t\t\t<div class=\"elementor-column elementor-col-100 elementor-top-column elementor-element elementor-element-9367779\" data-id=\"9367779\" data-element_type=\"column\" data-e-type=\"column\">\n\t\t\t<div class=\"elementor-widget-wrap elementor-element-populated\">\n\t\t\t\t\t\t<div class=\"elementor-element elementor-element-291c1eb elementor-widget elementor-widget-text-editor\" data-id=\"291c1eb\" data-element_type=\"widget\" data-e-type=\"widget\" data-widget_type=\"text-editor.default\">\n\t\t\t\t<div class=\"elementor-widget-container\">\n\t\t\t\t\t\t\t\t\t<p>Para mais informa\u00e7\u00f5es, basta entrar em contato atrav\u00e9s do e-mail: <a href=\"mailto:aprendizagem@cjdombosco.org.br\" target=\"_blank\" rel=\"noopener\">aprendizagem@cjdombosco.org.br<\/a> ou<br \/><a href=\"https:\/\/api.whatsapp.com\/send?phone=5511991901730&amp;tittle=Centro%20Juvenil%20de%20Salesiano%20Dom%20Bosco\" target=\"_blank\" rel=\"noopener\">(11) 99190-1730<\/a> (Fabiana Cordeiro).<\/p>\t\t\t\t\t\t\t\t<\/div>\n\t\t\t\t<\/div>\n\t\t\t\t\t<\/div>\n\t\t<\/div>\n\t\t\t\t\t<\/div>\n\t\t<\/section>\n\t\t\t\t<section class=\"elementor-section elementor-top-section elementor-element elementor-element-755e8a6 elementor-section-boxed elementor-section-height-default elementor-section-height-default\" data-id=\"755e8a6\" data-element_type=\"section\" data-e-type=\"section\">\n\t\t\t\t\t\t<div class=\"elementor-container elementor-column-gap-default\">\n\t\t\t\t\t<div class=\"elementor-column elementor-col-100 elementor-top-column elementor-element elementor-element-11b0c81\" data-id=\"11b0c81\" data-element_type=\"column\" data-e-type=\"column\">\n\t\t\t<div class=\"elementor-widget-wrap elementor-element-populated\">\n\t\t\t\t\t\t<div class=\"elementor-element elementor-element-e1d6910 elementor-widget elementor-widget-spacer\" data-id=\"e1d6910\" data-element_type=\"widget\" data-e-type=\"widget\" data-widget_type=\"spacer.default\">\n\t\t\t\t<div class=\"elementor-widget-container\">\n\t\t\t\t\t\t\t<div class=\"elementor-spacer\">\n\t\t\t<div class=\"elementor-spacer-inner\"><\/div>\n\t\t<\/div>\n\t\t\t\t\t\t<\/div>\n\t\t\t\t<\/div>\n\t\t\t\t\t<\/div>\n\t\t<\/div>\n\t\t\t\t\t<\/div>\n\t\t<\/section>\n\t\t\t\t<\/div>\n\t\t","protected":false},"excerpt":{"rendered":"<p>Servi\u00e7os e Projetos 240 crian\u00e7as e adolescentes atendidos diariamente Idade: 6 a 14 e 11 meses Centro para Crian\u00e7as e Adolescentes (CCA) O Centro para Crian\u00e7as<span class=\"excerpt-hellip\"> [\u2026]<\/span><\/p>\n","protected":false},"author":93,"featured_media":0,"parent":0,"menu_order":0,"comment_status":"closed","ping_status":"closed","template":"","meta":{"footnotes":""},"class_list":["post-24","page","type-page","status-publish","hentry"],"_links":{"self":[{"href":"https:\/\/salesianossp.org.br\/oslapa\/wp-json\/wp\/v2\/pages\/24","targetHints":{"allow":["GET"]}}],"collection":[{"href":"https:\/\/salesianossp.org.br\/oslapa\/wp-json\/wp\/v2\/pages"}],"about":[{"href":"https:\/\/salesianossp.org.br\/oslapa\/wp-json\/wp\/v2\/types\/page"}],"author":[{"embeddable":true,"href":"https:\/\/salesianossp.org.br\/oslapa\/wp-json\/wp\/v2\/users\/93"}],"replies":[{"embeddable":true,"href":"https:\/\/salesianossp.org.br\/oslapa\/wp-json\/wp\/v2\/comments?post=24"}],"version-history":[{"count":134,"href":"https:\/\/salesianossp.org.br\/oslapa\/wp-json\/wp\/v2\/pages\/24\/revisions"}],"predecessor-version":[{"id":8602,"href":"https:\/\/salesianossp.org.br\/oslapa\/wp-json\/wp\/v2\/pages\/24\/revisions\/8602"}],"wp:attachment":[{"href":"https:\/\/salesianossp.org.br\/oslapa\/wp-json\/wp\/v2\/media?parent=24"}],"curies":[{"name":"wp","href":"https:\/\/api.w.org\/{rel}","templated":true}]}}