{"id":3161,"date":"2022-10-06T10:31:41","date_gmt":"2022-10-06T13:31:41","guid":{"rendered":"https:\/\/salesianossp.org.br\/oslapa\/?page_id=3161"},"modified":"2024-03-20T09:00:39","modified_gmt":"2024-03-20T12:00:39","slug":"transparencia-2","status":"publish","type":"page","link":"https:\/\/salesianossp.org.br\/oslapa\/transparencia-2\/","title":{"rendered":"Transpar\u00eancia 2"},"content":{"rendered":"\t\t<div data-elementor-type=\"wp-page\" data-elementor-id=\"3161\" class=\"elementor elementor-3161\" data-elementor-post-type=\"page\">\n\t\t\t\t\t\t<section class=\"elementor-section elementor-top-section elementor-element elementor-element-71418c1 elementor-section-boxed elementor-section-height-default elementor-section-height-default\" data-id=\"71418c1\" data-element_type=\"section\" data-e-type=\"section\">\n\t\t\t\t\t\t<div class=\"elementor-container elementor-column-gap-default\">\n\t\t\t\t\t<div class=\"elementor-column elementor-col-100 elementor-top-column elementor-element elementor-element-4ade5a9\" data-id=\"4ade5a9\" data-element_type=\"column\" data-e-type=\"column\">\n\t\t\t<div class=\"elementor-widget-wrap elementor-element-populated\">\n\t\t\t\t\t\t<div class=\"elementor-element elementor-element-3fc4b65 elementor-widget elementor-widget-image\" data-id=\"3fc4b65\" data-element_type=\"widget\" data-e-type=\"widget\" data-widget_type=\"image.default\">\n\t\t\t\t<div class=\"elementor-widget-container\">\n\t\t\t\t\t\t\t\t\t\t\t\t\t\t\t<img fetchpriority=\"high\" decoding=\"async\" width=\"1024\" height=\"395\" src=\"https:\/\/salesianossp.org.br\/oslapa\/wp-content\/uploads\/2024\/03\/transptopo-1536x592-1-1024x395.jpeg\" class=\"attachment-large size-large wp-image-7825\" alt=\"\" srcset=\"https:\/\/salesianossp.org.br\/oslapa\/wp-content\/uploads\/2024\/03\/transptopo-1536x592-1-1024x395.jpeg 1024w, https:\/\/salesianossp.org.br\/oslapa\/wp-content\/uploads\/2024\/03\/transptopo-1536x592-1-300x116.jpeg 300w, https:\/\/salesianossp.org.br\/oslapa\/wp-content\/uploads\/2024\/03\/transptopo-1536x592-1-768x296.jpeg 768w, https:\/\/salesianossp.org.br\/oslapa\/wp-content\/uploads\/2024\/03\/transptopo-1536x592-1-150x58.jpeg 150w, https:\/\/salesianossp.org.br\/oslapa\/wp-content\/uploads\/2024\/03\/transptopo-1536x592-1-480x185.jpeg 480w, https:\/\/salesianossp.org.br\/oslapa\/wp-content\/uploads\/2024\/03\/transptopo-1536x592-1.jpeg 1536w\" sizes=\"(max-width:767px) 480px, (max-width:1024px) 100vw, 1024px\" \/>\t\t\t\t\t\t\t\t\t\t\t\t\t\t\t<\/div>\n\t\t\t\t<\/div>\n\t\t\t\t\t<\/div>\n\t\t<\/div>\n\t\t\t\t\t<\/div>\n\t\t<\/section>\n\t\t\t\t<section class=\"elementor-section elementor-top-section elementor-element elementor-element-d0280f5 elementor-section-boxed elementor-section-height-default elementor-section-height-default\" data-id=\"d0280f5\" data-element_type=\"section\" data-e-type=\"section\">\n\t\t\t\t\t\t<div class=\"elementor-container elementor-column-gap-default\">\n\t\t\t\t\t<div class=\"elementor-column elementor-col-100 elementor-top-column elementor-element elementor-element-ad91997\" data-id=\"ad91997\" data-element_type=\"column\" data-e-type=\"column\">\n\t\t\t<div class=\"elementor-widget-wrap\">\n\t\t\t\t\t\t\t<\/div>\n\t\t<\/div>\n\t\t\t\t\t<\/div>\n\t\t<\/section>\n\t\t\t\t<section class=\"elementor-section elementor-top-section elementor-element elementor-element-be0833a elementor-section-boxed elementor-section-height-default elementor-section-height-default\" data-id=\"be0833a\" data-element_type=\"section\" data-e-type=\"section\">\n\t\t\t\t\t\t<div class=\"elementor-container elementor-column-gap-default\">\n\t\t\t\t\t<div class=\"elementor-column elementor-col-100 elementor-top-column elementor-element elementor-element-1dc12b1\" data-id=\"1dc12b1\" data-element_type=\"column\" data-e-type=\"column\">\n\t\t\t<div class=\"elementor-widget-wrap elementor-element-populated\">\n\t\t\t\t\t\t<div class=\"elementor-element elementor-element-f720825 elementor-widget elementor-widget-text-editor\" data-id=\"f720825\" data-element_type=\"widget\" data-e-type=\"widget\" data-widget_type=\"text-editor.default\">\n\t\t\t\t<div class=\"elementor-widget-container\">\n\t\t\t\t\t\t\t\t\t<p>Nossos relat\u00f3rios t\u00eam como objetivo informar publicamente sobre os investimentos e as atividades realizadas a cada ano, em linha com nosso compromisso de transpar\u00eancia dos resultados e \u00e9tica em nosso trabalho.\u00a0<\/p>\t\t\t\t\t\t\t\t<\/div>\n\t\t\t\t<\/div>\n\t\t\t\t<div class=\"elementor-element elementor-element-c6a4954 elementor-widget-divider--view-line elementor-widget elementor-widget-divider\" data-id=\"c6a4954\" data-element_type=\"widget\" data-e-type=\"widget\" data-widget_type=\"divider.default\">\n\t\t\t\t<div class=\"elementor-widget-container\">\n\t\t\t\t\t\t\t<div class=\"elementor-divider\">\n\t\t\t<span class=\"elementor-divider-separator\">\n\t\t\t\t\t\t<\/span>\n\t\t<\/div>\n\t\t\t\t\t\t<\/div>\n\t\t\t\t<\/div>\n\t\t\t\t<div class=\"elementor-element elementor-element-2905af9 elementor-widget elementor-widget-heading\" data-id=\"2905af9\" data-element_type=\"widget\" data-e-type=\"widget\" data-widget_type=\"heading.default\">\n\t\t\t\t<div class=\"elementor-widget-container\">\n\t\t\t\t\t<h3 class=\"elementor-heading-title elementor-size-default\">Termos e Contratos<\/h3>\t\t\t\t<\/div>\n\t\t\t\t<\/div>\n\t\t\t\t<div class=\"elementor-element elementor-element-5295f80 elementor-widget elementor-widget-text-editor\" data-id=\"5295f80\" data-element_type=\"widget\" data-e-type=\"widget\" data-widget_type=\"text-editor.default\">\n\t\t\t\t<div class=\"elementor-widget-container\">\n\t\t\t\t\t\t\t\t\t<p style=\"font-style: normal; font-variant-ligatures: normal; font-variant-caps: normal; font-weight: 400; font-size: 18px; font-family: 'Open Sans', -apple-system, BlinkMacSystemFont, 'Segoe UI', Roboto, Oxygen-Sans, Ubuntu, Cantarell, 'Helvetica Neue', sans-serif;\">Em atendimento \u00e0&nbsp;<span style=\"font-weight: bold;\">Lei de Transpar\u00eancia, art. 2\u00ba e art. 8\u00b0, \u00a7 3\u00ba, inciso II<\/span>, o Centro Juvenil Dom Bosco disponibiliza os arquivos relativos \u00e0 presta\u00e7\u00e3o de contas referente aos recursos p\u00fablicos recebidos por meio de contrato de gest\u00e3o, termo de parceria, conv\u00eanios, acordo, ajustes ou outros instrumentos cong\u00eaneres, possibilitando a grava\u00e7\u00e3o de relat\u00f3rios em diversos formatos eletr\u00f4nicos.<\/p>\n<p style=\"font-style: normal; font-variant-ligatures: normal; font-variant-caps: normal; font-weight: 400; font-size: 18px; font-family: 'Open Sans', -apple-system, BlinkMacSystemFont, 'Segoe UI', Roboto, Oxygen-Sans, Ubuntu, Cantarell, 'Helvetica Neue', sans-serif;\">O&nbsp;<span style=\"font-family: &quot;Open Sans&quot;, -apple-system, BlinkMacSystemFont, &quot;Segoe UI&quot;, Roboto, Oxygen-Sans, Ubuntu, Cantarell, &quot;Helvetica Neue&quot;, sans-serif; font-size: 18px; font-style: normal; font-variant-ligatures: normal; font-variant-caps: normal; font-weight: 400;\">Centro Juvenil Dom Bosco<\/span>&nbsp;ressalta que se compromete com as informa\u00e7\u00f5es originais publicadas no site, que refletem os documentos originais da Entidade.&nbsp;<span style=\"font-weight: bold;\">Qualquer deturpa\u00e7\u00e3o ou modifica\u00e7\u00e3o realizadas por terceiros nestes arquivos implicar\u00e3o em falsidade ideol\u00f3gica nos termos do artigo 299 do C\u00f3digo Penal, e os infratores responder\u00e3o nos termos da Lei.<\/span><\/p>\t\t\t\t\t\t\t\t<\/div>\n\t\t\t\t<\/div>\n\t\t\t\t<div class=\"elementor-element elementor-element-94f08e3 elementor-widget elementor-widget-spacer\" data-id=\"94f08e3\" data-element_type=\"widget\" data-e-type=\"widget\" data-widget_type=\"spacer.default\">\n\t\t\t\t<div class=\"elementor-widget-container\">\n\t\t\t\t\t\t\t<div class=\"elementor-spacer\">\n\t\t\t<div class=\"elementor-spacer-inner\"><\/div>\n\t\t<\/div>\n\t\t\t\t\t\t<\/div>\n\t\t\t\t<\/div>\n\t\t\t\t\t<\/div>\n\t\t<\/div>\n\t\t\t\t\t<\/div>\n\t\t<\/section>\n\t\t\t\t<section class=\"elementor-section elementor-top-section elementor-element elementor-element-4dc6bc0 elementor-section-boxed elementor-section-height-default elementor-section-height-default\" data-id=\"4dc6bc0\" data-element_type=\"section\" data-e-type=\"section\">\n\t\t\t\t\t\t<div class=\"elementor-container elementor-column-gap-default\">\n\t\t\t\t\t<div class=\"elementor-column elementor-col-100 elementor-top-column elementor-element elementor-element-1e3c62a\" data-id=\"1e3c62a\" data-element_type=\"column\" data-e-type=\"column\">\n\t\t\t<div class=\"elementor-widget-wrap elementor-element-populated\">\n\t\t\t\t\t\t<section class=\"elementor-section elementor-inner-section elementor-element elementor-element-ad3af4d elementor-section-boxed elementor-section-height-default elementor-section-height-default\" data-id=\"ad3af4d\" data-element_type=\"section\" data-e-type=\"section\">\n\t\t\t\t\t\t<div class=\"elementor-container elementor-column-gap-default\">\n\t\t\t\t\t<div class=\"elementor-column elementor-col-50 elementor-inner-column elementor-element elementor-element-4adc267\" data-id=\"4adc267\" data-element_type=\"column\" data-e-type=\"column\">\n\t\t\t<div class=\"elementor-widget-wrap elementor-element-populated\">\n\t\t\t\t\t\t<div class=\"elementor-element elementor-element-546c3f4 elementor-widget elementor-widget-text-editor\" data-id=\"546c3f4\" data-element_type=\"widget\" data-e-type=\"widget\" data-widget_type=\"text-editor.default\">\n\t\t\t\t<div class=\"elementor-widget-container\">\n\t\t\t\t\t\t\t\t\t<h3>CEDESP<\/h3><div><p><a href=\"https:\/\/drive.google.com\/file\/d\/1L_5NQcJrhcQkz2gMl6xmlFj9H3peG3LA\/view?usp=drive_link\">&#8211; Plano de a\u00e7\u00e3o<\/a><\/p><\/div>\t\t\t\t\t\t\t\t<\/div>\n\t\t\t\t<\/div>\n\t\t\t\t\t<\/div>\n\t\t<\/div>\n\t\t\t\t<div class=\"elementor-column elementor-col-50 elementor-inner-column elementor-element elementor-element-fb0de66\" data-id=\"fb0de66\" data-element_type=\"column\" data-e-type=\"column\">\n\t\t\t<div class=\"elementor-widget-wrap elementor-element-populated\">\n\t\t\t\t\t\t<div class=\"elementor-element elementor-element-98492c8 elementor-widget elementor-widget-accordion\" data-id=\"98492c8\" data-element_type=\"widget\" data-e-type=\"widget\" data-widget_type=\"accordion.default\">\n\t\t\t\t<div class=\"elementor-widget-container\">\n\t\t\t\t\t\t\t<div class=\"elementor-accordion\">\n\t\t\t\t\t\t\t<div class=\"elementor-accordion-item\">\n\t\t\t\t\t<div id=\"elementor-tab-title-1591\" class=\"elementor-tab-title\" data-tab=\"1\" role=\"button\" aria-controls=\"elementor-tab-content-1591\" aria-expanded=\"false\">\n\t\t\t\t\t\t\t\t\t\t\t\t\t<span class=\"elementor-accordion-icon elementor-accordion-icon-left\" aria-hidden=\"true\">\n\t\t\t\t\t\t\t\t\t\t\t\t\t\t\t<span class=\"elementor-accordion-icon-closed\"><i class=\"fas fa-plus\"><\/i><\/span>\n\t\t\t\t\t\t\t\t<span class=\"elementor-accordion-icon-opened\"><i class=\"fas fa-minus\"><\/i><\/span>\n\t\t\t\t\t\t\t\t\t\t\t\t\t\t<\/span>\n\t\t\t\t\t\t\t\t\t\t\t\t<a class=\"elementor-accordion-title\" tabindex=\"0\">CEDESP - 2022<\/a>\n\t\t\t\t\t<\/div>\n\t\t\t\t\t<div id=\"elementor-tab-content-1591\" class=\"elementor-tab-content elementor-clearfix\" data-tab=\"1\" role=\"region\" aria-labelledby=\"elementor-tab-title-1591\"><p>01 &#8211; <strong>Plano de A\u00e7\u00e3o<\/strong><\/p><p><a href=\"https:\/\/drive.google.com\/file\/d\/1L_5NQcJrhcQkz2gMl6xmlFj9H3peG3LA\/view?usp=drive_link\">&#8211; Plano de a\u00e7\u00e3o 2022<\/a><\/p><p>02 &#8211; <strong>Relat\u00f3rio de Atividades<\/strong><\/p><p><a href=\"https:\/\/drive.google.com\/file\/d\/1uI6H117-zMOt8sm0ShdQ3z9N0CwxSpRs\/view?usp=drive_link\">&#8211; Relat\u00f3rio de Atividades<\/a><\/p><\/div>\n\t\t\t\t<\/div>\n\t\t\t\t\t\t\t\t<\/div>\n\t\t\t\t\t\t<\/div>\n\t\t\t\t<\/div>\n\t\t\t\t\t<\/div>\n\t\t<\/div>\n\t\t\t\t\t<\/div>\n\t\t<\/section>\n\t\t\t\t\t<\/div>\n\t\t<\/div>\n\t\t\t\t\t<\/div>\n\t\t<\/section>\n\t\t\t\t<section class=\"elementor-section elementor-top-section elementor-element elementor-element-95b3e54 elementor-section-boxed elementor-section-height-default elementor-section-height-default\" data-id=\"95b3e54\" data-element_type=\"section\" data-e-type=\"section\">\n\t\t\t\t\t\t<div class=\"elementor-container elementor-column-gap-default\">\n\t\t\t\t\t<div class=\"elementor-column elementor-col-100 elementor-top-column elementor-element elementor-element-45dc936\" data-id=\"45dc936\" data-element_type=\"column\" data-e-type=\"column\">\n\t\t\t<div class=\"elementor-widget-wrap elementor-element-populated\">\n\t\t\t\t\t\t<section class=\"elementor-section elementor-inner-section elementor-element elementor-element-2c52c1f elementor-section-boxed elementor-section-height-default elementor-section-height-default\" data-id=\"2c52c1f\" data-element_type=\"section\" data-e-type=\"section\">\n\t\t\t\t\t\t<div class=\"elementor-container elementor-column-gap-default\">\n\t\t\t\t\t<div class=\"elementor-column elementor-col-50 elementor-inner-column elementor-element elementor-element-6320b61\" data-id=\"6320b61\" data-element_type=\"column\" data-e-type=\"column\">\n\t\t\t<div class=\"elementor-widget-wrap elementor-element-populated\">\n\t\t\t\t\t\t<div class=\"elementor-element elementor-element-4ede5a0 elementor-widget elementor-widget-text-editor\" data-id=\"4ede5a0\" data-element_type=\"widget\" data-e-type=\"widget\" data-widget_type=\"text-editor.default\">\n\t\t\t\t<div class=\"elementor-widget-container\">\n\t\t\t\t\t\t\t\t\t<h3>CCA<\/h3><div><a href=\"https:\/\/drive.google.com\/file\/d\/1vEWRoJpRO8hGjpri7dYWvKYE93u8k3wJ\/view?usp=drive_link\">&#8211; Plano de Trabalho<\/a><\/div>\t\t\t\t\t\t\t\t<\/div>\n\t\t\t\t<\/div>\n\t\t\t\t\t<\/div>\n\t\t<\/div>\n\t\t\t\t<div class=\"elementor-column elementor-col-50 elementor-inner-column elementor-element elementor-element-ae21550\" data-id=\"ae21550\" data-element_type=\"column\" data-e-type=\"column\">\n\t\t\t<div class=\"elementor-widget-wrap elementor-element-populated\">\n\t\t\t\t\t\t<div class=\"elementor-element elementor-element-db8d247 elementor-widget elementor-widget-accordion\" data-id=\"db8d247\" data-element_type=\"widget\" data-e-type=\"widget\" data-widget_type=\"accordion.default\">\n\t\t\t\t<div class=\"elementor-widget-container\">\n\t\t\t\t\t\t\t<div class=\"elementor-accordion\">\n\t\t\t\t\t\t\t<div class=\"elementor-accordion-item\">\n\t\t\t\t\t<div id=\"elementor-tab-title-2301\" class=\"elementor-tab-title\" data-tab=\"1\" role=\"button\" aria-controls=\"elementor-tab-content-2301\" aria-expanded=\"false\">\n\t\t\t\t\t\t\t\t\t\t\t\t\t<span class=\"elementor-accordion-icon elementor-accordion-icon-left\" aria-hidden=\"true\">\n\t\t\t\t\t\t\t\t\t\t\t\t\t\t\t<span class=\"elementor-accordion-icon-closed\"><i class=\"fas fa-plus\"><\/i><\/span>\n\t\t\t\t\t\t\t\t<span class=\"elementor-accordion-icon-opened\"><i class=\"fas fa-minus\"><\/i><\/span>\n\t\t\t\t\t\t\t\t\t\t\t\t\t\t<\/span>\n\t\t\t\t\t\t\t\t\t\t\t\t<a class=\"elementor-accordion-title\" tabindex=\"0\">CCA - 2023<\/a>\n\t\t\t\t\t<\/div>\n\t\t\t\t\t<div id=\"elementor-tab-content-2301\" class=\"elementor-tab-content elementor-clearfix\" data-tab=\"1\" role=\"region\" aria-labelledby=\"elementor-tab-title-2301\"><p>00 &#8211; <strong>Planos de Trabalho<\/strong><\/p><p><a href=\"https:\/\/drive.google.com\/file\/d\/1vEWRoJpRO8hGjpri7dYWvKYE93u8k3wJ\/view?usp=drive_link\">&#8211; Plano de Trabalho 2023<\/a><\/p><p>01 &#8211; <strong>Plano de A\u00e7\u00e3o<\/strong><\/p><p><a href=\"https:\/\/drive.google.com\/file\/d\/1vWUqTGyfgSqR2u7FWx2F2eIXaeeT_yh6\/view?usp=drive_link\">&#8211; Plano de a\u00e7\u00e3o 1\u00b0 semestre CCA<\/a><\/p><\/div>\n\t\t\t\t<\/div>\n\t\t\t\t\t\t\t<div class=\"elementor-accordion-item\">\n\t\t\t\t\t<div id=\"elementor-tab-title-2302\" class=\"elementor-tab-title\" data-tab=\"2\" role=\"button\" aria-controls=\"elementor-tab-content-2302\" aria-expanded=\"false\">\n\t\t\t\t\t\t\t\t\t\t\t\t\t<span class=\"elementor-accordion-icon elementor-accordion-icon-left\" aria-hidden=\"true\">\n\t\t\t\t\t\t\t\t\t\t\t\t\t\t\t<span class=\"elementor-accordion-icon-closed\"><i class=\"fas fa-plus\"><\/i><\/span>\n\t\t\t\t\t\t\t\t<span class=\"elementor-accordion-icon-opened\"><i class=\"fas fa-minus\"><\/i><\/span>\n\t\t\t\t\t\t\t\t\t\t\t\t\t\t<\/span>\n\t\t\t\t\t\t\t\t\t\t\t\t<a class=\"elementor-accordion-title\" tabindex=\"0\">CCA - 2022<\/a>\n\t\t\t\t\t<\/div>\n\t\t\t\t\t<div id=\"elementor-tab-content-2302\" class=\"elementor-tab-content elementor-clearfix\" data-tab=\"2\" role=\"region\" aria-labelledby=\"elementor-tab-title-2302\"><p>00 &#8211; <strong>Planos de Trabalho<\/strong><\/p><p><a href=\"https:\/\/drive.google.com\/file\/d\/1v7zj0uSPhgYnp1cP6WK0ysNmhLlGexNU\/view?usp=drive_link\">&#8211; Plano de Trabalho 2022<\/a><\/p><p>01 &#8211; <strong>Plano de A\u00e7\u00e3o<\/strong><\/p><p><a href=\"https:\/\/drive.google.com\/file\/d\/1vBfvRSmg0Fe7E2kGM7uPGqmvoiCFFvq4\/view?usp=drive_link\">&#8211; Plano de a\u00e7\u00e3o 1\u00b0 semestre CCA<\/a><\/p><p><a href=\"https:\/\/drive.google.com\/file\/d\/1vEWRoJpRO8hGjpri7dYWvKYE93u8k3wJ\/view?usp=drive_link\">&#8211; Plano de a\u00e7\u00e3o 2\u00b0 semestre CCA<\/a><\/p><p>02 &#8211; <strong>Relat\u00f3rio de Atividades<\/strong><\/p><p><a href=\"https:\/\/drive.google.com\/file\/d\/1v3nkEfhs93Zxal1-tHUNQvNlr_rlXh0_\/view?usp=drive_link\">&#8211; Relat\u00f3rio de Atividades<\/a><\/p><p>03 &#8211; <strong>DEAFIN<\/strong><\/p><p><a href=\"https:\/\/drive.google.com\/file\/d\/1cgj8_T1GTMPQwx6H-3jgVcNCDeiU9K0j\/view?usp=drive_link\">&#8211; DEAFIN Anualidade (Set 20 a Dez 22)<\/a><\/p><\/div>\n\t\t\t\t<\/div>\n\t\t\t\t\t\t\t<div class=\"elementor-accordion-item\">\n\t\t\t\t\t<div id=\"elementor-tab-title-2303\" class=\"elementor-tab-title\" data-tab=\"3\" role=\"button\" aria-controls=\"elementor-tab-content-2303\" aria-expanded=\"false\">\n\t\t\t\t\t\t\t\t\t\t\t\t\t<span class=\"elementor-accordion-icon elementor-accordion-icon-left\" aria-hidden=\"true\">\n\t\t\t\t\t\t\t\t\t\t\t\t\t\t\t<span class=\"elementor-accordion-icon-closed\"><i class=\"fas fa-plus\"><\/i><\/span>\n\t\t\t\t\t\t\t\t<span class=\"elementor-accordion-icon-opened\"><i class=\"fas fa-minus\"><\/i><\/span>\n\t\t\t\t\t\t\t\t\t\t\t\t\t\t<\/span>\n\t\t\t\t\t\t\t\t\t\t\t\t<a class=\"elementor-accordion-title\" tabindex=\"0\">CCA - 2021<\/a>\n\t\t\t\t\t<\/div>\n\t\t\t\t\t<div id=\"elementor-tab-content-2303\" class=\"elementor-tab-content elementor-clearfix\" data-tab=\"3\" role=\"region\" aria-labelledby=\"elementor-tab-title-2303\"><p>00 &#8211; <strong>Planos de Trabalho<\/strong><\/p><p><a href=\"https:\/\/drive.google.com\/file\/d\/1uZa4sjYvb2PLcg55VcEYafDiHewK8yyO\/view?usp=drive_link\">&#8211; Plano de Trabalho 2021<\/a><\/p><p>01 &#8211; <strong>Plano de A\u00e7\u00e3o<\/strong><\/p><p><a href=\"https:\/\/drive.google.com\/file\/d\/1unG5tDghHGua0jb9GZ8xcWfWcgr2zSeH\/view?usp=drive_link\">&#8211; Plano de a\u00e7\u00e3o 1\u00b0 semestre CCA<\/a><\/p><p><a href=\"https:\/\/drive.google.com\/file\/d\/1uoD3RgrHdaNkxfR0m8zpkjtVd8-bKSjS\/view?usp=drive_link\">&#8211; Plano de a\u00e7\u00e3o 2\u00b0 semestre CCA<\/a><\/p><p>02 &#8211; <strong>Relat\u00f3rio de Atividades<\/strong><\/p><p><a href=\"https:\/\/drive.google.com\/file\/d\/1uW43XYo953wuD2nUrQhpqgPb5xadvCO_\/view?usp=drive_link\">&#8211; Relat\u00f3rio de Atividades<\/a><\/p><\/div>\n\t\t\t\t<\/div>\n\t\t\t\t\t\t\t<div class=\"elementor-accordion-item\">\n\t\t\t\t\t<div id=\"elementor-tab-title-2304\" class=\"elementor-tab-title\" data-tab=\"4\" role=\"button\" aria-controls=\"elementor-tab-content-2304\" aria-expanded=\"false\">\n\t\t\t\t\t\t\t\t\t\t\t\t\t<span class=\"elementor-accordion-icon elementor-accordion-icon-left\" aria-hidden=\"true\">\n\t\t\t\t\t\t\t\t\t\t\t\t\t\t\t<span class=\"elementor-accordion-icon-closed\"><i class=\"fas fa-plus\"><\/i><\/span>\n\t\t\t\t\t\t\t\t<span class=\"elementor-accordion-icon-opened\"><i class=\"fas fa-minus\"><\/i><\/span>\n\t\t\t\t\t\t\t\t\t\t\t\t\t\t<\/span>\n\t\t\t\t\t\t\t\t\t\t\t\t<a class=\"elementor-accordion-title\" tabindex=\"0\">CCA - 2019<\/a>\n\t\t\t\t\t<\/div>\n\t\t\t\t\t<div id=\"elementor-tab-content-2304\" class=\"elementor-tab-content elementor-clearfix\" data-tab=\"4\" role=\"region\" aria-labelledby=\"elementor-tab-title-2304\"><p>00 &#8211; <strong>Planos de Trabalho<\/strong><\/p><p><a href=\"https:\/\/drive.google.com\/file\/d\/1td5TpDsYD7ef8_pcHuzlEZz8SUWeav0u\/view?usp=drive_link\">&#8211; Plano de Trabalho 2019<\/a><\/p><p>01 &#8211; <strong>Plano de A\u00e7\u00e3o<\/strong><\/p><p><a href=\"https:\/\/drive.google.com\/file\/d\/1tqhfU539BZ7AbzokAINHS9QKHddr9ZWq\/view?usp=drive_link\">&#8211; Plano de a\u00e7\u00e3o 1\u00b0 semestre CCA<\/a><\/p><p><a href=\"https:\/\/drive.google.com\/file\/d\/1u4bfFJgAWw5X4SJtWZ0c9jnxJblCozHw\/view?usp=drive_link\">&#8211; Plano de a\u00e7\u00e3o 2\u00b0 semestre CCA<\/a><\/p><\/div>\n\t\t\t\t<\/div>\n\t\t\t\t\t\t\t\t<\/div>\n\t\t\t\t\t\t<\/div>\n\t\t\t\t<\/div>\n\t\t\t\t\t<\/div>\n\t\t<\/div>\n\t\t\t\t\t<\/div>\n\t\t<\/section>\n\t\t\t\t\t<\/div>\n\t\t<\/div>\n\t\t\t\t\t<\/div>\n\t\t<\/section>\n\t\t\t\t<\/div>\n\t\t","protected":false},"excerpt":{"rendered":"<p>Nossos relat\u00f3rios t\u00eam como objetivo informar publicamente sobre os investimentos e as atividades realizadas a cada ano, em linha com nosso compromisso de transpar\u00eancia dos resultados<span class=\"excerpt-hellip\"> [\u2026]<\/span><\/p>\n","protected":false},"author":93,"featured_media":0,"parent":0,"menu_order":0,"comment_status":"closed","ping_status":"closed","template":"elementor_header_footer","meta":{"footnotes":""},"class_list":["post-3161","page","type-page","status-publish","hentry"],"_links":{"self":[{"href":"https:\/\/salesianossp.org.br\/oslapa\/wp-json\/wp\/v2\/pages\/3161","targetHints":{"allow":["GET"]}}],"collection":[{"href":"https:\/\/salesianossp.org.br\/oslapa\/wp-json\/wp\/v2\/pages"}],"about":[{"href":"https:\/\/salesianossp.org.br\/oslapa\/wp-json\/wp\/v2\/types\/page"}],"author":[{"embeddable":true,"href":"https:\/\/salesianossp.org.br\/oslapa\/wp-json\/wp\/v2\/users\/93"}],"replies":[{"embeddable":true,"href":"https:\/\/salesianossp.org.br\/oslapa\/wp-json\/wp\/v2\/comments?post=3161"}],"version-history":[{"count":40,"href":"https:\/\/salesianossp.org.br\/oslapa\/wp-json\/wp\/v2\/pages\/3161\/revisions"}],"predecessor-version":[{"id":7831,"href":"https:\/\/salesianossp.org.br\/oslapa\/wp-json\/wp\/v2\/pages\/3161\/revisions\/7831"}],"wp:attachment":[{"href":"https:\/\/salesianossp.org.br\/oslapa\/wp-json\/wp\/v2\/media?parent=3161"}],"curies":[{"name":"wp","href":"https:\/\/api.w.org\/{rel}","templated":true}]}}