{"id":6649,"date":"2023-09-22T14:37:16","date_gmt":"2023-09-22T17:37:16","guid":{"rendered":"https:\/\/salesianossp.org.br\/oslapa\/?page_id=6649"},"modified":"2024-03-07T09:16:06","modified_gmt":"2024-03-07T12:16:06","slug":"obra","status":"publish","type":"page","link":"https:\/\/salesianossp.org.br\/oslapa\/obra\/","title":{"rendered":"A Obra"},"content":{"rendered":"\t\t<div data-elementor-type=\"wp-page\" data-elementor-id=\"6649\" class=\"elementor elementor-6649\" data-elementor-post-type=\"page\">\n\t\t\t\t\t\t<section class=\"elementor-section elementor-top-section elementor-element elementor-element-e735c17 elementor-section-boxed elementor-section-height-default elementor-section-height-default\" data-id=\"e735c17\" data-element_type=\"section\" data-e-type=\"section\">\n\t\t\t\t\t\t<div class=\"elementor-container elementor-column-gap-default\">\n\t\t\t\t\t<div class=\"elementor-column elementor-col-100 elementor-top-column elementor-element elementor-element-6e8c8c1\" data-id=\"6e8c8c1\" data-element_type=\"column\" data-e-type=\"column\">\n\t\t\t<div class=\"elementor-widget-wrap elementor-element-populated\">\n\t\t\t\t\t\t<div class=\"elementor-element elementor-element-e26cfe1 elementor-widget elementor-widget-heading\" data-id=\"e26cfe1\" data-element_type=\"widget\" data-e-type=\"widget\" data-widget_type=\"heading.default\">\n\t\t\t\t<div class=\"elementor-widget-container\">\n\t\t\t\t\t<h3 class=\"elementor-heading-title elementor-size-default\">Centro Juvenil Salesiano Dom Bosco\n2024<\/h3>\t\t\t\t<\/div>\n\t\t\t\t<\/div>\n\t\t\t\t\t<\/div>\n\t\t<\/div>\n\t\t\t\t\t<\/div>\n\t\t<\/section>\n\t\t\t\t<section class=\"elementor-section elementor-top-section elementor-element elementor-element-70ad4c0 elementor-section-boxed elementor-section-height-default elementor-section-height-default\" data-id=\"70ad4c0\" data-element_type=\"section\" data-e-type=\"section\">\n\t\t\t\t\t\t<div class=\"elementor-container elementor-column-gap-default\">\n\t\t\t\t\t<div class=\"elementor-column elementor-col-100 elementor-top-column elementor-element elementor-element-3b9eff0\" data-id=\"3b9eff0\" data-element_type=\"column\" data-e-type=\"column\">\n\t\t\t<div class=\"elementor-widget-wrap elementor-element-populated\">\n\t\t\t\t\t\t<div class=\"elementor-element elementor-element-1736957 elementor-widget elementor-widget-heading\" data-id=\"1736957\" data-element_type=\"widget\" data-e-type=\"widget\" data-widget_type=\"heading.default\">\n\t\t\t\t<div class=\"elementor-widget-container\">\n\t\t\t\t\t<h2 class=\"elementor-heading-title elementor-size-default\">36 anos de atua\u00e7\u00e3o\n<\/h2>\t\t\t\t<\/div>\n\t\t\t\t<\/div>\n\t\t\t\t\t<\/div>\n\t\t<\/div>\n\t\t\t\t\t<\/div>\n\t\t<\/section>\n\t\t\t\t<section class=\"elementor-section elementor-top-section elementor-element elementor-element-93abe5e elementor-section-boxed elementor-section-height-default elementor-section-height-default\" data-id=\"93abe5e\" data-element_type=\"section\" data-e-type=\"section\">\n\t\t\t\t\t\t<div class=\"elementor-container elementor-column-gap-default\">\n\t\t\t\t\t<div class=\"elementor-column elementor-col-100 elementor-top-column elementor-element elementor-element-92224ae\" data-id=\"92224ae\" data-element_type=\"column\" data-e-type=\"column\">\n\t\t\t<div class=\"elementor-widget-wrap elementor-element-populated\">\n\t\t\t\t\t\t<div class=\"elementor-element elementor-element-92269ee elementor-widget elementor-widget-spacer\" data-id=\"92269ee\" data-element_type=\"widget\" data-e-type=\"widget\" data-widget_type=\"spacer.default\">\n\t\t\t\t<div class=\"elementor-widget-container\">\n\t\t\t\t\t\t\t<div class=\"elementor-spacer\">\n\t\t\t<div class=\"elementor-spacer-inner\"><\/div>\n\t\t<\/div>\n\t\t\t\t\t\t<\/div>\n\t\t\t\t<\/div>\n\t\t\t\t\t<\/div>\n\t\t<\/div>\n\t\t\t\t\t<\/div>\n\t\t<\/section>\n\t\t\t\t<section class=\"elementor-section elementor-top-section elementor-element elementor-element-0731a7d elementor-section-boxed elementor-section-height-default elementor-section-height-default\" data-id=\"0731a7d\" data-element_type=\"section\" data-e-type=\"section\">\n\t\t\t\t\t\t<div class=\"elementor-container elementor-column-gap-default\">\n\t\t\t\t\t<div class=\"elementor-column elementor-col-100 elementor-top-column elementor-element elementor-element-58175b4\" data-id=\"58175b4\" data-element_type=\"column\" data-e-type=\"column\">\n\t\t\t<div class=\"elementor-widget-wrap elementor-element-populated\">\n\t\t\t\t\t\t<section class=\"elementor-section elementor-inner-section elementor-element elementor-element-9dd31d8 elementor-section-boxed elementor-section-height-default elementor-section-height-default\" data-id=\"9dd31d8\" data-element_type=\"section\" data-e-type=\"section\">\n\t\t\t\t\t\t<div class=\"elementor-container elementor-column-gap-default\">\n\t\t\t\t\t<div class=\"elementor-column elementor-col-50 elementor-inner-column elementor-element elementor-element-d19e3e9\" data-id=\"d19e3e9\" data-element_type=\"column\" data-e-type=\"column\">\n\t\t\t<div class=\"elementor-widget-wrap elementor-element-populated\">\n\t\t\t\t\t\t<div class=\"elementor-element elementor-element-fe25f23 elementor-widget elementor-widget-heading\" data-id=\"fe25f23\" data-element_type=\"widget\" data-e-type=\"widget\" data-widget_type=\"heading.default\">\n\t\t\t\t<div class=\"elementor-widget-container\">\n\t\t\t\t\t<h3 class=\"elementor-heading-title elementor-size-large\">\nA servi\u00e7o da juventude e da dignidade humana.<\/h3>\t\t\t\t<\/div>\n\t\t\t\t<\/div>\n\t\t\t\t<div class=\"elementor-element elementor-element-a3cc850 elementor-widget elementor-widget-text-editor\" data-id=\"a3cc850\" data-element_type=\"widget\" data-e-type=\"widget\" data-widget_type=\"text-editor.default\">\n\t\t\t\t<div class=\"elementor-widget-container\">\n\t\t\t\t\t\t\t\t\t<p>O Centro Juvenil Salesiano Dom Bosco \u00e9 uma Organiza\u00e7\u00e3o da Sociedade Civil, sem fins lucrativos, que atua na zona oeste da capital paulista.<\/p><p>Fundado em 5 de junho de 1988, a obra foi criada para aplicar o Sistema Preventivo de Dom Bosco, santo fundador da Congrega\u00e7\u00e3o dos Salesianos, \u00e0s crian\u00e7as, adolescentes, jovens e adultos da regi\u00e3o, em situa\u00e7\u00e3o de vulnerabilidade social.<br \/>Hoje, realiza aproximadamente 430 atendimentos di\u00e1rios, no contraturno escolar e totalmente gratuitos, nos tr\u00eas projetos que mant\u00e9m na institui\u00e7\u00e3o: o CCA (Centro para Crian\u00e7as e Adolescentes), o CEDESP (Centro de Desenvolvimento Social e Produtivo) e o Programa Jovem Aprendiz.<\/p><p>O Centro Juvenil Salesiano Dom Bosco conta com equipe pedag\u00f3gica e de apoio qualificadas e oferece infraestrutura adequada com salas de aula, biblioteca, laborat\u00f3rios, brinquedoteca, refeit\u00f3rio, capela e quadras poliesportivas, al\u00e9m de oferecer duas refei\u00e7\u00f5es por per\u00edodo, com acompanhamento nutricional.<\/p><p>Integrante da Rede Salesiana Brasil de A\u00e7\u00e3o Social, a obra tem identidade diferenciada e todos os seus projetos s\u00e3o planejados e executados de acordo com a pedagogia salesiana.<\/p>\t\t\t\t\t\t\t\t<\/div>\n\t\t\t\t<\/div>\n\t\t\t\t\t<\/div>\n\t\t<\/div>\n\t\t\t\t<div class=\"elementor-column elementor-col-50 elementor-inner-column elementor-element elementor-element-a9741fd\" data-id=\"a9741fd\" data-element_type=\"column\" data-e-type=\"column\">\n\t\t\t<div class=\"elementor-widget-wrap elementor-element-populated\">\n\t\t\t\t\t\t<div class=\"elementor-element elementor-element-e6ee98b elementor-widget elementor-widget-image\" data-id=\"e6ee98b\" data-element_type=\"widget\" data-e-type=\"widget\" data-widget_type=\"image.default\">\n\t\t\t\t<div class=\"elementor-widget-container\">\n\t\t\t\t\t\t\t\t\t\t\t\t\t\t\t<img fetchpriority=\"high\" decoding=\"async\" width=\"1024\" height=\"683\" src=\"https:\/\/salesianossp.org.br\/oslapa\/wp-content\/uploads\/2024\/03\/IMG_6473-1024x683.jpg\" class=\"attachment-large size-large wp-image-7743\" alt=\"\" srcset=\"https:\/\/salesianossp.org.br\/oslapa\/wp-content\/uploads\/2024\/03\/IMG_6473-1024x683.jpg 1024w, https:\/\/salesianossp.org.br\/oslapa\/wp-content\/uploads\/2024\/03\/IMG_6473-300x200.jpg 300w, https:\/\/salesianossp.org.br\/oslapa\/wp-content\/uploads\/2024\/03\/IMG_6473-768x512.jpg 768w, https:\/\/salesianossp.org.br\/oslapa\/wp-content\/uploads\/2024\/03\/IMG_6473-1536x1024.jpg 1536w, https:\/\/salesianossp.org.br\/oslapa\/wp-content\/uploads\/2024\/03\/IMG_6473-113x75.jpg 113w, https:\/\/salesianossp.org.br\/oslapa\/wp-content\/uploads\/2024\/03\/IMG_6473-480x320.jpg 480w, https:\/\/salesianossp.org.br\/oslapa\/wp-content\/uploads\/2024\/03\/IMG_6473.jpg 1920w\" sizes=\"(max-width:767px) 480px, (max-width:1024px) 100vw, 1024px\" \/>\t\t\t\t\t\t\t\t\t\t\t\t\t\t\t<\/div>\n\t\t\t\t<\/div>\n\t\t\t\t<div class=\"elementor-element elementor-element-4ea2476 elementor-widget elementor-widget-image\" data-id=\"4ea2476\" data-element_type=\"widget\" data-e-type=\"widget\" data-widget_type=\"image.default\">\n\t\t\t\t<div class=\"elementor-widget-container\">\n\t\t\t\t\t\t\t\t\t\t\t\t\t\t\t<img decoding=\"async\" width=\"1024\" height=\"683\" src=\"https:\/\/salesianossp.org.br\/oslapa\/wp-content\/uploads\/2023\/09\/IMG_3791-1-1536x1024-1-1024x683.jpg\" class=\"attachment-large size-large wp-image-6652\" alt=\"\" srcset=\"https:\/\/salesianossp.org.br\/oslapa\/wp-content\/uploads\/2023\/09\/IMG_3791-1-1536x1024-1-1024x683.jpg 1024w, https:\/\/salesianossp.org.br\/oslapa\/wp-content\/uploads\/2023\/09\/IMG_3791-1-1536x1024-1-300x200.jpg 300w, https:\/\/salesianossp.org.br\/oslapa\/wp-content\/uploads\/2023\/09\/IMG_3791-1-1536x1024-1-768x512.jpg 768w, https:\/\/salesianossp.org.br\/oslapa\/wp-content\/uploads\/2023\/09\/IMG_3791-1-1536x1024-1-113x75.jpg 113w, https:\/\/salesianossp.org.br\/oslapa\/wp-content\/uploads\/2023\/09\/IMG_3791-1-1536x1024-1-480x320.jpg 480w, https:\/\/salesianossp.org.br\/oslapa\/wp-content\/uploads\/2023\/09\/IMG_3791-1-1536x1024-1.jpg 1536w\" sizes=\"(max-width:767px) 480px, (max-width:1024px) 100vw, 1024px\" \/>\t\t\t\t\t\t\t\t\t\t\t\t\t\t\t<\/div>\n\t\t\t\t<\/div>\n\t\t\t\t<div class=\"elementor-element elementor-element-9aa3821 elementor-widget elementor-widget-image\" data-id=\"9aa3821\" data-element_type=\"widget\" data-e-type=\"widget\" data-widget_type=\"image.default\">\n\t\t\t\t<div class=\"elementor-widget-container\">\n\t\t\t\t\t\t\t\t\t\t\t\t\t\t\t<img decoding=\"async\" width=\"1024\" height=\"683\" src=\"https:\/\/salesianossp.org.br\/oslapa\/wp-content\/uploads\/2023\/09\/IMG_9770-1536x1024-1-1024x683.jpg\" class=\"attachment-large size-large wp-image-6653\" alt=\"\" srcset=\"https:\/\/salesianossp.org.br\/oslapa\/wp-content\/uploads\/2023\/09\/IMG_9770-1536x1024-1-1024x683.jpg 1024w, https:\/\/salesianossp.org.br\/oslapa\/wp-content\/uploads\/2023\/09\/IMG_9770-1536x1024-1-300x200.jpg 300w, https:\/\/salesianossp.org.br\/oslapa\/wp-content\/uploads\/2023\/09\/IMG_9770-1536x1024-1-768x512.jpg 768w, https:\/\/salesianossp.org.br\/oslapa\/wp-content\/uploads\/2023\/09\/IMG_9770-1536x1024-1-113x75.jpg 113w, https:\/\/salesianossp.org.br\/oslapa\/wp-content\/uploads\/2023\/09\/IMG_9770-1536x1024-1-480x320.jpg 480w, https:\/\/salesianossp.org.br\/oslapa\/wp-content\/uploads\/2023\/09\/IMG_9770-1536x1024-1.jpg 1536w\" sizes=\"(max-width:767px) 480px, (max-width:1024px) 100vw, 1024px\" \/>\t\t\t\t\t\t\t\t\t\t\t\t\t\t\t<\/div>\n\t\t\t\t<\/div>\n\t\t\t\t\t<\/div>\n\t\t<\/div>\n\t\t\t\t\t<\/div>\n\t\t<\/section>\n\t\t\t\t\t<\/div>\n\t\t<\/div>\n\t\t\t\t\t<\/div>\n\t\t<\/section>\n\t\t\t\t<section class=\"elementor-section elementor-top-section elementor-element elementor-element-53de131 elementor-section-boxed elementor-section-height-default elementor-section-height-default\" data-id=\"53de131\" data-element_type=\"section\" data-e-type=\"section\">\n\t\t\t\t\t\t<div class=\"elementor-container elementor-column-gap-default\">\n\t\t\t\t\t<div class=\"elementor-column elementor-col-100 elementor-top-column elementor-element elementor-element-a4bb81a\" data-id=\"a4bb81a\" data-element_type=\"column\" data-e-type=\"column\">\n\t\t\t<div class=\"elementor-widget-wrap elementor-element-populated\">\n\t\t\t\t\t\t<div class=\"elementor-element elementor-element-1e7246b elementor-widget elementor-widget-video\" data-id=\"1e7246b\" data-element_type=\"widget\" data-e-type=\"widget\" data-settings=\"{&quot;youtube_url&quot;:&quot;https:\\\/\\\/www.youtube.com\\\/watch?v=x2xKBNTozfE&amp;ab_channel=Comunica%C3%A7%C3%A3oCentroJuvenil&quot;,&quot;video_type&quot;:&quot;youtube&quot;,&quot;controls&quot;:&quot;yes&quot;}\" data-widget_type=\"video.default\">\n\t\t\t\t<div class=\"elementor-widget-container\">\n\t\t\t\t\t\t\t<div class=\"elementor-wrapper elementor-open-inline\">\n\t\t\t<div class=\"elementor-video\"><\/div>\t\t<\/div>\n\t\t\t\t\t\t<\/div>\n\t\t\t\t<\/div>\n\t\t\t\t\t<\/div>\n\t\t<\/div>\n\t\t\t\t\t<\/div>\n\t\t<\/section>\n\t\t\t\t<\/div>\n\t\t","protected":false},"excerpt":{"rendered":"<p>Centro Juvenil Salesiano Dom Bosco 2024 36 anos de atua\u00e7\u00e3o A servi\u00e7o da juventude e da dignidade humana. O Centro Juvenil Salesiano Dom Bosco \u00e9 uma<span class=\"excerpt-hellip\"> [\u2026]<\/span><\/p>\n","protected":false},"author":93,"featured_media":0,"parent":0,"menu_order":0,"comment_status":"closed","ping_status":"closed","template":"","meta":{"footnotes":""},"class_list":["post-6649","page","type-page","status-publish","hentry"],"_links":{"self":[{"href":"https:\/\/salesianossp.org.br\/oslapa\/wp-json\/wp\/v2\/pages\/6649","targetHints":{"allow":["GET"]}}],"collection":[{"href":"https:\/\/salesianossp.org.br\/oslapa\/wp-json\/wp\/v2\/pages"}],"about":[{"href":"https:\/\/salesianossp.org.br\/oslapa\/wp-json\/wp\/v2\/types\/page"}],"author":[{"embeddable":true,"href":"https:\/\/salesianossp.org.br\/oslapa\/wp-json\/wp\/v2\/users\/93"}],"replies":[{"embeddable":true,"href":"https:\/\/salesianossp.org.br\/oslapa\/wp-json\/wp\/v2\/comments?post=6649"}],"version-history":[{"count":8,"href":"https:\/\/salesianossp.org.br\/oslapa\/wp-json\/wp\/v2\/pages\/6649\/revisions"}],"predecessor-version":[{"id":7746,"href":"https:\/\/salesianossp.org.br\/oslapa\/wp-json\/wp\/v2\/pages\/6649\/revisions\/7746"}],"wp:attachment":[{"href":"https:\/\/salesianossp.org.br\/oslapa\/wp-json\/wp\/v2\/media?parent=6649"}],"curies":[{"name":"wp","href":"https:\/\/api.w.org\/{rel}","templated":true}]}}