{"id":7299,"date":"2023-12-06T09:53:19","date_gmt":"2023-12-06T12:53:19","guid":{"rendered":"https:\/\/salesianossp.org.br\/oslapa\/?page_id=7299"},"modified":"2023-12-06T12:17:43","modified_gmt":"2023-12-06T15:17:43","slug":"colabore","status":"publish","type":"page","link":"https:\/\/salesianossp.org.br\/oslapa\/colabore\/","title":{"rendered":"Colabore"},"content":{"rendered":"\t\t<div data-elementor-type=\"wp-page\" data-elementor-id=\"7299\" class=\"elementor elementor-7299\" data-elementor-post-type=\"page\">\n\t\t\t\t\t\t<section class=\"elementor-section elementor-top-section elementor-element elementor-element-0a8adae elementor-section-full_width elementor-section-height-min-height elementor-section-stretched elementor-section-height-default elementor-section-items-middle\" data-id=\"0a8adae\" data-element_type=\"section\" data-e-type=\"section\" data-settings=\"{&quot;stretch_section&quot;:&quot;section-stretched&quot;}\">\n\t\t\t\t\t\t<div class=\"elementor-container elementor-column-gap-default\">\n\t\t\t\t\t<div class=\"elementor-column elementor-col-100 elementor-top-column elementor-element elementor-element-829a320\" data-id=\"829a320\" data-element_type=\"column\" data-e-type=\"column\">\n\t\t\t<div class=\"elementor-widget-wrap elementor-element-populated\">\n\t\t\t\t\t\t<div class=\"elementor-element elementor-element-8feb6c8 elementor-widget elementor-widget-image\" data-id=\"8feb6c8\" data-element_type=\"widget\" data-e-type=\"widget\" data-widget_type=\"image.default\">\n\t\t\t\t<div class=\"elementor-widget-container\">\n\t\t\t\t\t\t\t\t\t\t\t\t\t\t\t<img fetchpriority=\"high\" decoding=\"async\" width=\"1024\" height=\"350\" src=\"https:\/\/salesianossp.org.br\/oslapa\/wp-content\/uploads\/2023\/12\/colabore-e1701874775294-1024x350.jpg\" class=\"attachment-large size-large wp-image-7326\" alt=\"\" srcset=\"https:\/\/salesianossp.org.br\/oslapa\/wp-content\/uploads\/2023\/12\/colabore-e1701874775294-1024x350.jpg 1024w, https:\/\/salesianossp.org.br\/oslapa\/wp-content\/uploads\/2023\/12\/colabore-e1701874775294-300x103.jpg 300w, https:\/\/salesianossp.org.br\/oslapa\/wp-content\/uploads\/2023\/12\/colabore-e1701874775294-768x262.jpg 768w, https:\/\/salesianossp.org.br\/oslapa\/wp-content\/uploads\/2023\/12\/colabore-e1701874775294-1536x525.jpg 1536w, https:\/\/salesianossp.org.br\/oslapa\/wp-content\/uploads\/2023\/12\/colabore-e1701874775294-150x51.jpg 150w, https:\/\/salesianossp.org.br\/oslapa\/wp-content\/uploads\/2023\/12\/colabore-e1701874775294-480x164.jpg 480w, https:\/\/salesianossp.org.br\/oslapa\/wp-content\/uploads\/2023\/12\/colabore-e1701874775294.jpg 1920w\" sizes=\"(max-width:767px) 480px, (max-width:1024px) 100vw, 1024px\" \/>\t\t\t\t\t\t\t\t\t\t\t\t\t\t\t<\/div>\n\t\t\t\t<\/div>\n\t\t\t\t<section class=\"elementor-section elementor-inner-section elementor-element elementor-element-78f2e1a elementor-section-boxed elementor-section-height-default elementor-section-height-default\" data-id=\"78f2e1a\" data-element_type=\"section\" data-e-type=\"section\">\n\t\t\t\t\t\t<div class=\"elementor-container elementor-column-gap-default\">\n\t\t\t\t\t<div class=\"elementor-column elementor-col-100 elementor-inner-column elementor-element elementor-element-2bb3dfc\" data-id=\"2bb3dfc\" data-element_type=\"column\" data-e-type=\"column\">\n\t\t\t<div class=\"elementor-widget-wrap elementor-element-populated\">\n\t\t\t\t\t\t<div class=\"elementor-element elementor-element-694239e elementor-widget elementor-widget-heading\" data-id=\"694239e\" data-element_type=\"widget\" data-e-type=\"widget\" data-widget_type=\"heading.default\">\n\t\t\t\t<div class=\"elementor-widget-container\">\n\t\t\t\t\t<h2 class=\"elementor-heading-title elementor-size-xl\">Assim como a Bia, nossos jovens e crian\u00e7as esperam por sua doa\u00e7\u00e3o<\/h2>\t\t\t\t<\/div>\n\t\t\t\t<\/div>\n\t\t\t\t\t<\/div>\n\t\t<\/div>\n\t\t\t\t\t<\/div>\n\t\t<\/section>\n\t\t\t\t<div class=\"elementor-element elementor-element-f029b6a elementor-widget elementor-widget-spacer\" data-id=\"f029b6a\" data-element_type=\"widget\" data-e-type=\"widget\" data-widget_type=\"spacer.default\">\n\t\t\t\t<div class=\"elementor-widget-container\">\n\t\t\t\t\t\t\t<div class=\"elementor-spacer\">\n\t\t\t<div class=\"elementor-spacer-inner\"><\/div>\n\t\t<\/div>\n\t\t\t\t\t\t<\/div>\n\t\t\t\t<\/div>\n\t\t\t\t\t<\/div>\n\t\t<\/div>\n\t\t\t\t\t<\/div>\n\t\t<\/section>\n\t\t\t\t<section class=\"elementor-section elementor-top-section elementor-element elementor-element-e898b48 elementor-section-stretched elementor-section-boxed elementor-section-height-default elementor-section-height-default\" data-id=\"e898b48\" data-element_type=\"section\" data-e-type=\"section\" data-settings=\"{&quot;stretch_section&quot;:&quot;section-stretched&quot;}\">\n\t\t\t\t\t\t<div class=\"elementor-container elementor-column-gap-no\">\n\t\t\t\t\t<div class=\"elementor-column elementor-col-100 elementor-top-column elementor-element elementor-element-e6aed9f\" data-id=\"e6aed9f\" data-element_type=\"column\" data-e-type=\"column\">\n\t\t\t<div class=\"elementor-widget-wrap elementor-element-populated\">\n\t\t\t\t\t\t<section class=\"elementor-section elementor-inner-section elementor-element elementor-element-6c4b892 elementor-section-boxed elementor-section-height-default elementor-section-height-default\" data-id=\"6c4b892\" data-element_type=\"section\" data-e-type=\"section\">\n\t\t\t\t\t\t<div class=\"elementor-container elementor-column-gap-default\">\n\t\t\t\t\t<div class=\"elementor-column elementor-col-50 elementor-inner-column elementor-element elementor-element-cc2e7d7\" data-id=\"cc2e7d7\" data-element_type=\"column\" data-e-type=\"column\">\n\t\t\t<div class=\"elementor-widget-wrap elementor-element-populated\">\n\t\t\t\t\t\t<div class=\"elementor-element elementor-element-8892b7e elementor-widget elementor-widget-image\" data-id=\"8892b7e\" data-element_type=\"widget\" data-e-type=\"widget\" data-widget_type=\"image.default\">\n\t\t\t\t<div class=\"elementor-widget-container\">\n\t\t\t\t\t\t\t\t\t\t\t\t\t\t\t<img decoding=\"async\" width=\"1024\" height=\"671\" src=\"https:\/\/salesianossp.org.br\/oslapa\/wp-content\/uploads\/2023\/12\/BB-1024x671.png\" class=\"attachment-large size-large wp-image-7295\" alt=\"\" srcset=\"https:\/\/salesianossp.org.br\/oslapa\/wp-content\/uploads\/2023\/12\/BB-1024x671.png 1024w, https:\/\/salesianossp.org.br\/oslapa\/wp-content\/uploads\/2023\/12\/BB-300x197.png 300w, https:\/\/salesianossp.org.br\/oslapa\/wp-content\/uploads\/2023\/12\/BB-768x503.png 768w, https:\/\/salesianossp.org.br\/oslapa\/wp-content\/uploads\/2023\/12\/BB-1536x1007.png 1536w, https:\/\/salesianossp.org.br\/oslapa\/wp-content\/uploads\/2023\/12\/BB-2048x1342.png 2048w, https:\/\/salesianossp.org.br\/oslapa\/wp-content\/uploads\/2023\/12\/BB-114x75.png 114w, https:\/\/salesianossp.org.br\/oslapa\/wp-content\/uploads\/2023\/12\/BB-480x315.png 480w\" sizes=\"(max-width:767px) 480px, (max-width:1024px) 100vw, 1024px\" \/>\t\t\t\t\t\t\t\t\t\t\t\t\t\t\t<\/div>\n\t\t\t\t<\/div>\n\t\t\t\t\t<\/div>\n\t\t<\/div>\n\t\t\t\t<div class=\"elementor-column elementor-col-50 elementor-inner-column elementor-element elementor-element-6f08912\" data-id=\"6f08912\" data-element_type=\"column\" data-e-type=\"column\">\n\t\t\t<div class=\"elementor-widget-wrap elementor-element-populated\">\n\t\t\t\t\t\t<div class=\"elementor-element elementor-element-6d36b75 elementor-widget elementor-widget-text-editor\" data-id=\"6d36b75\" data-element_type=\"widget\" data-e-type=\"widget\" data-widget_type=\"text-editor.default\">\n\t\t\t\t<div class=\"elementor-widget-container\">\n\t\t\t\t\t\t\t\t\t<p>O Centro Juvenil Dom Bosco recebe doa\u00e7\u00f5es de diversas naturezas: dinheiro, alimentos, roupas, al\u00e9m de mobili\u00e1rio e equipamentos eletr\u00f4nicos em bom estado de conserva\u00e7\u00e3o.<\/p>\n<p><span style=\"font-family: 'Open Sans', -apple-system, BlinkMacSystemFont, 'Segoe UI', Roboto, Oxygen-Sans, Ubuntu, Cantarell, 'Helvetica Neue', sans-serif; font-size: 18px; font-style: normal; font-variant-ligatures: normal; font-variant-caps: normal; font-weight: 400;\">Para doa\u00e7\u00f5es em dinheiro, utilize o CNPJ da Institui\u00e7\u00e3o:&nbsp;<\/span><span style=\"font-family: 'Open Sans', -apple-system, BlinkMacSystemFont, 'Segoe UI', Roboto, Oxygen-Sans, Ubuntu, Cantarell, 'Helvetica Neue', sans-serif; font-size: 18px; font-style: normal; font-variant-ligatures: normal; font-variant-caps: normal; font-weight: 400;\">60.927.290\/0012-06<\/span><span style=\"font-family: 'Open Sans', -apple-system, BlinkMacSystemFont, 'Segoe UI', Roboto, Oxygen-Sans, Ubuntu, Cantarell, 'Helvetica Neue', sans-serif; font-size: 18px; font-style: normal; font-variant-ligatures: normal; font-variant-caps: normal; font-weight: 400;\">&nbsp;(chave pix) e doe para a conta banc\u00e1ria a seguir:<\/span><\/p>\t\t\t\t\t\t\t\t<\/div>\n\t\t\t\t<\/div>\n\t\t\t\t<div class=\"elementor-element elementor-element-6ccd5ac elementor-widget elementor-widget-text-editor\" data-id=\"6ccd5ac\" data-element_type=\"widget\" data-e-type=\"widget\" data-widget_type=\"text-editor.default\">\n\t\t\t\t<div class=\"elementor-widget-container\">\n\t\t\t\t\t\t\t\t\t<p><span style=\"font-style: normal; font-variant-ligatures: normal; font-variant-caps: normal; font-weight: bold; font-size: 18px; font-family: 'Open Sans', -apple-system, BlinkMacSystemFont, 'Segoe UI', Roboto, Oxygen-Sans, Ubuntu, Cantarell, 'Helvetica Neue', sans-serif; color: #010201;\">Banco do Brasil: Ag\u00eancia: 4328-1 | Conta Corrente: 9491-9<br \/>Centro Salesiano de Desenvolvimento Social e Profissional<\/span><\/p>\t\t\t\t\t\t\t\t<\/div>\n\t\t\t\t<\/div>\n\t\t\t\t<div class=\"elementor-element elementor-element-9def8e4 elementor-widget elementor-widget-text-editor\" data-id=\"9def8e4\" data-element_type=\"widget\" data-e-type=\"widget\" data-widget_type=\"text-editor.default\">\n\t\t\t\t<div class=\"elementor-widget-container\">\n\t\t\t\t\t\t\t\t\t<p>Para outros tipos de doa\u00e7\u00e3o, entre em contato com a Institui\u00e7\u00e3o atrav\u00e9s do e-mail:\u00a0<a href=\"mailto:%20comunica@cjdombosco.org.br\">comunica@cjdombosco.org.br<\/a>\u00a0ou pelo telefone\u00a0<a href=\"https:\/\/salesianossp.org.br\/oslapa\/colabore\/01130227771\">(11) 3022-7771<\/a>.<\/p>\t\t\t\t\t\t\t\t<\/div>\n\t\t\t\t<\/div>\n\t\t\t\t\t<\/div>\n\t\t<\/div>\n\t\t\t\t\t<\/div>\n\t\t<\/section>\n\t\t\t\t\t<\/div>\n\t\t<\/div>\n\t\t\t\t\t<\/div>\n\t\t<\/section>\n\t\t\t\t<\/div>\n\t\t","protected":false},"excerpt":{"rendered":"<p>Assim como a Bia, nossos jovens e crian\u00e7as esperam por sua doa\u00e7\u00e3o O Centro Juvenil Dom Bosco recebe doa\u00e7\u00f5es de diversas naturezas: dinheiro, alimentos, roupas, al\u00e9m<span class=\"excerpt-hellip\"> [\u2026]<\/span><\/p>\n","protected":false},"author":93,"featured_media":0,"parent":0,"menu_order":0,"comment_status":"closed","ping_status":"closed","template":"","meta":{"footnotes":""},"class_list":["post-7299","page","type-page","status-publish","hentry"],"_links":{"self":[{"href":"https:\/\/salesianossp.org.br\/oslapa\/wp-json\/wp\/v2\/pages\/7299","targetHints":{"allow":["GET"]}}],"collection":[{"href":"https:\/\/salesianossp.org.br\/oslapa\/wp-json\/wp\/v2\/pages"}],"about":[{"href":"https:\/\/salesianossp.org.br\/oslapa\/wp-json\/wp\/v2\/types\/page"}],"author":[{"embeddable":true,"href":"https:\/\/salesianossp.org.br\/oslapa\/wp-json\/wp\/v2\/users\/93"}],"replies":[{"embeddable":true,"href":"https:\/\/salesianossp.org.br\/oslapa\/wp-json\/wp\/v2\/comments?post=7299"}],"version-history":[{"count":29,"href":"https:\/\/salesianossp.org.br\/oslapa\/wp-json\/wp\/v2\/pages\/7299\/revisions"}],"predecessor-version":[{"id":7331,"href":"https:\/\/salesianossp.org.br\/oslapa\/wp-json\/wp\/v2\/pages\/7299\/revisions\/7331"}],"wp:attachment":[{"href":"https:\/\/salesianossp.org.br\/oslapa\/wp-json\/wp\/v2\/media?parent=7299"}],"curies":[{"name":"wp","href":"https:\/\/api.w.org\/{rel}","templated":true}]}}