{"id":14,"date":"2020-04-06T14:35:24","date_gmt":"2020-04-06T14:35:24","guid":{"rendered":"https:\/\/themes.muffingroup.com\/be\/politics2\/?page_id=14"},"modified":"2023-08-09T08:09:10","modified_gmt":"2023-08-09T11:09:10","slug":"contato","status":"publish","type":"page","link":"https:\/\/salesianossp.org.br\/pardbcampinas\/contato\/","title":{"rendered":"Contato &#8211; Endere\u00e7os e Telefones"},"content":{"rendered":"\t\t<div data-elementor-type=\"wp-page\" data-elementor-id=\"14\" class=\"elementor elementor-14\" data-elementor-post-type=\"page\">\n\t\t\t\t\t\t<section class=\"elementor-section elementor-top-section elementor-element elementor-element-39849d0c elementor-reverse-mobile elementor-section-boxed elementor-section-height-default elementor-section-height-default\" data-id=\"39849d0c\" data-element_type=\"section\" data-e-type=\"section\" data-settings=\"{&quot;background_background&quot;:&quot;classic&quot;}\">\n\t\t\t\t\t\t<div class=\"elementor-container elementor-column-gap-custom\">\n\t\t\t\t\t<div class=\"elementor-column elementor-col-50 elementor-top-column elementor-element elementor-element-31408b94 animated-slow\" data-id=\"31408b94\" data-element_type=\"column\" data-e-type=\"column\" data-settings=\"{&quot;background_background&quot;:&quot;gradient&quot;,&quot;animation&quot;:&quot;none&quot;}\">\n\t\t\t<div class=\"elementor-widget-wrap elementor-element-populated\">\n\t\t\t\t\t\t<div class=\"elementor-element elementor-element-45db684 elementor-widget elementor-widget-spacer\" data-id=\"45db684\" data-element_type=\"widget\" data-e-type=\"widget\" data-widget_type=\"spacer.default\">\n\t\t\t\t<div class=\"elementor-widget-container\">\n\t\t\t\t\t\t\t<div class=\"elementor-spacer\">\n\t\t\t<div class=\"elementor-spacer-inner\"><\/div>\n\t\t<\/div>\n\t\t\t\t\t\t<\/div>\n\t\t\t\t<\/div>\n\t\t\t\t<div class=\"elementor-element elementor-element-1008ed8b elementor-widget elementor-widget-heading\" data-id=\"1008ed8b\" data-element_type=\"widget\" data-e-type=\"widget\" data-widget_type=\"heading.default\">\n\t\t\t\t<div class=\"elementor-widget-container\">\n\t\t\t\t\t<h2 class=\"elementor-heading-title elementor-size-default\">FALE CONOSCO<\/h2>\t\t\t\t<\/div>\n\t\t\t\t<\/div>\n\t\t\t\t<div class=\"elementor-element elementor-element-140dc0e9 elementor-widget elementor-widget-text-editor\" data-id=\"140dc0e9\" data-element_type=\"widget\" data-e-type=\"widget\" data-widget_type=\"text-editor.default\">\n\t\t\t\t<div class=\"elementor-widget-container\">\n\t\t\t\t\t\t\t\t\t<p><strong>Par\u00f3quia Dom Bosco<\/strong><br \/>Rua Margarida Occhiena, S\/N<br \/>N\u00facleo Res. Vila Vit\u00f3ria,<br \/>Campinas \u2013 SP CEP 13057-541<br \/>Hor\u00e1rio: <br \/>Ter\u00e7a a sexta &#8211; 14h00 \u00e0s 18h30 <br \/>S\u00e1bado &#8211; 10h00 \u00e0s 16h00<\/p><p><strong>Comunidade S\u00e3o Jos\u00e9<\/strong><br \/>Rua Hum, N\u00b0 101<br \/>Jd.Maraj\u00f3 Campinas \u2013 SP<br \/>Hor\u00e1rio: <br \/>Ter\u00e7a a sexta &#8211; 14h00 \u00e0s 18h30 <br \/>S\u00e1bado &#8211; 10h00 \u00e0s 16h00<\/p>\t\t\t\t\t\t\t\t<\/div>\n\t\t\t\t<\/div>\n\t\t\t\t<div class=\"elementor-element elementor-element-680c10b9 elementor-icon-list--layout-traditional elementor-list-item-link-full_width elementor-widget elementor-widget-icon-list\" data-id=\"680c10b9\" data-element_type=\"widget\" data-e-type=\"widget\" data-widget_type=\"icon-list.default\">\n\t\t\t\t<div class=\"elementor-widget-container\">\n\t\t\t\t\t\t\t<ul class=\"elementor-icon-list-items\">\n\t\t\t\t\t\t\t<li class=\"elementor-icon-list-item\">\n\t\t\t\t\t\t\t\t\t\t\t<span class=\"elementor-icon-list-icon\">\n\t\t\t\t\t\t\t<i aria-hidden=\"true\" class=\"fas fa-phone\"><\/i>\t\t\t\t\t\t<\/span>\n\t\t\t\t\t\t\t\t\t\t<span class=\"elementor-icon-list-text\">Telefone<\/span>\n\t\t\t\t\t\t\t\t\t<\/li>\n\t\t\t\t\t\t<\/ul>\n\t\t\t\t\t\t<\/div>\n\t\t\t\t<\/div>\n\t\t\t\t<div class=\"elementor-element elementor-element-3306bace elementor-widget elementor-widget-text-editor\" data-id=\"3306bace\" data-element_type=\"widget\" data-e-type=\"widget\" data-widget_type=\"text-editor.default\">\n\t\t\t\t<div class=\"elementor-widget-container\">\n\t\t\t\t\t\t\t\t\t<div data-pm-slice=\"1 1 [&quot;table&quot;,{&quot;style&quot;:null,&quot;summary&quot;:null,&quot;width&quot;:&quot;1757.50390625px&quot;,&quot;cellspacing&quot;:null,&quot;cellpadding&quot;:null,&quot;align&quot;:null,&quot;cols&quot;:[{&quot;width&quot;:46},{&quot;width&quot;:296},{&quot;width&quot;:301},{&quot;width&quot;:84.484375},{&quot;width&quot;:78.3046875},{&quot;width&quot;:86.71484375},{&quot;width&quot;:865}],&quot;backgroundColor&quot;:null,&quot;color&quot;:null,&quot;selected&quot;:false},&quot;tr&quot;,{&quot;style&quot;:null,&quot;backgroundColor&quot;:null,&quot;textAlign&quot;:null,&quot;verticalAlign&quot;:null,&quot;color&quot;:null},&quot;td&quot;,{&quot;style&quot;:null,&quot;abbr&quot;:null,&quot;nowrap&quot;:null,&quot;height&quot;:null,&quot;colspan&quot;:1,&quot;rowspan&quot;:1,&quot;colwidth&quot;:[865],&quot;backgroundColor&quot;:&quot;#cde6f9&quot;,&quot;textAlign&quot;:null,&quot;verticalAlign&quot;:null,&quot;color&quot;:&quot;&quot;,&quot;inversionType&quot;:&quot;smart&quot;}]\" data-en-clipboard=\"true\"><b>(19) 3226-5286<\/b> (WhatsApp)<\/div>\t\t\t\t\t\t\t\t<\/div>\n\t\t\t\t<\/div>\n\t\t\t\t<div class=\"elementor-element elementor-element-4f7d7828 elementor-icon-list--layout-traditional elementor-list-item-link-full_width elementor-widget elementor-widget-icon-list\" data-id=\"4f7d7828\" data-element_type=\"widget\" data-e-type=\"widget\" data-widget_type=\"icon-list.default\">\n\t\t\t\t<div class=\"elementor-widget-container\">\n\t\t\t\t\t\t\t<ul class=\"elementor-icon-list-items\">\n\t\t\t\t\t\t\t<li class=\"elementor-icon-list-item\">\n\t\t\t\t\t\t\t\t\t\t\t<span class=\"elementor-icon-list-icon\">\n\t\t\t\t\t\t\t<i aria-hidden=\"true\" class=\"fas fa-envelope\"><\/i>\t\t\t\t\t\t<\/span>\n\t\t\t\t\t\t\t\t\t\t<span class=\"elementor-icon-list-text\">E-mail<\/span>\n\t\t\t\t\t\t\t\t\t<\/li>\n\t\t\t\t\t\t<\/ul>\n\t\t\t\t\t\t<\/div>\n\t\t\t\t<\/div>\n\t\t\t\t<div class=\"elementor-element elementor-element-f3f20cf elementor-widget elementor-widget-text-editor\" data-id=\"f3f20cf\" data-element_type=\"widget\" data-e-type=\"widget\" data-widget_type=\"text-editor.default\">\n\t\t\t\t<div class=\"elementor-widget-container\">\n\t\t\t\t\t\t\t\t\t<p><b>E-mail:<\/b><\/p><div data-pm-slice=\"1 1 [&quot;table&quot;,{&quot;style&quot;:null,&quot;summary&quot;:null,&quot;width&quot;:&quot;1757.50390625px&quot;,&quot;cellspacing&quot;:null,&quot;cellpadding&quot;:null,&quot;align&quot;:null,&quot;cols&quot;:[{&quot;width&quot;:46},{&quot;width&quot;:296},{&quot;width&quot;:301},{&quot;width&quot;:84.484375},{&quot;width&quot;:78.3046875},{&quot;width&quot;:86.71484375},{&quot;width&quot;:865}],&quot;backgroundColor&quot;:null,&quot;color&quot;:null,&quot;selected&quot;:false},&quot;tr&quot;,{&quot;style&quot;:null,&quot;backgroundColor&quot;:null,&quot;textAlign&quot;:null,&quot;verticalAlign&quot;:null,&quot;color&quot;:null},&quot;td&quot;,{&quot;style&quot;:null,&quot;abbr&quot;:null,&quot;nowrap&quot;:null,&quot;height&quot;:null,&quot;colspan&quot;:1,&quot;rowspan&quot;:1,&quot;colwidth&quot;:[865],&quot;backgroundColor&quot;:&quot;#cde6f9&quot;,&quot;textAlign&quot;:null,&quot;verticalAlign&quot;:null,&quot;color&quot;:&quot;&quot;,&quot;inversionType&quot;:&quot;smart&quot;}]\" data-en-clipboard=\"true\"><span style=\"color: #0000ff;\"><a style=\"color: #0000ff;\" href=\"mailto:dombosco@arquidiocesecampinas.com\" target=\"_blank\" rel=\"noopener\">dombosco@arquidiocesecampinas.com<\/a><\/span><\/div>\t\t\t\t\t\t\t\t<\/div>\n\t\t\t\t<\/div>\n\t\t\t\t<div class=\"elementor-element elementor-element-61e976c9 e-grid-align-left e-grid-align-mobile-left elementor-shape-rounded elementor-grid-0 elementor-widget elementor-widget-social-icons\" data-id=\"61e976c9\" data-element_type=\"widget\" data-e-type=\"widget\" data-widget_type=\"social-icons.default\">\n\t\t\t\t<div class=\"elementor-widget-container\">\n\t\t\t\t\t\t\t<div class=\"elementor-social-icons-wrapper elementor-grid\" role=\"list\">\n\t\t\t\t\t\t\t<span class=\"elementor-grid-item\" role=\"listitem\">\n\t\t\t\t\t<a class=\"elementor-icon elementor-social-icon elementor-social-icon-facebook-f elementor-repeater-item-0267196\" href=\"#\" target=\"_blank\">\n\t\t\t\t\t\t<span class=\"elementor-screen-only\">Facebook-f<\/span>\n\t\t\t\t\t\t<i aria-hidden=\"true\" class=\"fab fa-facebook-f\"><\/i>\t\t\t\t\t<\/a>\n\t\t\t\t<\/span>\n\t\t\t\t\t\t\t<span class=\"elementor-grid-item\" role=\"listitem\">\n\t\t\t\t\t<a class=\"elementor-icon elementor-social-icon elementor-social-icon-youtube elementor-repeater-item-dbaeb71\" href=\"#\" target=\"_blank\">\n\t\t\t\t\t\t<span class=\"elementor-screen-only\">Youtube<\/span>\n\t\t\t\t\t\t<i aria-hidden=\"true\" class=\"fab fa-youtube\"><\/i>\t\t\t\t\t<\/a>\n\t\t\t\t<\/span>\n\t\t\t\t\t\t\t<span class=\"elementor-grid-item\" role=\"listitem\">\n\t\t\t\t\t<a class=\"elementor-icon elementor-social-icon elementor-social-icon-instagram elementor-repeater-item-92c0998\" href=\"#\" target=\"_blank\">\n\t\t\t\t\t\t<span class=\"elementor-screen-only\">Instagram<\/span>\n\t\t\t\t\t\t<i aria-hidden=\"true\" class=\"fab fa-instagram\"><\/i>\t\t\t\t\t<\/a>\n\t\t\t\t<\/span>\n\t\t\t\t\t<\/div>\n\t\t\t\t\t\t<\/div>\n\t\t\t\t<\/div>\n\t\t\t\t\t<\/div>\n\t\t<\/div>\n\t\t\t\t<div class=\"elementor-column elementor-col-50 elementor-top-column elementor-element elementor-element-70b08f71 animated-slow\" data-id=\"70b08f71\" data-element_type=\"column\" data-e-type=\"column\" data-settings=\"{&quot;background_background&quot;:&quot;classic&quot;,&quot;animation&quot;:&quot;none&quot;}\">\n\t\t\t<div class=\"elementor-widget-wrap\">\n\t\t\t\t\t<div class=\"elementor-background-overlay\"><\/div>\n\t\t\t\t\t\t\t<\/div>\n\t\t<\/div>\n\t\t\t\t\t<\/div>\n\t\t<\/section>\n\t\t\t\t<section class=\"elementor-section elementor-top-section elementor-element elementor-element-6516c4f7 elementor-section-full_width elementor-section-height-default elementor-section-height-default elementor-invisible\" data-id=\"6516c4f7\" data-element_type=\"section\" data-e-type=\"section\" data-settings=\"{&quot;animation&quot;:&quot;fadeIn&quot;}\">\n\t\t\t\t\t\t<div class=\"elementor-container elementor-column-gap-default\">\n\t\t\t\t\t<div class=\"elementor-column elementor-col-50 elementor-top-column elementor-element elementor-element-8cff5bc\" data-id=\"8cff5bc\" data-element_type=\"column\" data-e-type=\"column\">\n\t\t\t<div class=\"elementor-widget-wrap elementor-element-populated\">\n\t\t\t\t\t\t<div class=\"elementor-element elementor-element-0c0bfd1 elementor-widget elementor-widget-heading\" data-id=\"0c0bfd1\" data-element_type=\"widget\" data-e-type=\"widget\" data-widget_type=\"heading.default\">\n\t\t\t\t<div class=\"elementor-widget-container\">\n\t\t\t\t\t<h5 class=\"elementor-heading-title elementor-size-default\">Par\u00f3quia Dom Bosco<\/h5>\t\t\t\t<\/div>\n\t\t\t\t<\/div>\n\t\t\t\t<div class=\"elementor-element elementor-element-394c6271 elementor-widget elementor-widget-google_maps\" data-id=\"394c6271\" data-element_type=\"widget\" data-e-type=\"widget\" data-widget_type=\"google_maps.default\">\n\t\t\t\t<div class=\"elementor-widget-container\">\n\t\t\t\t\t\t\t<div class=\"elementor-custom-embed\">\n\t\t\t<iframe loading=\"lazy\"\n\t\t\t\t\tsrc=\"https:\/\/maps.google.com\/maps?q=Par%C3%B3quia%20Dom%20Bosco%20-%20Campinas&#038;t=m&#038;z=16&#038;output=embed&#038;iwloc=near\"\n\t\t\t\t\ttitle=\"Par\u00f3quia Dom Bosco - Campinas\"\n\t\t\t\t\taria-label=\"Par\u00f3quia Dom Bosco - Campinas\"\n\t\t\t><\/iframe>\n\t\t<\/div>\n\t\t\t\t\t\t<\/div>\n\t\t\t\t<\/div>\n\t\t\t\t\t<\/div>\n\t\t<\/div>\n\t\t\t\t<div class=\"elementor-column elementor-col-50 elementor-top-column elementor-element elementor-element-223f8b0d\" data-id=\"223f8b0d\" data-element_type=\"column\" data-e-type=\"column\">\n\t\t\t<div class=\"elementor-widget-wrap elementor-element-populated\">\n\t\t\t\t\t\t<div class=\"elementor-element elementor-element-b9dd9fd elementor-widget elementor-widget-heading\" data-id=\"b9dd9fd\" data-element_type=\"widget\" data-e-type=\"widget\" data-widget_type=\"heading.default\">\n\t\t\t\t<div class=\"elementor-widget-container\">\n\t\t\t\t\t<h5 class=\"elementor-heading-title elementor-size-default\">Comunidade S\u00e3o Jos\u00e9<\/h5>\t\t\t\t<\/div>\n\t\t\t\t<\/div>\n\t\t\t\t<div class=\"elementor-element elementor-element-821a209 elementor-widget elementor-widget-google_maps\" data-id=\"821a209\" data-element_type=\"widget\" data-e-type=\"widget\" data-widget_type=\"google_maps.default\">\n\t\t\t\t<div class=\"elementor-widget-container\">\n\t\t\t\t\t\t\t<div class=\"elementor-custom-embed\">\n\t\t\t<iframe loading=\"lazy\"\n\t\t\t\t\tsrc=\"https:\/\/maps.google.com\/maps?q=Jd.Maraj%C3%B3%2C%20Campinas%20%E2%80%93%20SP&#038;t=m&#038;z=16&#038;output=embed&#038;iwloc=near\"\n\t\t\t\t\ttitle=\"Jd.Maraj\u00f3, Campinas \u2013 SP\"\n\t\t\t\t\taria-label=\"Jd.Maraj\u00f3, Campinas \u2013 SP\"\n\t\t\t><\/iframe>\n\t\t<\/div>\n\t\t\t\t\t\t<\/div>\n\t\t\t\t<\/div>\n\t\t\t\t\t<\/div>\n\t\t<\/div>\n\t\t\t\t\t<\/div>\n\t\t<\/section>\n\t\t\t\t<section class=\"elementor-section elementor-top-section elementor-element elementor-element-69db1a2 elementor-section-boxed elementor-section-height-default elementor-section-height-default\" data-id=\"69db1a2\" data-element_type=\"section\" data-e-type=\"section\">\n\t\t\t\t\t\t<div class=\"elementor-container elementor-column-gap-default\">\n\t\t\t\t\t<div class=\"elementor-column elementor-col-100 elementor-top-column elementor-element elementor-element-a73b846\" data-id=\"a73b846\" data-element_type=\"column\" data-e-type=\"column\">\n\t\t\t<div class=\"elementor-widget-wrap\">\n\t\t\t\t\t\t\t<\/div>\n\t\t<\/div>\n\t\t\t\t\t<\/div>\n\t\t<\/section>\n\t\t\t\t<\/div>\n\t\t","protected":false},"excerpt":{"rendered":"<p>FALE CONOSCO Par\u00f3quia Dom BoscoRua Margarida Occhiena, S\/NN\u00facleo Res. Vila Vit\u00f3ria,Campinas \u2013 SP CEP 13057-541Hor\u00e1rio: Ter\u00e7a a sexta &#8211; 14h00 \u00e0s 18h30 S\u00e1bado &#8211; 10h00 \u00e0s<span class=\"excerpt-hellip\"> [\u2026]<\/span><\/p>\n","protected":false},"author":93,"featured_media":0,"parent":0,"menu_order":0,"comment_status":"closed","ping_status":"closed","template":"","meta":{"footnotes":""},"class_list":["post-14","page","type-page","status-publish","hentry"],"_links":{"self":[{"href":"https:\/\/salesianossp.org.br\/pardbcampinas\/wp-json\/wp\/v2\/pages\/14","targetHints":{"allow":["GET"]}}],"collection":[{"href":"https:\/\/salesianossp.org.br\/pardbcampinas\/wp-json\/wp\/v2\/pages"}],"about":[{"href":"https:\/\/salesianossp.org.br\/pardbcampinas\/wp-json\/wp\/v2\/types\/page"}],"author":[{"embeddable":true,"href":"https:\/\/salesianossp.org.br\/pardbcampinas\/wp-json\/wp\/v2\/users\/93"}],"replies":[{"embeddable":true,"href":"https:\/\/salesianossp.org.br\/pardbcampinas\/wp-json\/wp\/v2\/comments?post=14"}],"version-history":[{"count":35,"href":"https:\/\/salesianossp.org.br\/pardbcampinas\/wp-json\/wp\/v2\/pages\/14\/revisions"}],"predecessor-version":[{"id":2166,"href":"https:\/\/salesianossp.org.br\/pardbcampinas\/wp-json\/wp\/v2\/pages\/14\/revisions\/2166"}],"wp:attachment":[{"href":"https:\/\/salesianossp.org.br\/pardbcampinas\/wp-json\/wp\/v2\/media?parent=14"}],"curies":[{"name":"wp","href":"https:\/\/api.w.org\/{rel}","templated":true}]}}