{"id":188,"date":"2020-05-17T23:07:30","date_gmt":"2020-05-17T23:07:30","guid":{"rendered":"https:\/\/salesianossp.org.br\/pardbcampinas\/?page_id=188"},"modified":"2021-05-30T21:51:28","modified_gmt":"2021-05-31T00:51:28","slug":"nossahistoria","status":"publish","type":"page","link":"https:\/\/salesianossp.org.br\/pardbcampinas\/nossahistoria\/","title":{"rendered":"Nossa Hist\u00f3ria"},"content":{"rendered":"\t\t<div data-elementor-type=\"wp-page\" data-elementor-id=\"188\" class=\"elementor elementor-188\" data-elementor-post-type=\"page\">\n\t\t\t\t\t\t<section class=\"elementor-section elementor-top-section elementor-element elementor-element-ca12c1e elementor-section-boxed elementor-section-height-default elementor-section-height-default\" data-id=\"ca12c1e\" data-element_type=\"section\" data-e-type=\"section\">\n\t\t\t\t\t\t<div class=\"elementor-container elementor-column-gap-default\">\n\t\t\t\t\t<div class=\"elementor-column elementor-col-100 elementor-top-column elementor-element elementor-element-44c954d\" data-id=\"44c954d\" data-element_type=\"column\" data-e-type=\"column\">\n\t\t\t<div class=\"elementor-widget-wrap elementor-element-populated\">\n\t\t\t\t\t\t<div class=\"elementor-element elementor-element-2803d74 elementor-widget elementor-widget-heading\" data-id=\"2803d74\" data-element_type=\"widget\" data-e-type=\"widget\" data-widget_type=\"heading.default\">\n\t\t\t\t<div class=\"elementor-widget-container\">\n\t\t\t\t\t<h2 class=\"elementor-heading-title elementor-size-default\">Nossa Hist\u00f3ria<\/h2>\t\t\t\t<\/div>\n\t\t\t\t<\/div>\n\t\t\t\t\t<\/div>\n\t\t<\/div>\n\t\t\t\t\t<\/div>\n\t\t<\/section>\n\t\t\t\t<section class=\"elementor-section elementor-top-section elementor-element elementor-element-640d87d elementor-section-boxed elementor-section-height-default elementor-section-height-default\" data-id=\"640d87d\" data-element_type=\"section\" data-e-type=\"section\">\n\t\t\t\t\t\t<div class=\"elementor-container elementor-column-gap-default\">\n\t\t\t\t\t<div class=\"elementor-column elementor-col-100 elementor-top-column elementor-element elementor-element-204315c\" data-id=\"204315c\" data-element_type=\"column\" data-e-type=\"column\">\n\t\t\t<div class=\"elementor-widget-wrap elementor-element-populated\">\n\t\t\t\t\t\t<div class=\"elementor-element elementor-element-a086b9c elementor-widget elementor-widget-text-editor\" data-id=\"a086b9c\" data-element_type=\"widget\" data-e-type=\"widget\" data-widget_type=\"text-editor.default\">\n\t\t\t\t<div class=\"elementor-widget-container\">\n\t\t\t\t\t\t\t\t\t<p><span style=\"font-weight: 400;\">Em 24 de maio de 2002, o Arcebispo Metropolitano de Campinas, Dom Gilberto Pereira Lopes, erigiu canonicamente a Par\u00f3quia Dom Bosco, no Bairro Vida Nova, com abrang\u00eancia aos bairros Vida Nova I e II, Vila Vit\u00f3ria I e II e Mauro Marcondes, na Regi\u00e3o Sudoeste de Campinas, pr\u00f3ximo ao Aeroporto Internacional de Viracopos, atendendo uma popula\u00e7\u00e3o estimada em torno de 22.000 habitantes.\u00a0<\/span><\/p><p><span style=\"font-weight: 400;\">A instala\u00e7\u00e3o da par\u00f3quia foi precedida por um trabalho de pastoral realizado pelas Irm\u00e3s Calvarianas desde o ano de 1994, focalizado principalmente no atendimento \u00e0s fam\u00edlias pobres e aos adolescentes (13 a 18 anos) em vulnerabilidade pessoal e social.<\/span><\/p><p><span style=\"font-weight: 400;\">A partir de 1996, o Padre Antonio Francisco Lelo, SDB, come\u00e7ou a atender \u00e0s crian\u00e7as e adolescentes do bairro, encaminhando-as para a Obra Social Salesiana do ent\u00e3o chamado \u201cExternato S\u00e3o Jo\u00e3o\u201d, localizado no centro da cidade. <\/span><\/p>\t\t\t\t\t\t\t\t<\/div>\n\t\t\t\t<\/div>\n\t\t\t\t\t<\/div>\n\t\t<\/div>\n\t\t\t\t\t<\/div>\n\t\t<\/section>\n\t\t\t\t<\/div>\n\t\t","protected":false},"excerpt":{"rendered":"<p>Nossa Hist\u00f3ria Em 24 de maio de 2002, o Arcebispo Metropolitano de Campinas, Dom Gilberto Pereira Lopes, erigiu canonicamente a Par\u00f3quia Dom Bosco, no Bairro Vida<span class=\"excerpt-hellip\"> [\u2026]<\/span><\/p>\n","protected":false},"author":93,"featured_media":0,"parent":0,"menu_order":0,"comment_status":"closed","ping_status":"closed","template":"","meta":{"footnotes":""},"class_list":["post-188","page","type-page","status-publish","hentry"],"_links":{"self":[{"href":"https:\/\/salesianossp.org.br\/pardbcampinas\/wp-json\/wp\/v2\/pages\/188","targetHints":{"allow":["GET"]}}],"collection":[{"href":"https:\/\/salesianossp.org.br\/pardbcampinas\/wp-json\/wp\/v2\/pages"}],"about":[{"href":"https:\/\/salesianossp.org.br\/pardbcampinas\/wp-json\/wp\/v2\/types\/page"}],"author":[{"embeddable":true,"href":"https:\/\/salesianossp.org.br\/pardbcampinas\/wp-json\/wp\/v2\/users\/93"}],"replies":[{"embeddable":true,"href":"https:\/\/salesianossp.org.br\/pardbcampinas\/wp-json\/wp\/v2\/comments?post=188"}],"version-history":[{"count":8,"href":"https:\/\/salesianossp.org.br\/pardbcampinas\/wp-json\/wp\/v2\/pages\/188\/revisions"}],"predecessor-version":[{"id":1501,"href":"https:\/\/salesianossp.org.br\/pardbcampinas\/wp-json\/wp\/v2\/pages\/188\/revisions\/1501"}],"wp:attachment":[{"href":"https:\/\/salesianossp.org.br\/pardbcampinas\/wp-json\/wp\/v2\/media?parent=188"}],"curies":[{"name":"wp","href":"https:\/\/api.w.org\/{rel}","templated":true}]}}