{"id":1921,"date":"2023-03-24T10:17:55","date_gmt":"2023-03-24T13:17:55","guid":{"rendered":"https:\/\/salesianossp.org.br\/pardbcampinas\/?page_id=1921"},"modified":"2026-03-18T08:39:50","modified_gmt":"2026-03-18T11:39:50","slug":"pastoral-da-crianca-2","status":"publish","type":"page","link":"https:\/\/salesianossp.org.br\/pardbcampinas\/pastoral-da-crianca-2\/","title":{"rendered":"Pastoral da Crian\u00e7a"},"content":{"rendered":"\t\t<div data-elementor-type=\"wp-page\" data-elementor-id=\"1921\" class=\"elementor elementor-1921\" data-elementor-post-type=\"page\">\n\t\t\t\t\t\t<section class=\"elementor-section elementor-top-section elementor-element elementor-element-8d39d99 elementor-section-boxed elementor-section-height-default elementor-section-height-default\" data-id=\"8d39d99\" data-element_type=\"section\" data-e-type=\"section\">\n\t\t\t\t\t\t<div class=\"elementor-container elementor-column-gap-default\">\n\t\t\t\t\t<div class=\"elementor-column elementor-col-100 elementor-top-column elementor-element elementor-element-6532bcb\" data-id=\"6532bcb\" data-element_type=\"column\" data-e-type=\"column\">\n\t\t\t<div class=\"elementor-widget-wrap elementor-element-populated\">\n\t\t\t\t\t\t<div class=\"elementor-element elementor-element-4d730cf elementor-widget elementor-widget-heading\" data-id=\"4d730cf\" data-element_type=\"widget\" data-e-type=\"widget\" data-widget_type=\"heading.default\">\n\t\t\t\t<div class=\"elementor-widget-container\">\n\t\t\t\t\t<h2 class=\"elementor-heading-title elementor-size-default\">Pastoral da Crian\u00e7a<\/h2>\t\t\t\t<\/div>\n\t\t\t\t<\/div>\n\t\t\t\t\t<\/div>\n\t\t<\/div>\n\t\t\t\t\t<\/div>\n\t\t<\/section>\n\t\t\t\t<section class=\"elementor-section elementor-top-section elementor-element elementor-element-d250aed elementor-section-boxed elementor-section-height-default elementor-section-height-default\" data-id=\"d250aed\" data-element_type=\"section\" data-e-type=\"section\">\n\t\t\t\t\t\t<div class=\"elementor-container elementor-column-gap-default\">\n\t\t\t\t\t<div class=\"elementor-column elementor-col-100 elementor-top-column elementor-element elementor-element-d76bf5e\" data-id=\"d76bf5e\" data-element_type=\"column\" data-e-type=\"column\">\n\t\t\t<div class=\"elementor-widget-wrap elementor-element-populated\">\n\t\t\t\t\t\t<div class=\"elementor-element elementor-element-a617ec5 elementor-widget elementor-widget-image\" data-id=\"a617ec5\" data-element_type=\"widget\" data-e-type=\"widget\" data-widget_type=\"image.default\">\n\t\t\t\t<div class=\"elementor-widget-container\">\n\t\t\t\t\t\t\t\t\t\t\t\t\t\t\t<img fetchpriority=\"high\" decoding=\"async\" width=\"300\" height=\"300\" src=\"https:\/\/salesianossp.org.br\/pardbcampinas\/wp-content\/uploads\/2023\/03\/pastoral-da-crianca-300x300.jpg\" class=\"attachment-medium size-medium wp-image-1922\" alt=\"\" srcset=\"https:\/\/salesianossp.org.br\/pardbcampinas\/wp-content\/uploads\/2023\/03\/pastoral-da-crianca-300x300.jpg 300w, https:\/\/salesianossp.org.br\/pardbcampinas\/wp-content\/uploads\/2023\/03\/pastoral-da-crianca-150x150.jpg 150w, https:\/\/salesianossp.org.br\/pardbcampinas\/wp-content\/uploads\/2023\/03\/pastoral-da-crianca-146x146.jpg 146w, https:\/\/salesianossp.org.br\/pardbcampinas\/wp-content\/uploads\/2023\/03\/pastoral-da-crianca-50x50.jpg 50w, https:\/\/salesianossp.org.br\/pardbcampinas\/wp-content\/uploads\/2023\/03\/pastoral-da-crianca-75x75.jpg 75w, https:\/\/salesianossp.org.br\/pardbcampinas\/wp-content\/uploads\/2023\/03\/pastoral-da-crianca-85x85.jpg 85w, https:\/\/salesianossp.org.br\/pardbcampinas\/wp-content\/uploads\/2023\/03\/pastoral-da-crianca-80x80.jpg 80w, https:\/\/salesianossp.org.br\/pardbcampinas\/wp-content\/uploads\/2023\/03\/elementor\/thumbs\/pastoral-da-crianca-q3zkmsqxhk6yuvuq078sjtiwb2ks5mde3e1wjfw7o0.jpg 200w, https:\/\/salesianossp.org.br\/pardbcampinas\/wp-content\/uploads\/2023\/03\/pastoral-da-crianca.jpg 400w\" sizes=\"(max-width:767px) 300px, 300px\" \/>\t\t\t\t\t\t\t\t\t\t\t\t\t\t\t<\/div>\n\t\t\t\t<\/div>\n\t\t\t\t\t<\/div>\n\t\t<\/div>\n\t\t\t\t\t<\/div>\n\t\t<\/section>\n\t\t\t\t<section class=\"elementor-section elementor-top-section elementor-element elementor-element-7d5f549 elementor-section-boxed elementor-section-height-default elementor-section-height-default\" data-id=\"7d5f549\" data-element_type=\"section\" data-e-type=\"section\">\n\t\t\t\t\t\t<div class=\"elementor-container elementor-column-gap-default\">\n\t\t\t\t\t<div class=\"elementor-column elementor-col-100 elementor-top-column elementor-element elementor-element-a9c29b4\" data-id=\"a9c29b4\" data-element_type=\"column\" data-e-type=\"column\">\n\t\t\t<div class=\"elementor-widget-wrap elementor-element-populated\">\n\t\t\t\t\t\t<div class=\"elementor-element elementor-element-cab07e9 elementor-widget elementor-widget-text-editor\" data-id=\"cab07e9\" data-element_type=\"widget\" data-e-type=\"widget\" data-widget_type=\"text-editor.default\">\n\t\t\t\t<div class=\"elementor-widget-container\">\n\t\t\t\t\t\t\t\t\t<p><b>Objetivo: <\/b><span style=\"font-weight: 400;\">Zelar pelo desenvolvimento de crian\u00e7as de 0 a 6 anos e gestantes, promovendo um acompanhamento de sua sa\u00fade e favorecendo o acesso a complementos alimentares e orienta\u00e7\u00f5es nutricionais; aproximar o p\u00fablico atendido dos servi\u00e7os pastorais oferecidos pela comunidade.<\/span><\/p>\n<p><b>Pesagem: <\/b>Primeiro s\u00e1bado do m\u00eas, das 09h \u00e0s 12h<\/p>\n<p><b>Coordenadora: <\/b>Graciene Nunes<\/p>\n<p><b>Telefone: <\/b>(19) 97124-7801<\/p>\t\t\t\t\t\t\t\t<\/div>\n\t\t\t\t<\/div>\n\t\t\t\t\t<\/div>\n\t\t<\/div>\n\t\t\t\t\t<\/div>\n\t\t<\/section>\n\t\t\t\t<\/div>\n\t\t","protected":false},"excerpt":{"rendered":"<p>Pastoral da Crian\u00e7a Objetivo: Zelar pelo desenvolvimento de crian\u00e7as de 0 a 6 anos e gestantes, promovendo um acompanhamento de sua sa\u00fade e favorecendo o acesso<span class=\"excerpt-hellip\"> [\u2026]<\/span><\/p>\n","protected":false},"author":93,"featured_media":0,"parent":0,"menu_order":0,"comment_status":"closed","ping_status":"closed","template":"","meta":{"footnotes":""},"class_list":["post-1921","page","type-page","status-publish","hentry"],"_links":{"self":[{"href":"https:\/\/salesianossp.org.br\/pardbcampinas\/wp-json\/wp\/v2\/pages\/1921","targetHints":{"allow":["GET"]}}],"collection":[{"href":"https:\/\/salesianossp.org.br\/pardbcampinas\/wp-json\/wp\/v2\/pages"}],"about":[{"href":"https:\/\/salesianossp.org.br\/pardbcampinas\/wp-json\/wp\/v2\/types\/page"}],"author":[{"embeddable":true,"href":"https:\/\/salesianossp.org.br\/pardbcampinas\/wp-json\/wp\/v2\/users\/93"}],"replies":[{"embeddable":true,"href":"https:\/\/salesianossp.org.br\/pardbcampinas\/wp-json\/wp\/v2\/comments?post=1921"}],"version-history":[{"count":9,"href":"https:\/\/salesianossp.org.br\/pardbcampinas\/wp-json\/wp\/v2\/pages\/1921\/revisions"}],"predecessor-version":[{"id":2281,"href":"https:\/\/salesianossp.org.br\/pardbcampinas\/wp-json\/wp\/v2\/pages\/1921\/revisions\/2281"}],"wp:attachment":[{"href":"https:\/\/salesianossp.org.br\/pardbcampinas\/wp-json\/wp\/v2\/media?parent=1921"}],"curies":[{"name":"wp","href":"https:\/\/api.w.org\/{rel}","templated":true}]}}