{"id":1926,"date":"2023-03-24T10:21:06","date_gmt":"2023-03-24T13:21:06","guid":{"rendered":"https:\/\/salesianossp.org.br\/pardbcampinas\/?page_id=1926"},"modified":"2026-03-20T14:17:17","modified_gmt":"2026-03-20T17:17:17","slug":"pastoral-da-comunicacao-pascom","status":"publish","type":"page","link":"https:\/\/salesianossp.org.br\/pardbcampinas\/pastoral-da-comunicacao-pascom\/","title":{"rendered":"Pastoral da Comunica\u00e7\u00e3o &#8211; Pascom"},"content":{"rendered":"\t\t<div data-elementor-type=\"wp-page\" data-elementor-id=\"1926\" class=\"elementor elementor-1926\" data-elementor-post-type=\"page\">\n\t\t\t\t\t\t<section class=\"elementor-section elementor-top-section elementor-element elementor-element-e2af479 elementor-section-boxed elementor-section-height-default elementor-section-height-default\" data-id=\"e2af479\" data-element_type=\"section\" data-e-type=\"section\">\n\t\t\t\t\t\t<div class=\"elementor-container elementor-column-gap-default\">\n\t\t\t\t\t<div class=\"elementor-column elementor-col-100 elementor-top-column elementor-element elementor-element-26223e5\" data-id=\"26223e5\" data-element_type=\"column\" data-e-type=\"column\">\n\t\t\t<div class=\"elementor-widget-wrap elementor-element-populated\">\n\t\t\t\t\t\t<div class=\"elementor-element elementor-element-24c2543 elementor-widget elementor-widget-heading\" data-id=\"24c2543\" data-element_type=\"widget\" data-e-type=\"widget\" data-widget_type=\"heading.default\">\n\t\t\t\t<div class=\"elementor-widget-container\">\n\t\t\t\t\t<h2 class=\"elementor-heading-title elementor-size-default\">Pastoral da Comunica\u00e7\u00e3o - Pascom<\/h2>\t\t\t\t<\/div>\n\t\t\t\t<\/div>\n\t\t\t\t\t<\/div>\n\t\t<\/div>\n\t\t\t\t\t<\/div>\n\t\t<\/section>\n\t\t\t\t<section class=\"elementor-section elementor-top-section elementor-element elementor-element-1d8f149 elementor-section-boxed elementor-section-height-default elementor-section-height-default\" data-id=\"1d8f149\" data-element_type=\"section\" data-e-type=\"section\">\n\t\t\t\t\t\t<div class=\"elementor-container elementor-column-gap-default\">\n\t\t\t\t\t<div class=\"elementor-column elementor-col-100 elementor-top-column elementor-element elementor-element-a241f39\" data-id=\"a241f39\" data-element_type=\"column\" data-e-type=\"column\">\n\t\t\t<div class=\"elementor-widget-wrap elementor-element-populated\">\n\t\t\t\t\t\t<div class=\"elementor-element elementor-element-2ef2e77 elementor-widget elementor-widget-image\" data-id=\"2ef2e77\" data-element_type=\"widget\" data-e-type=\"widget\" data-widget_type=\"image.default\">\n\t\t\t\t<div class=\"elementor-widget-container\">\n\t\t\t\t\t\t\t\t\t\t\t\t\t\t\t<img fetchpriority=\"high\" decoding=\"async\" width=\"300\" height=\"300\" src=\"https:\/\/salesianossp.org.br\/pardbcampinas\/wp-content\/uploads\/2023\/03\/pascom-300x300.jpg\" class=\"attachment-medium size-medium wp-image-1928\" alt=\"\" srcset=\"https:\/\/salesianossp.org.br\/pardbcampinas\/wp-content\/uploads\/2023\/03\/pascom-300x300.jpg 300w, https:\/\/salesianossp.org.br\/pardbcampinas\/wp-content\/uploads\/2023\/03\/pascom-150x150.jpg 150w, https:\/\/salesianossp.org.br\/pardbcampinas\/wp-content\/uploads\/2023\/03\/pascom-146x146.jpg 146w, https:\/\/salesianossp.org.br\/pardbcampinas\/wp-content\/uploads\/2023\/03\/pascom-50x50.jpg 50w, https:\/\/salesianossp.org.br\/pardbcampinas\/wp-content\/uploads\/2023\/03\/pascom-75x75.jpg 75w, https:\/\/salesianossp.org.br\/pardbcampinas\/wp-content\/uploads\/2023\/03\/pascom-85x85.jpg 85w, https:\/\/salesianossp.org.br\/pardbcampinas\/wp-content\/uploads\/2023\/03\/pascom-80x80.jpg 80w, https:\/\/salesianossp.org.br\/pardbcampinas\/wp-content\/uploads\/2023\/03\/elementor\/thumbs\/pascom-q3zkqi80g19onigucsxtdvucnsawin39xqouoqeb4g.jpg 200w, https:\/\/salesianossp.org.br\/pardbcampinas\/wp-content\/uploads\/2023\/03\/pascom.jpg 400w\" sizes=\"(max-width:767px) 300px, 300px\" \/>\t\t\t\t\t\t\t\t\t\t\t\t\t\t\t<\/div>\n\t\t\t\t<\/div>\n\t\t\t\t\t<\/div>\n\t\t<\/div>\n\t\t\t\t\t<\/div>\n\t\t<\/section>\n\t\t\t\t<section class=\"elementor-section elementor-top-section elementor-element elementor-element-539a42a elementor-section-boxed elementor-section-height-default elementor-section-height-default\" data-id=\"539a42a\" data-element_type=\"section\" data-e-type=\"section\">\n\t\t\t\t\t\t<div class=\"elementor-container elementor-column-gap-default\">\n\t\t\t\t\t<div class=\"elementor-column elementor-col-100 elementor-top-column elementor-element elementor-element-e456919\" data-id=\"e456919\" data-element_type=\"column\" data-e-type=\"column\">\n\t\t\t<div class=\"elementor-widget-wrap elementor-element-populated\">\n\t\t\t\t\t\t<div class=\"elementor-element elementor-element-232eef7 elementor-widget elementor-widget-text-editor\" data-id=\"232eef7\" data-element_type=\"widget\" data-e-type=\"widget\" data-widget_type=\"text-editor.default\">\n\t\t\t\t<div class=\"elementor-widget-container\">\n\t\t\t\t\t\t\t\t\t<p><b>Objetivo<\/b><span style=\"font-weight: 400;\">: A Pastoral da Comunica\u00e7\u00e3o (PASCOM) tem como miss\u00e3o evangelizar por meio da comunica\u00e7\u00e3o, levando a mensagem de Jesus Cristo a todos com verdade, amor e responsabilidade.<br \/>Mais do que informar, buscamos unir a comunidade, dar visibilidade \u00e0 vida da Igreja e fortalecer a comunh\u00e3o entre pastorais, movimentos e fi\u00e9is. Utilizando os diversos meios de comunica\u00e7\u00e3o, tornamos presente a a\u00e7\u00e3o evangelizadora da Igreja no dia a dia das pessoas.<br \/>Comunicar, para n\u00f3s, \u00e9 servir, acolher e anunciar o amor de Deus.<\/span><\/p><p><b>Coordenadora:<\/b><span style=\"font-weight: 400;\"> Renata Braz<\/span><\/p><p><b>Telefone:<\/b><span style=\"font-weight: 400;\"> (19) 99282-5233<\/span><\/p>\t\t\t\t\t\t\t\t<\/div>\n\t\t\t\t<\/div>\n\t\t\t\t\t<\/div>\n\t\t<\/div>\n\t\t\t\t\t<\/div>\n\t\t<\/section>\n\t\t\t\t<\/div>\n\t\t","protected":false},"excerpt":{"rendered":"<p>Pastoral da Comunica\u00e7\u00e3o &#8211; Pascom Objetivo: A Pastoral da Comunica\u00e7\u00e3o (PASCOM) tem como miss\u00e3o evangelizar por meio da comunica\u00e7\u00e3o, levando a mensagem de Jesus Cristo a<span class=\"excerpt-hellip\"> [\u2026]<\/span><\/p>\n","protected":false},"author":93,"featured_media":0,"parent":0,"menu_order":0,"comment_status":"closed","ping_status":"closed","template":"","meta":{"footnotes":""},"class_list":["post-1926","page","type-page","status-publish","hentry"],"_links":{"self":[{"href":"https:\/\/salesianossp.org.br\/pardbcampinas\/wp-json\/wp\/v2\/pages\/1926","targetHints":{"allow":["GET"]}}],"collection":[{"href":"https:\/\/salesianossp.org.br\/pardbcampinas\/wp-json\/wp\/v2\/pages"}],"about":[{"href":"https:\/\/salesianossp.org.br\/pardbcampinas\/wp-json\/wp\/v2\/types\/page"}],"author":[{"embeddable":true,"href":"https:\/\/salesianossp.org.br\/pardbcampinas\/wp-json\/wp\/v2\/users\/93"}],"replies":[{"embeddable":true,"href":"https:\/\/salesianossp.org.br\/pardbcampinas\/wp-json\/wp\/v2\/comments?post=1926"}],"version-history":[{"count":10,"href":"https:\/\/salesianossp.org.br\/pardbcampinas\/wp-json\/wp\/v2\/pages\/1926\/revisions"}],"predecessor-version":[{"id":2365,"href":"https:\/\/salesianossp.org.br\/pardbcampinas\/wp-json\/wp\/v2\/pages\/1926\/revisions\/2365"}],"wp:attachment":[{"href":"https:\/\/salesianossp.org.br\/pardbcampinas\/wp-json\/wp\/v2\/media?parent=1926"}],"curies":[{"name":"wp","href":"https:\/\/api.w.org\/{rel}","templated":true}]}}