{"id":1945,"date":"2023-03-24T10:27:51","date_gmt":"2023-03-24T13:27:51","guid":{"rendered":"https:\/\/salesianossp.org.br\/pardbcampinas\/?page_id=1945"},"modified":"2023-03-28T14:07:14","modified_gmt":"2023-03-28T17:07:14","slug":"pastoral-da-liturgia","status":"publish","type":"page","link":"https:\/\/salesianossp.org.br\/pardbcampinas\/pastoral-da-liturgia\/","title":{"rendered":"Pastoral da Liturgia"},"content":{"rendered":"\t\t<div data-elementor-type=\"wp-page\" data-elementor-id=\"1945\" class=\"elementor elementor-1945\" data-elementor-post-type=\"page\">\n\t\t\t\t\t\t<section class=\"elementor-section elementor-top-section elementor-element elementor-element-df34895 elementor-section-boxed elementor-section-height-default elementor-section-height-default\" data-id=\"df34895\" data-element_type=\"section\" data-e-type=\"section\">\n\t\t\t\t\t\t<div class=\"elementor-container elementor-column-gap-default\">\n\t\t\t\t\t<div class=\"elementor-column elementor-col-100 elementor-top-column elementor-element elementor-element-0a7577c\" data-id=\"0a7577c\" data-element_type=\"column\" data-e-type=\"column\">\n\t\t\t<div class=\"elementor-widget-wrap elementor-element-populated\">\n\t\t\t\t\t\t<div class=\"elementor-element elementor-element-50e4668 elementor-widget elementor-widget-heading\" data-id=\"50e4668\" data-element_type=\"widget\" data-e-type=\"widget\" data-widget_type=\"heading.default\">\n\t\t\t\t<div class=\"elementor-widget-container\">\n\t\t\t\t\t<h2 class=\"elementor-heading-title elementor-size-default\">Pastoral da Liturgia<\/h2>\t\t\t\t<\/div>\n\t\t\t\t<\/div>\n\t\t\t\t\t<\/div>\n\t\t<\/div>\n\t\t\t\t\t<\/div>\n\t\t<\/section>\n\t\t\t\t<section class=\"elementor-section elementor-top-section elementor-element elementor-element-39c1f08 elementor-section-boxed elementor-section-height-default elementor-section-height-default\" data-id=\"39c1f08\" data-element_type=\"section\" data-e-type=\"section\">\n\t\t\t\t\t\t<div class=\"elementor-container elementor-column-gap-default\">\n\t\t\t\t\t<div class=\"elementor-column elementor-col-100 elementor-top-column elementor-element elementor-element-19767c1\" data-id=\"19767c1\" data-element_type=\"column\" data-e-type=\"column\">\n\t\t\t<div class=\"elementor-widget-wrap elementor-element-populated\">\n\t\t\t\t\t\t<div class=\"elementor-element elementor-element-510ebc3 elementor-widget elementor-widget-image\" data-id=\"510ebc3\" data-element_type=\"widget\" data-e-type=\"widget\" data-widget_type=\"image.default\">\n\t\t\t\t<div class=\"elementor-widget-container\">\n\t\t\t\t\t\t\t\t\t\t\t\t\t\t\t<img fetchpriority=\"high\" decoding=\"async\" width=\"300\" height=\"300\" src=\"https:\/\/salesianossp.org.br\/pardbcampinas\/wp-content\/uploads\/2023\/03\/pastoral-da-liturgia-300x300.jpg\" class=\"attachment-medium size-medium wp-image-1947\" alt=\"\" srcset=\"https:\/\/salesianossp.org.br\/pardbcampinas\/wp-content\/uploads\/2023\/03\/pastoral-da-liturgia.jpg 300w, https:\/\/salesianossp.org.br\/pardbcampinas\/wp-content\/uploads\/2023\/03\/pastoral-da-liturgia-150x150.jpg 150w, https:\/\/salesianossp.org.br\/pardbcampinas\/wp-content\/uploads\/2023\/03\/pastoral-da-liturgia-146x146.jpg 146w, https:\/\/salesianossp.org.br\/pardbcampinas\/wp-content\/uploads\/2023\/03\/pastoral-da-liturgia-50x50.jpg 50w, https:\/\/salesianossp.org.br\/pardbcampinas\/wp-content\/uploads\/2023\/03\/pastoral-da-liturgia-75x75.jpg 75w, https:\/\/salesianossp.org.br\/pardbcampinas\/wp-content\/uploads\/2023\/03\/pastoral-da-liturgia-85x85.jpg 85w, https:\/\/salesianossp.org.br\/pardbcampinas\/wp-content\/uploads\/2023\/03\/pastoral-da-liturgia-80x80.jpg 80w, https:\/\/salesianossp.org.br\/pardbcampinas\/wp-content\/uploads\/2023\/03\/elementor\/thumbs\/pastoral-da-liturgia-q3zl0qoqv3a32nlml87kjav1itusbzq20ef6t77zdc.jpg 200w\" sizes=\"(max-width:767px) 300px, 300px\" \/>\t\t\t\t\t\t\t\t\t\t\t\t\t\t\t<\/div>\n\t\t\t\t<\/div>\n\t\t\t\t\t<\/div>\n\t\t<\/div>\n\t\t\t\t\t<\/div>\n\t\t<\/section>\n\t\t\t\t<section class=\"elementor-section elementor-top-section elementor-element elementor-element-4f700b8 elementor-section-boxed elementor-section-height-default elementor-section-height-default\" data-id=\"4f700b8\" data-element_type=\"section\" data-e-type=\"section\">\n\t\t\t\t\t\t<div class=\"elementor-container elementor-column-gap-default\">\n\t\t\t\t\t<div class=\"elementor-column elementor-col-100 elementor-top-column elementor-element elementor-element-a00a208\" data-id=\"a00a208\" data-element_type=\"column\" data-e-type=\"column\">\n\t\t\t<div class=\"elementor-widget-wrap elementor-element-populated\">\n\t\t\t\t\t\t<div class=\"elementor-element elementor-element-77f7fdb elementor-widget elementor-widget-text-editor\" data-id=\"77f7fdb\" data-element_type=\"widget\" data-e-type=\"widget\" data-widget_type=\"text-editor.default\">\n\t\t\t\t<div class=\"elementor-widget-container\">\n\t\t\t\t\t\t\t\t\t<p><b>Objetivo: <\/b><span style=\"font-weight: 400;\">Planejar, animar e coordenar a vida lit\u00fargica das comunidades da par\u00f3quia: garantir a celebra\u00e7\u00e3o do mist\u00e9rio pascal de Cristo. Programar e avaliar as atividades lit\u00fargicas da Par\u00f3quia Dom Bosco.<\/span><\/p><p><b>Coordenador: <\/b><span style=\"font-weight: 400;\">Olivia Gonzaga<\/span><\/p><p><b>Telefone: <\/b><span style=\"font-weight: 400;\">(19) 99161-8807<\/span><\/p>\t\t\t\t\t\t\t\t<\/div>\n\t\t\t\t<\/div>\n\t\t\t\t\t<\/div>\n\t\t<\/div>\n\t\t\t\t\t<\/div>\n\t\t<\/section>\n\t\t\t\t<\/div>\n\t\t","protected":false},"excerpt":{"rendered":"<p>Pastoral da Liturgia Objetivo: Planejar, animar e coordenar a vida lit\u00fargica das comunidades da par\u00f3quia: garantir a celebra\u00e7\u00e3o do mist\u00e9rio pascal de Cristo. Programar e avaliar<span class=\"excerpt-hellip\"> [\u2026]<\/span><\/p>\n","protected":false},"author":93,"featured_media":0,"parent":0,"menu_order":0,"comment_status":"closed","ping_status":"closed","template":"","meta":{"footnotes":""},"class_list":["post-1945","page","type-page","status-publish","hentry"],"_links":{"self":[{"href":"https:\/\/salesianossp.org.br\/pardbcampinas\/wp-json\/wp\/v2\/pages\/1945","targetHints":{"allow":["GET"]}}],"collection":[{"href":"https:\/\/salesianossp.org.br\/pardbcampinas\/wp-json\/wp\/v2\/pages"}],"about":[{"href":"https:\/\/salesianossp.org.br\/pardbcampinas\/wp-json\/wp\/v2\/types\/page"}],"author":[{"embeddable":true,"href":"https:\/\/salesianossp.org.br\/pardbcampinas\/wp-json\/wp\/v2\/users\/93"}],"replies":[{"embeddable":true,"href":"https:\/\/salesianossp.org.br\/pardbcampinas\/wp-json\/wp\/v2\/comments?post=1945"}],"version-history":[{"count":7,"href":"https:\/\/salesianossp.org.br\/pardbcampinas\/wp-json\/wp\/v2\/pages\/1945\/revisions"}],"predecessor-version":[{"id":2089,"href":"https:\/\/salesianossp.org.br\/pardbcampinas\/wp-json\/wp\/v2\/pages\/1945\/revisions\/2089"}],"wp:attachment":[{"href":"https:\/\/salesianossp.org.br\/pardbcampinas\/wp-json\/wp\/v2\/media?parent=1945"}],"curies":[{"name":"wp","href":"https:\/\/api.w.org\/{rel}","templated":true}]}}