{"id":2002,"date":"2023-03-24T11:38:08","date_gmt":"2023-03-24T14:38:08","guid":{"rendered":"https:\/\/salesianossp.org.br\/pardbcampinas\/?page_id=2002"},"modified":"2023-03-24T12:28:39","modified_gmt":"2023-03-24T15:28:39","slug":"caep","status":"publish","type":"page","link":"https:\/\/salesianossp.org.br\/pardbcampinas\/caep\/","title":{"rendered":"CAEP: Conselho Administrativo Econ\u00f4mico Paroquial"},"content":{"rendered":"\t\t<div data-elementor-type=\"wp-page\" data-elementor-id=\"2002\" class=\"elementor elementor-2002\" data-elementor-post-type=\"page\">\n\t\t\t\t\t\t<section class=\"elementor-section elementor-top-section elementor-element elementor-element-0676252 elementor-section-boxed elementor-section-height-default elementor-section-height-default\" data-id=\"0676252\" data-element_type=\"section\" data-e-type=\"section\">\n\t\t\t\t\t\t<div class=\"elementor-container elementor-column-gap-default\">\n\t\t\t\t\t<div class=\"elementor-column elementor-col-100 elementor-top-column elementor-element elementor-element-e7173dd\" data-id=\"e7173dd\" data-element_type=\"column\" data-e-type=\"column\">\n\t\t\t<div class=\"elementor-widget-wrap elementor-element-populated\">\n\t\t\t\t\t\t<div class=\"elementor-element elementor-element-2ca06eb elementor-widget elementor-widget-heading\" data-id=\"2ca06eb\" data-element_type=\"widget\" data-e-type=\"widget\" data-widget_type=\"heading.default\">\n\t\t\t\t<div class=\"elementor-widget-container\">\n\t\t\t\t\t<h2 class=\"elementor-heading-title elementor-size-default\">CAEP: Conselho Administrativo Econ\u00f4mico Paroquial<\/h2>\t\t\t\t<\/div>\n\t\t\t\t<\/div>\n\t\t\t\t\t<\/div>\n\t\t<\/div>\n\t\t\t\t\t<\/div>\n\t\t<\/section>\n\t\t\t\t<section class=\"elementor-section elementor-top-section elementor-element elementor-element-44adfb8 elementor-section-boxed elementor-section-height-default elementor-section-height-default\" data-id=\"44adfb8\" data-element_type=\"section\" data-e-type=\"section\">\n\t\t\t\t\t\t<div class=\"elementor-container elementor-column-gap-default\">\n\t\t\t\t\t<div class=\"elementor-column elementor-col-100 elementor-top-column elementor-element elementor-element-ddf91a6\" data-id=\"ddf91a6\" data-element_type=\"column\" data-e-type=\"column\">\n\t\t\t<div class=\"elementor-widget-wrap elementor-element-populated\">\n\t\t\t\t\t\t<div class=\"elementor-element elementor-element-1b0d7b8 elementor-widget elementor-widget-image\" data-id=\"1b0d7b8\" data-element_type=\"widget\" data-e-type=\"widget\" data-widget_type=\"image.default\">\n\t\t\t\t<div class=\"elementor-widget-container\">\n\t\t\t\t\t\t\t\t\t\t\t\t\t\t\t<img fetchpriority=\"high\" decoding=\"async\" width=\"300\" height=\"300\" src=\"https:\/\/salesianossp.org.br\/pardbcampinas\/wp-content\/uploads\/2023\/03\/caep-300x300.jpg\" class=\"attachment-medium size-medium wp-image-2003\" alt=\"\" srcset=\"https:\/\/salesianossp.org.br\/pardbcampinas\/wp-content\/uploads\/2023\/03\/caep-300x300.jpg 300w, https:\/\/salesianossp.org.br\/pardbcampinas\/wp-content\/uploads\/2023\/03\/caep-1024x1024.jpg 1024w, https:\/\/salesianossp.org.br\/pardbcampinas\/wp-content\/uploads\/2023\/03\/caep-150x150.jpg 150w, https:\/\/salesianossp.org.br\/pardbcampinas\/wp-content\/uploads\/2023\/03\/caep-768x768.jpg 768w, https:\/\/salesianossp.org.br\/pardbcampinas\/wp-content\/uploads\/2023\/03\/caep-146x146.jpg 146w, https:\/\/salesianossp.org.br\/pardbcampinas\/wp-content\/uploads\/2023\/03\/caep-50x50.jpg 50w, https:\/\/salesianossp.org.br\/pardbcampinas\/wp-content\/uploads\/2023\/03\/caep-75x75.jpg 75w, https:\/\/salesianossp.org.br\/pardbcampinas\/wp-content\/uploads\/2023\/03\/caep-85x85.jpg 85w, https:\/\/salesianossp.org.br\/pardbcampinas\/wp-content\/uploads\/2023\/03\/caep-80x80.jpg 80w, https:\/\/salesianossp.org.br\/pardbcampinas\/wp-content\/uploads\/2023\/03\/elementor\/thumbs\/caep-q3zo3h29zgv4swr6zlccruwwty2g4cbowh5f3p1ccw.jpg 200w, https:\/\/salesianossp.org.br\/pardbcampinas\/wp-content\/uploads\/2023\/03\/caep.jpg 1280w\" sizes=\"(max-width:767px) 300px, 300px\" \/>\t\t\t\t\t\t\t\t\t\t\t\t\t\t\t<\/div>\n\t\t\t\t<\/div>\n\t\t\t\t\t<\/div>\n\t\t<\/div>\n\t\t\t\t\t<\/div>\n\t\t<\/section>\n\t\t\t\t<section class=\"elementor-section elementor-top-section elementor-element elementor-element-21a1a6a elementor-section-boxed elementor-section-height-default elementor-section-height-default\" data-id=\"21a1a6a\" data-element_type=\"section\" data-e-type=\"section\">\n\t\t\t\t\t\t<div class=\"elementor-container elementor-column-gap-default\">\n\t\t\t\t\t<div class=\"elementor-column elementor-col-100 elementor-top-column elementor-element elementor-element-cccdbf2\" data-id=\"cccdbf2\" data-element_type=\"column\" data-e-type=\"column\">\n\t\t\t<div class=\"elementor-widget-wrap elementor-element-populated\">\n\t\t\t\t\t\t<div class=\"elementor-element elementor-element-4113ab8 elementor-widget elementor-widget-text-editor\" data-id=\"4113ab8\" data-element_type=\"widget\" data-e-type=\"widget\" data-widget_type=\"text-editor.default\">\n\t\t\t\t<div class=\"elementor-widget-container\">\n\t\t\t\t\t\t\t\t\t<p><b>Objetivos: <\/b><span style=\"font-weight: 400;\">Colaborar com o P\u00e1roco no levantamento, na boa administra\u00e7\u00e3o e no bom gerenciamento dos recursos que Deus nos mandar.<\/span><\/p>\t\t\t\t\t\t\t\t<\/div>\n\t\t\t\t<\/div>\n\t\t\t\t\t<\/div>\n\t\t<\/div>\n\t\t\t\t\t<\/div>\n\t\t<\/section>\n\t\t\t\t<\/div>\n\t\t","protected":false},"excerpt":{"rendered":"<p>CAEP: Conselho Administrativo Econ\u00f4mico Paroquial Objetivos: Colaborar com o P\u00e1roco no levantamento, na boa administra\u00e7\u00e3o e no bom gerenciamento dos recursos que Deus nos mandar.<\/p>\n","protected":false},"author":93,"featured_media":0,"parent":0,"menu_order":0,"comment_status":"closed","ping_status":"closed","template":"","meta":{"footnotes":""},"class_list":["post-2002","page","type-page","status-publish","hentry"],"_links":{"self":[{"href":"https:\/\/salesianossp.org.br\/pardbcampinas\/wp-json\/wp\/v2\/pages\/2002","targetHints":{"allow":["GET"]}}],"collection":[{"href":"https:\/\/salesianossp.org.br\/pardbcampinas\/wp-json\/wp\/v2\/pages"}],"about":[{"href":"https:\/\/salesianossp.org.br\/pardbcampinas\/wp-json\/wp\/v2\/types\/page"}],"author":[{"embeddable":true,"href":"https:\/\/salesianossp.org.br\/pardbcampinas\/wp-json\/wp\/v2\/users\/93"}],"replies":[{"embeddable":true,"href":"https:\/\/salesianossp.org.br\/pardbcampinas\/wp-json\/wp\/v2\/comments?post=2002"}],"version-history":[{"count":5,"href":"https:\/\/salesianossp.org.br\/pardbcampinas\/wp-json\/wp\/v2\/pages\/2002\/revisions"}],"predecessor-version":[{"id":2057,"href":"https:\/\/salesianossp.org.br\/pardbcampinas\/wp-json\/wp\/v2\/pages\/2002\/revisions\/2057"}],"wp:attachment":[{"href":"https:\/\/salesianossp.org.br\/pardbcampinas\/wp-json\/wp\/v2\/media?parent=2002"}],"curies":[{"name":"wp","href":"https:\/\/api.w.org\/{rel}","templated":true}]}}