{"id":2007,"date":"2023-03-24T11:40:35","date_gmt":"2023-03-24T14:40:35","guid":{"rendered":"https:\/\/salesianossp.org.br\/pardbcampinas\/?page_id=2007"},"modified":"2026-03-27T08:47:41","modified_gmt":"2026-03-27T11:47:41","slug":"pastoral-dos-acolitos-e-coroinhas","status":"publish","type":"page","link":"https:\/\/salesianossp.org.br\/pardbcampinas\/pastoral-dos-acolitos-e-coroinhas\/","title":{"rendered":"Pastoral dos Ac\u00f3litos e Coroinhas"},"content":{"rendered":"\t\t<div data-elementor-type=\"wp-page\" data-elementor-id=\"2007\" class=\"elementor elementor-2007\" data-elementor-post-type=\"page\">\n\t\t\t\t\t\t<section class=\"elementor-section elementor-top-section elementor-element elementor-element-bd76816 elementor-section-boxed elementor-section-height-default elementor-section-height-default\" data-id=\"bd76816\" data-element_type=\"section\" data-e-type=\"section\">\n\t\t\t\t\t\t<div class=\"elementor-container elementor-column-gap-default\">\n\t\t\t\t\t<div class=\"elementor-column elementor-col-100 elementor-top-column elementor-element elementor-element-2917792\" data-id=\"2917792\" data-element_type=\"column\" data-e-type=\"column\">\n\t\t\t<div class=\"elementor-widget-wrap elementor-element-populated\">\n\t\t\t\t\t\t<div class=\"elementor-element elementor-element-8092e96 elementor-widget elementor-widget-heading\" data-id=\"8092e96\" data-element_type=\"widget\" data-e-type=\"widget\" data-widget_type=\"heading.default\">\n\t\t\t\t<div class=\"elementor-widget-container\">\n\t\t\t\t\t<h2 class=\"elementor-heading-title elementor-size-default\">Pastoral dos Ac\u00f3litos e Coroinhas<\/h2>\t\t\t\t<\/div>\n\t\t\t\t<\/div>\n\t\t\t\t\t<\/div>\n\t\t<\/div>\n\t\t\t\t\t<\/div>\n\t\t<\/section>\n\t\t\t\t<section class=\"elementor-section elementor-top-section elementor-element elementor-element-f48c83a elementor-section-boxed elementor-section-height-default elementor-section-height-default\" data-id=\"f48c83a\" data-element_type=\"section\" data-e-type=\"section\">\n\t\t\t\t\t\t<div class=\"elementor-container elementor-column-gap-default\">\n\t\t\t\t\t<div class=\"elementor-column elementor-col-100 elementor-top-column elementor-element elementor-element-df21cb1\" data-id=\"df21cb1\" data-element_type=\"column\" data-e-type=\"column\">\n\t\t\t<div class=\"elementor-widget-wrap elementor-element-populated\">\n\t\t\t\t\t\t<div class=\"elementor-element elementor-element-6ece52e elementor-widget elementor-widget-image\" data-id=\"6ece52e\" data-element_type=\"widget\" data-e-type=\"widget\" data-widget_type=\"image.default\">\n\t\t\t\t<div class=\"elementor-widget-container\">\n\t\t\t\t\t\t\t\t\t\t\t\t\t\t\t<img fetchpriority=\"high\" decoding=\"async\" width=\"234\" height=\"300\" src=\"https:\/\/salesianossp.org.br\/pardbcampinas\/wp-content\/uploads\/2023\/03\/coroinhas-234x300.png\" class=\"attachment-medium size-medium wp-image-2009\" alt=\"\" srcset=\"https:\/\/salesianossp.org.br\/pardbcampinas\/wp-content\/uploads\/2023\/03\/coroinhas-234x300.png 234w, https:\/\/salesianossp.org.br\/pardbcampinas\/wp-content\/uploads\/2023\/03\/coroinhas-114x146.png 114w, https:\/\/salesianossp.org.br\/pardbcampinas\/wp-content\/uploads\/2023\/03\/coroinhas-39x50.png 39w, https:\/\/salesianossp.org.br\/pardbcampinas\/wp-content\/uploads\/2023\/03\/coroinhas-58x75.png 58w, https:\/\/salesianossp.org.br\/pardbcampinas\/wp-content\/uploads\/2023\/03\/coroinhas.png 480w\" sizes=\"(max-width:767px) 234px, 234px\" \/>\t\t\t\t\t\t\t\t\t\t\t\t\t\t\t<\/div>\n\t\t\t\t<\/div>\n\t\t\t\t\t<\/div>\n\t\t<\/div>\n\t\t\t\t\t<\/div>\n\t\t<\/section>\n\t\t\t\t<section class=\"elementor-section elementor-top-section elementor-element elementor-element-2243af7 elementor-section-boxed elementor-section-height-default elementor-section-height-default\" data-id=\"2243af7\" data-element_type=\"section\" data-e-type=\"section\">\n\t\t\t\t\t\t<div class=\"elementor-container elementor-column-gap-default\">\n\t\t\t\t\t<div class=\"elementor-column elementor-col-100 elementor-top-column elementor-element elementor-element-cb8dcf5\" data-id=\"cb8dcf5\" data-element_type=\"column\" data-e-type=\"column\">\n\t\t\t<div class=\"elementor-widget-wrap elementor-element-populated\">\n\t\t\t\t\t\t<div class=\"elementor-element elementor-element-5949afe elementor-widget elementor-widget-text-editor\" data-id=\"5949afe\" data-element_type=\"widget\" data-e-type=\"widget\" data-widget_type=\"text-editor.default\">\n\t\t\t\t<div class=\"elementor-widget-container\">\n\t\t\t\t\t\t\t\t\t<p><b>Objetivo:&nbsp;<\/b>Servir ao altar com amor e dedica\u00e7\u00e3o, auxiliando na Santa Missa e cuidando dos objetos lit\u00fargicos. Inspirados por Dom Bosco, buscamos ser bons crist\u00e3os e honestos cidad\u00e3os, dando testemunho de f\u00e9 em todos os lugares e conduzindo outros ao caminho da santidade.<\/p>\n<p><b>Coordenador:<\/b><span style=\"font-weight: 400;\"> Katia Moreira&nbsp;<\/span><\/p>\n<p><b>Telefone: <\/b><span style=\"font-weight: 400;\">(19) 99959-7816<\/span><\/p>\t\t\t\t\t\t\t\t<\/div>\n\t\t\t\t<\/div>\n\t\t\t\t\t<\/div>\n\t\t<\/div>\n\t\t\t\t\t<\/div>\n\t\t<\/section>\n\t\t\t\t<\/div>\n\t\t","protected":false},"excerpt":{"rendered":"<p>Pastoral dos Ac\u00f3litos e Coroinhas Objetivo:&nbsp;Servir ao altar com amor e dedica\u00e7\u00e3o, auxiliando na Santa Missa e cuidando dos objetos lit\u00fargicos. Inspirados por Dom Bosco, buscamos<span class=\"excerpt-hellip\"> [\u2026]<\/span><\/p>\n","protected":false},"author":93,"featured_media":0,"parent":0,"menu_order":0,"comment_status":"closed","ping_status":"closed","template":"","meta":{"footnotes":""},"class_list":["post-2007","page","type-page","status-publish","hentry"],"_links":{"self":[{"href":"https:\/\/salesianossp.org.br\/pardbcampinas\/wp-json\/wp\/v2\/pages\/2007","targetHints":{"allow":["GET"]}}],"collection":[{"href":"https:\/\/salesianossp.org.br\/pardbcampinas\/wp-json\/wp\/v2\/pages"}],"about":[{"href":"https:\/\/salesianossp.org.br\/pardbcampinas\/wp-json\/wp\/v2\/types\/page"}],"author":[{"embeddable":true,"href":"https:\/\/salesianossp.org.br\/pardbcampinas\/wp-json\/wp\/v2\/users\/93"}],"replies":[{"embeddable":true,"href":"https:\/\/salesianossp.org.br\/pardbcampinas\/wp-json\/wp\/v2\/comments?post=2007"}],"version-history":[{"count":11,"href":"https:\/\/salesianossp.org.br\/pardbcampinas\/wp-json\/wp\/v2\/pages\/2007\/revisions"}],"predecessor-version":[{"id":2375,"href":"https:\/\/salesianossp.org.br\/pardbcampinas\/wp-json\/wp\/v2\/pages\/2007\/revisions\/2375"}],"wp:attachment":[{"href":"https:\/\/salesianossp.org.br\/pardbcampinas\/wp-json\/wp\/v2\/media?parent=2007"}],"curies":[{"name":"wp","href":"https:\/\/api.w.org\/{rel}","templated":true}]}}