{"id":2022,"date":"2023-03-24T11:46:09","date_gmt":"2023-03-24T14:46:09","guid":{"rendered":"https:\/\/salesianossp.org.br\/pardbcampinas\/?page_id=2022"},"modified":"2023-03-28T14:20:09","modified_gmt":"2023-03-28T17:20:09","slug":"pastoral-da-sobriedade","status":"publish","type":"page","link":"https:\/\/salesianossp.org.br\/pardbcampinas\/pastoral-da-sobriedade\/","title":{"rendered":"Pastoral da Sobriedade"},"content":{"rendered":"\t\t<div data-elementor-type=\"wp-page\" data-elementor-id=\"2022\" class=\"elementor elementor-2022\" data-elementor-post-type=\"page\">\n\t\t\t\t\t\t<section class=\"elementor-section elementor-top-section elementor-element elementor-element-09294e0 elementor-section-boxed elementor-section-height-default elementor-section-height-default\" data-id=\"09294e0\" data-element_type=\"section\" data-e-type=\"section\">\n\t\t\t\t\t\t<div class=\"elementor-container elementor-column-gap-default\">\n\t\t\t\t\t<div class=\"elementor-column elementor-col-100 elementor-top-column elementor-element elementor-element-357b221\" data-id=\"357b221\" data-element_type=\"column\" data-e-type=\"column\">\n\t\t\t<div class=\"elementor-widget-wrap elementor-element-populated\">\n\t\t\t\t\t\t<div class=\"elementor-element elementor-element-47f630f elementor-widget elementor-widget-heading\" data-id=\"47f630f\" data-element_type=\"widget\" data-e-type=\"widget\" data-widget_type=\"heading.default\">\n\t\t\t\t<div class=\"elementor-widget-container\">\n\t\t\t\t\t<h2 class=\"elementor-heading-title elementor-size-default\">Pastoral da Sobriedade<\/h2>\t\t\t\t<\/div>\n\t\t\t\t<\/div>\n\t\t\t\t\t<\/div>\n\t\t<\/div>\n\t\t\t\t\t<\/div>\n\t\t<\/section>\n\t\t\t\t<section class=\"elementor-section elementor-top-section elementor-element elementor-element-67b040e elementor-section-boxed elementor-section-height-default elementor-section-height-default\" data-id=\"67b040e\" data-element_type=\"section\" data-e-type=\"section\">\n\t\t\t\t\t\t<div class=\"elementor-container elementor-column-gap-default\">\n\t\t\t\t\t<div class=\"elementor-column elementor-col-100 elementor-top-column elementor-element elementor-element-50b180c\" data-id=\"50b180c\" data-element_type=\"column\" data-e-type=\"column\">\n\t\t\t<div class=\"elementor-widget-wrap elementor-element-populated\">\n\t\t\t\t\t\t<div class=\"elementor-element elementor-element-672d952 elementor-widget elementor-widget-image\" data-id=\"672d952\" data-element_type=\"widget\" data-e-type=\"widget\" data-widget_type=\"image.default\">\n\t\t\t\t<div class=\"elementor-widget-container\">\n\t\t\t\t\t\t\t\t\t\t\t\t\t\t\t<img fetchpriority=\"high\" decoding=\"async\" width=\"300\" height=\"190\" src=\"https:\/\/salesianossp.org.br\/pardbcampinas\/wp-content\/uploads\/2023\/03\/pastoral-da-sobriedade-300x190.jpg\" class=\"attachment-medium size-medium wp-image-2024\" alt=\"\" srcset=\"https:\/\/salesianossp.org.br\/pardbcampinas\/wp-content\/uploads\/2023\/03\/pastoral-da-sobriedade-300x190.jpg 300w, https:\/\/salesianossp.org.br\/pardbcampinas\/wp-content\/uploads\/2023\/03\/pastoral-da-sobriedade-230x146.jpg 230w, https:\/\/salesianossp.org.br\/pardbcampinas\/wp-content\/uploads\/2023\/03\/pastoral-da-sobriedade-50x32.jpg 50w, https:\/\/salesianossp.org.br\/pardbcampinas\/wp-content\/uploads\/2023\/03\/pastoral-da-sobriedade-118x75.jpg 118w, https:\/\/salesianossp.org.br\/pardbcampinas\/wp-content\/uploads\/2023\/03\/pastoral-da-sobriedade.jpg 601w\" sizes=\"(max-width:767px) 300px, 300px\" \/>\t\t\t\t\t\t\t\t\t\t\t\t\t\t\t<\/div>\n\t\t\t\t<\/div>\n\t\t\t\t\t<\/div>\n\t\t<\/div>\n\t\t\t\t\t<\/div>\n\t\t<\/section>\n\t\t\t\t<section class=\"elementor-section elementor-top-section elementor-element elementor-element-442988e elementor-section-boxed elementor-section-height-default elementor-section-height-default\" data-id=\"442988e\" data-element_type=\"section\" data-e-type=\"section\">\n\t\t\t\t\t\t<div class=\"elementor-container elementor-column-gap-default\">\n\t\t\t\t\t<div class=\"elementor-column elementor-col-100 elementor-top-column elementor-element elementor-element-c78a3d7\" data-id=\"c78a3d7\" data-element_type=\"column\" data-e-type=\"column\">\n\t\t\t<div class=\"elementor-widget-wrap elementor-element-populated\">\n\t\t\t\t\t\t<div class=\"elementor-element elementor-element-65a2c13 elementor-widget elementor-widget-text-editor\" data-id=\"65a2c13\" data-element_type=\"widget\" data-e-type=\"widget\" data-widget_type=\"text-editor.default\">\n\t\t\t\t<div class=\"elementor-widget-container\">\n\t\t\t\t\t\t\t\t\t<p><b>Objetivo:<\/b><span style=\"font-weight: 400;\"> A\u00e7\u00e3o concreta da Igreja na Preven\u00e7\u00e3o e Recupera\u00e7\u00e3o da Depend\u00eancia Qu\u00edmica. Buscamos a integra\u00e7\u00e3o entre todas as Pastorais, Movimentos, Comunidades Terap\u00eauticas Parceiras e Casas de Recupera\u00e7\u00e3o.<\/span><\/p><p><b>Encontros: <\/b><span style=\"font-weight: 400;\">Todas \u00e0s ter\u00e7as-feiras, das 19h30 \u00e0s 20h.<\/span><\/p><p><b>Coordenadora:<\/b><span style=\"font-weight: 400;\"> Joaquina\u00a0<\/span><\/p><p><b>Telefone: <\/b><span style=\"font-weight: 400;\">(19) 98144-7872<\/span><\/p>\t\t\t\t\t\t\t\t<\/div>\n\t\t\t\t<\/div>\n\t\t\t\t\t<\/div>\n\t\t<\/div>\n\t\t\t\t\t<\/div>\n\t\t<\/section>\n\t\t\t\t<\/div>\n\t\t","protected":false},"excerpt":{"rendered":"<p>Pastoral da Sobriedade Objetivo: A\u00e7\u00e3o concreta da Igreja na Preven\u00e7\u00e3o e Recupera\u00e7\u00e3o da Depend\u00eancia Qu\u00edmica. Buscamos a integra\u00e7\u00e3o entre todas as Pastorais, Movimentos, Comunidades Terap\u00eauticas Parceiras<span class=\"excerpt-hellip\"> [\u2026]<\/span><\/p>\n","protected":false},"author":93,"featured_media":0,"parent":0,"menu_order":0,"comment_status":"closed","ping_status":"closed","template":"","meta":{"footnotes":""},"class_list":["post-2022","page","type-page","status-publish","hentry"],"_links":{"self":[{"href":"https:\/\/salesianossp.org.br\/pardbcampinas\/wp-json\/wp\/v2\/pages\/2022","targetHints":{"allow":["GET"]}}],"collection":[{"href":"https:\/\/salesianossp.org.br\/pardbcampinas\/wp-json\/wp\/v2\/pages"}],"about":[{"href":"https:\/\/salesianossp.org.br\/pardbcampinas\/wp-json\/wp\/v2\/types\/page"}],"author":[{"embeddable":true,"href":"https:\/\/salesianossp.org.br\/pardbcampinas\/wp-json\/wp\/v2\/users\/93"}],"replies":[{"embeddable":true,"href":"https:\/\/salesianossp.org.br\/pardbcampinas\/wp-json\/wp\/v2\/comments?post=2022"}],"version-history":[{"count":8,"href":"https:\/\/salesianossp.org.br\/pardbcampinas\/wp-json\/wp\/v2\/pages\/2022\/revisions"}],"predecessor-version":[{"id":2104,"href":"https:\/\/salesianossp.org.br\/pardbcampinas\/wp-json\/wp\/v2\/pages\/2022\/revisions\/2104"}],"wp:attachment":[{"href":"https:\/\/salesianossp.org.br\/pardbcampinas\/wp-json\/wp\/v2\/media?parent=2022"}],"curies":[{"name":"wp","href":"https:\/\/api.w.org\/{rel}","templated":true}]}}