{"id":2121,"date":"2023-03-29T10:47:02","date_gmt":"2023-03-29T13:47:02","guid":{"rendered":"https:\/\/salesianossp.org.br\/pardbcampinas\/?page_id=2121"},"modified":"2026-03-18T12:02:21","modified_gmt":"2026-03-18T15:02:21","slug":"comunidades","status":"publish","type":"page","link":"https:\/\/salesianossp.org.br\/pardbcampinas\/comunidades\/","title":{"rendered":"Comunidade"},"content":{"rendered":"\t\t<div data-elementor-type=\"wp-page\" data-elementor-id=\"2121\" class=\"elementor elementor-2121\" data-elementor-post-type=\"page\">\n\t\t\t\t\t\t<section class=\"elementor-section elementor-top-section elementor-element elementor-element-ca886cd elementor-section-boxed elementor-section-height-default elementor-section-height-default\" data-id=\"ca886cd\" data-element_type=\"section\" data-e-type=\"section\">\n\t\t\t\t\t\t<div class=\"elementor-container elementor-column-gap-default\">\n\t\t\t\t\t<div class=\"elementor-column elementor-col-100 elementor-top-column elementor-element elementor-element-31bbfa7\" data-id=\"31bbfa7\" data-element_type=\"column\" data-e-type=\"column\">\n\t\t\t<div class=\"elementor-widget-wrap elementor-element-populated\">\n\t\t\t\t\t\t<div class=\"elementor-element elementor-element-1155a27 elementor-widget elementor-widget-heading\" data-id=\"1155a27\" data-element_type=\"widget\" data-e-type=\"widget\" data-widget_type=\"heading.default\">\n\t\t\t\t<div class=\"elementor-widget-container\">\n\t\t\t\t\t<h2 class=\"elementor-heading-title elementor-size-default\">Comunidades<\/h2>\t\t\t\t<\/div>\n\t\t\t\t<\/div>\n\t\t\t\t\t<\/div>\n\t\t<\/div>\n\t\t\t\t\t<\/div>\n\t\t<\/section>\n\t\t\t\t<section class=\"elementor-section elementor-top-section elementor-element elementor-element-1ab3283 elementor-section-boxed elementor-section-height-default elementor-section-height-default\" data-id=\"1ab3283\" data-element_type=\"section\" data-e-type=\"section\">\n\t\t\t\t\t\t<div class=\"elementor-container elementor-column-gap-default\">\n\t\t\t\t\t<div class=\"elementor-column elementor-col-50 elementor-top-column elementor-element elementor-element-e542df2\" data-id=\"e542df2\" data-element_type=\"column\" data-e-type=\"column\">\n\t\t\t<div class=\"elementor-widget-wrap elementor-element-populated\">\n\t\t\t\t\t\t<div class=\"elementor-element elementor-element-164b7d3 elementor-widget elementor-widget-heading\" data-id=\"164b7d3\" data-element_type=\"widget\" data-e-type=\"widget\" data-widget_type=\"heading.default\">\n\t\t\t\t<div class=\"elementor-widget-container\">\n\t\t\t\t\t<h2 class=\"elementor-heading-title elementor-size-default\">COMUNIDADE \nS\u00c3O JOS\u00c9<\/h2>\t\t\t\t<\/div>\n\t\t\t\t<\/div>\n\t\t\t\t<div class=\"elementor-element elementor-element-94e278c elementor-widget elementor-widget-text-editor\" data-id=\"94e278c\" data-element_type=\"widget\" data-e-type=\"widget\" data-widget_type=\"text-editor.default\">\n\t\t\t\t<div class=\"elementor-widget-container\">\n\t\t\t\t\t\t\t\t\t<p><strong>MISSAS<\/strong><\/p><ul><li><span style=\"font-weight: 400;\">Segunda-feira &#8211; R\u00e9cita do Santo Ter\u00e7o \u00e0s 19h.<\/span><\/li><li><span style=\"font-weight: 400;\">S\u00e1bado &#8211; 18h<\/span><\/li><li><span style=\"font-weight: 400;\">Domingo &#8211; 10h<\/span><\/li><\/ul><p><em>Endere\u00e7o: <br \/><\/em><em>R. Dalmo de Miranda Gomes, 95 &#8211; Jardim Maraj\u00f3, Campinas &#8211; SP, 13057-106<\/em><\/p>\t\t\t\t\t\t\t\t<\/div>\n\t\t\t\t<\/div>\n\t\t\t\t\t<\/div>\n\t\t<\/div>\n\t\t\t\t<div class=\"elementor-column elementor-col-50 elementor-top-column elementor-element elementor-element-c1f1bbd\" data-id=\"c1f1bbd\" data-element_type=\"column\" data-e-type=\"column\">\n\t\t\t<div class=\"elementor-widget-wrap elementor-element-populated\">\n\t\t\t\t\t\t<div class=\"elementor-element elementor-element-9fe0d3c elementor-widget elementor-widget-heading\" data-id=\"9fe0d3c\" data-element_type=\"widget\" data-e-type=\"widget\" data-widget_type=\"heading.default\">\n\t\t\t\t<div class=\"elementor-widget-container\">\n\t\t\t\t\t<h2 class=\"elementor-heading-title elementor-size-default\">COMUNIDADE NOSSA SENHORA DO ROS\u00c1RIO<\/h2>\t\t\t\t<\/div>\n\t\t\t\t<\/div>\n\t\t\t\t<div class=\"elementor-element elementor-element-1ec8d28 elementor-widget elementor-widget-text-editor\" data-id=\"1ec8d28\" data-element_type=\"widget\" data-e-type=\"widget\" data-widget_type=\"text-editor.default\">\n\t\t\t\t<div class=\"elementor-widget-container\">\n\t\t\t\t\t\t\t\t\t<p><strong>MISSAS<\/strong><\/p><ul><li style=\"text-align: left;\">Domingo &#8211; 07h<\/li><\/ul><p><em>Endere\u00e7o: <br \/><\/em><em>Rua Onze, 212 &#8211; Resid\u00eancial Ros\u00e1rio<\/em><\/p>\t\t\t\t\t\t\t\t<\/div>\n\t\t\t\t<\/div>\n\t\t\t\t\t<\/div>\n\t\t<\/div>\n\t\t\t\t\t<\/div>\n\t\t<\/section>\n\t\t\t\t<section class=\"elementor-section elementor-top-section elementor-element elementor-element-79e069d elementor-section-boxed elementor-section-height-default elementor-section-height-default\" data-id=\"79e069d\" data-element_type=\"section\" data-e-type=\"section\">\n\t\t\t\t\t\t<div class=\"elementor-container elementor-column-gap-default\">\n\t\t\t\t\t<div class=\"elementor-column elementor-col-100 elementor-top-column elementor-element elementor-element-ad0208c\" data-id=\"ad0208c\" data-element_type=\"column\" data-e-type=\"column\">\n\t\t\t<div class=\"elementor-widget-wrap elementor-element-populated\">\n\t\t\t\t\t\t<div class=\"elementor-element elementor-element-1de837d elementor-widget elementor-widget-heading\" data-id=\"1de837d\" data-element_type=\"widget\" data-e-type=\"widget\" data-widget_type=\"heading.default\">\n\t\t\t\t<div class=\"elementor-widget-container\">\n\t\t\t\t\t<h2 class=\"elementor-heading-title elementor-size-default\">COMUNIDADE NOSSA SENHORA DA VIT\u00d3RIA<\/h2>\t\t\t\t<\/div>\n\t\t\t\t<\/div>\n\t\t\t\t<div class=\"elementor-element elementor-element-4149cd5 elementor-widget elementor-widget-text-editor\" data-id=\"4149cd5\" data-element_type=\"widget\" data-e-type=\"widget\" data-widget_type=\"text-editor.default\">\n\t\t\t\t<div class=\"elementor-widget-container\">\n\t\t\t\t\t\t\t\t\t<p><strong>MISSAS<\/strong><\/p>\n<ul>\n<li>Todas as ter\u00e7as-feiras \u00e0s 20h<\/li>\n<\/ul>\n<p><em>Endere\u00e7o: <br><\/em><i>R. Adiwalde de Oliveira Coelho, S\/N Parque Aeroporto<\/i><\/p>\t\t\t\t\t\t\t\t<\/div>\n\t\t\t\t<\/div>\n\t\t\t\t\t<\/div>\n\t\t<\/div>\n\t\t\t\t\t<\/div>\n\t\t<\/section>\n\t\t\t\t<\/div>\n\t\t","protected":false},"excerpt":{"rendered":"<p>Comunidades COMUNIDADE S\u00c3O JOS\u00c9 MISSAS Segunda-feira &#8211; R\u00e9cita do Santo Ter\u00e7o \u00e0s 19h. S\u00e1bado &#8211; 18h Domingo &#8211; 10h Endere\u00e7o: R. Dalmo de Miranda Gomes, 95<span class=\"excerpt-hellip\"> [\u2026]<\/span><\/p>\n","protected":false},"author":93,"featured_media":0,"parent":0,"menu_order":0,"comment_status":"closed","ping_status":"closed","template":"","meta":{"footnotes":""},"class_list":["post-2121","page","type-page","status-publish","hentry"],"_links":{"self":[{"href":"https:\/\/salesianossp.org.br\/pardbcampinas\/wp-json\/wp\/v2\/pages\/2121","targetHints":{"allow":["GET"]}}],"collection":[{"href":"https:\/\/salesianossp.org.br\/pardbcampinas\/wp-json\/wp\/v2\/pages"}],"about":[{"href":"https:\/\/salesianossp.org.br\/pardbcampinas\/wp-json\/wp\/v2\/types\/page"}],"author":[{"embeddable":true,"href":"https:\/\/salesianossp.org.br\/pardbcampinas\/wp-json\/wp\/v2\/users\/93"}],"replies":[{"embeddable":true,"href":"https:\/\/salesianossp.org.br\/pardbcampinas\/wp-json\/wp\/v2\/comments?post=2121"}],"version-history":[{"count":16,"href":"https:\/\/salesianossp.org.br\/pardbcampinas\/wp-json\/wp\/v2\/pages\/2121\/revisions"}],"predecessor-version":[{"id":2331,"href":"https:\/\/salesianossp.org.br\/pardbcampinas\/wp-json\/wp\/v2\/pages\/2121\/revisions\/2331"}],"wp:attachment":[{"href":"https:\/\/salesianossp.org.br\/pardbcampinas\/wp-json\/wp\/v2\/media?parent=2121"}],"curies":[{"name":"wp","href":"https:\/\/api.w.org\/{rel}","templated":true}]}}