{"id":2294,"date":"2026-03-18T08:53:53","date_gmt":"2026-03-18T11:53:53","guid":{"rendered":"https:\/\/salesianossp.org.br\/pardbcampinas\/?page_id=2294"},"modified":"2026-03-18T11:52:54","modified_gmt":"2026-03-18T14:52:54","slug":"pastoral-do-ovisa","status":"publish","type":"page","link":"https:\/\/salesianossp.org.br\/pardbcampinas\/pastoral-do-ovisa\/","title":{"rendered":"Pastoral do OVISA"},"content":{"rendered":"\t\t<div data-elementor-type=\"wp-page\" data-elementor-id=\"2294\" class=\"elementor elementor-2294\" data-elementor-post-type=\"page\">\n\t\t\t\t\t\t<section class=\"elementor-section elementor-top-section elementor-element elementor-element-a108968 elementor-section-boxed elementor-section-height-default elementor-section-height-default\" data-id=\"a108968\" data-element_type=\"section\" data-e-type=\"section\">\n\t\t\t\t\t\t<div class=\"elementor-container elementor-column-gap-default\">\n\t\t\t\t\t<div class=\"elementor-column elementor-col-100 elementor-top-column elementor-element elementor-element-7a1ca67\" data-id=\"7a1ca67\" data-element_type=\"column\" data-e-type=\"column\">\n\t\t\t<div class=\"elementor-widget-wrap elementor-element-populated\">\n\t\t\t\t\t\t<div class=\"elementor-element elementor-element-803d309 elementor-widget elementor-widget-heading\" data-id=\"803d309\" data-element_type=\"widget\" data-e-type=\"widget\" data-widget_type=\"heading.default\">\n\t\t\t\t<div class=\"elementor-widget-container\">\n\t\t\t\t\t<h2 class=\"elementor-heading-title elementor-size-default\">Pastoral do Ovisa<\/h2>\t\t\t\t<\/div>\n\t\t\t\t<\/div>\n\t\t\t\t\t<\/div>\n\t\t<\/div>\n\t\t\t\t\t<\/div>\n\t\t<\/section>\n\t\t\t\t<section class=\"elementor-section elementor-top-section elementor-element elementor-element-27f1dff elementor-section-boxed elementor-section-height-default elementor-section-height-default\" data-id=\"27f1dff\" data-element_type=\"section\" data-e-type=\"section\">\n\t\t\t\t\t\t<div class=\"elementor-container elementor-column-gap-default\">\n\t\t\t\t\t<div class=\"elementor-column elementor-col-100 elementor-top-column elementor-element elementor-element-42d00ed\" data-id=\"42d00ed\" data-element_type=\"column\" data-e-type=\"column\">\n\t\t\t<div class=\"elementor-widget-wrap elementor-element-populated\">\n\t\t\t\t\t\t<div class=\"elementor-element elementor-element-97d64e8 elementor-widget elementor-widget-image\" data-id=\"97d64e8\" data-element_type=\"widget\" data-e-type=\"widget\" data-widget_type=\"image.default\">\n\t\t\t\t<div class=\"elementor-widget-container\">\n\t\t\t\t\t\t\t\t\t\t\t\t\t\t\t<img decoding=\"async\" width=\"300\" height=\"155\" src=\"https:\/\/salesianossp.org.br\/pardbcampinas\/wp-content\/uploads\/2026\/03\/WhatsApp-Image-2026-03-18-at-08.47-300x155.png\" class=\"attachment-medium size-medium wp-image-2298\" alt=\"\" srcset=\"https:\/\/salesianossp.org.br\/pardbcampinas\/wp-content\/uploads\/2026\/03\/WhatsApp-Image-2026-03-18-at-08.47-300x155.png 300w, https:\/\/salesianossp.org.br\/pardbcampinas\/wp-content\/uploads\/2026\/03\/WhatsApp-Image-2026-03-18-at-08.47-768x396.png 768w, https:\/\/salesianossp.org.br\/pardbcampinas\/wp-content\/uploads\/2026\/03\/WhatsApp-Image-2026-03-18-at-08.47-145x75.png 145w, https:\/\/salesianossp.org.br\/pardbcampinas\/wp-content\/uploads\/2026\/03\/WhatsApp-Image-2026-03-18-at-08.47-480x247.png 480w, https:\/\/salesianossp.org.br\/pardbcampinas\/wp-content\/uploads\/2026\/03\/WhatsApp-Image-2026-03-18-at-08.47.png 801w\" sizes=\"(max-width:767px) 300px, 300px\" \/>\t\t\t\t\t\t\t\t\t\t\t\t\t\t\t<\/div>\n\t\t\t\t<\/div>\n\t\t\t\t\t<\/div>\n\t\t<\/div>\n\t\t\t\t\t<\/div>\n\t\t<\/section>\n\t\t\t\t<section class=\"elementor-section elementor-top-section elementor-element elementor-element-06408e6 elementor-section-boxed elementor-section-height-default elementor-section-height-default\" data-id=\"06408e6\" data-element_type=\"section\" data-e-type=\"section\">\n\t\t\t\t\t\t<div class=\"elementor-container elementor-column-gap-default\">\n\t\t\t\t\t<div class=\"elementor-column elementor-col-100 elementor-top-column elementor-element elementor-element-bc7a4ac\" data-id=\"bc7a4ac\" data-element_type=\"column\" data-e-type=\"column\">\n\t\t\t<div class=\"elementor-widget-wrap elementor-element-populated\">\n\t\t\t\t\t\t<div class=\"elementor-element elementor-element-dd0c7ae elementor-widget elementor-widget-text-editor\" data-id=\"dd0c7ae\" data-element_type=\"widget\" data-e-type=\"widget\" data-widget_type=\"text-editor.default\">\n\t\t\t\t<div class=\"elementor-widget-container\">\n\t\t\t\t\t\t\t\t\t<p>O OViSA \u00e9 um encontro de casais inserido na Pastoral Familiar, uma proposta que, gra\u00e7as a Deus, ao lado de tantas outras iniciativas, tem sido um dos caminhos que v\u00eam orientando e fortalecendo a fam\u00edlia no \u00e2mbito da Igreja. A a\u00e7\u00e3o do Esp\u00edrito Santo no seio da fam\u00edlia tem suscitado muitos dons, carismas e servi\u00e7os que vivificam e fortalecem a Igreja, mesmo diante das transforma\u00e7\u00f5es que v\u00eam acontecendo em nossa sociedade..<\/p><p style=\"font-style: normal; font-variant-ligatures: normal; font-variant-caps: normal; font-weight: 400; font-size: 18px; font-family: 'Open Sans', -apple-system, BlinkMacSystemFont, 'Segoe UI', Roboto, Oxygen-Sans, Ubuntu, Cantarell, 'Helvetica Neue', sans-serif;\"><span style=\"font-weight: bold;\">Encontros:<\/span>\u00a0Quinzenais \u00e0s ter\u00e7as-feiras (apenas para Ovisistas)<\/p><p><strong>Coordenador:<\/strong> Raquel Grama<\/p><p><strong>Telefone:<\/strong> (19) 98899-4200<\/p>\t\t\t\t\t\t\t\t<\/div>\n\t\t\t\t<\/div>\n\t\t\t\t\t<\/div>\n\t\t<\/div>\n\t\t\t\t\t<\/div>\n\t\t<\/section>\n\t\t\t\t<\/div>\n\t\t","protected":false},"excerpt":{"rendered":"<p>Pastoral do Ovisa O OViSA \u00e9 um encontro de casais inserido na Pastoral Familiar, uma proposta que, gra\u00e7as a Deus, ao lado de tantas outras iniciativas,<span class=\"excerpt-hellip\"> [\u2026]<\/span><\/p>\n","protected":false},"author":101,"featured_media":0,"parent":0,"menu_order":0,"comment_status":"closed","ping_status":"closed","template":"","meta":{"footnotes":""},"class_list":["post-2294","page","type-page","status-publish","hentry"],"_links":{"self":[{"href":"https:\/\/salesianossp.org.br\/pardbcampinas\/wp-json\/wp\/v2\/pages\/2294","targetHints":{"allow":["GET"]}}],"collection":[{"href":"https:\/\/salesianossp.org.br\/pardbcampinas\/wp-json\/wp\/v2\/pages"}],"about":[{"href":"https:\/\/salesianossp.org.br\/pardbcampinas\/wp-json\/wp\/v2\/types\/page"}],"author":[{"embeddable":true,"href":"https:\/\/salesianossp.org.br\/pardbcampinas\/wp-json\/wp\/v2\/users\/101"}],"replies":[{"embeddable":true,"href":"https:\/\/salesianossp.org.br\/pardbcampinas\/wp-json\/wp\/v2\/comments?post=2294"}],"version-history":[{"count":10,"href":"https:\/\/salesianossp.org.br\/pardbcampinas\/wp-json\/wp\/v2\/pages\/2294\/revisions"}],"predecessor-version":[{"id":2307,"href":"https:\/\/salesianossp.org.br\/pardbcampinas\/wp-json\/wp\/v2\/pages\/2294\/revisions\/2307"}],"wp:attachment":[{"href":"https:\/\/salesianossp.org.br\/pardbcampinas\/wp-json\/wp\/v2\/media?parent=2294"}],"curies":[{"name":"wp","href":"https:\/\/api.w.org\/{rel}","templated":true}]}}