{"id":2348,"date":"2026-03-18T14:08:12","date_gmt":"2026-03-18T17:08:12","guid":{"rendered":"https:\/\/salesianossp.org.br\/pardbcampinas\/?page_id=2348"},"modified":"2026-03-20T14:20:40","modified_gmt":"2026-03-20T17:20:40","slug":"salesianos-cooperadores","status":"publish","type":"page","link":"https:\/\/salesianossp.org.br\/pardbcampinas\/salesianos-cooperadores\/","title":{"rendered":"Salesianos Cooperadores"},"content":{"rendered":"\t\t<div data-elementor-type=\"wp-page\" data-elementor-id=\"2348\" class=\"elementor elementor-2348\" data-elementor-post-type=\"page\">\n\t\t\t\t\t\t<section class=\"elementor-section elementor-top-section elementor-element elementor-element-a108968 elementor-section-boxed elementor-section-height-default elementor-section-height-default\" data-id=\"a108968\" data-element_type=\"section\" data-e-type=\"section\">\n\t\t\t\t\t\t<div class=\"elementor-container elementor-column-gap-default\">\n\t\t\t\t\t<div class=\"elementor-column elementor-col-100 elementor-top-column elementor-element elementor-element-7a1ca67\" data-id=\"7a1ca67\" data-element_type=\"column\" data-e-type=\"column\">\n\t\t\t<div class=\"elementor-widget-wrap elementor-element-populated\">\n\t\t\t\t\t\t<div class=\"elementor-element elementor-element-803d309 elementor-widget elementor-widget-heading\" data-id=\"803d309\" data-element_type=\"widget\" data-e-type=\"widget\" data-widget_type=\"heading.default\">\n\t\t\t\t<div class=\"elementor-widget-container\">\n\t\t\t\t\t<h2 class=\"elementor-heading-title elementor-size-default\">Salesianos Cooperadores<\/h2>\t\t\t\t<\/div>\n\t\t\t\t<\/div>\n\t\t\t\t\t<\/div>\n\t\t<\/div>\n\t\t\t\t\t<\/div>\n\t\t<\/section>\n\t\t\t\t<section class=\"elementor-section elementor-top-section elementor-element elementor-element-27f1dff elementor-section-boxed elementor-section-height-default elementor-section-height-default\" data-id=\"27f1dff\" data-element_type=\"section\" data-e-type=\"section\">\n\t\t\t\t\t\t<div class=\"elementor-container elementor-column-gap-default\">\n\t\t\t\t\t<div class=\"elementor-column elementor-col-100 elementor-top-column elementor-element elementor-element-42d00ed\" data-id=\"42d00ed\" data-element_type=\"column\" data-e-type=\"column\">\n\t\t\t<div class=\"elementor-widget-wrap elementor-element-populated\">\n\t\t\t\t\t\t<div class=\"elementor-element elementor-element-97d64e8 elementor-widget elementor-widget-image\" data-id=\"97d64e8\" data-element_type=\"widget\" data-e-type=\"widget\" data-widget_type=\"image.default\">\n\t\t\t\t<div class=\"elementor-widget-container\">\n\t\t\t\t\t\t\t\t\t\t\t\t\t\t\t<img fetchpriority=\"high\" decoding=\"async\" width=\"280\" height=\"300\" src=\"https:\/\/salesianossp.org.br\/pardbcampinas\/wp-content\/uploads\/2026\/03\/351909825_209950545301228_8412312372117162832_n-280x300.png\" class=\"attachment-medium size-medium wp-image-2355\" alt=\"\" srcset=\"https:\/\/salesianossp.org.br\/pardbcampinas\/wp-content\/uploads\/2026\/03\/351909825_209950545301228_8412312372117162832_n-280x300.png 280w, https:\/\/salesianossp.org.br\/pardbcampinas\/wp-content\/uploads\/2026\/03\/351909825_209950545301228_8412312372117162832_n-954x1024.png 954w, https:\/\/salesianossp.org.br\/pardbcampinas\/wp-content\/uploads\/2026\/03\/351909825_209950545301228_8412312372117162832_n-768x824.png 768w, https:\/\/salesianossp.org.br\/pardbcampinas\/wp-content\/uploads\/2026\/03\/351909825_209950545301228_8412312372117162832_n-1431x1536.png 1431w, https:\/\/salesianossp.org.br\/pardbcampinas\/wp-content\/uploads\/2026\/03\/351909825_209950545301228_8412312372117162832_n-70x75.png 70w, https:\/\/salesianossp.org.br\/pardbcampinas\/wp-content\/uploads\/2026\/03\/351909825_209950545301228_8412312372117162832_n-480x515.png 480w, https:\/\/salesianossp.org.br\/pardbcampinas\/wp-content\/uploads\/2026\/03\/351909825_209950545301228_8412312372117162832_n.png 1491w\" sizes=\"(max-width:767px) 280px, 280px\" \/>\t\t\t\t\t\t\t\t\t\t\t\t\t\t\t<\/div>\n\t\t\t\t<\/div>\n\t\t\t\t\t<\/div>\n\t\t<\/div>\n\t\t\t\t\t<\/div>\n\t\t<\/section>\n\t\t\t\t<section class=\"elementor-section elementor-top-section elementor-element elementor-element-06408e6 elementor-section-boxed elementor-section-height-default elementor-section-height-default\" data-id=\"06408e6\" data-element_type=\"section\" data-e-type=\"section\">\n\t\t\t\t\t\t<div class=\"elementor-container elementor-column-gap-default\">\n\t\t\t\t\t<div class=\"elementor-column elementor-col-100 elementor-top-column elementor-element elementor-element-bc7a4ac\" data-id=\"bc7a4ac\" data-element_type=\"column\" data-e-type=\"column\">\n\t\t\t<div class=\"elementor-widget-wrap elementor-element-populated\">\n\t\t\t\t\t\t<div class=\"elementor-element elementor-element-dd0c7ae elementor-widget elementor-widget-text-editor\" data-id=\"dd0c7ae\" data-element_type=\"widget\" data-e-type=\"widget\" data-widget_type=\"text-editor.default\">\n\t\t\t\t<div class=\"elementor-widget-container\">\n\t\t\t\t\t\t\t\t\t<p><b>Objetivo:\u00a0<\/b><span style=\"background-color: #fafafa; font-family: 'Open Sans', -apple-system, BlinkMacSystemFont, 'Segoe UI', Roboto, Oxygen-Sans, Ubuntu, Cantarell, 'Helvetica Neue', sans-serif; font-size: 18px; font-style: normal; font-variant-ligatures: normal; font-variant-caps: normal; font-weight: 400; letter-spacing: 0px;\">Nosso intuito \u00e9 desenvolver o sentido de perten\u00e7a \u00e0 Associa\u00e7\u00e3o e de corresponsabilidade pela vitalidade do projeto de Dom Bosco no mundo, como verdadeiros membros da Fam\u00edlia Salesiana, de maneira a descobrir sua identidade e seu papel apost\u00f3lico.<\/span><\/p><p><strong>Coordenador:<\/strong> Maria da Ajuda<\/p><p><strong>Telefone:<\/strong> (19) 99118-3490<\/p>\t\t\t\t\t\t\t\t<\/div>\n\t\t\t\t<\/div>\n\t\t\t\t\t<\/div>\n\t\t<\/div>\n\t\t\t\t\t<\/div>\n\t\t<\/section>\n\t\t\t\t<\/div>\n\t\t","protected":false},"excerpt":{"rendered":"<p>Salesianos Cooperadores Objetivo:\u00a0Nosso intuito \u00e9 desenvolver o sentido de perten\u00e7a \u00e0 Associa\u00e7\u00e3o e de corresponsabilidade pela vitalidade do projeto de Dom Bosco no mundo, como verdadeiros<span class=\"excerpt-hellip\"> [\u2026]<\/span><\/p>\n","protected":false},"author":101,"featured_media":0,"parent":0,"menu_order":0,"comment_status":"closed","ping_status":"closed","template":"","meta":{"footnotes":""},"class_list":["post-2348","page","type-page","status-publish","hentry"],"_links":{"self":[{"href":"https:\/\/salesianossp.org.br\/pardbcampinas\/wp-json\/wp\/v2\/pages\/2348","targetHints":{"allow":["GET"]}}],"collection":[{"href":"https:\/\/salesianossp.org.br\/pardbcampinas\/wp-json\/wp\/v2\/pages"}],"about":[{"href":"https:\/\/salesianossp.org.br\/pardbcampinas\/wp-json\/wp\/v2\/types\/page"}],"author":[{"embeddable":true,"href":"https:\/\/salesianossp.org.br\/pardbcampinas\/wp-json\/wp\/v2\/users\/101"}],"replies":[{"embeddable":true,"href":"https:\/\/salesianossp.org.br\/pardbcampinas\/wp-json\/wp\/v2\/comments?post=2348"}],"version-history":[{"count":10,"href":"https:\/\/salesianossp.org.br\/pardbcampinas\/wp-json\/wp\/v2\/pages\/2348\/revisions"}],"predecessor-version":[{"id":2368,"href":"https:\/\/salesianossp.org.br\/pardbcampinas\/wp-json\/wp\/v2\/pages\/2348\/revisions\/2368"}],"wp:attachment":[{"href":"https:\/\/salesianossp.org.br\/pardbcampinas\/wp-json\/wp\/v2\/media?parent=2348"}],"curies":[{"name":"wp","href":"https:\/\/api.w.org\/{rel}","templated":true}]}}