{"id":701,"date":"2020-07-04T23:11:56","date_gmt":"2020-07-05T02:11:56","guid":{"rendered":"https:\/\/salesianossp.org.br\/pardbcampinas\/?page_id=701"},"modified":"2023-03-29T10:48:11","modified_gmt":"2023-03-29T13:48:11","slug":"horarios","status":"publish","type":"page","link":"https:\/\/salesianossp.org.br\/pardbcampinas\/horarios\/","title":{"rendered":"HOR\u00c1RIOS PAROQUIAIS"},"content":{"rendered":"\t\t<div data-elementor-type=\"wp-page\" data-elementor-id=\"701\" class=\"elementor elementor-701\" data-elementor-post-type=\"page\">\n\t\t\t\t\t\t<section class=\"elementor-section elementor-top-section elementor-element elementor-element-75cbc807 elementor-section-content-middle elementor-section-boxed elementor-section-height-default elementor-section-height-default\" data-id=\"75cbc807\" data-element_type=\"section\" data-e-type=\"section\">\n\t\t\t\t\t\t<div class=\"elementor-container elementor-column-gap-no\">\n\t\t\t\t\t<div class=\"elementor-column elementor-col-100 elementor-top-column elementor-element elementor-element-422ceeb0\" data-id=\"422ceeb0\" data-element_type=\"column\" data-e-type=\"column\">\n\t\t\t<div class=\"elementor-widget-wrap elementor-element-populated\">\n\t\t\t\t\t\t<div class=\"elementor-element elementor-element-26ca7e3d elementor-widget elementor-widget-heading\" data-id=\"26ca7e3d\" data-element_type=\"widget\" data-e-type=\"widget\" data-widget_type=\"heading.default\">\n\t\t\t\t<div class=\"elementor-widget-container\">\n\t\t\t\t\t<h4 class=\"elementor-heading-title elementor-size-default\">HOR\u00c1RIOS<\/h4>\t\t\t\t<\/div>\n\t\t\t\t<\/div>\n\t\t\t\t<section class=\"elementor-section elementor-inner-section elementor-element elementor-element-37f75b3d elementor-section-boxed elementor-section-height-default elementor-section-height-default\" data-id=\"37f75b3d\" data-element_type=\"section\" data-e-type=\"section\">\n\t\t\t\t\t\t<div class=\"elementor-container elementor-column-gap-wider\">\n\t\t\t\t\t<div class=\"elementor-column elementor-col-100 elementor-inner-column elementor-element elementor-element-3789fb0f\" data-id=\"3789fb0f\" data-element_type=\"column\" data-e-type=\"column\">\n\t\t\t<div class=\"elementor-widget-wrap elementor-element-populated\">\n\t\t\t\t\t\t<div class=\"elementor-element elementor-element-466f1d06 elementor-widget elementor-widget-heading\" data-id=\"466f1d06\" data-element_type=\"widget\" data-e-type=\"widget\" data-widget_type=\"heading.default\">\n\t\t\t\t<div class=\"elementor-widget-container\">\n\t\t\t\t\t<h2 class=\"elementor-heading-title elementor-size-default\">MATRIZ DOM BOSCO\n<\/h2>\t\t\t\t<\/div>\n\t\t\t\t<\/div>\n\t\t\t\t<div class=\"elementor-element elementor-element-56921fdc elementor-widget elementor-widget-text-editor\" data-id=\"56921fdc\" data-element_type=\"widget\" data-e-type=\"widget\" data-widget_type=\"text-editor.default\">\n\t\t\t\t<div class=\"elementor-widget-container\">\n\t\t\t\t\t\t\t\t\t<p><strong>MISSAS<\/strong><\/p><ul><li style=\"text-align: left;\">Ter\u00e7a feira &#8211; 07h<\/li><li style=\"text-align: left;\">Quinta feira &#8211; 20h<\/li><li style=\"text-align: left;\">S\u00e1bado &#8211; 19h30<\/li><li style=\"text-align: left;\">Domingo &#8211; 08h30 e \u00e0s 19h<\/li><\/ul><p><em>Endere\u00e7o: <br \/><\/em><em>R. Margarida Occhiena, S\/N &#8211; Res. Vila Vitoria, Campinas &#8211; SP, 13057-541<\/em><\/p>\t\t\t\t\t\t\t\t<\/div>\n\t\t\t\t<\/div>\n\t\t\t\t\t<\/div>\n\t\t<\/div>\n\t\t\t\t\t<\/div>\n\t\t<\/section>\n\t\t\t\t<section class=\"elementor-section elementor-inner-section elementor-element elementor-element-bc5997e elementor-section-boxed elementor-section-height-default elementor-section-height-default\" data-id=\"bc5997e\" data-element_type=\"section\" data-e-type=\"section\">\n\t\t\t\t\t\t<div class=\"elementor-container elementor-column-gap-wider\">\n\t\t\t\t\t<div class=\"elementor-column elementor-col-33 elementor-inner-column elementor-element elementor-element-92ae6ac\" data-id=\"92ae6ac\" data-element_type=\"column\" data-e-type=\"column\">\n\t\t\t<div class=\"elementor-widget-wrap elementor-element-populated\">\n\t\t\t\t\t\t<div class=\"elementor-element elementor-element-9407ff7 elementor-widget elementor-widget-heading\" data-id=\"9407ff7\" data-element_type=\"widget\" data-e-type=\"widget\" data-widget_type=\"heading.default\">\n\t\t\t\t<div class=\"elementor-widget-container\">\n\t\t\t\t\t<h2 class=\"elementor-heading-title elementor-size-default\">Missas Especiais<\/h2>\t\t\t\t<\/div>\n\t\t\t\t<\/div>\n\t\t\t\t<div class=\"elementor-element elementor-element-c1f84f8 elementor-widget elementor-widget-text-editor\" data-id=\"c1f84f8\" data-element_type=\"widget\" data-e-type=\"widget\" data-widget_type=\"text-editor.default\">\n\t\t\t\t<div class=\"elementor-widget-container\">\n\t\t\t\t\t\t\t\t\t<ul><li style=\"text-align: left;\"><p><b>1\u00aa quinta-feira do m\u00eas: \u00a0 \u00a0 <\/b><span style=\"font-weight: 400;\">08h \u00e0s 19h50: Exposi\u00e7\u00e3o do Sant\u00edssimo Sacramento para Adora\u00e7\u00e3o e b\u00ean\u00e7\u00e3o do Sant\u00edssimo <\/span>20h: Missa\u00a0 \u00a0 \u00a0 \u00a0 \u00a0<\/p><\/li><\/ul><ul><li style=\"text-align: left;\"><p><span style=\"font-weight: 400;\">\u00a0<\/span><b>1\u00aa sexta-feira do m\u00eas<\/b><span style=\"font-weight: 400;\">:\u00a0 \u00a0 \u00a0 19h30 Ter\u00e7o da Sobriedade &#8211; 20h a missa pelas fam\u00edlias <\/span><\/p><\/li><li style=\"text-align: left;\"><p><b>1\u00aa s\u00e1bado do m\u00eas<\/b>:<br \/>Missa do Imaculado cora\u00e7\u00e3o de Maria &#8211; 08h da manh\u00e3<\/p><\/li><\/ul>\t\t\t\t\t\t\t\t<\/div>\n\t\t\t\t<\/div>\n\t\t\t\t\t<\/div>\n\t\t<\/div>\n\t\t\t\t<div class=\"elementor-column elementor-col-33 elementor-inner-column elementor-element elementor-element-0df712b\" data-id=\"0df712b\" data-element_type=\"column\" data-e-type=\"column\">\n\t\t\t<div class=\"elementor-widget-wrap elementor-element-populated\">\n\t\t\t\t\t\t<div class=\"elementor-element elementor-element-d751863 elementor-widget elementor-widget-heading\" data-id=\"d751863\" data-element_type=\"widget\" data-e-type=\"widget\" data-widget_type=\"heading.default\">\n\t\t\t\t<div class=\"elementor-widget-container\">\n\t\t\t\t\t<h2 class=\"elementor-heading-title elementor-size-default\">Confiss\u00f5es<\/h2>\t\t\t\t<\/div>\n\t\t\t\t<\/div>\n\t\t\t\t<div class=\"elementor-element elementor-element-8d5704a elementor-widget elementor-widget-text-editor\" data-id=\"8d5704a\" data-element_type=\"widget\" data-e-type=\"widget\" data-widget_type=\"text-editor.default\">\n\t\t\t\t<div class=\"elementor-widget-container\">\n\t\t\t\t\t\t\t\t\t<ul><li><span style=\"font-weight: 400;\">Ter\u00e7a e quarta &#8211; 14h \u00e0s 17h<\/span><\/li><li><span style=\"font-weight: 400;\">Quinta-feira &#8211; 09h \u00e0s 11h e das 14h \u00e0s 18h<\/span><\/li><li><span style=\"font-weight: 400;\">Sexta-feira &#8211; 14h \u00e0s 17h<\/span><\/li><li><span style=\"font-weight: 400;\">S\u00e1bado &#8211; Atendimento com agendamento, at\u00e9 as 11h30<\/span><\/li><\/ul>\t\t\t\t\t\t\t\t<\/div>\n\t\t\t\t<\/div>\n\t\t\t\t\t<\/div>\n\t\t<\/div>\n\t\t\t\t<div class=\"elementor-column elementor-col-33 elementor-inner-column elementor-element elementor-element-c641213\" data-id=\"c641213\" data-element_type=\"column\" data-e-type=\"column\">\n\t\t\t<div class=\"elementor-widget-wrap elementor-element-populated\">\n\t\t\t\t\t\t<div class=\"elementor-element elementor-element-16eddcb elementor-widget elementor-widget-heading\" data-id=\"16eddcb\" data-element_type=\"widget\" data-e-type=\"widget\" data-widget_type=\"heading.default\">\n\t\t\t\t<div class=\"elementor-widget-container\">\n\t\t\t\t\t<h2 class=\"elementor-heading-title elementor-size-default\">Atendimento da Secret\u00e1ria<\/h2>\t\t\t\t<\/div>\n\t\t\t\t<\/div>\n\t\t\t\t<div class=\"elementor-element elementor-element-e99c487 elementor-widget elementor-widget-text-editor\" data-id=\"e99c487\" data-element_type=\"widget\" data-e-type=\"widget\" data-widget_type=\"text-editor.default\">\n\t\t\t\t<div class=\"elementor-widget-container\">\n\t\t\t\t\t\t\t\t\t<ul><li><span style=\"font-weight: 400;\">Ter\u00e7a a sexta\u00a0 &#8211; 13h \u00e0s 17h<\/span><\/li><li><span style=\"font-weight: 400;\">S\u00e1bado &#8211; 08h \u00e0s 14h<\/span><\/li><\/ul><p><span style=\"font-weight: 400;\">N\u00e3o h\u00e1 atendimento: aos domingos e 2\u00aa feiras.<\/span><\/p><p><span style=\"font-weight: 400;\">Entre em contato conosco!<\/span><\/p><p><span style=\"font-weight: 400;\">Tel: (19) 3226-5286<\/span><\/p><p><span style=\"font-weight: 400;\">Wpp: (19) 3226-5286<\/span><\/p>\t\t\t\t\t\t\t\t<\/div>\n\t\t\t\t<\/div>\n\t\t\t\t\t<\/div>\n\t\t<\/div>\n\t\t\t\t\t<\/div>\n\t\t<\/section>\n\t\t\t\t<section class=\"elementor-section elementor-inner-section elementor-element elementor-element-5396738e elementor-section-boxed elementor-section-height-default elementor-section-height-default\" data-id=\"5396738e\" data-element_type=\"section\" data-e-type=\"section\">\n\t\t\t\t\t\t<div class=\"elementor-container elementor-column-gap-wider\">\n\t\t\t\t\t<div class=\"elementor-column elementor-col-100 elementor-inner-column elementor-element elementor-element-6f380a6c\" data-id=\"6f380a6c\" data-element_type=\"column\" data-e-type=\"column\">\n\t\t\t<div class=\"elementor-widget-wrap\">\n\t\t\t\t\t\t\t<\/div>\n\t\t<\/div>\n\t\t\t\t\t<\/div>\n\t\t<\/section>\n\t\t\t\t\t<\/div>\n\t\t<\/div>\n\t\t\t\t\t<\/div>\n\t\t<\/section>\n\t\t\t\t<\/div>\n\t\t","protected":false},"excerpt":{"rendered":"<p>HOR\u00c1RIOS MATRIZ DOM BOSCO MISSAS Ter\u00e7a feira &#8211; 07h Quinta feira &#8211; 20h S\u00e1bado &#8211; 19h30 Domingo &#8211; 08h30 e \u00e0s 19h Endere\u00e7o: R. Margarida Occhiena,<span class=\"excerpt-hellip\"> [\u2026]<\/span><\/p>\n","protected":false},"author":93,"featured_media":0,"parent":0,"menu_order":0,"comment_status":"closed","ping_status":"closed","template":"elementor_header_footer","meta":{"footnotes":""},"class_list":["post-701","page","type-page","status-publish","hentry"],"_links":{"self":[{"href":"https:\/\/salesianossp.org.br\/pardbcampinas\/wp-json\/wp\/v2\/pages\/701","targetHints":{"allow":["GET"]}}],"collection":[{"href":"https:\/\/salesianossp.org.br\/pardbcampinas\/wp-json\/wp\/v2\/pages"}],"about":[{"href":"https:\/\/salesianossp.org.br\/pardbcampinas\/wp-json\/wp\/v2\/types\/page"}],"author":[{"embeddable":true,"href":"https:\/\/salesianossp.org.br\/pardbcampinas\/wp-json\/wp\/v2\/users\/93"}],"replies":[{"embeddable":true,"href":"https:\/\/salesianossp.org.br\/pardbcampinas\/wp-json\/wp\/v2\/comments?post=701"}],"version-history":[{"count":36,"href":"https:\/\/salesianossp.org.br\/pardbcampinas\/wp-json\/wp\/v2\/pages\/701\/revisions"}],"predecessor-version":[{"id":2138,"href":"https:\/\/salesianossp.org.br\/pardbcampinas\/wp-json\/wp\/v2\/pages\/701\/revisions\/2138"}],"wp:attachment":[{"href":"https:\/\/salesianossp.org.br\/pardbcampinas\/wp-json\/wp\/v2\/media?parent=701"}],"curies":[{"name":"wp","href":"https:\/\/api.w.org\/{rel}","templated":true}]}}