{"id":338,"date":"2026-02-25T14:22:17","date_gmt":"2026-02-25T17:22:17","guid":{"rendered":"https:\/\/salesianossp.org.br\/parnsasorocaba\/?page_id=338"},"modified":"2026-03-19T11:01:18","modified_gmt":"2026-03-19T14:01:18","slug":"nossa-historia","status":"publish","type":"page","link":"https:\/\/salesianossp.org.br\/parnsasorocaba\/nossa-historia\/","title":{"rendered":"Nossa Hist\u00f3ria"},"content":{"rendered":"\t\t<div data-elementor-type=\"wp-page\" data-elementor-id=\"338\" class=\"elementor elementor-338\" data-elementor-post-type=\"page\">\n\t\t\t\t<section class=\"elementor-element elementor-element-218f2bf e-flex e-con-boxed e-con e-parent\" data-id=\"218f2bf\" data-element_type=\"container\" data-e-type=\"container\" data-settings=\"{&quot;background_background&quot;:&quot;classic&quot;}\">\n\t\t\t\t\t<div class=\"e-con-inner\">\n\t\t\t\t<div class=\"elementor-element elementor-element-e73e901 jet-breadcrumbs-align-center elementor-widget elementor-widget-jet-breadcrumbs\" data-id=\"e73e901\" data-element_type=\"widget\" data-e-type=\"widget\" data-widget_type=\"jet-breadcrumbs.default\">\n\t\t\t\t<div class=\"elementor-widget-container\">\n\t\t\t\t\t<div class=\"elementor-jet-breadcrumbs jet-blocks\">\n\t\t<div class=\"jet-breadcrumbs\">\n\t\t<div class=\"jet-breadcrumbs__content\">\n\t\t<div class=\"jet-breadcrumbs__wrap\"><div class=\"jet-breadcrumbs__item\"><a href=\"https:\/\/salesianossp.org.br\/parnsasorocaba\/\" class=\"jet-breadcrumbs__item-link is-home\" rel=\"home\" title=\"In\u00edcio\">In\u00edcio<\/a><\/div>\n\t\t<\/div>\n\t\t<\/div>\n\t\t<\/div><\/div>\t\t\t\t<\/div>\n\t\t\t\t<\/div>\n\t\t\t\t\t<\/div>\n\t\t\t\t<\/section>\n\t\t<section class=\"elementor-element elementor-element-b717800 e-flex e-con-boxed e-con e-parent\" data-id=\"b717800\" data-element_type=\"container\" data-e-type=\"container\" data-settings=\"{&quot;background_background&quot;:&quot;classic&quot;}\">\n\t\t\t\t\t<div class=\"e-con-inner\">\n\t\t\t\t<div class=\"elementor-element elementor-element-57043c2 elementor-widget__width-initial elementor-widget elementor-widget-text-editor\" data-id=\"57043c2\" data-element_type=\"widget\" data-e-type=\"widget\" data-widget_type=\"text-editor.default\">\n\t\t\t\t\t\t\t\t\t<p>Nossa Hist\u00f3ria<\/p>\t\t\t\t\t\t\t\t<\/div>\n\t\t<div class=\"elementor-element elementor-element-6d1960c e-con-full e-flex e-con e-child\" data-id=\"6d1960c\" data-element_type=\"container\" data-e-type=\"container\">\n\t\t\t\t<div class=\"elementor-element elementor-element-3d519bd elementor-widget elementor-widget-heading\" data-id=\"3d519bd\" data-element_type=\"widget\" data-e-type=\"widget\" data-widget_type=\"heading.default\">\n\t\t\t\t\t<h2 class=\"elementor-heading-title elementor-size-default\">Nossa Hist\u00f3ria<\/h2>\t\t\t\t<\/div>\n\t\t\t\t<div class=\"elementor-element elementor-element-8ba7657 elementor-widget elementor-widget-text-editor\" data-id=\"8ba7657\" data-element_type=\"widget\" data-e-type=\"widget\" data-widget_type=\"text-editor.default\">\n\t\t\t\t\t\t\t\t\t<p>Ap\u00f3s a funda\u00e7\u00e3o do Col\u00e9gio Salesiano S\u00e3o Jos\u00e9, o bairro do Mangal crescia e o que h\u00e1 poucos anos era periferia de Sorocaba passou a ser um bairro populoso e muito procurado pelos sorocabanos.<\/p>\n<p>Esse aumento populacional da regi\u00e3o fez com que o Bispo Dom Carlos de Aguirre e seu Bispo coadjutor e Administrador Apost\u00f3lico Dom Jose Melhado Campos, preocupados em prover o bem espiritual \u00e0 popula\u00e7\u00e3o, refletissem na cria\u00e7\u00e3o de uma nova par\u00f3quia.<br \/>\nEm 28 de mar\u00e7o de 1967 escreveram uma carta para o Padre Salvador de Bonis, Inspetor Salesiano da Inspetoria Nossa Senhora Auxiliadora de S\u00e3o Paulo, oferecendo aos Salesianos a administra\u00e7\u00e3o da uma nova par\u00f3quia a ser criada no Jardim Paulistano e a resposta afirmativa veio depois de uma reuni\u00e3o do Conselho Inspetorial no dia 19 de abril de 1967.<\/p>\n\t\t\t\t\t\t\t\t<\/div>\n\t\t\t\t<\/div>\n\t\t\t\t\t<\/div>\n\t\t\t\t<\/section>\n\t\t<section class=\"elementor-element elementor-element-3f9ffa9 e-flex e-con-boxed e-con e-parent\" data-id=\"3f9ffa9\" data-element_type=\"container\" data-e-type=\"container\" data-settings=\"{&quot;background_background&quot;:&quot;classic&quot;}\">\n\t\t\t\t\t<div class=\"e-con-inner\">\n\t\t<div class=\"elementor-element elementor-element-e7346ce e-con-full e-flex e-con e-child\" data-id=\"e7346ce\" data-element_type=\"container\" data-e-type=\"container\">\n\t\t<div class=\"elementor-element elementor-element-b4894c6 e-con-full e-flex e-con e-child\" data-id=\"b4894c6\" data-element_type=\"container\" data-e-type=\"container\" data-settings=\"{&quot;background_background&quot;:&quot;classic&quot;}\">\n\t\t<div class=\"elementor-element elementor-element-309aa26 e-con-full e-flex e-con e-child\" data-id=\"309aa26\" data-element_type=\"container\" data-e-type=\"container\" data-settings=\"{&quot;background_background&quot;:&quot;classic&quot;}\">\n\t\t\t\t<div class=\"elementor-element elementor-element-ef4122c elementor-widget elementor-widget-text-editor\" data-id=\"ef4122c\" data-element_type=\"widget\" data-e-type=\"widget\" data-widget_type=\"text-editor.default\">\n\t\t\t\t\t\t\t\t\t<p>Em 31 de Janeiro de 1968, dia dedicado \u00e0 Dom Bosco, levando-se em considera\u00e7\u00e3o o aumento da popula\u00e7\u00e3o da cidade de Sorocaba e ouvidos o Conselho Presbiteral, o vig\u00e1rio da par\u00f3quia S\u00e3o Jos\u00e9 do Cerrado e o padre inspetor da Congrega\u00e7\u00e3o Salesiana, o bispo da Diocese de Sorocaba, Dom Jos\u00e9 Melhado Campos, usando das atribui\u00e7\u00f5es que lhe confere o C\u00f3digo de Direito Can\u00f4nico, achou por bem desmembrar e separar da Par\u00f3quia de S\u00e3o Jos\u00e9 do Cerrado e criar uma nova par\u00f3quia dedicada \u00e0 Nossa Senhora Auxiliadora, instalada, provisoriamente na Capela do Col\u00e9gio Salesiano S\u00e3o Jos\u00e9 e o primeiro p\u00e1roco a tomar posse foi o Padre Anderson Pais da Silva, Salesiani Domini Bosci (SDB).<\/p>\n\t\t\t\t\t\t\t\t<\/div>\n\t\t\t\t<\/div>\n\t\t\t\t<\/div>\n\t\t\t\t<\/div>\n\t\t\t\t\t<\/div>\n\t\t\t\t<\/section>\n\t\t\t\t<\/div>\n\t\t","protected":false},"excerpt":{"rendered":"<p>In\u00edcio Nossa Hist\u00f3ria<\/p>\n","protected":false},"author":1,"featured_media":0,"parent":0,"menu_order":0,"comment_status":"closed","ping_status":"closed","template":"elementor_header_footer","meta":{"footnotes":""},"class_list":["post-338","page","type-page","status-publish","hentry"],"yoast_head":"<!-- This site is optimized with the Yoast SEO plugin v27.4 - https:\/\/yoast.com\/product\/yoast-seo-wordpress\/ -->\n<title>Nossa Hist\u00f3ria - Par\u00f3quia Nossa Senhora Auxiliadora<\/title>\n<meta name=\"robots\" content=\"index, follow, max-snippet:-1, max-image-preview:large, max-video-preview:-1\" \/>\n<link rel=\"canonical\" href=\"https:\/\/salesianossp.org.br\/parnsasorocaba\/nossa-historia\/\" \/>\n<meta property=\"og:locale\" content=\"pt_BR\" \/>\n<meta property=\"og:type\" content=\"article\" \/>\n<meta property=\"og:title\" content=\"Nossa Hist\u00f3ria - Par\u00f3quia Nossa Senhora Auxiliadora\" \/>\n<meta property=\"og:description\" content=\"In\u00edcio Nossa Hist\u00f3ria\" \/>\n<meta property=\"og:url\" content=\"https:\/\/salesianossp.org.br\/parnsasorocaba\/nossa-historia\/\" \/>\n<meta property=\"og:site_name\" content=\"Par\u00f3quia Nossa Senhora Auxiliadora\" \/>\n<meta property=\"article:publisher\" content=\"https:\/\/www.facebook.com\/auxiliadorasorocaba.oficial\" \/>\n<meta property=\"article:modified_time\" content=\"2026-03-19T14:01:18+00:00\" \/>\n<meta name=\"twitter:card\" content=\"summary_large_image\" \/>\n<script type=\"application\/ld+json\" class=\"yoast-schema-graph\">{\"@context\":\"https:\\\/\\\/schema.org\",\"@graph\":[{\"@type\":\"WebPage\",\"@id\":\"https:\\\/\\\/salesianossp.org.br\\\/parnsasorocaba\\\/nossa-historia\\\/\",\"url\":\"https:\\\/\\\/salesianossp.org.br\\\/parnsasorocaba\\\/nossa-historia\\\/\",\"name\":\"Nossa Hist\u00f3ria - Par\u00f3quia Nossa Senhora Auxiliadora\",\"isPartOf\":{\"@id\":\"https:\\\/\\\/salesianossp.org.br\\\/parnsasorocaba\\\/#website\"},\"datePublished\":\"2026-02-25T17:22:17+00:00\",\"dateModified\":\"2026-03-19T14:01:18+00:00\",\"breadcrumb\":{\"@id\":\"https:\\\/\\\/salesianossp.org.br\\\/parnsasorocaba\\\/nossa-historia\\\/#breadcrumb\"},\"inLanguage\":\"pt-BR\",\"potentialAction\":[{\"@type\":\"ReadAction\",\"target\":[\"https:\\\/\\\/salesianossp.org.br\\\/parnsasorocaba\\\/nossa-historia\\\/\"]}]},{\"@type\":\"BreadcrumbList\",\"@id\":\"https:\\\/\\\/salesianossp.org.br\\\/parnsasorocaba\\\/nossa-historia\\\/#breadcrumb\",\"itemListElement\":[{\"@type\":\"ListItem\",\"position\":1,\"name\":\"In\u00edcio\",\"item\":\"https:\\\/\\\/salesianossp.org.br\\\/parnsasorocaba\\\/\"},{\"@type\":\"ListItem\",\"position\":2,\"name\":\"Nossa Hist\u00f3ria\"}]},{\"@type\":\"WebSite\",\"@id\":\"https:\\\/\\\/salesianossp.org.br\\\/parnsasorocaba\\\/#website\",\"url\":\"https:\\\/\\\/salesianossp.org.br\\\/parnsasorocaba\\\/\",\"name\":\"Par\u00f3quia Nossa Senhora Auxiliadora\",\"description\":\"\",\"publisher\":{\"@id\":\"https:\\\/\\\/salesianossp.org.br\\\/parnsasorocaba\\\/#organization\"},\"potentialAction\":[{\"@type\":\"SearchAction\",\"target\":{\"@type\":\"EntryPoint\",\"urlTemplate\":\"https:\\\/\\\/salesianossp.org.br\\\/parnsasorocaba\\\/?s={search_term_string}\"},\"query-input\":{\"@type\":\"PropertyValueSpecification\",\"valueRequired\":true,\"valueName\":\"search_term_string\"}}],\"inLanguage\":\"pt-BR\"},{\"@type\":\"Organization\",\"@id\":\"https:\\\/\\\/salesianossp.org.br\\\/parnsasorocaba\\\/#organization\",\"name\":\"Par\u00f3quia Nossa Senhora Auxiliadora\",\"url\":\"https:\\\/\\\/salesianossp.org.br\\\/parnsasorocaba\\\/\",\"logo\":{\"@type\":\"ImageObject\",\"inLanguage\":\"pt-BR\",\"@id\":\"https:\\\/\\\/salesianossp.org.br\\\/parnsasorocaba\\\/#\\\/schema\\\/logo\\\/image\\\/\",\"url\":\"https:\\\/\\\/salesianossp.org.br\\\/parnsasorocaba\\\/wp-content\\\/uploads\\\/2026\\\/02\\\/Paroquia-n.sra_.auxiliadora-Sorocaba.svg\",\"contentUrl\":\"https:\\\/\\\/salesianossp.org.br\\\/parnsasorocaba\\\/wp-content\\\/uploads\\\/2026\\\/02\\\/Paroquia-n.sra_.auxiliadora-Sorocaba.svg\",\"width\":204,\"height\":56,\"caption\":\"Par\u00f3quia Nossa Senhora Auxiliadora\"},\"image\":{\"@id\":\"https:\\\/\\\/salesianossp.org.br\\\/parnsasorocaba\\\/#\\\/schema\\\/logo\\\/image\\\/\"},\"sameAs\":[\"https:\\\/\\\/www.facebook.com\\\/auxiliadorasorocaba.oficial\",\"https:\\\/\\\/www.instagram.com\\\/auxiliadorasorocaba.oficial\\\/\",\"https:\\\/\\\/www.youtube.com\\\/channel\\\/UC4z5Ql0mdyWGtYFNLBDHghQ\"]}]}<\/script>\n<!-- \/ Yoast SEO plugin. -->","yoast_head_json":{"title":"Nossa Hist\u00f3ria - Par\u00f3quia Nossa Senhora Auxiliadora","robots":{"index":"index","follow":"follow","max-snippet":"max-snippet:-1","max-image-preview":"max-image-preview:large","max-video-preview":"max-video-preview:-1"},"canonical":"https:\/\/salesianossp.org.br\/parnsasorocaba\/nossa-historia\/","og_locale":"pt_BR","og_type":"article","og_title":"Nossa Hist\u00f3ria - Par\u00f3quia Nossa Senhora Auxiliadora","og_description":"In\u00edcio Nossa Hist\u00f3ria","og_url":"https:\/\/salesianossp.org.br\/parnsasorocaba\/nossa-historia\/","og_site_name":"Par\u00f3quia Nossa Senhora Auxiliadora","article_publisher":"https:\/\/www.facebook.com\/auxiliadorasorocaba.oficial","article_modified_time":"2026-03-19T14:01:18+00:00","twitter_card":"summary_large_image","schema":{"@context":"https:\/\/schema.org","@graph":[{"@type":"WebPage","@id":"https:\/\/salesianossp.org.br\/parnsasorocaba\/nossa-historia\/","url":"https:\/\/salesianossp.org.br\/parnsasorocaba\/nossa-historia\/","name":"Nossa Hist\u00f3ria - Par\u00f3quia Nossa Senhora Auxiliadora","isPartOf":{"@id":"https:\/\/salesianossp.org.br\/parnsasorocaba\/#website"},"datePublished":"2026-02-25T17:22:17+00:00","dateModified":"2026-03-19T14:01:18+00:00","breadcrumb":{"@id":"https:\/\/salesianossp.org.br\/parnsasorocaba\/nossa-historia\/#breadcrumb"},"inLanguage":"pt-BR","potentialAction":[{"@type":"ReadAction","target":["https:\/\/salesianossp.org.br\/parnsasorocaba\/nossa-historia\/"]}]},{"@type":"BreadcrumbList","@id":"https:\/\/salesianossp.org.br\/parnsasorocaba\/nossa-historia\/#breadcrumb","itemListElement":[{"@type":"ListItem","position":1,"name":"In\u00edcio","item":"https:\/\/salesianossp.org.br\/parnsasorocaba\/"},{"@type":"ListItem","position":2,"name":"Nossa Hist\u00f3ria"}]},{"@type":"WebSite","@id":"https:\/\/salesianossp.org.br\/parnsasorocaba\/#website","url":"https:\/\/salesianossp.org.br\/parnsasorocaba\/","name":"Par\u00f3quia Nossa Senhora Auxiliadora","description":"","publisher":{"@id":"https:\/\/salesianossp.org.br\/parnsasorocaba\/#organization"},"potentialAction":[{"@type":"SearchAction","target":{"@type":"EntryPoint","urlTemplate":"https:\/\/salesianossp.org.br\/parnsasorocaba\/?s={search_term_string}"},"query-input":{"@type":"PropertyValueSpecification","valueRequired":true,"valueName":"search_term_string"}}],"inLanguage":"pt-BR"},{"@type":"Organization","@id":"https:\/\/salesianossp.org.br\/parnsasorocaba\/#organization","name":"Par\u00f3quia Nossa Senhora Auxiliadora","url":"https:\/\/salesianossp.org.br\/parnsasorocaba\/","logo":{"@type":"ImageObject","inLanguage":"pt-BR","@id":"https:\/\/salesianossp.org.br\/parnsasorocaba\/#\/schema\/logo\/image\/","url":"https:\/\/salesianossp.org.br\/parnsasorocaba\/wp-content\/uploads\/2026\/02\/Paroquia-n.sra_.auxiliadora-Sorocaba.svg","contentUrl":"https:\/\/salesianossp.org.br\/parnsasorocaba\/wp-content\/uploads\/2026\/02\/Paroquia-n.sra_.auxiliadora-Sorocaba.svg","width":204,"height":56,"caption":"Par\u00f3quia Nossa Senhora Auxiliadora"},"image":{"@id":"https:\/\/salesianossp.org.br\/parnsasorocaba\/#\/schema\/logo\/image\/"},"sameAs":["https:\/\/www.facebook.com\/auxiliadorasorocaba.oficial","https:\/\/www.instagram.com\/auxiliadorasorocaba.oficial\/","https:\/\/www.youtube.com\/channel\/UC4z5Ql0mdyWGtYFNLBDHghQ"]}]}},"_links":{"self":[{"href":"https:\/\/salesianossp.org.br\/parnsasorocaba\/wp-json\/wp\/v2\/pages\/338","targetHints":{"allow":["GET"]}}],"collection":[{"href":"https:\/\/salesianossp.org.br\/parnsasorocaba\/wp-json\/wp\/v2\/pages"}],"about":[{"href":"https:\/\/salesianossp.org.br\/parnsasorocaba\/wp-json\/wp\/v2\/types\/page"}],"author":[{"embeddable":true,"href":"https:\/\/salesianossp.org.br\/parnsasorocaba\/wp-json\/wp\/v2\/users\/1"}],"replies":[{"embeddable":true,"href":"https:\/\/salesianossp.org.br\/parnsasorocaba\/wp-json\/wp\/v2\/comments?post=338"}],"version-history":[{"count":31,"href":"https:\/\/salesianossp.org.br\/parnsasorocaba\/wp-json\/wp\/v2\/pages\/338\/revisions"}],"predecessor-version":[{"id":609,"href":"https:\/\/salesianossp.org.br\/parnsasorocaba\/wp-json\/wp\/v2\/pages\/338\/revisions\/609"}],"wp:attachment":[{"href":"https:\/\/salesianossp.org.br\/parnsasorocaba\/wp-json\/wp\/v2\/media?parent=338"}],"curies":[{"name":"wp","href":"https:\/\/api.w.org\/{rel}","templated":true}]}}