{"id":348,"date":"2026-02-25T14:50:51","date_gmt":"2026-02-25T17:50:51","guid":{"rendered":"https:\/\/salesianossp.org.br\/parnsfesguaruja\/?page_id=348"},"modified":"2026-03-10T11:58:03","modified_gmt":"2026-03-10T14:58:03","slug":"contato","status":"publish","type":"page","link":"https:\/\/salesianossp.org.br\/parnsfesguaruja\/contato\/","title":{"rendered":"Contato"},"content":{"rendered":"\t\t<div data-elementor-type=\"wp-page\" data-elementor-id=\"348\" class=\"elementor elementor-348\" data-elementor-post-type=\"page\">\n\t\t\t\t<section class=\"elementor-element elementor-element-f7f0175 e-flex e-con-boxed e-con e-parent\" data-id=\"f7f0175\" data-element_type=\"container\" data-e-type=\"container\" data-settings=\"{&quot;background_background&quot;:&quot;classic&quot;}\">\n\t\t\t\t\t<div class=\"e-con-inner\">\n\t\t\t\t<div class=\"elementor-element elementor-element-b46f007 jet-breadcrumbs-align-center elementor-widget elementor-widget-jet-breadcrumbs\" data-id=\"b46f007\" data-element_type=\"widget\" data-e-type=\"widget\" data-widget_type=\"jet-breadcrumbs.default\">\n\t\t\t\t<div class=\"elementor-widget-container\">\n\t\t\t\t\t<div class=\"elementor-jet-breadcrumbs jet-blocks\">\n\t\t<div class=\"jet-breadcrumbs\">\n\t\t<div class=\"jet-breadcrumbs__content\">\n\t\t<div class=\"jet-breadcrumbs__wrap\"><div class=\"jet-breadcrumbs__item\"><a href=\"https:\/\/salesianossp.org.br\/parnsfesguaruja\/\" class=\"jet-breadcrumbs__item-link is-home\" rel=\"home\" title=\"In\u00edcio\">In\u00edcio<\/a><\/div>\n\t\t<\/div>\n\t\t<\/div>\n\t\t<\/div><\/div>\t\t\t\t<\/div>\n\t\t\t\t<\/div>\n\t\t\t\t\t<\/div>\n\t\t\t\t<\/section>\n\t\t<section class=\"elementor-element elementor-element-c51260a e-flex e-con-boxed e-con e-parent\" data-id=\"c51260a\" data-element_type=\"container\" data-e-type=\"container\" data-settings=\"{&quot;background_background&quot;:&quot;classic&quot;}\">\n\t\t\t\t\t<div class=\"e-con-inner\">\n\t\t<div class=\"elementor-element elementor-element-3c567d8 e-con-full e-flex e-con e-child\" data-id=\"3c567d8\" data-element_type=\"container\" data-e-type=\"container\">\n\t\t<div class=\"elementor-element elementor-element-a99afa9 e-con-full e-flex e-con e-child\" data-id=\"a99afa9\" data-element_type=\"container\" data-e-type=\"container\">\n\t\t<div class=\"elementor-element elementor-element-3f9ff1b e-con-full e-flex e-con e-child\" data-id=\"3f9ff1b\" data-element_type=\"container\" data-e-type=\"container\">\n\t\t<div class=\"elementor-element elementor-element-21f7dee e-con-full e-flex e-con e-child\" data-id=\"21f7dee\" data-element_type=\"container\" data-e-type=\"container\">\n\t\t\t\t<div class=\"elementor-element elementor-element-42ad70b elementor-view-default elementor-widget elementor-widget-icon\" data-id=\"42ad70b\" data-element_type=\"widget\" data-e-type=\"widget\" data-widget_type=\"icon.default\">\n\t\t\t\t\t\t\t<div class=\"elementor-icon-wrapper\">\n\t\t\t<div class=\"elementor-icon\">\n\t\t\t<svg xmlns=\"http:\/\/www.w3.org\/2000\/svg\" width=\"48\" height=\"48\" viewBox=\"0 0 48 48\" fill=\"none\"><path d=\"M24 28.3399C19.74 28.3399 16.26 24.8799 16.26 20.5999C16.26 16.3199 19.74 12.8799 24 12.8799C28.26 12.8799 31.74 16.3399 31.74 20.6199C31.74 24.8999 28.26 28.3399 24 28.3399ZM24 15.8799C21.4 15.8799 19.26 17.9999 19.26 20.6199C19.26 23.2399 21.38 25.3599 24 25.3599C26.62 25.3599 28.74 23.2399 28.74 20.6199C28.74 17.9999 26.6 15.8799 24 15.8799Z\" fill=\"#C5BAA0\"><\/path><path d=\"M24.0001 45.52C21.0401 45.52 18.0601 44.4 15.7401 42.18C9.84011 36.5 3.32011 27.44 5.78011 16.66C8.00011 6.88 16.5401 2.5 24.0001 2.5C24.0001 2.5 24.0001 2.5 24.0201 2.5C31.4801 2.5 40.0201 6.88 42.2401 16.68C44.6801 27.46 38.1601 36.5 32.2601 42.18C29.9401 44.4 26.9601 45.52 24.0001 45.52ZM24.0001 5.5C18.1801 5.5 10.7001 8.6 8.72011 17.32C6.56011 26.74 12.4801 34.86 17.8401 40C21.3001 43.34 26.7201 43.34 30.1801 40C35.5201 34.86 41.4401 26.74 39.3201 17.32C37.3201 8.6 29.8201 5.5 24.0001 5.5Z\" fill=\"#C5BAA0\"><\/path><\/svg>\t\t\t<\/div>\n\t\t<\/div>\n\t\t\t\t\t\t<\/div>\n\t\t<div class=\"elementor-element elementor-element-6ca3a89 e-con-full e-flex e-con e-child\" data-id=\"6ca3a89\" data-element_type=\"container\" data-e-type=\"container\">\n\t\t<div class=\"elementor-element elementor-element-f1f591b e-con-full e-flex e-con e-child\" data-id=\"f1f591b\" data-element_type=\"container\" data-e-type=\"container\">\n\t\t\t\t<div class=\"elementor-element elementor-element-b25cca6 elementor-widget elementor-widget-heading\" data-id=\"b25cca6\" data-element_type=\"widget\" data-e-type=\"widget\" data-widget_type=\"heading.default\">\n\t\t\t\t\t<h3 class=\"elementor-heading-title elementor-size-default\">Venha nos visitar<\/h3>\t\t\t\t<\/div>\n\t\t\t\t<div class=\"elementor-element elementor-element-382a4bc elementor-widget elementor-widget-heading\" data-id=\"382a4bc\" data-element_type=\"widget\" data-e-type=\"widget\" data-widget_type=\"heading.default\">\n\t\t\t\t\t<p class=\"elementor-heading-title elementor-size-default\">Veja de perto o que temos a oferecer:<\/p>\t\t\t\t<\/div>\n\t\t\t\t<\/div>\n\t\t\t\t<div class=\"elementor-element elementor-element-d1f4778 elementor-widget elementor-widget-heading\" data-id=\"d1f4778\" data-element_type=\"widget\" data-e-type=\"widget\" data-widget_type=\"heading.default\">\n\t\t\t\t\t<p class=\"elementor-heading-title elementor-size-default\">Avenida Puglisi, s\/n\u00ba \u2013 Centro CEP 11410-001 Guaruj\u00e1 \u2013 SP<\/p>\t\t\t\t<\/div>\n\t\t\t\t<\/div>\n\t\t\t\t<\/div>\n\t\t<div class=\"elementor-element elementor-element-af55b80 e-con-full e-flex e-con e-child\" data-id=\"af55b80\" data-element_type=\"container\" data-e-type=\"container\">\n\t\t\t\t<div class=\"elementor-element elementor-element-d47eabc elementor-view-default elementor-widget elementor-widget-icon\" data-id=\"d47eabc\" data-element_type=\"widget\" data-e-type=\"widget\" data-widget_type=\"icon.default\">\n\t\t\t\t\t\t\t<div class=\"elementor-icon-wrapper\">\n\t\t\t<div class=\"elementor-icon\">\n\t\t\t<svg xmlns=\"http:\/\/www.w3.org\/2000\/svg\" width=\"48\" height=\"48\" viewBox=\"0 0 48 48\" fill=\"none\"><path d=\"M34.9 45.5C32.64 45.5 30.26 44.96 27.8 43.92C25.4 42.9 22.98 41.5 20.62 39.8C18.28 38.08 16.02 36.16 13.88 34.06C11.76 31.92 9.84 29.66 8.14 27.34C6.42 24.94 5.04 22.54 4.06 20.22C3.02 17.74 2.5 15.34 2.5 13.08C2.5 11.52 2.78 10.04 3.32 8.66C3.88 7.24 4.78 5.92 6 4.78C7.54 3.26 9.3 2.5 11.18 2.5C11.96 2.5 12.76 2.68 13.44 3C14.22 3.36 14.88 3.9 15.36 4.62L20 11.16C20.42 11.74 20.74 12.3 20.96 12.86C21.22 13.46 21.36 14.06 21.36 14.64C21.36 15.4 21.14 16.14 20.72 16.84C20.42 17.38 19.96 17.96 19.38 18.54L18.02 19.96C18.04 20.02 18.06 20.06 18.08 20.1C18.32 20.52 18.8 21.24 19.72 22.32C20.7 23.44 21.62 24.46 22.54 25.4C23.72 26.56 24.7 27.48 25.62 28.24C26.76 29.2 27.5 29.68 27.94 29.9L27.9 30L29.36 28.56C29.98 27.94 30.58 27.48 31.16 27.18C32.26 26.5 33.66 26.38 35.06 26.96C35.58 27.18 36.14 27.48 36.74 27.9L43.38 32.62C44.12 33.12 44.66 33.76 44.98 34.52C45.28 35.28 45.42 35.98 45.42 36.68C45.42 37.64 45.2 38.6 44.78 39.5C44.36 40.4 43.84 41.18 43.18 41.9C42.04 43.16 40.8 44.06 39.36 44.64C37.98 45.2 36.48 45.5 34.9 45.5ZM11.18 5.5C10.08 5.5 9.06 5.98 8.08 6.94C7.16 7.8 6.52 8.74 6.12 9.76C5.7 10.8 5.5 11.9 5.5 13.08C5.5 14.94 5.94 16.96 6.82 19.04C7.72 21.16 8.98 23.36 10.58 25.56C12.18 27.76 14 29.9 16 31.92C18 33.9 20.16 35.74 22.38 37.36C24.54 38.94 26.76 40.22 28.96 41.14C32.38 42.6 35.58 42.94 38.22 41.84C39.24 41.42 40.14 40.78 40.96 39.86C41.42 39.36 41.78 38.82 42.08 38.18C42.32 37.68 42.44 37.16 42.44 36.64C42.44 36.32 42.38 36 42.22 35.64C42.16 35.52 42.04 35.3 41.66 35.04L35.02 30.32C34.62 30.04 34.26 29.84 33.92 29.7C33.48 29.52 33.3 29.34 32.62 29.76C32.22 29.96 31.86 30.26 31.46 30.66L29.94 32.16C29.16 32.92 27.96 33.1 27.04 32.76L26.5 32.52C25.68 32.08 24.72 31.4 23.66 30.5C22.7 29.68 21.66 28.72 20.4 27.48C19.42 26.48 18.44 25.42 17.42 24.24C16.48 23.14 15.8 22.2 15.38 21.42L15.14 20.82C15.02 20.36 14.98 20.1 14.98 19.82C14.98 19.1 15.24 18.46 15.74 17.96L17.24 16.4C17.64 16 17.94 15.62 18.14 15.28C18.3 15.02 18.36 14.8 18.36 14.6C18.36 14.44 18.3 14.2 18.2 13.96C18.06 13.64 17.84 13.28 17.56 12.9L12.92 6.34C12.72 6.06 12.48 5.86 12.18 5.72C11.86 5.58 11.52 5.5 11.18 5.5ZM27.9 30.02L27.58 31.38L28.12 29.98C28.02 29.96 27.94 29.98 27.9 30.02Z\" fill=\"#C5BAA0\"><\/path><path d=\"M37 19.5C36.18 19.5 35.5 18.82 35.5 18C35.5 17.28 34.78 15.78 33.58 14.5C32.4 13.24 31.1 12.5 30 12.5C29.18 12.5 28.5 11.82 28.5 11C28.5 10.18 29.18 9.5 30 9.5C31.94 9.5 33.98 10.54 35.76 12.44C37.42 14.22 38.5 16.4 38.5 18C38.5 18.82 37.82 19.5 37 19.5Z\" fill=\"#C5BAA0\"><\/path><path d=\"M44 19.5C43.18 19.5 42.5 18.82 42.5 18C42.5 11.1 36.9 5.5 30 5.5C29.18 5.5 28.5 4.82 28.5 4C28.5 3.18 29.18 2.5 30 2.5C38.54 2.5 45.5 9.46 45.5 18C45.5 18.82 44.82 19.5 44 19.5Z\" fill=\"#C5BAA0\"><\/path><\/svg>\t\t\t<\/div>\n\t\t<\/div>\n\t\t\t\t\t\t<\/div>\n\t\t<div class=\"elementor-element elementor-element-1532185 e-con-full e-flex e-con e-child\" data-id=\"1532185\" data-element_type=\"container\" data-e-type=\"container\">\n\t\t<div class=\"elementor-element elementor-element-5a85e5b e-con-full e-flex e-con e-child\" data-id=\"5a85e5b\" data-element_type=\"container\" data-e-type=\"container\">\n\t\t\t\t<div class=\"elementor-element elementor-element-adf36bb elementor-widget elementor-widget-heading\" data-id=\"adf36bb\" data-element_type=\"widget\" data-e-type=\"widget\" data-widget_type=\"heading.default\">\n\t\t\t\t\t<h3 class=\"elementor-heading-title elementor-size-default\">Ligue<\/h3>\t\t\t\t<\/div>\n\t\t\t\t<div class=\"elementor-element elementor-element-b3d8514 elementor-widget elementor-widget-heading\" data-id=\"b3d8514\" data-element_type=\"widget\" data-e-type=\"widget\" data-widget_type=\"heading.default\">\n\t\t\t\t\t<p class=\"elementor-heading-title elementor-size-default\">Nossa equipe est\u00e1 aqui para ajudar.<\/p>\t\t\t\t<\/div>\n\t\t\t\t<\/div>\n\t\t\t\t<div class=\"elementor-element elementor-element-99f26fc elementor-widget elementor-widget-heading\" data-id=\"99f26fc\" data-element_type=\"widget\" data-e-type=\"widget\" data-widget_type=\"heading.default\">\n\t\t\t\t\t<p class=\"elementor-heading-title elementor-size-default\">+55 13 3386-6771<\/p>\t\t\t\t<\/div>\n\t\t\t\t<\/div>\n\t\t\t\t<\/div>\n\t\t\t\t<\/div>\n\t\t<div class=\"elementor-element elementor-element-ac7c714 e-con-full e-flex e-con e-child\" data-id=\"ac7c714\" data-element_type=\"container\" data-e-type=\"container\">\n\t\t\t\t<div class=\"elementor-element elementor-element-f3f6139 jedv-enabled--yes elementor-view-default elementor-widget elementor-widget-icon\" data-id=\"f3f6139\" data-element_type=\"widget\" data-e-type=\"widget\" data-widget_type=\"icon.default\">\n\t\t\t\t\t\t\t<div class=\"elementor-icon-wrapper\">\n\t\t\t<a class=\"elementor-icon\" href=\"https:\/\/www.instagram.com\/pnsfatima_guaruja\" target=\"_blank\">\n\t\t\t<svg xmlns=\"http:\/\/www.w3.org\/2000\/svg\" width=\"48\" height=\"48\" viewBox=\"0 0 48 48\" fill=\"none\"><rect x=\"0.5\" y=\"0.5\" width=\"47\" height=\"47\" rx=\"23.5\" stroke=\"#C5BAA0\"><\/rect><path fill-rule=\"evenodd\" clip-rule=\"evenodd\" d=\"M23.9545 4H24.0455C35.0661 4 44 12.9339 44 23.9545V24.0455C44 35.0661 35.0661 44 24.0455 44H23.9545C12.9339 44 4 35.0661 4 24.0455V23.9545C4 12.9339 12.9339 4 23.9545 4ZM17.8121 12.1379H30.1893C33.6087 12.1379 36.3904 14.9197 36.3904 18.3391V29.6624C36.3904 33.0818 33.6087 35.8635 30.1893 35.8635H17.8121C14.3927 35.8635 11.611 33.0818 11.611 29.6624V18.3391C11.611 14.9197 14.3927 12.1379 17.8121 12.1379ZM17.8121 14.3255C15.5993 14.3255 13.7985 16.1263 13.7985 18.3391V29.6624C13.7985 31.8752 15.5993 33.6759 17.8121 33.6759H30.1893C32.4021 33.6759 34.2029 31.8752 34.2029 29.6624V18.3391C34.2029 16.1263 32.4021 14.3255 30.1893 14.3255H17.8121ZM24.0007 29.7674C27.1805 29.7674 29.7689 27.1805 29.7689 23.9993C29.7689 20.8181 27.1819 18.2312 24.0007 18.2312C20.8196 18.2312 18.2326 20.8181 18.2326 23.9993C18.2326 27.1805 20.8196 29.7674 24.0007 29.7674ZM24.0007 20.4201C25.9753 20.4201 27.5813 22.0261 27.5813 24.0007C27.5813 25.9753 25.9753 27.5813 24.0007 27.5813C22.0262 27.5813 20.4202 25.9753 20.4202 24.0007C20.4202 22.0261 22.0262 20.4201 24.0007 20.4201ZM31.8569 17.6089C31.8569 18.4666 31.159 19.1631 30.3028 19.1631C29.4451 19.1631 28.7486 18.4666 28.7486 17.6089C28.7486 16.7513 29.4451 16.0548 30.3028 16.0548C31.1604 16.0548 31.8569 16.7513 31.8569 17.6089Z\" fill=\"#C5BAA0\"><\/path><\/svg>\t\t\t<\/a>\n\t\t<\/div>\n\t\t\t\t\t\t<\/div>\n\t\t\t\t<div class=\"elementor-element elementor-element-3012f9b jedv-enabled--yes elementor-view-default elementor-widget elementor-widget-icon\" data-id=\"3012f9b\" data-element_type=\"widget\" data-e-type=\"widget\" data-widget_type=\"icon.default\">\n\t\t\t\t\t\t\t<div class=\"elementor-icon-wrapper\">\n\t\t\t<a class=\"elementor-icon\" href=\"https:\/\/www.facebook.com\/matrizguaruja?mibextid=LQQJ4d\" target=\"_blank\">\n\t\t\t<svg xmlns=\"http:\/\/www.w3.org\/2000\/svg\" width=\"48\" height=\"48\" viewBox=\"0 0 48 48\" fill=\"none\"><rect x=\"0.5\" y=\"0.5\" width=\"47\" height=\"47\" rx=\"23.5\" stroke=\"#C5BAA0\"><\/rect><path fill-rule=\"evenodd\" clip-rule=\"evenodd\" d=\"M26.7831 44C36.5098 42.6383 43.9972 34.2471 43.9972 24.0971H44C44 12.9981 35.0454 4 24 4C12.9546 4 4 12.9981 4 24.0971C4 34.0992 11.273 42.3961 20.7951 43.9366L20.7951 30.4127H15.8246V24.5154H20.7951V19.1588C20.7951 15.8355 23.4759 13.1403 26.7845 13.1403V13.1432C26.7894 13.1432 26.7939 13.1425 26.7985 13.1417C26.8031 13.141 26.8076 13.1403 26.8125 13.1403H32.1741V18.2407H28.6707C27.6295 18.2407 26.7845 19.0898 26.7845 20.136L26.7831 20.1374V24.5154H32.1727L31.3192 30.4127H26.7831L26.7831 44Z\" fill=\"#C5BAA0\"><\/path><\/svg>\t\t\t<\/a>\n\t\t<\/div>\n\t\t\t\t\t\t<\/div>\n\t\t\t\t<\/div>\n\t\t\t\t<\/div>\n\t\t<div class=\"elementor-element elementor-element-a72a2ed e-con-full e-flex e-con e-child\" data-id=\"a72a2ed\" data-element_type=\"container\" data-e-type=\"container\" data-settings=\"{&quot;background_background&quot;:&quot;classic&quot;}\">\n\t\t\t\t<div class=\"elementor-element elementor-element-9611876 elementor-widget elementor-widget-heading\" data-id=\"9611876\" data-element_type=\"widget\" data-e-type=\"widget\" data-widget_type=\"heading.default\">\n\t\t\t\t\t<h2 class=\"elementor-heading-title elementor-size-default\">Fale Conosco<\/h2>\t\t\t\t<\/div>\n\t\t\t\t<div class=\"elementor-element elementor-element-95bb691 elementor-button-align-stretch elementor-widget elementor-widget-form\" data-id=\"95bb691\" data-element_type=\"widget\" data-e-type=\"widget\" data-settings=\"{&quot;step_next_label&quot;:&quot;Pr\\u00f3ximo&quot;,&quot;step_previous_label&quot;:&quot;Anterior&quot;,&quot;step_type&quot;:&quot;none&quot;,&quot;button_width&quot;:&quot;100&quot;,&quot;step_icon_shape&quot;:&quot;circle&quot;}\" data-widget_type=\"form.default\">\n\t\t\t\t\t\t\t<form class=\"elementor-form\" method=\"post\" name=\"Contato padr\u00e3o\" aria-label=\"Contato padr\u00e3o\">\n\t\t\t<input type=\"hidden\" name=\"post_id\" value=\"348\"\/>\n\t\t\t<input type=\"hidden\" name=\"form_id\" value=\"95bb691\"\/>\n\t\t\t<input type=\"hidden\" name=\"referer_title\" value=\"Par\u00f3quia Nossa Senhora de F\u00e1tima e Santo Amaro\" \/>\n\n\t\t\t\n\t\t\t<div class=\"elementor-form-fields-wrapper elementor-labels-\">\n\t\t\t\t\t\t\t\t<div class=\"elementor-field-type-text elementor-field-group elementor-column elementor-field-group-name elementor-col-100 elementor-field-required\">\n\t\t\t\t\t\t\t\t\t\t\t\t<label for=\"form-field-name\" class=\"elementor-field-label elementor-screen-only\">\n\t\t\t\t\t\t\t\tNome\t\t\t\t\t\t\t<\/label>\n\t\t\t\t\t\t\t\t\t\t\t\t\t\t<input size=\"1\" type=\"text\" name=\"form_fields[name]\" id=\"form-field-name\" class=\"elementor-field elementor-size-sm  elementor-field-textual\" placeholder=\"Nome\" required=\"required\">\n\t\t\t\t\t\t\t\t\t\t\t<\/div>\n\t\t\t\t\t\t\t\t<div class=\"elementor-field-type-email elementor-field-group elementor-column elementor-field-group-email elementor-col-100 elementor-field-required\">\n\t\t\t\t\t\t\t\t\t\t\t\t<label for=\"form-field-email\" class=\"elementor-field-label elementor-screen-only\">\n\t\t\t\t\t\t\t\tE-mail\t\t\t\t\t\t\t<\/label>\n\t\t\t\t\t\t\t\t\t\t\t\t\t\t<input size=\"1\" type=\"email\" name=\"form_fields[email]\" id=\"form-field-email\" class=\"elementor-field elementor-size-sm  elementor-field-textual\" placeholder=\"E-mail\" required=\"required\">\n\t\t\t\t\t\t\t\t\t\t\t<\/div>\n\t\t\t\t\t\t\t\t<div class=\"elementor-field-type-textarea elementor-field-group elementor-column elementor-field-group-message elementor-col-100 elementor-field-required\">\n\t\t\t\t\t\t\t\t\t\t\t\t<label for=\"form-field-message\" class=\"elementor-field-label elementor-screen-only\">\n\t\t\t\t\t\t\t\tMensagem\t\t\t\t\t\t\t<\/label>\n\t\t\t\t\t\t<textarea class=\"elementor-field-textual elementor-field  elementor-size-sm\" name=\"form_fields[message]\" id=\"form-field-message\" rows=\"4\" placeholder=\"Deixe aqui sua mensagem...\" required=\"required\"><\/textarea>\t\t\t\t<\/div>\n\t\t\t\t\t\t\t\t<div class=\"elementor-field-type-recaptcha_v3 elementor-field-group elementor-column elementor-field-group-field_5808886 elementor-col-100 recaptcha_v3-bottomright\">\n\t\t\t\t\t<div class=\"elementor-field\" id=\"form-field-field_5808886\"><\/div>\t\t\t\t<\/div>\n\t\t\t\t\t\t\t\t<div class=\"elementor-field-group elementor-column elementor-field-type-submit elementor-col-100 e-form__buttons\">\n\t\t\t\t\t<button class=\"elementor-button elementor-size-sm\" type=\"submit\">\n\t\t\t\t\t\t<span class=\"elementor-button-content-wrapper\">\n\t\t\t\t\t\t\t\t\t\t\t\t\t\t\t\t\t\t\t\t\t\t<span class=\"elementor-button-text\">Enviar<\/span>\n\t\t\t\t\t\t\t\t\t\t\t\t\t<\/span>\n\t\t\t\t\t<\/button>\n\t\t\t\t<\/div>\n\t\t\t<\/div>\n\t\t<\/form>\n\t\t\t\t\t\t<\/div>\n\t\t\t\t<\/div>\n\t\t\t\t<\/div>\n\t\t\t\t\t<\/div>\n\t\t\t\t<\/section>\n\t\t\t\t<\/div>\n\t\t","protected":false},"excerpt":{"rendered":"<p>In\u00edcio Venha nos visitar Veja de perto o que temos a oferecer: Ligue Nossa equipe est\u00e1 aqui para ajudar. Fale Conosco<\/p>\n","protected":false},"author":1,"featured_media":0,"parent":0,"menu_order":0,"comment_status":"closed","ping_status":"closed","template":"elementor_header_footer","meta":{"footnotes":""},"class_list":["post-348","page","type-page","status-publish","hentry"],"yoast_head":"<!-- This site is optimized with the Yoast SEO plugin v27.4 - https:\/\/yoast.com\/product\/yoast-seo-wordpress\/ -->\n<title>Contato - Par\u00f3quia Nossa Senhora de F\u00e1tima e Santo Amaro<\/title>\n<meta name=\"robots\" content=\"index, follow, max-snippet:-1, max-image-preview:large, max-video-preview:-1\" \/>\n<link rel=\"canonical\" href=\"https:\/\/salesianossp.org.br\/parnsfesguaruja\/contato\/\" \/>\n<meta property=\"og:locale\" content=\"pt_BR\" \/>\n<meta property=\"og:type\" content=\"article\" \/>\n<meta property=\"og:title\" content=\"Contato - Par\u00f3quia Nossa Senhora de F\u00e1tima e Santo Amaro\" \/>\n<meta property=\"og:description\" content=\"In\u00edcio Venha nos visitar Veja de perto o que temos a oferecer: Ligue Nossa equipe est\u00e1 aqui para ajudar. Fale Conosco\" \/>\n<meta property=\"og:url\" content=\"https:\/\/salesianossp.org.br\/parnsfesguaruja\/contato\/\" \/>\n<meta property=\"og:site_name\" content=\"Par\u00f3quia Nossa Senhora de F\u00e1tima e Santo Amaro\" \/>\n<meta property=\"article:publisher\" content=\"https:\/\/www.facebook.com\/matrizguaruja?mibextid=LQQJ4d\" \/>\n<meta property=\"article:modified_time\" content=\"2026-03-10T14:58:03+00:00\" \/>\n<meta name=\"twitter:card\" content=\"summary_large_image\" \/>\n<script type=\"application\/ld+json\" class=\"yoast-schema-graph\">{\"@context\":\"https:\\\/\\\/schema.org\",\"@graph\":[{\"@type\":\"WebPage\",\"@id\":\"https:\\\/\\\/salesianossp.org.br\\\/parnsfesguaruja\\\/contato\\\/\",\"url\":\"https:\\\/\\\/salesianossp.org.br\\\/parnsfesguaruja\\\/contato\\\/\",\"name\":\"Contato - Par\u00f3quia Nossa Senhora de F\u00e1tima e Santo Amaro\",\"isPartOf\":{\"@id\":\"https:\\\/\\\/salesianossp.org.br\\\/parnsfesguaruja\\\/#website\"},\"datePublished\":\"2026-02-25T17:50:51+00:00\",\"dateModified\":\"2026-03-10T14:58:03+00:00\",\"breadcrumb\":{\"@id\":\"https:\\\/\\\/salesianossp.org.br\\\/parnsfesguaruja\\\/contato\\\/#breadcrumb\"},\"inLanguage\":\"pt-BR\",\"potentialAction\":[{\"@type\":\"ReadAction\",\"target\":[\"https:\\\/\\\/salesianossp.org.br\\\/parnsfesguaruja\\\/contato\\\/\"]}]},{\"@type\":\"BreadcrumbList\",\"@id\":\"https:\\\/\\\/salesianossp.org.br\\\/parnsfesguaruja\\\/contato\\\/#breadcrumb\",\"itemListElement\":[{\"@type\":\"ListItem\",\"position\":1,\"name\":\"In\u00edcio\",\"item\":\"https:\\\/\\\/salesianossp.org.br\\\/parnsfesguaruja\\\/\"},{\"@type\":\"ListItem\",\"position\":2,\"name\":\"Contato\"}]},{\"@type\":\"WebSite\",\"@id\":\"https:\\\/\\\/salesianossp.org.br\\\/parnsfesguaruja\\\/#website\",\"url\":\"https:\\\/\\\/salesianossp.org.br\\\/parnsfesguaruja\\\/\",\"name\":\"Par\u00f3quia Nossa Senhora de F\u00e1tima e Santo Amaro\",\"description\":\"\",\"publisher\":{\"@id\":\"https:\\\/\\\/salesianossp.org.br\\\/parnsfesguaruja\\\/#organization\"},\"potentialAction\":[{\"@type\":\"SearchAction\",\"target\":{\"@type\":\"EntryPoint\",\"urlTemplate\":\"https:\\\/\\\/salesianossp.org.br\\\/parnsfesguaruja\\\/?s={search_term_string}\"},\"query-input\":{\"@type\":\"PropertyValueSpecification\",\"valueRequired\":true,\"valueName\":\"search_term_string\"}}],\"inLanguage\":\"pt-BR\"},{\"@type\":\"Organization\",\"@id\":\"https:\\\/\\\/salesianossp.org.br\\\/parnsfesguaruja\\\/#organization\",\"name\":\"Par\u00f3quia Nossa Senhora de F\u00e1tima e Santo Amaro\",\"url\":\"https:\\\/\\\/salesianossp.org.br\\\/parnsfesguaruja\\\/\",\"logo\":{\"@type\":\"ImageObject\",\"inLanguage\":\"pt-BR\",\"@id\":\"https:\\\/\\\/salesianossp.org.br\\\/parnsfesguaruja\\\/#\\\/schema\\\/logo\\\/image\\\/\",\"url\":\"https:\\\/\\\/salesianossp.org.br\\\/parnsfesguaruja\\\/wp-content\\\/uploads\\\/2026\\\/02\\\/logo-paroquia-n-sra-fes-guaruja.svg\",\"contentUrl\":\"https:\\\/\\\/salesianossp.org.br\\\/parnsfesguaruja\\\/wp-content\\\/uploads\\\/2026\\\/02\\\/logo-paroquia-n-sra-fes-guaruja.svg\",\"width\":184,\"height\":56,\"caption\":\"Par\u00f3quia Nossa Senhora de F\u00e1tima e Santo Amaro\"},\"image\":{\"@id\":\"https:\\\/\\\/salesianossp.org.br\\\/parnsfesguaruja\\\/#\\\/schema\\\/logo\\\/image\\\/\"},\"sameAs\":[\"https:\\\/\\\/www.facebook.com\\\/matrizguaruja?mibextid=LQQJ4d\",\"https:\\\/\\\/www.instagram.com\\\/pnsfatima_guaruja\"]}]}<\/script>\n<!-- \/ Yoast SEO plugin. -->","yoast_head_json":{"title":"Contato - Par\u00f3quia Nossa Senhora de F\u00e1tima e Santo Amaro","robots":{"index":"index","follow":"follow","max-snippet":"max-snippet:-1","max-image-preview":"max-image-preview:large","max-video-preview":"max-video-preview:-1"},"canonical":"https:\/\/salesianossp.org.br\/parnsfesguaruja\/contato\/","og_locale":"pt_BR","og_type":"article","og_title":"Contato - Par\u00f3quia Nossa Senhora de F\u00e1tima e Santo Amaro","og_description":"In\u00edcio Venha nos visitar Veja de perto o que temos a oferecer: Ligue Nossa equipe est\u00e1 aqui para ajudar. Fale Conosco","og_url":"https:\/\/salesianossp.org.br\/parnsfesguaruja\/contato\/","og_site_name":"Par\u00f3quia Nossa Senhora de F\u00e1tima e Santo Amaro","article_publisher":"https:\/\/www.facebook.com\/matrizguaruja?mibextid=LQQJ4d","article_modified_time":"2026-03-10T14:58:03+00:00","twitter_card":"summary_large_image","schema":{"@context":"https:\/\/schema.org","@graph":[{"@type":"WebPage","@id":"https:\/\/salesianossp.org.br\/parnsfesguaruja\/contato\/","url":"https:\/\/salesianossp.org.br\/parnsfesguaruja\/contato\/","name":"Contato - Par\u00f3quia Nossa Senhora de F\u00e1tima e Santo Amaro","isPartOf":{"@id":"https:\/\/salesianossp.org.br\/parnsfesguaruja\/#website"},"datePublished":"2026-02-25T17:50:51+00:00","dateModified":"2026-03-10T14:58:03+00:00","breadcrumb":{"@id":"https:\/\/salesianossp.org.br\/parnsfesguaruja\/contato\/#breadcrumb"},"inLanguage":"pt-BR","potentialAction":[{"@type":"ReadAction","target":["https:\/\/salesianossp.org.br\/parnsfesguaruja\/contato\/"]}]},{"@type":"BreadcrumbList","@id":"https:\/\/salesianossp.org.br\/parnsfesguaruja\/contato\/#breadcrumb","itemListElement":[{"@type":"ListItem","position":1,"name":"In\u00edcio","item":"https:\/\/salesianossp.org.br\/parnsfesguaruja\/"},{"@type":"ListItem","position":2,"name":"Contato"}]},{"@type":"WebSite","@id":"https:\/\/salesianossp.org.br\/parnsfesguaruja\/#website","url":"https:\/\/salesianossp.org.br\/parnsfesguaruja\/","name":"Par\u00f3quia Nossa Senhora de F\u00e1tima e Santo Amaro","description":"","publisher":{"@id":"https:\/\/salesianossp.org.br\/parnsfesguaruja\/#organization"},"potentialAction":[{"@type":"SearchAction","target":{"@type":"EntryPoint","urlTemplate":"https:\/\/salesianossp.org.br\/parnsfesguaruja\/?s={search_term_string}"},"query-input":{"@type":"PropertyValueSpecification","valueRequired":true,"valueName":"search_term_string"}}],"inLanguage":"pt-BR"},{"@type":"Organization","@id":"https:\/\/salesianossp.org.br\/parnsfesguaruja\/#organization","name":"Par\u00f3quia Nossa Senhora de F\u00e1tima e Santo Amaro","url":"https:\/\/salesianossp.org.br\/parnsfesguaruja\/","logo":{"@type":"ImageObject","inLanguage":"pt-BR","@id":"https:\/\/salesianossp.org.br\/parnsfesguaruja\/#\/schema\/logo\/image\/","url":"https:\/\/salesianossp.org.br\/parnsfesguaruja\/wp-content\/uploads\/2026\/02\/logo-paroquia-n-sra-fes-guaruja.svg","contentUrl":"https:\/\/salesianossp.org.br\/parnsfesguaruja\/wp-content\/uploads\/2026\/02\/logo-paroquia-n-sra-fes-guaruja.svg","width":184,"height":56,"caption":"Par\u00f3quia Nossa Senhora de F\u00e1tima e Santo Amaro"},"image":{"@id":"https:\/\/salesianossp.org.br\/parnsfesguaruja\/#\/schema\/logo\/image\/"},"sameAs":["https:\/\/www.facebook.com\/matrizguaruja?mibextid=LQQJ4d","https:\/\/www.instagram.com\/pnsfatima_guaruja"]}]}},"_links":{"self":[{"href":"https:\/\/salesianossp.org.br\/parnsfesguaruja\/wp-json\/wp\/v2\/pages\/348","targetHints":{"allow":["GET"]}}],"collection":[{"href":"https:\/\/salesianossp.org.br\/parnsfesguaruja\/wp-json\/wp\/v2\/pages"}],"about":[{"href":"https:\/\/salesianossp.org.br\/parnsfesguaruja\/wp-json\/wp\/v2\/types\/page"}],"author":[{"embeddable":true,"href":"https:\/\/salesianossp.org.br\/parnsfesguaruja\/wp-json\/wp\/v2\/users\/1"}],"replies":[{"embeddable":true,"href":"https:\/\/salesianossp.org.br\/parnsfesguaruja\/wp-json\/wp\/v2\/comments?post=348"}],"version-history":[{"count":13,"href":"https:\/\/salesianossp.org.br\/parnsfesguaruja\/wp-json\/wp\/v2\/pages\/348\/revisions"}],"predecessor-version":[{"id":536,"href":"https:\/\/salesianossp.org.br\/parnsfesguaruja\/wp-json\/wp\/v2\/pages\/348\/revisions\/536"}],"wp:attachment":[{"href":"https:\/\/salesianossp.org.br\/parnsfesguaruja\/wp-json\/wp\/v2\/media?parent=348"}],"curies":[{"name":"wp","href":"https:\/\/api.w.org\/{rel}","templated":true}]}}