{"id":338,"date":"2026-02-25T14:22:17","date_gmt":"2026-02-25T17:22:17","guid":{"rendered":"https:\/\/salesianossp.org.br\/parscjsp\/?page_id=338"},"modified":"2026-03-19T13:19:43","modified_gmt":"2026-03-19T16:19:43","slug":"nossa-historia","status":"publish","type":"page","link":"https:\/\/salesianossp.org.br\/parscjsp\/nossa-historia\/","title":{"rendered":"Nossa Hist\u00f3ria"},"content":{"rendered":"\t\t<div data-elementor-type=\"wp-page\" data-elementor-id=\"338\" class=\"elementor elementor-338\" data-elementor-post-type=\"page\">\n\t\t\t\t<section class=\"elementor-element elementor-element-218f2bf e-flex e-con-boxed e-con e-parent\" data-id=\"218f2bf\" data-element_type=\"container\" data-e-type=\"container\" data-settings=\"{&quot;background_background&quot;:&quot;classic&quot;}\">\n\t\t\t\t\t<div class=\"e-con-inner\">\n\t\t\t\t<div class=\"elementor-element elementor-element-e73e901 jet-breadcrumbs-align-center elementor-widget elementor-widget-jet-breadcrumbs\" data-id=\"e73e901\" data-element_type=\"widget\" data-e-type=\"widget\" data-widget_type=\"jet-breadcrumbs.default\">\n\t\t\t\t<div class=\"elementor-widget-container\">\n\t\t\t\t\t<div class=\"elementor-jet-breadcrumbs jet-blocks\">\n\t\t<div class=\"jet-breadcrumbs\">\n\t\t<div class=\"jet-breadcrumbs__content\">\n\t\t<div class=\"jet-breadcrumbs__wrap\"><div class=\"jet-breadcrumbs__item\"><a href=\"https:\/\/salesianossp.org.br\/parscjsp\/\" class=\"jet-breadcrumbs__item-link is-home\" rel=\"home\" title=\"In\u00edcio\">In\u00edcio<\/a><\/div>\n\t\t<\/div>\n\t\t<\/div>\n\t\t<\/div><\/div>\t\t\t\t<\/div>\n\t\t\t\t<\/div>\n\t\t\t\t\t<\/div>\n\t\t\t\t<\/section>\n\t\t<section class=\"elementor-element elementor-element-b717800 e-flex e-con-boxed e-con e-parent\" data-id=\"b717800\" data-element_type=\"container\" data-e-type=\"container\" data-settings=\"{&quot;background_background&quot;:&quot;classic&quot;}\">\n\t\t\t\t\t<div class=\"e-con-inner\">\n\t\t\t\t<div class=\"elementor-element elementor-element-57043c2 elementor-widget__width-initial elementor-widget elementor-widget-text-editor\" data-id=\"57043c2\" data-element_type=\"widget\" data-e-type=\"widget\" data-widget_type=\"text-editor.default\">\n\t\t\t\t\t\t\t\t\t<p>Nossa Hist\u00f3ria<\/p>\t\t\t\t\t\t\t\t<\/div>\n\t\t<div class=\"elementor-element elementor-element-6d1960c e-con-full e-flex e-con e-child\" data-id=\"6d1960c\" data-element_type=\"container\" data-e-type=\"container\">\n\t\t\t\t<div class=\"elementor-element elementor-element-3d519bd elementor-widget elementor-widget-heading\" data-id=\"3d519bd\" data-element_type=\"widget\" data-e-type=\"widget\" data-widget_type=\"heading.default\">\n\t\t\t\t\t<h2 class=\"elementor-heading-title elementor-size-default\">O Santu\u00e1rio<\/h2>\t\t\t\t<\/div>\n\t\t\t\t<div class=\"elementor-element elementor-element-8ba7657 elementor-widget elementor-widget-text-editor\" data-id=\"8ba7657\" data-element_type=\"widget\" data-e-type=\"widget\" data-widget_type=\"text-editor.default\">\n\t\t\t\t\t\t\t\t\t<p>A hist\u00f3ria do Santu\u00e1rio do Sagrado Cora\u00e7\u00e3o de Jesus nos remete ao final do s\u00e9culo 19, mais precisamente ao dia 24 de junho de 1881, quando Dom Lino Deodato, durante as solenidades da festa lit\u00fargica do Sagrado Cora\u00e7\u00e3o de Jesus, aben\u00e7oava a pedra fundamental da Capela do Sagrado Cora\u00e7\u00e3o de Jesus, uma iniciativa dos Vicentinos.<\/p>\n<p>A capela acabou cedendo lugar a uma nova constru\u00e7\u00e3o \u2013 um grande santu\u00e1rio em honra ao Cora\u00e7\u00e3o de Jesus \u2013 , que contou com o apoio de figuras eminentes da \u00e9poca, como dona Veridiana Prado e o conde Prates, e todo o povo paulistano. Em 17 de novembro de 1901, sob a administra\u00e7\u00e3o dos Salesianos de Dom Bosco, o templo foi inaugurado, tornando-se um Centro de irradia\u00e7\u00e3o de f\u00e9 e devo\u00e7\u00e3o ao Sagrado Cora\u00e7\u00e3o de Jesus.<\/p>\n\t\t\t\t\t\t\t\t<\/div>\n\t\t\t\t<\/div>\n\t\t\t\t\t<\/div>\n\t\t\t\t<\/section>\n\t\t<div class=\"elementor-element elementor-element-58240f8 e-flex e-con-boxed e-con e-parent\" data-id=\"58240f8\" data-element_type=\"container\" data-e-type=\"container\" data-settings=\"{&quot;background_background&quot;:&quot;classic&quot;}\">\n\t\t\t\t\t<div class=\"e-con-inner\">\n\t\t\t\t<div class=\"elementor-element elementor-element-00ea96f elementor-widget__width-initial elementor-widget elementor-widget-heading\" data-id=\"00ea96f\" data-element_type=\"widget\" data-e-type=\"widget\" data-widget_type=\"heading.default\">\n\t\t\t\t\t<h2 class=\"elementor-heading-title elementor-size-default\">A Constru\u00e7\u00e3o do Santu\u00e1rio do Sagrado Cora\u00e7\u00e3o<\/h2>\t\t\t\t<\/div>\n\t\t\t\t<div class=\"elementor-element elementor-element-1b0211e elementor-widget__width-initial elementor-widget elementor-widget-text-editor\" data-id=\"1b0211e\" data-element_type=\"widget\" data-e-type=\"widget\" data-widget_type=\"text-editor.default\">\n\t\t\t\t\t\t\t\t\t<p>O Santu\u00e1rio mede 52 metros de comprimento por 22 metros de largura. A solene torre, que em 1922 era um dos tr\u00eas pontos mais altos da Cidade de S\u00e3o Paulo, mede 62 m, incluindo os 7 metros do pedestal e os 7 metros do Cristo Redentor. De estilo romano em forma basilical, \u00e9 constitu\u00eddo de tr\u00eas naves, sendo as laterais abobadadas a meio arco central. Oito colunas de cada lado, simulam o m\u00e1rmore e separam a nave central das laterais.<\/p>\n\t\t\t\t\t\t\t\t<\/div>\n\t\t\t\t\t<\/div>\n\t\t\t\t<\/div>\n\t\t<section class=\"elementor-element elementor-element-3f9ffa9 e-flex e-con-boxed e-con e-parent\" data-id=\"3f9ffa9\" data-element_type=\"container\" data-e-type=\"container\" data-settings=\"{&quot;background_background&quot;:&quot;classic&quot;}\">\n\t\t\t\t\t<div class=\"e-con-inner\">\n\t\t<div class=\"elementor-element elementor-element-3f8f3f4 e-con-full e-flex e-con e-child\" data-id=\"3f8f3f4\" data-element_type=\"container\" data-e-type=\"container\">\n\t\t<div class=\"elementor-element elementor-element-7c49563 e-con-full e-flex e-con e-child\" data-id=\"7c49563\" data-element_type=\"container\" data-e-type=\"container\">\n\t\t\t\t<div class=\"elementor-element elementor-element-4092d60 elementor-widget elementor-widget-heading\" data-id=\"4092d60\" data-element_type=\"widget\" data-e-type=\"widget\" data-widget_type=\"heading.default\">\n\t\t\t\t\t<h2 class=\"elementor-heading-title elementor-size-default\">\u00c9 o mais antigo templo de estilo cl\u00e1ssico-renascentista de S\u00e3o Paulo<\/h2>\t\t\t\t<\/div>\n\t\t\t\t<div class=\"elementor-element elementor-element-8e7a710 elementor-widget elementor-widget-text-editor\" data-id=\"8e7a710\" data-element_type=\"widget\" data-e-type=\"widget\" data-widget_type=\"text-editor.default\">\n\t\t\t\t\t\t\t\t\t<p>O Santu\u00e1rio do Sagrado Cora\u00e7\u00e3o de Jesus marca o in\u00edcio da renova\u00e7\u00e3o da arte sacra na capital paulista. Os pain\u00e9is e afrescos s\u00e3o obra de uma artista de Floren\u00e7a, It\u00e1lia, que pediu \u00e0 Igreja para manter seu nome no anonimato. Somente em 27 de outubro de 1940, d. Jos\u00e9 Gaspar de Afonseca e Silva, ent\u00e3o arcebispo de S\u00e3o Paulo, erigiu canonicamente a Par\u00f3quia do Sagrado Cora\u00e7\u00e3o de Jesus.<\/p>\n\t\t\t\t\t\t\t\t<\/div>\n\t\t\t\t<\/div>\n\t\t<div class=\"elementor-element elementor-element-123148c e-con-full e-flex e-con e-child\" data-id=\"123148c\" data-element_type=\"container\" data-e-type=\"container\" data-settings=\"{&quot;background_background&quot;:&quot;classic&quot;}\">\n\t\t\t\t<\/div>\n\t\t\t\t<\/div>\n\t\t<div class=\"elementor-element elementor-element-e7346ce e-con-full e-flex e-con e-child\" data-id=\"e7346ce\" data-element_type=\"container\" data-e-type=\"container\">\n\t\t<div class=\"elementor-element elementor-element-b4894c6 e-con-full e-flex e-con e-child\" data-id=\"b4894c6\" data-element_type=\"container\" data-e-type=\"container\" data-settings=\"{&quot;background_background&quot;:&quot;classic&quot;}\">\n\t\t\t\t<\/div>\n\t\t<div class=\"elementor-element elementor-element-a07abef e-con-full e-flex e-con e-child\" data-id=\"a07abef\" data-element_type=\"container\" data-e-type=\"container\">\n\t\t\t\t<div class=\"elementor-element elementor-element-d5db1c4 elementor-widget elementor-widget-text-editor\" data-id=\"d5db1c4\" data-element_type=\"widget\" data-e-type=\"widget\" data-widget_type=\"text-editor.default\">\n\t\t\t\t\t\t\t\t\t<p>\u00c9 a mais bela Bas\u00edlica Romana de S\u00e3o Paulo. A nave central pode ser considerada uma j\u00f3ia da arte sacra do Brasil, e se constitui uma miniatura da nave da Bas\u00edlica de Santa Maria Magiore (Roma). O altar, em m\u00e1rmore de Carrara, \u00e9 obra do artista Domingos Del Piano (salesiano leigo). Quarenta lustres de cristal da Boemia ornamentam essa bel\u00edssima bas\u00edlica.<br \/>\n\u00c9 encimada pelo Cristo Redentor de sete metros de altura.<\/p>\n<p>A nave central da igreja pode acomodar cerca de 800 pessoas.<\/p>\n\t\t\t\t\t\t\t\t<\/div>\n\t\t\t\t<\/div>\n\t\t\t\t<\/div>\n\t\t\t\t\t<\/div>\n\t\t\t\t<\/section>\n\t\t\t\t<\/div>\n\t\t","protected":false},"excerpt":{"rendered":"<p>In\u00edcio Nossa Hist\u00f3ria<\/p>\n","protected":false},"author":1,"featured_media":0,"parent":0,"menu_order":0,"comment_status":"closed","ping_status":"closed","template":"elementor_header_footer","meta":{"footnotes":""},"class_list":["post-338","page","type-page","status-publish","hentry"],"yoast_head":"<!-- This site is optimized with the Yoast SEO plugin v27.4 - https:\/\/yoast.com\/product\/yoast-seo-wordpress\/ -->\n<title>Nossa Hist\u00f3ria - Par\u00f3quia Sagrado Cora\u00e7\u00e3o de Jesus<\/title>\n<meta name=\"robots\" content=\"index, follow, max-snippet:-1, max-image-preview:large, max-video-preview:-1\" \/>\n<link rel=\"canonical\" href=\"https:\/\/salesianossp.org.br\/parscjsp\/nossa-historia\/\" \/>\n<meta property=\"og:locale\" content=\"pt_BR\" \/>\n<meta property=\"og:type\" content=\"article\" \/>\n<meta property=\"og:title\" content=\"Nossa Hist\u00f3ria - Par\u00f3quia Sagrado Cora\u00e7\u00e3o de Jesus\" \/>\n<meta property=\"og:description\" content=\"In\u00edcio Nossa Hist\u00f3ria\" \/>\n<meta property=\"og:url\" content=\"https:\/\/salesianossp.org.br\/parscjsp\/nossa-historia\/\" \/>\n<meta property=\"og:site_name\" content=\"Par\u00f3quia Sagrado Cora\u00e7\u00e3o de Jesus\" \/>\n<meta property=\"article:publisher\" content=\"https:\/\/pt-br.facebook.com\/pg\/santuariodosagradocoracaodejesus\/photos\/?ref=page_internal\" \/>\n<meta property=\"article:modified_time\" content=\"2026-03-19T16:19:43+00:00\" \/>\n<meta name=\"twitter:card\" content=\"summary_large_image\" \/>\n<script type=\"application\/ld+json\" class=\"yoast-schema-graph\">{\"@context\":\"https:\\\/\\\/schema.org\",\"@graph\":[{\"@type\":\"WebPage\",\"@id\":\"https:\\\/\\\/salesianossp.org.br\\\/parscjsp\\\/nossa-historia\\\/\",\"url\":\"https:\\\/\\\/salesianossp.org.br\\\/parscjsp\\\/nossa-historia\\\/\",\"name\":\"Nossa Hist\u00f3ria - Par\u00f3quia Sagrado Cora\u00e7\u00e3o de Jesus\",\"isPartOf\":{\"@id\":\"https:\\\/\\\/salesianossp.org.br\\\/parscjsp\\\/#website\"},\"datePublished\":\"2026-02-25T17:22:17+00:00\",\"dateModified\":\"2026-03-19T16:19:43+00:00\",\"breadcrumb\":{\"@id\":\"https:\\\/\\\/salesianossp.org.br\\\/parscjsp\\\/nossa-historia\\\/#breadcrumb\"},\"inLanguage\":\"pt-BR\",\"potentialAction\":[{\"@type\":\"ReadAction\",\"target\":[\"https:\\\/\\\/salesianossp.org.br\\\/parscjsp\\\/nossa-historia\\\/\"]}]},{\"@type\":\"BreadcrumbList\",\"@id\":\"https:\\\/\\\/salesianossp.org.br\\\/parscjsp\\\/nossa-historia\\\/#breadcrumb\",\"itemListElement\":[{\"@type\":\"ListItem\",\"position\":1,\"name\":\"In\u00edcio\",\"item\":\"https:\\\/\\\/salesianossp.org.br\\\/parscjsp\\\/\"},{\"@type\":\"ListItem\",\"position\":2,\"name\":\"Nossa Hist\u00f3ria\"}]},{\"@type\":\"WebSite\",\"@id\":\"https:\\\/\\\/salesianossp.org.br\\\/parscjsp\\\/#website\",\"url\":\"https:\\\/\\\/salesianossp.org.br\\\/parscjsp\\\/\",\"name\":\"Par\u00f3quia Sagrado Cora\u00e7\u00e3o de Jesus\",\"description\":\"\",\"publisher\":{\"@id\":\"https:\\\/\\\/salesianossp.org.br\\\/parscjsp\\\/#organization\"},\"potentialAction\":[{\"@type\":\"SearchAction\",\"target\":{\"@type\":\"EntryPoint\",\"urlTemplate\":\"https:\\\/\\\/salesianossp.org.br\\\/parscjsp\\\/?s={search_term_string}\"},\"query-input\":{\"@type\":\"PropertyValueSpecification\",\"valueRequired\":true,\"valueName\":\"search_term_string\"}}],\"inLanguage\":\"pt-BR\"},{\"@type\":\"Organization\",\"@id\":\"https:\\\/\\\/salesianossp.org.br\\\/parscjsp\\\/#organization\",\"name\":\"Par\u00f3quia Sagrado Cora\u00e7\u00e3o de Jesus\",\"url\":\"https:\\\/\\\/salesianossp.org.br\\\/parscjsp\\\/\",\"logo\":{\"@type\":\"ImageObject\",\"inLanguage\":\"pt-BR\",\"@id\":\"https:\\\/\\\/salesianossp.org.br\\\/parscjsp\\\/#\\\/schema\\\/logo\\\/image\\\/\",\"url\":\"https:\\\/\\\/salesianossp.org.br\\\/parscjsp\\\/wp-content\\\/uploads\\\/2026\\\/02\\\/logo-pvipar-teste.svg\",\"contentUrl\":\"https:\\\/\\\/salesianossp.org.br\\\/parscjsp\\\/wp-content\\\/uploads\\\/2026\\\/02\\\/logo-pvipar-teste.svg\",\"width\":206,\"height\":56,\"caption\":\"Par\u00f3quia Sagrado Cora\u00e7\u00e3o de Jesus\"},\"image\":{\"@id\":\"https:\\\/\\\/salesianossp.org.br\\\/parscjsp\\\/#\\\/schema\\\/logo\\\/image\\\/\"},\"sameAs\":[\"https:\\\/\\\/pt-br.facebook.com\\\/pg\\\/santuariodosagradocoracaodejesus\\\/photos\\\/?ref=page_internal\",\"https:\\\/\\\/www.instagram.com\\\/santuariosagradocoracaodejesus\\\/\",\"https:\\\/\\\/www.youtube.com\\\/@santuariosagradocoracaodejesus\"]}]}<\/script>\n<!-- \/ Yoast SEO plugin. -->","yoast_head_json":{"title":"Nossa Hist\u00f3ria - Par\u00f3quia Sagrado Cora\u00e7\u00e3o de Jesus","robots":{"index":"index","follow":"follow","max-snippet":"max-snippet:-1","max-image-preview":"max-image-preview:large","max-video-preview":"max-video-preview:-1"},"canonical":"https:\/\/salesianossp.org.br\/parscjsp\/nossa-historia\/","og_locale":"pt_BR","og_type":"article","og_title":"Nossa Hist\u00f3ria - Par\u00f3quia Sagrado Cora\u00e7\u00e3o de Jesus","og_description":"In\u00edcio Nossa Hist\u00f3ria","og_url":"https:\/\/salesianossp.org.br\/parscjsp\/nossa-historia\/","og_site_name":"Par\u00f3quia Sagrado Cora\u00e7\u00e3o de Jesus","article_publisher":"https:\/\/pt-br.facebook.com\/pg\/santuariodosagradocoracaodejesus\/photos\/?ref=page_internal","article_modified_time":"2026-03-19T16:19:43+00:00","twitter_card":"summary_large_image","schema":{"@context":"https:\/\/schema.org","@graph":[{"@type":"WebPage","@id":"https:\/\/salesianossp.org.br\/parscjsp\/nossa-historia\/","url":"https:\/\/salesianossp.org.br\/parscjsp\/nossa-historia\/","name":"Nossa Hist\u00f3ria - Par\u00f3quia Sagrado Cora\u00e7\u00e3o de Jesus","isPartOf":{"@id":"https:\/\/salesianossp.org.br\/parscjsp\/#website"},"datePublished":"2026-02-25T17:22:17+00:00","dateModified":"2026-03-19T16:19:43+00:00","breadcrumb":{"@id":"https:\/\/salesianossp.org.br\/parscjsp\/nossa-historia\/#breadcrumb"},"inLanguage":"pt-BR","potentialAction":[{"@type":"ReadAction","target":["https:\/\/salesianossp.org.br\/parscjsp\/nossa-historia\/"]}]},{"@type":"BreadcrumbList","@id":"https:\/\/salesianossp.org.br\/parscjsp\/nossa-historia\/#breadcrumb","itemListElement":[{"@type":"ListItem","position":1,"name":"In\u00edcio","item":"https:\/\/salesianossp.org.br\/parscjsp\/"},{"@type":"ListItem","position":2,"name":"Nossa Hist\u00f3ria"}]},{"@type":"WebSite","@id":"https:\/\/salesianossp.org.br\/parscjsp\/#website","url":"https:\/\/salesianossp.org.br\/parscjsp\/","name":"Par\u00f3quia Sagrado Cora\u00e7\u00e3o de Jesus","description":"","publisher":{"@id":"https:\/\/salesianossp.org.br\/parscjsp\/#organization"},"potentialAction":[{"@type":"SearchAction","target":{"@type":"EntryPoint","urlTemplate":"https:\/\/salesianossp.org.br\/parscjsp\/?s={search_term_string}"},"query-input":{"@type":"PropertyValueSpecification","valueRequired":true,"valueName":"search_term_string"}}],"inLanguage":"pt-BR"},{"@type":"Organization","@id":"https:\/\/salesianossp.org.br\/parscjsp\/#organization","name":"Par\u00f3quia Sagrado Cora\u00e7\u00e3o de Jesus","url":"https:\/\/salesianossp.org.br\/parscjsp\/","logo":{"@type":"ImageObject","inLanguage":"pt-BR","@id":"https:\/\/salesianossp.org.br\/parscjsp\/#\/schema\/logo\/image\/","url":"https:\/\/salesianossp.org.br\/parscjsp\/wp-content\/uploads\/2026\/02\/logo-pvipar-teste.svg","contentUrl":"https:\/\/salesianossp.org.br\/parscjsp\/wp-content\/uploads\/2026\/02\/logo-pvipar-teste.svg","width":206,"height":56,"caption":"Par\u00f3quia Sagrado Cora\u00e7\u00e3o de Jesus"},"image":{"@id":"https:\/\/salesianossp.org.br\/parscjsp\/#\/schema\/logo\/image\/"},"sameAs":["https:\/\/pt-br.facebook.com\/pg\/santuariodosagradocoracaodejesus\/photos\/?ref=page_internal","https:\/\/www.instagram.com\/santuariosagradocoracaodejesus\/","https:\/\/www.youtube.com\/@santuariosagradocoracaodejesus"]}]}},"_links":{"self":[{"href":"https:\/\/salesianossp.org.br\/parscjsp\/wp-json\/wp\/v2\/pages\/338","targetHints":{"allow":["GET"]}}],"collection":[{"href":"https:\/\/salesianossp.org.br\/parscjsp\/wp-json\/wp\/v2\/pages"}],"about":[{"href":"https:\/\/salesianossp.org.br\/parscjsp\/wp-json\/wp\/v2\/types\/page"}],"author":[{"embeddable":true,"href":"https:\/\/salesianossp.org.br\/parscjsp\/wp-json\/wp\/v2\/users\/1"}],"replies":[{"embeddable":true,"href":"https:\/\/salesianossp.org.br\/parscjsp\/wp-json\/wp\/v2\/comments?post=338"}],"version-history":[{"count":37,"href":"https:\/\/salesianossp.org.br\/parscjsp\/wp-json\/wp\/v2\/pages\/338\/revisions"}],"predecessor-version":[{"id":604,"href":"https:\/\/salesianossp.org.br\/parscjsp\/wp-json\/wp\/v2\/pages\/338\/revisions\/604"}],"wp:attachment":[{"href":"https:\/\/salesianossp.org.br\/parscjsp\/wp-json\/wp\/v2\/media?parent=338"}],"curies":[{"name":"wp","href":"https:\/\/api.w.org\/{rel}","templated":true}]}}