{"id":1349,"date":"2021-02-20T18:40:09","date_gmt":"2021-02-20T21:40:09","guid":{"rendered":"https:\/\/salesianossp.org.br\/parsjbsp\/?page_id=1349"},"modified":"2025-09-19T22:55:15","modified_gmt":"2025-09-20T01:55:15","slug":"comunidade","status":"publish","type":"page","link":"https:\/\/salesianossp.org.br\/parsjbsp\/comunidade\/","title":{"rendered":"Comunidade"},"content":{"rendered":"\t\t<div data-elementor-type=\"wp-page\" data-elementor-id=\"1349\" class=\"elementor elementor-1349\" data-elementor-post-type=\"page\">\n\t\t\t\t\t\t<section class=\"elementor-section elementor-top-section elementor-element elementor-element-daa2875 elementor-section-boxed elementor-section-height-default elementor-section-height-default\" data-id=\"daa2875\" data-element_type=\"section\" data-e-type=\"section\">\n\t\t\t\t\t\t<div class=\"elementor-container elementor-column-gap-default\">\n\t\t\t\t\t<div class=\"elementor-column elementor-col-100 elementor-top-column elementor-element elementor-element-9d8750f\" data-id=\"9d8750f\" data-element_type=\"column\" data-e-type=\"column\">\n\t\t\t<div class=\"elementor-widget-wrap elementor-element-populated\">\n\t\t\t\t\t\t<div class=\"elementor-element elementor-element-561da91 elementor-widget elementor-widget-heading\" data-id=\"561da91\" data-element_type=\"widget\" data-e-type=\"widget\" data-widget_type=\"heading.default\">\n\t\t\t\t<div class=\"elementor-widget-container\">\n\t\t\t\t\t<h2 class=\"elementor-heading-title elementor-size-default\">Pastorais Paroquiais<\/h2>\t\t\t\t<\/div>\n\t\t\t\t<\/div>\n\t\t\t\t<div class=\"elementor-element elementor-element-8a3f277 elementor-widget elementor-widget-text-editor\" data-id=\"8a3f277\" data-element_type=\"widget\" data-e-type=\"widget\" data-widget_type=\"text-editor.default\">\n\t\t\t\t<div class=\"elementor-widget-container\">\n\t\t\t\t\t\t\t\t\t<h5 style=\"text-align: center;\"><span style=\"color: #993300;\">CONSELHOS<b> GESTORES<\/b><\/span><\/h5><p><b>1.\u00a0<\/b><b>CONSELHO PASTORAL PAROQUIAL \u2013 CPP<\/b><\/p><p><b>Objetivo: <\/b>Promover a unidade, comunh\u00e3o eclesial e corresponsabilidade das for\u00e7as vivas da Par\u00f3quia, examinando, planejando, avaliando, liderando e dinamizando as Atividades Pastorais da Par\u00f3quia e propondo pr\u00e1ticas sobre elas (c\u00e2n. 511).<\/p><p><b>Participa\u00e7\u00e3o: <\/b>Coordenadores e Vice-Coordenadores das diversas Frentes Pastorais -GRUPOS \u2013 PASTORAIS \u2013 COMUNIDADES \u2013 ASSOCIA\u00c7\u00d5ES \u2013 SERVI\u00c7OS \u00e0 COMUNIDADE<\/p><p><b>Encontros: <\/b>mensais, toda primeira ter\u00e7a-feira de cada m\u00eas, com exce\u00e7\u00e3o dos meses de julho e janeiro, podendo reunir-se de modo extraordin\u00e1rio, conforme a necessidade indicada pelo P\u00e1roco.<\/p><p><b>2. <\/b><b>CONSELHO ADMINISTRATIVO E ECON\u00d4MICO PAROQUIAL \u2013 CAEP<\/b><b>.\u00a0<\/b><\/p><p><b>Objetivo: <\/b>administrar, junto com o P\u00e1roco, a parte financeira, e os bens da Comunidade Paroquial, numa dimens\u00e3o transparente, onde a presta\u00e7\u00e3o de contas deve ser feita com a maior seriedade, correspondente \u00e0 confian\u00e7a e inten\u00e7\u00f5es dos dizimistas e colaboradores em geral.<\/p><p><b>3. CONSELHO LOCAL DA ARTICULA\u00c7\u00c3O DA JUVENTUDE SALESIANA (CLAJS)<\/b><\/p><p><b>Objetivo<\/b>: Ser refer\u00eancia animadora da Articula\u00e7\u00e3o da Juventude Salesiana dentro da Par\u00f3quia, alimentando o protagonismo juvenil salesiano no Alto da Lapa, em vista da promo\u00e7\u00e3o do Reino de Deus na sociedade e na Igreja.<br \/>Participa\u00e7\u00e3o: jovens coordenadores da Dimens\u00e3o Juvenil da Par\u00f3quia.<\/p><p>\u00a0<\/p><h5><span style=\"color: #993300;\"><b>DIMENS\u00c3O COMUNIT\u00c1RIA<\/b><\/span><\/h5><p><b>1.\u00a0BAZAR DA PECHINCHA<\/b><\/p><p><b>Objetivo:<\/b> Promover eventos que possibilitem aos mais carentes, atendimento de suas necessidades atrav\u00e9s da aquisi\u00e7\u00e3o de roupas, cal\u00e7ados, acess\u00f3rios e demais itens por pre\u00e7os bem acess\u00edveis.<\/p><p><b>2.<\/b> <b>Comiss\u00e3o de Eventos<\/b><\/p><p><strong>Objetivo:<\/strong> Promover atividades que possibilitem o entrosamento na comunidade; angariar fundos para viabilizar obras da igreja e do centro juvenil e evangelizando a comunidade atrav\u00e9s de eventos e confraterniza\u00e7\u00e3o.<\/p><p><strong>3. Pastoral da Comunica\u00e7\u00e3o &#8211; PASCOM.<\/strong><\/p><p><strong>Objetivo:<\/strong> Promover, articular e favorecer a comunica\u00e7\u00e3o entre as pastorais e os membros da comunidade, bem como da comunidade com a sociedade, favorecendo tamb\u00e9m a comunica\u00e7\u00e3o com a Inspetoria Salesiana e a Arquidiocese de S\u00e3o Paulo.<\/p><p><b>4. Pastoral do D\u00edzimo<\/b><\/p><p><b>Objetivo: <\/b>Conscientizar toda a Comunidade que a contribui\u00e7\u00e3o do d\u00edzimo \u00e9 um compromisso com a evangeliza\u00e7\u00e3o, sendo tamb\u00e9m reflexo do seu pertencimento \u00e0 Comunidade Paroquial.<\/p><h5>\u00a0<\/h5><h5 style=\"text-align: center;\"><span style=\"color: #993300;\"><b>DIMENS\u00c3O B\u00cdBLICO-CATEQU\u00c9TICA<\/b><\/span><\/h5><p><b>1.<\/b> <b>Pastoral do Batismo<\/b><\/p><p><b>Objetivo:\u00a0 <\/b>Preparar as fam\u00edlias que procuram a Pastoral para pedir o Batismo aos filhos e conscientizar pais e padrinhos da sua importante miss\u00e3o, na educa\u00e7\u00e3o \u00e0 f\u00e9 crist\u00e3 dos filhos e afilhados, conduzindo-os a serem crist\u00e3os, aut\u00eanticos seguidores de Jesus Cristo.<\/p><p><strong>2.<\/strong><b>Catequese com Adultos<\/b><\/p><p><b>Objetivo: <\/b>Favorecer e orientar o processo catequ\u00e9tico, com inspira\u00e7\u00e3o catecumenal, para a inicia\u00e7\u00e3o \u00e0 vida crist\u00e3 de adultos.<\/p><p><b>3.<\/b> <b>Catequese Bom Pastor<\/b><\/p><p><b>Objetivo: <\/b>Introduzir a crian\u00e7a na experi\u00eancia da comunh\u00e3o viva com Cristo, pela medita\u00e7\u00e3o amorosa da Palavra, pelos sinais sacramentais vividos com intensidade e pela viv\u00eancia da fraternidade com o Esp\u00edrito Santo.<\/p><p><strong>4. <\/strong><b>Catequese da Crisma<\/b><\/p><p><b>Objetivo: <\/b>Promover uma caminhada de f\u00e9 que ajude o jovem a crescer como pessoa, a descobrir sentido de vida e a assumir sua miss\u00e3o na Comunidade e no mundo, testemunhando o Evangelho de Jesus Cristo em atos e palavras.<\/p><p><b>5. Catequese Infantil<\/b><\/p><p><b>Objetivo:<\/b> Promover encontros de catequese com crian\u00e7as para educ\u00e1-las na f\u00e9, levando-as a conhecer, acolher, celebrar e vivenciar o mist\u00e9rio de Deus, em prepara\u00e7\u00e3o \u00e0 Inicia\u00e7\u00e3o Crist\u00e3.<\/p><p><strong>6.\u00a0<\/strong><b>Catequese Pequeninos do Senhor<\/b><\/p><p><b>Objetivo:<\/b> Despertar nas crian\u00e7as a curiosidade de se aproximarem mais de Jesus, oferecendo-lhes um espa\u00e7o adequado para ouvirem e crescerem nos ensinamentos crist\u00e3os, durante o per\u00edodo da missa, oportunizando para a fam\u00edlia a participa\u00e7\u00e3o na Missa Dominical, onde todos s\u00e3o acolhidos em sua faixa et\u00e1ria- adultos e crian\u00e7as.<\/p><p><b>Encontros:<\/b> Aos domingos, das 10h30 \u00e0s 11h30 (durante a celebra\u00e7\u00e3o da Santa Missa).<\/p><p><b>7. Pais Mission\u00e1rios<\/b><\/p><p><b>Objetivo: <\/b>Oferecer catequese e orienta\u00e7\u00e3o permanente \u00e0s fam\u00edlias das crian\u00e7as que fazem a Primeira Eucaristia, motivando-as a participarem da celebra\u00e7\u00e3o eucar\u00edstica acompanhando a forma\u00e7\u00e3o dos pequenos.<\/p><p><strong>8. Grupos Mission\u00e1rios.<\/strong><\/p><p><strong>Objetivo:<\/strong> Promover um elo entre a comunidade paroquial e os fi\u00e9is afastados, formando pequenos grupos de ora\u00e7\u00e3o e reflex\u00e3o e fornecendo-lhes subs\u00eddios para o aprofundamento da f\u00e9.<\/p><p><strong>9. Grupo de Estudos B\u00edblicos.<\/strong><\/p><p><strong>Objetivo:\u00a0<\/strong> Propiciar intimidade com a B\u00edblia, estimulando o amadurecimento e conhecimento da Palavra de Deus, ajudando os fi\u00e9is a viverem de acordo com os ensinamentos de Jesus Cristo, aplicando-os em sua vida di\u00e1ria.<\/p><h5>\u00a0<\/h5><h5 style=\"text-align: center;\"><span style=\"color: #993300;\"><b>DIMENS\u00c3O LIT\u00daRGICO-CELEBRATIVA<\/b><\/span><\/h5><p>\u00a0<\/p><p><b>1.<\/b> <b>Pastoral Lit\u00fargica<\/b><\/p><p><b>Objetivo: <\/b>Animar a vida lit\u00fargica na Par\u00f3quia, para que a Comunidade celebre com alegria o mist\u00e9rio da salva\u00e7\u00e3o ao longo do ano lit\u00fargico da Igreja, possibilitandoque as Celebra\u00e7\u00f5es ocorram de forma organizada, propiciando a plena participa\u00e7\u00e3o da Assembleia e dos integrantes da pastoral no mist\u00e9rio celebrado.\u00a0<\/p><p><b>2.<\/b> <b>Adora\u00e7\u00e3o ao Sant\u00edssimo Sacramento<\/b><\/p><p><b>Objetivo: <\/b>Promover, com ousadia, atrav\u00e9s da adora\u00e7\u00e3o ao Cristo eucar\u00edstico, o an\u00fancio do amor e da miseric\u00f3rdia de Deus, buscando maior intimidade com Jesus.<\/p><p><b>3.<\/b> <b>Grupo de ac\u00f3litos e\u00a0 coroinhas a servi\u00e7o do altar &#8211; <\/b><b>GACSA\u00a0<\/b><\/p><p><b>Objetivo: <\/b>Ajudar no servi\u00e7o do altar, auxiliando os padres nas missas, fazendo com que os ac\u00f3litos e coroinhas compreendam melhor o sentido da Eucaristia, formando-os para serem crist\u00e3os maduros e comprometidos.\u00a0<\/p><p><b>4.<\/b> <b>Ministros Extraordin\u00e1rios da Comunh\u00e3o &#8211; MESC<\/b><\/p><p><b>Objetivo: <\/b>Estimular o zelo pela Eucaristia atrav\u00e9s da ora\u00e7\u00e3o, do servi\u00e7o ao culto e Liturgia Eucar\u00edstica, al\u00e9m de conscientizar e evangelizar atrav\u00e9s das visitas aos doentes, levando-lhes o consolo de Cristo Sacramentado na Eucaristia. Encargo de distribuir a Santa Comunh\u00e3o nas Missas e levar o Sagrado Vi\u00e1tico aos que est\u00e3o impossibilitados.<\/p><p><b>5.<\/b> <b>Pastoral Lit\u00fargico Musical<\/b><\/p><p><b>Objetivo<\/b>: Promover a anima\u00e7\u00e3o musical das Celebra\u00e7\u00f5es Lit\u00fargicas Paroquiais, ajudando os fi\u00e9is a louvar e sentir a presen\u00e7a do Esp\u00edrito de Deus, em suas vidas.<\/p><p><strong>6. Pastoral da Acilhida<\/strong><\/p><p><strong>Objetivo:\u00a0 <\/strong>Acolher, da melhor maneira poss\u00edvel, os irm\u00e3os e irm\u00e3s que chegam \u00e0 Igreja, acomodando-os adequadamente, para participarem da Celebra\u00e7\u00e3o Eucar\u00edstica ou de outro evento proposto pela comunidade, atendendo a orienta\u00e7\u00e3o bi\u0301blica: \u201cAcolhei-vos uns aos outros, como Cristo nos acolheu para a glo\u0301ria do Pai\u201d (Rm 15,7).<\/p><p><strong>7. Grupo de Leitores<\/strong><\/p><p><strong>Objetivo:<\/strong> Anunciar a palavra de Deus, atrav\u00e9s da Leitura P\u00fablica nas Missas e celebra\u00e7\u00f5es lit\u00fargicas dos textos b\u00edblicos indicados, realizada com clareza, boa pron\u00fancia e boa comunica\u00e7\u00e3o.<\/p><p><strong>8. R\u00e9cita do Ter\u00e7o<\/strong><\/p><p><strong>Objetivo:<\/strong> Propiciar momentos de ora\u00e7\u00e3o e r\u00e9cita do ter\u00e7o para quem desejar, em intercess\u00e3o por pessoas doentes, desempregados, dependentes de drogas, crian\u00e7as e jovens em situa\u00e7\u00e3o de vulnerabilidade e todas as inten\u00e7\u00f5es que forem apresentadas.\u00a0<\/p><h5>\u00a0<\/h5><h5 style=\"text-align: center;\"><span style=\"color: #993300;\"><b>DIMENS\u00c3O EVANG\u00c9LICO-SOCIAL TRANSFORMADORA<\/b><\/span><\/h5><p>\u00a0<\/p><p><strong>\u00a01. GRUPO BEM AVENTURADOS (irm\u00e3os em situa\u00e7\u00e3o de rua)<\/strong><\/p><p><b>Objetivo: <\/b>Resgatar a dignidade das pessoas em situa\u00e7\u00e3o de rua e\/ou outra vulnerabilidade social, \u00e0 exemplo do Evangelho de Jesus Cristo.<\/p><p><strong>2. GRUPO DA SOLIDARIEDADE<\/strong><\/p><p><strong>Objetivos: <\/strong>Ser presen\u00e7a solid\u00e1ria, na vida das pessoas e fam\u00edlias em situa\u00e7\u00e3o de emerg\u00eancia ou empobrecidas, atrav\u00e9s de gestos concretos, fundamentando-se na pr\u00e1tica libertadora de Jesus, mantendo um servi\u00e7o organizado de promo\u00e7\u00e3o humana\/crist\u00e3, por meio de doa\u00e7\u00f5es mensais de alimentos, vestimentas e materiais de higiene pessoal.<\/p><p><b>3.<\/b> <b>SOCIEDADE S\u00c3O VICENTE DE PAULA (VICENTINOS)<\/b><\/p><p><b>Objetivo:<\/b> Assistir e promover a humaniza\u00e7\u00e3o, segundo os ensinamentos de S\u00e3o Vicente de Paulo, sobretudo aos mais pobres e exclu\u00eddos da sociedade, atrav\u00e9s de visitas domiciliares e acompanhamento personalizado dado a cada pessoa e\/ou fam\u00edlia. <b>\u00a0\u00a0<\/b><\/p><p><b>4.<\/b> <b>Clube de M\u00e3es Nossa Senhora Auxiliadora<\/b><\/p><p><b>Objetivo:<\/b> Reunir as pessoas para se conhecerem, fazerem amizade, se apoiarem, atrav\u00e9s de trocas de experi\u00eancias e conhecimentos (bordado, croch\u00ea, tric\u00f4 &#8211; artesanato em geral), entremeados sempre com momentos de evangeliza\u00e7\u00e3o e difus\u00e3o das atividades da par\u00f3quia (celebra\u00e7\u00f5es, festas). Temos tamb\u00e9m conta\u00e7\u00e3o de hist\u00f3rias para alegrar as reuni\u00f5es.<\/p><p>\u00a0<\/p><h5 style=\"text-align: center;\"><span style=\"color: #993300;\"><b>DIMENS\u00c3O JUVENIL<\/b><\/span><\/h5><p><b>\u00a0\u00a0 \u00a0 \u00a0 \u00a0 \u00a0 \u00a0 \u00a0 \u00a0 \u00a0 \u00a0 \u00a0 \u00a0 \u00a0 \u00a0 <\/b><\/p><p><b>1.<\/b> <b>Adolesc\u00eancia mission\u00e1ria<\/b><\/p><p><b>Objetivo:<\/b> Propiciar aos adolescentes uma experi\u00eancia de f\u00e9, de vida comunit\u00e1ria e de atua\u00e7\u00e3o mission\u00e1ria, estabelecendo, a partir dessas experi\u00eancias, v\u00ednculos profundos de amizade entre si e com toda a comunidade paroquial.\u00a0<\/p><p>\u00a0<\/p><p><b>2.<\/b> <b>GAM (Grupo de Anima\u00e7\u00e3o Mission\u00e1ria)<\/b><\/p><p><b>Objetivo:<\/b> Fazer crescer a consci\u00eancia mission\u00e1ria na Comunidade, amadurecendo a responsabilidade de cumprir a proposta do Reino de Deus, especialmente no compromisso com os mais necessitados.<\/p><p><b>Encontros: <\/b>Mensalmente, aos s\u00e1bados a partir das 16h30 (com participa\u00e7\u00e3o na Santa Missa).<\/p><p>\u00a0<\/p><p><b>3.<\/b> <b>PAJAM \u2013 Pais e Amigos da Juventude e Adolesc\u00eancia Mission\u00e1ria<\/b><\/p><p><b>Objetivo<\/b>: assessorar e dar apoio aos grupos de jovens e adolescentes da Par\u00f3quia, segundo suas necessidades e planejamentos, definidos por seus coordenadores e catequistas. Proporcionar aos seus membros oportunidade de fraterno conv\u00edvio e crescimento na f\u00e9.<\/p><p>\u00a0\u00a0 \u00a0 \u00a0 \u00a0 \u00a0 \u00a0 \u00a0 \u00a0 \u00a0 <b>\u00a0 \u00a0 \u00a0 \u00a0 \u00a0 \u00a0 \u00a0 \u00a0 \u00a0 \u00a0 \u00a0 \u00a0 \u00a0<\/b><\/p><p><b>4.<\/b> <b>Jovens de Dom Bosco<\/b><\/p><p><b>Objetivo: <\/b>Proporcionar a viv\u00eancia da Espiritualidade Juvenil Salesiana e da vida comunit\u00e1ria crist\u00e3.<b> <\/b><b>\u00a0 \u00a0 \u00a0 \u00a0 \u00a0 \u00a0 \u00a0 \u00a0 \u00a0 \u00a0 \u00a0 \u00a0 \u00a0<\/b><\/p><p><b>Encontros:<\/b> Aos s\u00e1bados, das 16h30 \u00e0s 20h (com participa\u00e7\u00e3o na Santa Missa).<\/p><p><b>\u00a0<\/b><\/p><p><b>5.<\/b> <b>Comunica\u00e7\u00e3o Juvenil Salesiana<\/b><\/p><p><b>\u00a0Objetivo: <\/b>Promover, articular e favorecer a comunica\u00e7\u00e3o entre os grupos juvenis e dos grupos com a comunidade e a sociedade.<\/p><p>\u00a0<\/p><h5 style=\"text-align: center;\"><span style=\"color: #993300;\"><b>SERVI\u00c7OS<\/b><\/span><\/h5><p><b>\u00a0<\/b><\/p><p><b>1.<\/b> <b>Psicologia<\/b><\/p><p><b>Objetivo: <\/b>Oferecer servi\u00e7o de acompanhamento psicol\u00f3gico gratuito.<\/p><p><b>\u00a0 \u00a0 \u00a0 \u00a0 <\/b>\u00a0 \u00a0 \u00a0 \u00a0 \u00a0 \u00a0<\/p><p><b>2.<\/b> \u00a0<b>Bazar da Pechincha<\/b><\/p><p><b>Objetivo: <\/b>Valores revertidos em prol da Obra Social e Par\u00f3quia.<\/p><p><b>\u00a0\u00a0 \u00a0 \u00a0 \u00a0 <\/b><\/p><p><b>3.<\/b> <b>Amor Exigente \u2013 Grupo Renascer Dom Bosco<\/b><\/p><p><b>Objetivo: <\/b>Oferecer orienta\u00e7\u00e3o e apoio a pais, familiares e amigos de dependentes qu\u00edmicos.<\/p><p>\u00a0<\/p><p><b>4.<\/b> <b>Narc\u00f3ticos An\u00f4nimos<\/b><\/p><p><b>Objetivo: <\/b>Liberta\u00e7\u00e3o do uso nocivo de drogas.<\/p><p><b>\u00a0 <\/b><\/p><p><b>5.<\/b> <b>Grupo de Apoio ao Portador de Alzheimer<\/b><\/p><p><b>Objetivo: <\/b>Oferecer forma\u00e7\u00e3o qualificada aos cuidadores e familiares de portadores de Alzheimer.<\/p><p><b>\u00a0<\/b><\/p><p><b>6.<\/b> <b>Meta Real<\/b><\/p><p><b>Objetivo:<\/b> Atingir o peso ideal.<\/p><p>\u00a0<\/p><p><b>7.<\/b> <b>Associa\u00e7\u00e3o de Dirigentes Crist\u00e3os de Empresa de S\u00e3o Paulo \u2013 ADCE<\/b><\/p><p><b>Objetivo: <\/b>Reflex\u00e3o e compartilhamento sobre pr\u00e1ticas empresariais sustentadas em valores crist\u00e3os.<\/p>\t\t\t\t\t\t\t\t<\/div>\n\t\t\t\t<\/div>\n\t\t\t\t\t<\/div>\n\t\t<\/div>\n\t\t\t\t\t<\/div>\n\t\t<\/section>\n\t\t\t\t<section class=\"elementor-section elementor-top-section elementor-element elementor-element-c2500c7 elementor-section-boxed elementor-section-height-default elementor-section-height-default\" data-id=\"c2500c7\" data-element_type=\"section\" data-e-type=\"section\">\n\t\t\t\t\t\t<div class=\"elementor-container elementor-column-gap-default\">\n\t\t\t\t\t<div class=\"elementor-column elementor-col-100 elementor-top-column elementor-element elementor-element-a83c1df\" data-id=\"a83c1df\" data-element_type=\"column\" data-e-type=\"column\">\n\t\t\t<div class=\"elementor-widget-wrap\">\n\t\t\t\t\t\t\t<\/div>\n\t\t<\/div>\n\t\t\t\t\t<\/div>\n\t\t<\/section>\n\t\t\t\t<\/div>\n\t\t","protected":false},"excerpt":{"rendered":"<p>Pastorais Paroquiais CONSELHOS GESTORES 1.\u00a0CONSELHO PASTORAL PAROQUIAL \u2013 CPP Objetivo: Promover a unidade, comunh\u00e3o eclesial e corresponsabilidade das for\u00e7as vivas da Par\u00f3quia, examinando, planejando, avaliando, liderando<span class=\"excerpt-hellip\"> [\u2026]<\/span><\/p>\n","protected":false},"author":93,"featured_media":0,"parent":0,"menu_order":0,"comment_status":"closed","ping_status":"closed","template":"elementor_header_footer","meta":{"footnotes":""},"class_list":["post-1349","page","type-page","status-publish","hentry"],"_links":{"self":[{"href":"https:\/\/salesianossp.org.br\/parsjbsp\/wp-json\/wp\/v2\/pages\/1349","targetHints":{"allow":["GET"]}}],"collection":[{"href":"https:\/\/salesianossp.org.br\/parsjbsp\/wp-json\/wp\/v2\/pages"}],"about":[{"href":"https:\/\/salesianossp.org.br\/parsjbsp\/wp-json\/wp\/v2\/types\/page"}],"author":[{"embeddable":true,"href":"https:\/\/salesianossp.org.br\/parsjbsp\/wp-json\/wp\/v2\/users\/93"}],"replies":[{"embeddable":true,"href":"https:\/\/salesianossp.org.br\/parsjbsp\/wp-json\/wp\/v2\/comments?post=1349"}],"version-history":[{"count":20,"href":"https:\/\/salesianossp.org.br\/parsjbsp\/wp-json\/wp\/v2\/pages\/1349\/revisions"}],"predecessor-version":[{"id":2092,"href":"https:\/\/salesianossp.org.br\/parsjbsp\/wp-json\/wp\/v2\/pages\/1349\/revisions\/2092"}],"wp:attachment":[{"href":"https:\/\/salesianossp.org.br\/parsjbsp\/wp-json\/wp\/v2\/media?parent=1349"}],"curies":[{"name":"wp","href":"https:\/\/api.w.org\/{rel}","templated":true}]}}