{"id":2038,"date":"2024-09-10T11:35:53","date_gmt":"2024-09-10T14:35:53","guid":{"rendered":"https:\/\/salesianossp.org.br\/parsjbsp\/?page_id=2038"},"modified":"2024-09-10T11:40:52","modified_gmt":"2024-09-10T14:40:52","slug":"colabore","status":"publish","type":"page","link":"https:\/\/salesianossp.org.br\/parsjbsp\/colabore\/","title":{"rendered":"Colabore"},"content":{"rendered":"\t\t<div data-elementor-type=\"wp-page\" data-elementor-id=\"2038\" class=\"elementor elementor-2038\" data-elementor-post-type=\"page\">\n\t\t\t\t\t\t<section class=\"elementor-section elementor-top-section elementor-element elementor-element-c7ee012 elementor-section-boxed elementor-section-height-default elementor-section-height-default\" data-id=\"c7ee012\" data-element_type=\"section\" data-e-type=\"section\">\n\t\t\t\t\t\t<div class=\"elementor-container elementor-column-gap-default\">\n\t\t\t\t\t<div class=\"elementor-column elementor-col-100 elementor-top-column elementor-element elementor-element-b1f7d08\" data-id=\"b1f7d08\" data-element_type=\"column\" data-e-type=\"column\">\n\t\t\t<div class=\"elementor-widget-wrap elementor-element-populated\">\n\t\t\t\t\t\t<div class=\"elementor-element elementor-element-56bb9f6 elementor-widget elementor-widget-heading\" data-id=\"56bb9f6\" data-element_type=\"widget\" data-e-type=\"widget\" data-widget_type=\"heading.default\">\n\t\t\t\t<div class=\"elementor-widget-container\">\n\t\t\t\t\t<h2 class=\"elementor-heading-title elementor-size-default\">Colabore conosco<\/h2>\t\t\t\t<\/div>\n\t\t\t\t<\/div>\n\t\t\t\t\t<\/div>\n\t\t<\/div>\n\t\t\t\t\t<\/div>\n\t\t<\/section>\n\t\t\t\t<section class=\"elementor-section elementor-top-section elementor-element elementor-element-e5985aa elementor-section-boxed elementor-section-height-default elementor-section-height-default\" data-id=\"e5985aa\" data-element_type=\"section\" data-e-type=\"section\">\n\t\t\t\t\t\t<div class=\"elementor-container elementor-column-gap-default\">\n\t\t\t\t\t<div class=\"elementor-column elementor-col-100 elementor-top-column elementor-element elementor-element-46f79a8\" data-id=\"46f79a8\" data-element_type=\"column\" data-e-type=\"column\">\n\t\t\t<div class=\"elementor-widget-wrap elementor-element-populated\">\n\t\t\t\t\t\t<div class=\"elementor-element elementor-element-35f8ecb elementor-widget elementor-widget-text-editor\" data-id=\"35f8ecb\" data-element_type=\"widget\" data-e-type=\"widget\" data-widget_type=\"text-editor.default\">\n\t\t\t\t<div class=\"elementor-widget-container\">\n\t\t\t\t\t\t\t\t\t<p><strong>Banco:<\/strong> Santander<\/p><p><strong>Chave Pix:<\/strong> dombosco_secretaria@hotmail.com<\/p><p><strong>CNPJ:<\/strong> 63.089.825\/0013-88<\/p><p><strong>Favorecido:<\/strong> MITRA ARQUIDIOCESANA DE S\u00c3O PAULO PAR\u00d3QUIA S\u00c3O JO\u00c3O BOSCO<\/p><p><strong>Dizimista:<\/strong> envie comprovante para: paroquiadombosco.lapa@gmail.com com o n\u00famero da sua inscri\u00e7\u00e3o.<\/p>\t\t\t\t\t\t\t\t<\/div>\n\t\t\t\t<\/div>\n\t\t\t\t<div class=\"elementor-element elementor-element-1014624 elementor-widget elementor-widget-text-editor\" data-id=\"1014624\" data-element_type=\"widget\" data-e-type=\"widget\" data-widget_type=\"text-editor.default\">\n\t\t\t\t<div class=\"elementor-widget-container\">\n\t\t\t\t\t\t\t\t\t<p><strong><em>Deus retribua em b\u00ean\u00e7\u00e3os sua generosidade!<\/em><\/strong><\/p>\t\t\t\t\t\t\t\t<\/div>\n\t\t\t\t<\/div>\n\t\t\t\t\t<\/div>\n\t\t<\/div>\n\t\t\t\t\t<\/div>\n\t\t<\/section>\n\t\t\t\t<section class=\"elementor-section elementor-top-section elementor-element elementor-element-9610cd7 elementor-section-boxed elementor-section-height-default elementor-section-height-default\" data-id=\"9610cd7\" data-element_type=\"section\" data-e-type=\"section\">\n\t\t\t\t\t\t<div class=\"elementor-container elementor-column-gap-default\">\n\t\t\t\t\t<div class=\"elementor-column elementor-col-100 elementor-top-column elementor-element elementor-element-4d6e7d8\" data-id=\"4d6e7d8\" data-element_type=\"column\" data-e-type=\"column\">\n\t\t\t<div class=\"elementor-widget-wrap elementor-element-populated\">\n\t\t\t\t\t\t<div class=\"elementor-element elementor-element-dfb131d elementor-widget elementor-widget-image\" data-id=\"dfb131d\" data-element_type=\"widget\" data-e-type=\"widget\" data-widget_type=\"image.default\">\n\t\t\t\t<div class=\"elementor-widget-container\">\n\t\t\t\t\t\t\t\t\t\t\t\t\t\t\t<img fetchpriority=\"high\" decoding=\"async\" width=\"1024\" height=\"443\" src=\"https:\/\/salesianossp.org.br\/parsjbsp\/wp-content\/uploads\/2024\/09\/1cc5e1dc-0e19-4122-b227-68172d5ffb6b-1024x443.jpeg\" class=\"attachment-large size-large wp-image-2035\" alt=\"\" srcset=\"https:\/\/salesianossp.org.br\/parsjbsp\/wp-content\/uploads\/2024\/09\/1cc5e1dc-0e19-4122-b227-68172d5ffb6b-1024x443.jpeg 1024w, https:\/\/salesianossp.org.br\/parsjbsp\/wp-content\/uploads\/2024\/09\/1cc5e1dc-0e19-4122-b227-68172d5ffb6b-300x130.jpeg 300w, https:\/\/salesianossp.org.br\/parsjbsp\/wp-content\/uploads\/2024\/09\/1cc5e1dc-0e19-4122-b227-68172d5ffb6b-768x332.jpeg 768w, https:\/\/salesianossp.org.br\/parsjbsp\/wp-content\/uploads\/2024\/09\/1cc5e1dc-0e19-4122-b227-68172d5ffb6b-150x65.jpeg 150w, https:\/\/salesianossp.org.br\/parsjbsp\/wp-content\/uploads\/2024\/09\/1cc5e1dc-0e19-4122-b227-68172d5ffb6b-480x208.jpeg 480w, https:\/\/salesianossp.org.br\/parsjbsp\/wp-content\/uploads\/2024\/09\/1cc5e1dc-0e19-4122-b227-68172d5ffb6b.jpeg 1280w\" sizes=\"(max-width:767px) 480px, (max-width:1024px) 100vw, 1024px\" \/>\t\t\t\t\t\t\t\t\t\t\t\t\t\t\t<\/div>\n\t\t\t\t<\/div>\n\t\t\t\t\t<\/div>\n\t\t<\/div>\n\t\t\t\t\t<\/div>\n\t\t<\/section>\n\t\t\t\t<section class=\"elementor-section elementor-top-section elementor-element elementor-element-adcdad2 elementor-section-boxed elementor-section-height-default elementor-section-height-default\" data-id=\"adcdad2\" data-element_type=\"section\" data-e-type=\"section\">\n\t\t\t\t\t\t<div class=\"elementor-container elementor-column-gap-default\">\n\t\t\t\t\t<div class=\"elementor-column elementor-col-100 elementor-top-column elementor-element elementor-element-4aedf39\" data-id=\"4aedf39\" data-element_type=\"column\" data-e-type=\"column\">\n\t\t\t<div class=\"elementor-widget-wrap\">\n\t\t\t\t\t\t\t<\/div>\n\t\t<\/div>\n\t\t\t\t\t<\/div>\n\t\t<\/section>\n\t\t\t\t<\/div>\n\t\t","protected":false},"excerpt":{"rendered":"<p>Colabore conosco Banco: Santander Chave Pix: dombosco_secretaria@hotmail.com CNPJ: 63.089.825\/0013-88 Favorecido: MITRA ARQUIDIOCESANA DE S\u00c3O PAULO PAR\u00d3QUIA S\u00c3O JO\u00c3O BOSCO Dizimista: envie comprovante para: paroquiadombosco.lapa@gmail.com com o<span class=\"excerpt-hellip\"> [\u2026]<\/span><\/p>\n","protected":false},"author":93,"featured_media":0,"parent":0,"menu_order":0,"comment_status":"closed","ping_status":"closed","template":"","meta":{"footnotes":""},"class_list":["post-2038","page","type-page","status-publish","hentry"],"_links":{"self":[{"href":"https:\/\/salesianossp.org.br\/parsjbsp\/wp-json\/wp\/v2\/pages\/2038","targetHints":{"allow":["GET"]}}],"collection":[{"href":"https:\/\/salesianossp.org.br\/parsjbsp\/wp-json\/wp\/v2\/pages"}],"about":[{"href":"https:\/\/salesianossp.org.br\/parsjbsp\/wp-json\/wp\/v2\/types\/page"}],"author":[{"embeddable":true,"href":"https:\/\/salesianossp.org.br\/parsjbsp\/wp-json\/wp\/v2\/users\/93"}],"replies":[{"embeddable":true,"href":"https:\/\/salesianossp.org.br\/parsjbsp\/wp-json\/wp\/v2\/comments?post=2038"}],"version-history":[{"count":4,"href":"https:\/\/salesianossp.org.br\/parsjbsp\/wp-json\/wp\/v2\/pages\/2038\/revisions"}],"predecessor-version":[{"id":2042,"href":"https:\/\/salesianossp.org.br\/parsjbsp\/wp-json\/wp\/v2\/pages\/2038\/revisions\/2042"}],"wp:attachment":[{"href":"https:\/\/salesianossp.org.br\/parsjbsp\/wp-json\/wp\/v2\/media?parent=2038"}],"curies":[{"name":"wp","href":"https:\/\/api.w.org\/{rel}","templated":true}]}}