{"id":188,"date":"2020-05-17T23:07:30","date_gmt":"2020-05-17T23:07:30","guid":{"rendered":"https:\/\/salesianossp.org.br\/parslsp\/?page_id=188"},"modified":"2024-07-16T20:44:06","modified_gmt":"2024-07-16T23:44:06","slug":"nossahistoria","status":"publish","type":"page","link":"https:\/\/salesianossp.org.br\/parslsp\/nossahistoria\/","title":{"rendered":"Nossa Hist\u00f3ria"},"content":{"rendered":"\t\t<div data-elementor-type=\"wp-page\" data-elementor-id=\"188\" class=\"elementor elementor-188\" data-elementor-post-type=\"page\">\n\t\t\t\t\t\t<section class=\"elementor-section elementor-top-section elementor-element elementor-element-b33e311 elementor-section-boxed elementor-section-height-default elementor-section-height-default\" data-id=\"b33e311\" data-element_type=\"section\" data-e-type=\"section\">\n\t\t\t\t\t\t<div class=\"elementor-container elementor-column-gap-default\">\n\t\t\t\t\t<div class=\"elementor-column elementor-col-100 elementor-top-column elementor-element elementor-element-409f4ed\" data-id=\"409f4ed\" data-element_type=\"column\" data-e-type=\"column\">\n\t\t\t<div class=\"elementor-widget-wrap elementor-element-populated\">\n\t\t\t\t\t\t<div class=\"elementor-element elementor-element-9dc81d9 elementor-widget elementor-widget-heading\" data-id=\"9dc81d9\" data-element_type=\"widget\" data-e-type=\"widget\" data-widget_type=\"heading.default\">\n\t\t\t\t<div class=\"elementor-widget-container\">\n\t\t\t\t\t<h2 class=\"elementor-heading-title elementor-size-default\">Nossa Hist\u00f3ria<\/h2>\t\t\t\t<\/div>\n\t\t\t\t<\/div>\n\t\t\t\t\t<\/div>\n\t\t<\/div>\n\t\t\t\t\t<\/div>\n\t\t<\/section>\n\t\t\t\t<section class=\"elementor-section elementor-top-section elementor-element elementor-element-9a20f0d elementor-section-boxed elementor-section-height-default elementor-section-height-default\" data-id=\"9a20f0d\" data-element_type=\"section\" data-e-type=\"section\">\n\t\t\t\t\t\t<div class=\"elementor-container elementor-column-gap-default\">\n\t\t\t\t\t<div class=\"elementor-column elementor-col-100 elementor-top-column elementor-element elementor-element-cb17b02\" data-id=\"cb17b02\" data-element_type=\"column\" data-e-type=\"column\">\n\t\t\t<div class=\"elementor-widget-wrap elementor-element-populated\">\n\t\t\t\t\t\t<div class=\"elementor-element elementor-element-faf6ef5 elementor-widget elementor-widget-text-editor\" data-id=\"faf6ef5\" data-element_type=\"widget\" data-e-type=\"widget\" data-widget_type=\"text-editor.default\">\n\t\t\t\t<div class=\"elementor-widget-container\">\n\t\t\t\t\t\t\t\t\t<p style=\"text-align: center;\"><img fetchpriority=\"high\" decoding=\"async\" class=\"alignnone size-full wp-image-1427\" src=\"https:\/\/salesianossp.org.br\/parslsp\/wp-content\/uploads\/2021\/03\/SP-Paro\u0301quia-Santa-Luzia.jpg\" alt=\"\" width=\"1920\" height=\"600\" srcset=\"https:\/\/salesianossp.org.br\/parslsp\/wp-content\/uploads\/2021\/03\/SP-Paro\u0301quia-Santa-Luzia.jpg 1920w, https:\/\/salesianossp.org.br\/parslsp\/wp-content\/uploads\/2021\/03\/SP-Paro\u0301quia-Santa-Luzia-300x94.jpg 300w, https:\/\/salesianossp.org.br\/parslsp\/wp-content\/uploads\/2021\/03\/SP-Paro\u0301quia-Santa-Luzia-1024x320.jpg 1024w, https:\/\/salesianossp.org.br\/parslsp\/wp-content\/uploads\/2021\/03\/SP-Paro\u0301quia-Santa-Luzia-768x240.jpg 768w, https:\/\/salesianossp.org.br\/parslsp\/wp-content\/uploads\/2021\/03\/SP-Paro\u0301quia-Santa-Luzia-1536x480.jpg 1536w, https:\/\/salesianossp.org.br\/parslsp\/wp-content\/uploads\/2021\/03\/SP-Paro\u0301quia-Santa-Luzia-260x81.jpg 260w, https:\/\/salesianossp.org.br\/parslsp\/wp-content\/uploads\/2021\/03\/SP-Paro\u0301quia-Santa-Luzia-50x16.jpg 50w, https:\/\/salesianossp.org.br\/parslsp\/wp-content\/uploads\/2021\/03\/SP-Paro\u0301quia-Santa-Luzia-150x47.jpg 150w, https:\/\/salesianossp.org.br\/parslsp\/wp-content\/uploads\/2021\/03\/SP-Paro\u0301quia-Santa-Luzia-750x234.jpg 750w, https:\/\/salesianossp.org.br\/parslsp\/wp-content\/uploads\/2021\/03\/SP-Paro\u0301quia-Santa-Luzia-1140x356.jpg 1140w\" sizes=\"(max-width:767px) 480px, (max-width:1920px) 100vw, 1920px\" \/><\/p><p><b>1931: <\/b><span style=\"font-weight: 400;\">D. Rosa Paiana Campanella e Fam\u00edlia doam \u00e0 Mitra Arquidiocesana de S\u00e3o Paulo um terreno de 8.000m\u00b2 para que seja constru\u00edda uma Igreja sob a evoca\u00e7\u00e3o de Santa Luzia.<\/span><\/p><p><b>1932:<\/b><span style=\"font-weight: 400;\"> \u00c9 constru\u00edda a capela de Santa Luzia, que passou a pertencer \u00e0 Par\u00f3quia Nossa Senhora do Carmo de Itaquera. Era assistida pelos padres diocesanos de Itaquera uma vez por m\u00eas, quando se celebrava a missa.<\/span><\/p><p><b>1958:<\/b><span style=\"font-weight: 400;\"> A capela de Santo Antonio da Vila R\u00e9 \u00e9 constitu\u00edda Par\u00f3quia. Com isso, a capela de Santa Luzia passa a pertencer \u00e0 par\u00f3quia de Santo Antonio e as missas passam a ser celebradas todos os domingos.<\/span><\/p><p><b>1965:<\/b><span style=\"font-weight: 400;\"> A capela de Santa Luzia se torna Par\u00f3quia de Santa Luzia, declarada por Dom Agnelo Rossi, Cardeal, Arcebispo Metropolitano de S\u00e3o Paulo, e instalada por Dom Jos\u00e9 Lafayete Ferreira \u00c1lvares.\u00a0<\/span><\/p><p><span style=\"font-weight: 400;\">Seu primeiro P\u00e1roco foi Padre Francisco Massant (por cinco anos), precedido por Pedre Humberto Wuyts (sete anos), Padre John Joseph Mc Guire (dois meses), Jos\u00e9 Antonio Ruiz esteve (quatro meses) e Carlos Alberto Diniz Fernandes (quatro anos).<\/span><\/p><p><b>1980: <\/b><span style=\"font-weight: 400;\">Surge um grupo de estudantes liderado pelo Di\u00e1cono Nelson Amaro, que foi o primeiro padre ordenado na Par\u00f3quia Santa Luzia. No mesmo per\u00edodo a Par\u00f3quia recebeu o Padre Wilson Salles, conhecido como Padre Sab\u00e9.<\/span><\/p><p><b>1982:<\/b><span style=\"font-weight: 400;\"> Carlos Augusto da Costa (Neno) \u00e9 ordenado padre e passa a se tornar p\u00e1roco. Com o Padre Neno, \u00e9 dado in\u00edcio ao Centro Juvenil.\u00a0<\/span><\/p><p><b>1984:<\/b><span style=\"font-weight: 400;\"> O Centro Social da Par\u00f3quia Santa Luzia, com o nome de OSEM (Organiza\u00e7\u00e3o Social de Educa\u00e7\u00e3o do Menor) \u00e9 fundado.<\/span><\/p><p><b>1987:<\/b><span style=\"font-weight: 400;\"> Chegam os Salesianos, liderados pelo Padre Rosalvino Mor\u00e1n Vi\u00f1ayo. Um grupo de seminaristas salesianos vem conhecer a Par\u00f3quia. Entre eles, o Di\u00e1cono Antonio Francisco Lelo que foi ordenado padre no dia 19 de dezembro de 1987 e se tornou p\u00e1roco da nossa igreja.\u00a0<\/span><\/p><p><b>1988:<\/b><span style=\"font-weight: 400;\"> Padre Antonio dos Santos chega para ser Vig\u00e1rio paroquial.<\/span><\/p><p><b>1990:<\/b><span style=\"font-weight: 400;\"> Chega o Padre Jos\u00e9 Antonio Paiolla e \u00e9 institu\u00edda a Pastoral da Juventude na Par\u00f3quia. Na mesma \u00e9poca, h\u00e1 a chegada das Filhas de Maria Auxiliadora. Padre Antonio Carlso da Silva Ferreira come\u00e7a a auxiliar a Par\u00f3quia nas celebra\u00e7\u00f5es aos Domingos. Nesta mesma \u00e9poca, \u00e9 institu\u00eddo o Apostolado da Ora\u00e7\u00e3o na Par\u00f3quia.<\/span><\/p><p><b>1996:<\/b><span style=\"font-weight: 400;\"> Chega o Padre Camilo Profiro dos Santos para ser p\u00e1roco. No mesmo ano, chegam Padre Mauro Gozzi e Padre Hil\u00e1rio Adelino Micheluzzi. O \u00faltimo pertenceu \u00e0 Par\u00f3quia at\u00e9 2013. Neste per\u00edodo, a Inspetoria Salesiana de S\u00e3o Paulo deu in\u00edcio \u00e0 constru\u00e7\u00e3o das atuais instala\u00e7\u00f5es do Centro Social, inaugurada em 29 de agosto de 1999<\/span><\/p><p><b>1999:<\/b><span style=\"font-weight: 400;\"> Padre Tetuo Koga \u00e9 eleito diretor presidente e p\u00e1roco. Foi o respons\u00e1vel pelo novo pr\u00e9dio do Centro Social da Par\u00f3quia Santa Luzia e posteriormente pela constru\u00e7\u00e3o da nova igreja entre 2002 e 2004. Padre S\u00e9rgio Baruffi \u00e9 Ec\u00f4nomo e Vig\u00e1rio Paroquial.<\/span><\/p><p><b>2002:<\/b><span style=\"font-weight: 400;\"> Chegam o Padre Antonio Jos\u00e9 Ballestero como coordenador de Pastora e Vig\u00e1rio Paroquial, Padre Luiz Aparecido Tegami como Vig\u00e1rio Paroquial e Pastoral Vocacional, Padre Germano Slomp como Confessor e Vig\u00e1rio Paroquial e o Coadjutor Antonio Testoni.<\/span><\/p><p><b>2004:<\/b><span style=\"font-weight: 400;\"> Padre Antonio C\u00e9lio \u00e9 ordenado padre e assume o cargo de de Diretor tesoureiro. A constru\u00e7\u00e3o da nova igreja \u00e9 finalizada.<\/span><\/p><p><b>2005:<\/b><span style=\"font-weight: 400;\"> Padre Antonio C\u00e9lio se torna o novo P\u00e1roco.<\/span><\/p><p><b>2007:<\/b><span style=\"font-weight: 400;\"> A igreja Matriz da Par\u00f3quia Santa Luzia foi solenemente dedicada para a maior gl\u00f3ria de Deus \u2013 a Sagra\u00e7\u00e3o.<\/span><\/p><p><b>2010:<\/b><span style=\"font-weight: 400;\"> Padre Manoel Pinto Pereira se torna o novo vig\u00e1rio e Diretor secret\u00e1rio da Par\u00f3quia.<\/span><\/p><p><b>2011: <\/b><span style=\"font-weight: 400;\">Padre Pl\u00ednio Possobom, que j\u00e1 era diretor do Centro Social desde 2010, se torna tamb\u00e9m o novo P\u00e1roco. Na mesma \u00e9poca, chega o Padre Antonio Pascatti Gerotto para ser Vig\u00e1rio e Diretor tesoureiro.\u00a0<\/span><\/p><p><b>2012:<\/b><span style=\"font-weight: 400;\"> Padre Antenor Muniz de Andrade Silva chega para ocupar o posto de vig\u00e1rio paroquial. No fim do mesmo ano, Padre Roberto Donizete dos Santos Furtado chega para ser encarregado da a\u00e7\u00e3o pastoral na par\u00f3quia e Centro Social.<\/span><\/p><p><b>2013:<\/b><span style=\"font-weight: 400;\"> Padre Narciso Ferreira se torna o novo P\u00e1roco<\/span><\/p><p><b>2014:<\/b><span style=\"font-weight: 400;\"> Padre Narciso d\u00e1 lugar ao Padre H\u00e9lio Esp\u00ednula, rec\u00e9m ordenado, para a fun\u00e7\u00e3o de P\u00e1roco.<\/span><\/p><p><b>2017:<\/b><span style=\"font-weight: 400;\">\u00a0 Padre Cl\u00e1udio Andrade Motta chega para ser o novo P\u00e1roco<\/span><\/p><p><b>2019:<\/b><span style=\"font-weight: 400;\"> Padre Pedro Andr\u00e9 substitui o Padre Cl\u00e1udio como P\u00e1roco.<\/span><\/p><p><b>2021:<\/b><span style=\"font-weight: 400;\"> Padre Edson Castilho assume a fun\u00e7\u00e3o de P\u00e1roco em nossa Par\u00f3quia.<\/span><\/p><p><b>2024:<\/b><span style=\"font-weight: 400;\"> Padre Cristiano Roberto Campelo assume a fun\u00e7\u00e3o de P\u00e1roco em nossa Par\u00f3quia.<\/span><\/p>\t\t\t\t\t\t\t\t<\/div>\n\t\t\t\t<\/div>\n\t\t\t\t\t<\/div>\n\t\t<\/div>\n\t\t\t\t\t<\/div>\n\t\t<\/section>\n\t\t\t\t<\/div>\n\t\t","protected":false},"excerpt":{"rendered":"<p>Nossa Hist\u00f3ria 1931: D. Rosa Paiana Campanella e Fam\u00edlia doam \u00e0 Mitra Arquidiocesana de S\u00e3o Paulo um terreno de 8.000m\u00b2 para que seja constru\u00edda uma Igreja<span class=\"excerpt-hellip\"> [\u2026]<\/span><\/p>\n","protected":false},"author":93,"featured_media":0,"parent":0,"menu_order":0,"comment_status":"closed","ping_status":"closed","template":"","meta":{"footnotes":""},"class_list":["post-188","page","type-page","status-publish","hentry"],"_links":{"self":[{"href":"https:\/\/salesianossp.org.br\/parslsp\/wp-json\/wp\/v2\/pages\/188","targetHints":{"allow":["GET"]}}],"collection":[{"href":"https:\/\/salesianossp.org.br\/parslsp\/wp-json\/wp\/v2\/pages"}],"about":[{"href":"https:\/\/salesianossp.org.br\/parslsp\/wp-json\/wp\/v2\/types\/page"}],"author":[{"embeddable":true,"href":"https:\/\/salesianossp.org.br\/parslsp\/wp-json\/wp\/v2\/users\/93"}],"replies":[{"embeddable":true,"href":"https:\/\/salesianossp.org.br\/parslsp\/wp-json\/wp\/v2\/comments?post=188"}],"version-history":[{"count":11,"href":"https:\/\/salesianossp.org.br\/parslsp\/wp-json\/wp\/v2\/pages\/188\/revisions"}],"predecessor-version":[{"id":1835,"href":"https:\/\/salesianossp.org.br\/parslsp\/wp-json\/wp\/v2\/pages\/188\/revisions\/1835"}],"wp:attachment":[{"href":"https:\/\/salesianossp.org.br\/parslsp\/wp-json\/wp\/v2\/media?parent=188"}],"curies":[{"name":"wp","href":"https:\/\/api.w.org\/{rel}","templated":true}]}}