{"id":190,"date":"2020-05-17T23:09:38","date_gmt":"2020-05-17T23:09:38","guid":{"rendered":"https:\/\/salesianossp.org.br\/parslsp\/?page_id=190"},"modified":"2021-05-31T04:08:18","modified_gmt":"2021-05-31T07:08:18","slug":"capelas","status":"publish","type":"page","link":"https:\/\/salesianossp.org.br\/parslsp\/capelas\/","title":{"rendered":"Capelas"},"content":{"rendered":"\t\t<div data-elementor-type=\"wp-page\" data-elementor-id=\"190\" class=\"elementor elementor-190\" data-elementor-post-type=\"page\">\n\t\t\t\t\t\t<section class=\"elementor-section elementor-top-section elementor-element elementor-element-1f9cd45 elementor-section-boxed elementor-section-height-default elementor-section-height-default\" data-id=\"1f9cd45\" data-element_type=\"section\" data-e-type=\"section\">\n\t\t\t\t\t\t<div class=\"elementor-container elementor-column-gap-default\">\n\t\t\t\t\t<div class=\"elementor-column elementor-col-100 elementor-top-column elementor-element elementor-element-f4d6bdc\" data-id=\"f4d6bdc\" data-element_type=\"column\" data-e-type=\"column\">\n\t\t\t<div class=\"elementor-widget-wrap elementor-element-populated\">\n\t\t\t\t\t\t<div class=\"elementor-element elementor-element-40f1bf5 elementor-widget elementor-widget-heading\" data-id=\"40f1bf5\" data-element_type=\"widget\" data-e-type=\"widget\" data-widget_type=\"heading.default\">\n\t\t\t\t<div class=\"elementor-widget-container\">\n\t\t\t\t\t<h2 class=\"elementor-heading-title elementor-size-default\">Comunidades<\/h2>\t\t\t\t<\/div>\n\t\t\t\t<\/div>\n\t\t\t\t\t<\/div>\n\t\t<\/div>\n\t\t\t\t\t<\/div>\n\t\t<\/section>\n\t\t\t\t<section class=\"elementor-section elementor-top-section elementor-element elementor-element-d71acad elementor-section-boxed elementor-section-height-default elementor-section-height-default\" data-id=\"d71acad\" data-element_type=\"section\" data-e-type=\"section\">\n\t\t\t\t\t\t<div class=\"elementor-container elementor-column-gap-default\">\n\t\t\t\t\t<div class=\"elementor-column elementor-col-50 elementor-top-column elementor-element elementor-element-1f7c51a\" data-id=\"1f7c51a\" data-element_type=\"column\" data-e-type=\"column\">\n\t\t\t<div class=\"elementor-widget-wrap elementor-element-populated\">\n\t\t\t\t\t\t<div class=\"elementor-element elementor-element-1478924 elementor-widget elementor-widget-text-editor\" data-id=\"1478924\" data-element_type=\"widget\" data-e-type=\"widget\" data-widget_type=\"text-editor.default\">\n\t\t\t\t<div class=\"elementor-widget-container\">\n\t\t\t\t\t\t\t\t\t<p><b>Comunidade Santa Luzia (Matriz)<\/b><\/p><p><span style=\"font-weight: 400;\">Rua da Padroeira, 83<br \/>Jardim Nordeste \u2013 SP. CEP 03691-130<\/span><\/p><p><span style=\"font-weight: 400;\">Fone: (11) 2045-5007 \/\u00a0 Fax: 2045-5001<\/span><\/p>\t\t\t\t\t\t\t\t<\/div>\n\t\t\t\t<\/div>\n\t\t\t\t\t<\/div>\n\t\t<\/div>\n\t\t\t\t<div class=\"elementor-column elementor-col-50 elementor-top-column elementor-element elementor-element-4ed3428\" data-id=\"4ed3428\" data-element_type=\"column\" data-e-type=\"column\">\n\t\t\t<div class=\"elementor-widget-wrap elementor-element-populated\">\n\t\t\t\t\t\t<div class=\"elementor-element elementor-element-2720ecf elementor-widget elementor-widget-google_maps\" data-id=\"2720ecf\" data-element_type=\"widget\" data-e-type=\"widget\" data-widget_type=\"google_maps.default\">\n\t\t\t\t<div class=\"elementor-widget-container\">\n\t\t\t\t\t\t\t<div class=\"elementor-custom-embed\">\n\t\t\t<iframe loading=\"lazy\"\n\t\t\t\t\tsrc=\"https:\/\/maps.google.com\/maps?q=Comunidade%20Santa%20Luzia%20%28Matriz%29%20%20Rua%20da%20Padroeira%2C%2083%20Jardim%20Nordeste%20%E2%80%93%20SP.%20CEP%2003691-130&#038;t=m&#038;z=10&#038;output=embed&#038;iwloc=near\"\n\t\t\t\t\ttitle=\"Comunidade Santa Luzia (Matriz)  Rua da Padroeira, 83 Jardim Nordeste \u2013 SP. CEP 03691-130\"\n\t\t\t\t\taria-label=\"Comunidade Santa Luzia (Matriz)  Rua da Padroeira, 83 Jardim Nordeste \u2013 SP. CEP 03691-130\"\n\t\t\t><\/iframe>\n\t\t<\/div>\n\t\t\t\t\t\t<\/div>\n\t\t\t\t<\/div>\n\t\t\t\t\t<\/div>\n\t\t<\/div>\n\t\t\t\t\t<\/div>\n\t\t<\/section>\n\t\t\t\t<section class=\"elementor-section elementor-top-section elementor-element elementor-element-36195d0 elementor-section-boxed elementor-section-height-default elementor-section-height-default\" data-id=\"36195d0\" data-element_type=\"section\" data-e-type=\"section\">\n\t\t\t\t\t\t<div class=\"elementor-container elementor-column-gap-default\">\n\t\t\t\t\t<div class=\"elementor-column elementor-col-50 elementor-top-column elementor-element elementor-element-0a02def\" data-id=\"0a02def\" data-element_type=\"column\" data-e-type=\"column\">\n\t\t\t<div class=\"elementor-widget-wrap elementor-element-populated\">\n\t\t\t\t\t\t<div class=\"elementor-element elementor-element-3b90e0c elementor-widget elementor-widget-text-editor\" data-id=\"3b90e0c\" data-element_type=\"widget\" data-e-type=\"widget\" data-widget_type=\"text-editor.default\">\n\t\t\t\t<div class=\"elementor-widget-container\">\n\t\t\t\t\t\t\t\t\t<p><b>Comunidade S\u00e3o Nicolau<\/b><\/p><p><span style=\"font-weight: 400;\">Rua Raimundo Lulio, 215<br \/>Jardim S\u00e3o Nicolau, S\u00e3o Paulo, SP.<\/span><\/p><p><span style=\"font-weight: 400;\">Fone: (11) 2042-4599<\/span><\/p>\t\t\t\t\t\t\t\t<\/div>\n\t\t\t\t<\/div>\n\t\t\t\t\t<\/div>\n\t\t<\/div>\n\t\t\t\t<div class=\"elementor-column elementor-col-50 elementor-top-column elementor-element elementor-element-569ab8d\" data-id=\"569ab8d\" data-element_type=\"column\" data-e-type=\"column\">\n\t\t\t<div class=\"elementor-widget-wrap elementor-element-populated\">\n\t\t\t\t\t\t<div class=\"elementor-element elementor-element-ffd6db2 elementor-widget elementor-widget-google_maps\" data-id=\"ffd6db2\" data-element_type=\"widget\" data-e-type=\"widget\" data-widget_type=\"google_maps.default\">\n\t\t\t\t<div class=\"elementor-widget-container\">\n\t\t\t\t\t\t\t<div class=\"elementor-custom-embed\">\n\t\t\t<iframe loading=\"lazy\"\n\t\t\t\t\tsrc=\"https:\/\/maps.google.com\/maps?q=Comunidade%20S%C3%A3o%20Nicolau%20%20Rua%20Raimundo%20Lulio%2C%20215%20Jardim%20S%C3%A3o%20Nicolau%2C%20S%C3%A3o%20Paulo%2C%20SP.&#038;t=m&#038;z=10&#038;output=embed&#038;iwloc=near\"\n\t\t\t\t\ttitle=\"Comunidade S\u00e3o Nicolau  Rua Raimundo Lulio, 215 Jardim S\u00e3o Nicolau, S\u00e3o Paulo, SP.\"\n\t\t\t\t\taria-label=\"Comunidade S\u00e3o Nicolau  Rua Raimundo Lulio, 215 Jardim S\u00e3o Nicolau, S\u00e3o Paulo, SP.\"\n\t\t\t><\/iframe>\n\t\t<\/div>\n\t\t\t\t\t\t<\/div>\n\t\t\t\t<\/div>\n\t\t\t\t\t<\/div>\n\t\t<\/div>\n\t\t\t\t\t<\/div>\n\t\t<\/section>\n\t\t\t\t<section class=\"elementor-section elementor-top-section elementor-element elementor-element-d4fd399 elementor-section-boxed elementor-section-height-default elementor-section-height-default\" data-id=\"d4fd399\" data-element_type=\"section\" data-e-type=\"section\">\n\t\t\t\t\t\t<div class=\"elementor-container elementor-column-gap-default\">\n\t\t\t\t\t<div class=\"elementor-column elementor-col-50 elementor-top-column elementor-element elementor-element-dc61e5d\" data-id=\"dc61e5d\" data-element_type=\"column\" data-e-type=\"column\">\n\t\t\t<div class=\"elementor-widget-wrap elementor-element-populated\">\n\t\t\t\t\t\t<div class=\"elementor-element elementor-element-3b73806 elementor-widget elementor-widget-text-editor\" data-id=\"3b73806\" data-element_type=\"widget\" data-e-type=\"widget\" data-widget_type=\"text-editor.default\">\n\t\t\t\t<div class=\"elementor-widget-container\">\n\t\t\t\t\t\t\t\t\t<p><b>Comunidade Nossa Senhora de F\u00e1tima<\/b><\/p><p><span style=\"font-weight: 400;\">Rua Frederick Hoffmann, 102<br \/>Jardim Coimbra \u2013 SP.<\/span><\/p><p><span style=\"font-weight: 400;\">Fone: (11) 2280-8079<\/span><\/p>\t\t\t\t\t\t\t\t<\/div>\n\t\t\t\t<\/div>\n\t\t\t\t\t<\/div>\n\t\t<\/div>\n\t\t\t\t<div class=\"elementor-column elementor-col-50 elementor-top-column elementor-element elementor-element-d12bd66\" data-id=\"d12bd66\" data-element_type=\"column\" data-e-type=\"column\">\n\t\t\t<div class=\"elementor-widget-wrap elementor-element-populated\">\n\t\t\t\t\t\t<div class=\"elementor-element elementor-element-7d7b852 elementor-widget elementor-widget-google_maps\" data-id=\"7d7b852\" data-element_type=\"widget\" data-e-type=\"widget\" data-widget_type=\"google_maps.default\">\n\t\t\t\t<div class=\"elementor-widget-container\">\n\t\t\t\t\t\t\t<div class=\"elementor-custom-embed\">\n\t\t\t<iframe loading=\"lazy\"\n\t\t\t\t\tsrc=\"https:\/\/maps.google.com\/maps?q=Comunidade%20Nossa%20Senhora%20de%20F%C3%A1tima%20%20Rua%20Frederick%20Hoffmann%2C%20102%20Jardim%20Coimbra%20%E2%80%93%20SP.&#038;t=m&#038;z=10&#038;output=embed&#038;iwloc=near\"\n\t\t\t\t\ttitle=\"Comunidade Nossa Senhora de F\u00e1tima  Rua Frederick Hoffmann, 102 Jardim Coimbra \u2013 SP.\"\n\t\t\t\t\taria-label=\"Comunidade Nossa Senhora de F\u00e1tima  Rua Frederick Hoffmann, 102 Jardim Coimbra \u2013 SP.\"\n\t\t\t><\/iframe>\n\t\t<\/div>\n\t\t\t\t\t\t<\/div>\n\t\t\t\t<\/div>\n\t\t\t\t\t<\/div>\n\t\t<\/div>\n\t\t\t\t\t<\/div>\n\t\t<\/section>\n\t\t\t\t<section class=\"elementor-section elementor-top-section elementor-element elementor-element-5616d9e elementor-section-boxed elementor-section-height-default elementor-section-height-default\" data-id=\"5616d9e\" data-element_type=\"section\" data-e-type=\"section\">\n\t\t\t\t\t\t<div class=\"elementor-container elementor-column-gap-default\">\n\t\t\t\t\t<div class=\"elementor-column elementor-col-50 elementor-top-column elementor-element elementor-element-75f63bf\" data-id=\"75f63bf\" data-element_type=\"column\" data-e-type=\"column\">\n\t\t\t<div class=\"elementor-widget-wrap elementor-element-populated\">\n\t\t\t\t\t\t<div class=\"elementor-element elementor-element-42da20c elementor-widget elementor-widget-text-editor\" data-id=\"42da20c\" data-element_type=\"widget\" data-e-type=\"widget\" data-widget_type=\"text-editor.default\">\n\t\t\t\t<div class=\"elementor-widget-container\">\n\t\t\t\t\t\t\t\t\t<p><b>Comunidade S\u00e3o Jo\u00e3o Batista<\/b><\/p><p><span style=\"font-weight: 400;\">Rua Ipaumirim, 165<br \/>Jardim Nordeste \u2013 SP.<\/span><\/p><p><span style=\"font-weight: 400;\">Fone: (11) 2048-4218<\/span><\/p>\t\t\t\t\t\t\t\t<\/div>\n\t\t\t\t<\/div>\n\t\t\t\t\t<\/div>\n\t\t<\/div>\n\t\t\t\t<div class=\"elementor-column elementor-col-50 elementor-top-column elementor-element elementor-element-6e40d0b\" data-id=\"6e40d0b\" data-element_type=\"column\" data-e-type=\"column\">\n\t\t\t<div class=\"elementor-widget-wrap elementor-element-populated\">\n\t\t\t\t\t\t<div class=\"elementor-element elementor-element-6752769 elementor-widget elementor-widget-google_maps\" data-id=\"6752769\" data-element_type=\"widget\" data-e-type=\"widget\" data-widget_type=\"google_maps.default\">\n\t\t\t\t<div class=\"elementor-widget-container\">\n\t\t\t\t\t\t\t<div class=\"elementor-custom-embed\">\n\t\t\t<iframe loading=\"lazy\"\n\t\t\t\t\tsrc=\"https:\/\/maps.google.com\/maps?q=Comunidade%20S%C3%A3o%20Jo%C3%A3o%20Batista%20%20Rua%20Ipaumirim%2C%20165%20Jardim%20Nordeste%20%E2%80%93%20SP.&#038;t=m&#038;z=10&#038;output=embed&#038;iwloc=near\"\n\t\t\t\t\ttitle=\"Comunidade S\u00e3o Jo\u00e3o Batista  Rua Ipaumirim, 165 Jardim Nordeste \u2013 SP.\"\n\t\t\t\t\taria-label=\"Comunidade S\u00e3o Jo\u00e3o Batista  Rua Ipaumirim, 165 Jardim Nordeste \u2013 SP.\"\n\t\t\t><\/iframe>\n\t\t<\/div>\n\t\t\t\t\t\t<\/div>\n\t\t\t\t<\/div>\n\t\t\t\t\t<\/div>\n\t\t<\/div>\n\t\t\t\t\t<\/div>\n\t\t<\/section>\n\t\t\t\t<\/div>\n\t\t","protected":false},"excerpt":{"rendered":"<p>Comunidades Comunidade Santa Luzia (Matriz) Rua da Padroeira, 83Jardim Nordeste \u2013 SP. CEP 03691-130 Fone: (11) 2045-5007 \/\u00a0 Fax: 2045-5001 Comunidade S\u00e3o Nicolau Rua Raimundo Lulio,<span class=\"excerpt-hellip\"> [\u2026]<\/span><\/p>\n","protected":false},"author":93,"featured_media":0,"parent":0,"menu_order":0,"comment_status":"closed","ping_status":"closed","template":"","meta":{"footnotes":""},"class_list":["post-190","page","type-page","status-publish","hentry"],"_links":{"self":[{"href":"https:\/\/salesianossp.org.br\/parslsp\/wp-json\/wp\/v2\/pages\/190","targetHints":{"allow":["GET"]}}],"collection":[{"href":"https:\/\/salesianossp.org.br\/parslsp\/wp-json\/wp\/v2\/pages"}],"about":[{"href":"https:\/\/salesianossp.org.br\/parslsp\/wp-json\/wp\/v2\/types\/page"}],"author":[{"embeddable":true,"href":"https:\/\/salesianossp.org.br\/parslsp\/wp-json\/wp\/v2\/users\/93"}],"replies":[{"embeddable":true,"href":"https:\/\/salesianossp.org.br\/parslsp\/wp-json\/wp\/v2\/comments?post=190"}],"version-history":[{"count":5,"href":"https:\/\/salesianossp.org.br\/parslsp\/wp-json\/wp\/v2\/pages\/190\/revisions"}],"predecessor-version":[{"id":1523,"href":"https:\/\/salesianossp.org.br\/parslsp\/wp-json\/wp\/v2\/pages\/190\/revisions\/1523"}],"wp:attachment":[{"href":"https:\/\/salesianossp.org.br\/parslsp\/wp-json\/wp\/v2\/media?parent=190"}],"curies":[{"name":"wp","href":"https:\/\/api.w.org\/{rel}","templated":true}]}}