{"id":701,"date":"2020-07-04T23:11:56","date_gmt":"2020-07-05T02:11:56","guid":{"rendered":"https:\/\/salesianossp.org.br\/parslsp\/?page_id=701"},"modified":"2024-07-16T20:40:38","modified_gmt":"2024-07-16T23:40:38","slug":"horarios","status":"publish","type":"page","link":"https:\/\/salesianossp.org.br\/parslsp\/horarios\/","title":{"rendered":"HOR\u00c1RIOS PAROQUIAIS"},"content":{"rendered":"\t\t<div data-elementor-type=\"wp-page\" data-elementor-id=\"701\" class=\"elementor elementor-701\" data-elementor-post-type=\"page\">\n\t\t\t\t\t\t<section class=\"elementor-section elementor-top-section elementor-element elementor-element-75cbc807 elementor-section-content-middle elementor-section-boxed elementor-section-height-default elementor-section-height-default\" data-id=\"75cbc807\" data-element_type=\"section\" data-e-type=\"section\">\n\t\t\t\t\t\t<div class=\"elementor-container elementor-column-gap-no\">\n\t\t\t\t\t<div class=\"elementor-column elementor-col-100 elementor-top-column elementor-element elementor-element-422ceeb0\" data-id=\"422ceeb0\" data-element_type=\"column\" data-e-type=\"column\">\n\t\t\t<div class=\"elementor-widget-wrap elementor-element-populated\">\n\t\t\t\t\t\t<div class=\"elementor-element elementor-element-26ca7e3d elementor-widget elementor-widget-heading\" data-id=\"26ca7e3d\" data-element_type=\"widget\" data-e-type=\"widget\" data-widget_type=\"heading.default\">\n\t\t\t\t<div class=\"elementor-widget-container\">\n\t\t\t\t\t<h4 class=\"elementor-heading-title elementor-size-default\">HOR\u00c1RIOS<\/h4>\t\t\t\t<\/div>\n\t\t\t\t<\/div>\n\t\t\t\t<section class=\"elementor-section elementor-inner-section elementor-element elementor-element-37f75b3d elementor-section-boxed elementor-section-height-default elementor-section-height-default\" data-id=\"37f75b3d\" data-element_type=\"section\" data-e-type=\"section\">\n\t\t\t\t\t\t<div class=\"elementor-container elementor-column-gap-wider\">\n\t\t\t\t\t<div class=\"elementor-column elementor-col-50 elementor-inner-column elementor-element elementor-element-3789fb0f\" data-id=\"3789fb0f\" data-element_type=\"column\" data-e-type=\"column\">\n\t\t\t<div class=\"elementor-widget-wrap elementor-element-populated\">\n\t\t\t\t\t\t<div class=\"elementor-element elementor-element-466f1d06 elementor-widget elementor-widget-heading\" data-id=\"466f1d06\" data-element_type=\"widget\" data-e-type=\"widget\" data-widget_type=\"heading.default\">\n\t\t\t\t<div class=\"elementor-widget-container\">\n\t\t\t\t\t<h2 class=\"elementor-heading-title elementor-size-default\">Matriz Santa Luzia<\/h2>\t\t\t\t<\/div>\n\t\t\t\t<\/div>\n\t\t\t\t<div class=\"elementor-element elementor-element-56921fdc elementor-widget elementor-widget-text-editor\" data-id=\"56921fdc\" data-element_type=\"widget\" data-e-type=\"widget\" data-widget_type=\"text-editor.default\">\n\t\t\t\t<div class=\"elementor-widget-container\">\n\t\t\t\t\t\t\t\t\t<p><strong style=\"letter-spacing: 0px;\"><br \/>MISSAS:<\/strong><\/p><p><strong>Domingo: <br \/><\/strong><span style=\"font-weight: 400;\">8h, 09h30 e 18h.<br \/><\/span><\/p><p><span style=\"font-weight: 400;\"><strong>De Segunda a Sexta-feira<\/strong>: <br \/>19h30.<\/span><\/p><p><strong>Todo dia 13:<br \/><\/strong>Comemora\u00e7\u00e3o mensal de<br \/>Santa Luzia, \u00e0s 15h00.<\/p><p><b>SECRETARIA:<br \/><\/b><\/p><p style=\"font-style: normal; font-variant-ligatures: normal; font-variant-caps: normal; font-weight: 400; font-size: 18px; font-family: 'Open Sans', -apple-system, BlinkMacSystemFont, 'Segoe UI', Roboto, Oxygen-Sans, Ubuntu, Cantarell, 'Helvetica Neue', sans-serif;\"><span style=\"font-weight: 400;\"><span style=\"font-weight: bold;\">Segunda-feira:<\/span><br \/>Expediente interno.<\/span><\/p><div><strong style=\"letter-spacing: 0px;\">De ter\u00e7a a sexta-feira:<\/strong><\/div><p><span style=\"font-weight: 400;\">Das 8h \u00e0s 17h.<\/span><\/p><p><span style=\"font-weight: 400;\"><strong>S\u00e1bado:<\/strong>\u00a0<br \/>Das 8h \u00e0s 12h.<\/span><\/p>\t\t\t\t\t\t\t\t<\/div>\n\t\t\t\t<\/div>\n\t\t\t\t\t<\/div>\n\t\t<\/div>\n\t\t\t\t<div class=\"elementor-column elementor-col-50 elementor-inner-column elementor-element elementor-element-cdff162\" data-id=\"cdff162\" data-element_type=\"column\" data-e-type=\"column\">\n\t\t\t<div class=\"elementor-widget-wrap elementor-element-populated\">\n\t\t\t\t\t\t<div class=\"elementor-element elementor-element-d273731 elementor-widget elementor-widget-heading\" data-id=\"d273731\" data-element_type=\"widget\" data-e-type=\"widget\" data-widget_type=\"heading.default\">\n\t\t\t\t<div class=\"elementor-widget-container\">\n\t\t\t\t\t<h2 class=\"elementor-heading-title elementor-size-default\">Comunidade Nossa <br>Senhora de F\u00e1tima<\/h2>\t\t\t\t<\/div>\n\t\t\t\t<\/div>\n\t\t\t\t<div class=\"elementor-element elementor-element-3b494a4 elementor-widget elementor-widget-text-editor\" data-id=\"3b494a4\" data-element_type=\"widget\" data-e-type=\"widget\" data-widget_type=\"text-editor.default\">\n\t\t\t\t<div class=\"elementor-widget-container\">\n\t\t\t\t\t\t\t\t\t<p><strong>MISSAS:<\/strong><\/p>\n<p><strong>Quarta-feira:<br><\/strong>19h30.<\/p>\n<p><span style=\"font-style: normal; font-variant-ligatures: normal; font-variant-caps: normal; font-weight: bold; font-size: 18px; font-family: 'Open Sans', -apple-system, BlinkMacSystemFont, 'Segoe UI', Roboto, Oxygen-Sans, Ubuntu, Cantarell, 'Helvetica Neue', sans-serif;\">S\u00e1bado:<br><\/span><span style=\"font-family: 'Open Sans', -apple-system, BlinkMacSystemFont, 'Segoe UI', Roboto, Oxygen-Sans, Ubuntu, Cantarell, 'Helvetica Neue', sans-serif; font-size: 18px; font-style: normal; font-variant-ligatures: normal; font-variant-caps: normal; font-weight: 400;\">19h.<\/span><\/p>\n<p><span style=\"font-weight: 400;\"><strong>Domingo:<\/strong> <br>9h30.<\/span><\/p>\n<p><b>SECRETARIA:<\/b><span style=\"font-weight: 400;\"><br><\/span><span style=\"font-weight: 400;\"><strong>De ter\u00e7a-feira a sexta-feira:&nbsp;<\/strong><br>Das 12h \u00e0s 18h.<\/span><\/p>\n<p><span style=\"font-weight: 400;\"><strong>S\u00e1bado:<br><\/strong>Das 8h \u00e0s 12h.<\/span><\/p>\n<p><span style=\"font-weight: 400;\"><strong>Domingo:<br><\/strong><em>Durante o hor\u00e1rio da missa.<\/em><\/span><\/p>\t\t\t\t\t\t\t\t<\/div>\n\t\t\t\t<\/div>\n\t\t\t\t\t<\/div>\n\t\t<\/div>\n\t\t\t\t\t<\/div>\n\t\t<\/section>\n\t\t\t\t<section class=\"elementor-section elementor-inner-section elementor-element elementor-element-bc5997e elementor-section-boxed elementor-section-height-default elementor-section-height-default\" data-id=\"bc5997e\" data-element_type=\"section\" data-e-type=\"section\">\n\t\t\t\t\t\t<div class=\"elementor-container elementor-column-gap-wider\">\n\t\t\t\t\t<div class=\"elementor-column elementor-col-50 elementor-inner-column elementor-element elementor-element-92ae6ac\" data-id=\"92ae6ac\" data-element_type=\"column\" data-e-type=\"column\">\n\t\t\t<div class=\"elementor-widget-wrap elementor-element-populated\">\n\t\t\t\t\t\t<div class=\"elementor-element elementor-element-9407ff7 elementor-widget elementor-widget-heading\" data-id=\"9407ff7\" data-element_type=\"widget\" data-e-type=\"widget\" data-widget_type=\"heading.default\">\n\t\t\t\t<div class=\"elementor-widget-container\">\n\t\t\t\t\t<h2 class=\"elementor-heading-title elementor-size-default\">Comunidade S\u00e3o Nicolau\n<\/h2>\t\t\t\t<\/div>\n\t\t\t\t<\/div>\n\t\t\t\t<div class=\"elementor-element elementor-element-c1f84f8 elementor-widget elementor-widget-text-editor\" data-id=\"c1f84f8\" data-element_type=\"widget\" data-e-type=\"widget\" data-widget_type=\"text-editor.default\">\n\t\t\t\t<div class=\"elementor-widget-container\">\n\t\t\t\t\t\t\t\t\t<p><b>MISSAS:<\/b><\/p><p><span style=\"font-weight: 400;\"><strong>Sexta-feira:<\/strong> <br \/>19h30.<\/span><\/p><p><span style=\"font-weight: 400;\"><strong>Domingo:<\/strong> <br \/>8h e 19h15.<\/span><\/p><p><b>SECRETARIA<\/b><span style=\"font-weight: 400;\"><br \/><\/span><span style=\"font-weight: 400;\"><strong>Ter\u00e7a-feira a Sexta-feira:<\/strong><br \/>Das 12h \u00e0s 18h.<\/span><\/p><p><span style=\"font-weight: 400;\"><strong>S\u00e1bado:<br \/><\/strong>Das 8h \u00e0s 12h.<\/span><\/p><p><em><span style=\"font-weight: 400;\">Domingo durante o hor\u00e1rio da missa.<\/span><\/em><\/p>\t\t\t\t\t\t\t\t<\/div>\n\t\t\t\t<\/div>\n\t\t\t\t\t<\/div>\n\t\t<\/div>\n\t\t\t\t<div class=\"elementor-column elementor-col-50 elementor-inner-column elementor-element elementor-element-c2c7e28\" data-id=\"c2c7e28\" data-element_type=\"column\" data-e-type=\"column\">\n\t\t\t<div class=\"elementor-widget-wrap elementor-element-populated\">\n\t\t\t\t\t\t<div class=\"elementor-element elementor-element-cad259a elementor-widget elementor-widget-heading\" data-id=\"cad259a\" data-element_type=\"widget\" data-e-type=\"widget\" data-widget_type=\"heading.default\">\n\t\t\t\t<div class=\"elementor-widget-container\">\n\t\t\t\t\t<h2 class=\"elementor-heading-title elementor-size-default\">Comunidade S\u00e3o Jo\u00e3o Batista\n<\/h2>\t\t\t\t<\/div>\n\t\t\t\t<\/div>\n\t\t\t\t<div class=\"elementor-element elementor-element-4cf84e8 elementor-widget elementor-widget-text-editor\" data-id=\"4cf84e8\" data-element_type=\"widget\" data-e-type=\"widget\" data-widget_type=\"text-editor.default\">\n\t\t\t\t<div class=\"elementor-widget-container\">\n\t\t\t\t\t\t\t\t\t<p><b>MISSAS:<\/b><\/p><p><span style=\"font-weight: 400;\"><strong>Quinta-feira:<\/strong> <br \/>19h30.<\/span><\/p><p><em><span style=\"font-weight: 400;\">Adora\u00e7\u00e3o ao Sant\u00edssimo ap\u00f3s a missa.<\/span><\/em><\/p><p><span style=\"font-weight: 400;\"><strong>Domingo:<\/strong> <br \/>9h30 e 18h.<br \/><\/span><span style=\"font-weight: 400;\"><br \/><\/span><b>SECRETARIA <\/b><b><i><br \/><\/i><\/b><span style=\"font-weight: 400;\">De ter\u00e7a-feira a sexta-feira:<br \/>Das 12h \u00e0s 18h.<\/span><\/p><p><span style=\"font-weight: 400;\"><strong>S\u00e1bado:<br \/><\/strong>Das 8h \u00e0s 12h.<\/span><\/p><p><em><span style=\"font-weight: 400;\">Domingo durante o hor\u00e1rio da missa.<\/span><\/em><\/p>\t\t\t\t\t\t\t\t<\/div>\n\t\t\t\t<\/div>\n\t\t\t\t\t<\/div>\n\t\t<\/div>\n\t\t\t\t\t<\/div>\n\t\t<\/section>\n\t\t\t\t<section class=\"elementor-section elementor-inner-section elementor-element elementor-element-5396738e elementor-section-boxed elementor-section-height-default elementor-section-height-default\" data-id=\"5396738e\" data-element_type=\"section\" data-e-type=\"section\">\n\t\t\t\t\t\t<div class=\"elementor-container elementor-column-gap-wider\">\n\t\t\t\t\t<div class=\"elementor-column elementor-col-100 elementor-inner-column elementor-element elementor-element-6f380a6c\" data-id=\"6f380a6c\" data-element_type=\"column\" data-e-type=\"column\">\n\t\t\t<div class=\"elementor-widget-wrap\">\n\t\t\t\t\t\t\t<\/div>\n\t\t<\/div>\n\t\t\t\t\t<\/div>\n\t\t<\/section>\n\t\t\t\t\t<\/div>\n\t\t<\/div>\n\t\t\t\t\t<\/div>\n\t\t<\/section>\n\t\t\t\t<\/div>\n\t\t","protected":false},"excerpt":{"rendered":"<p>HOR\u00c1RIOS Matriz Santa Luzia MISSAS: Domingo: 8h, 09h30 e 18h. De Segunda a Sexta-feira: 19h30. Todo dia 13:Comemora\u00e7\u00e3o mensal deSanta Luzia, \u00e0s 15h00. SECRETARIA: Segunda-feira:Expediente interno.<span class=\"excerpt-hellip\"> [\u2026]<\/span><\/p>\n","protected":false},"author":93,"featured_media":0,"parent":0,"menu_order":0,"comment_status":"closed","ping_status":"closed","template":"elementor_header_footer","meta":{"footnotes":""},"class_list":["post-701","page","type-page","status-publish","hentry"],"_links":{"self":[{"href":"https:\/\/salesianossp.org.br\/parslsp\/wp-json\/wp\/v2\/pages\/701","targetHints":{"allow":["GET"]}}],"collection":[{"href":"https:\/\/salesianossp.org.br\/parslsp\/wp-json\/wp\/v2\/pages"}],"about":[{"href":"https:\/\/salesianossp.org.br\/parslsp\/wp-json\/wp\/v2\/types\/page"}],"author":[{"embeddable":true,"href":"https:\/\/salesianossp.org.br\/parslsp\/wp-json\/wp\/v2\/users\/93"}],"replies":[{"embeddable":true,"href":"https:\/\/salesianossp.org.br\/parslsp\/wp-json\/wp\/v2\/comments?post=701"}],"version-history":[{"count":29,"href":"https:\/\/salesianossp.org.br\/parslsp\/wp-json\/wp\/v2\/pages\/701\/revisions"}],"predecessor-version":[{"id":1832,"href":"https:\/\/salesianossp.org.br\/parslsp\/wp-json\/wp\/v2\/pages\/701\/revisions\/1832"}],"wp:attachment":[{"href":"https:\/\/salesianossp.org.br\/parslsp\/wp-json\/wp\/v2\/media?parent=701"}],"curies":[{"name":"wp","href":"https:\/\/api.w.org\/{rel}","templated":true}]}}