{"id":701,"date":"2020-07-04T23:11:56","date_gmt":"2020-07-05T02:11:56","guid":{"rendered":"https:\/\/salesianossp.org.br\/parstsp\/?page_id=701"},"modified":"2023-04-26T15:15:54","modified_gmt":"2023-04-26T18:15:54","slug":"horarios","status":"publish","type":"page","link":"https:\/\/salesianossp.org.br\/parstsp\/horarios\/","title":{"rendered":"HOR\u00c1RIOS PAROQUIAIS"},"content":{"rendered":"\t\t<div data-elementor-type=\"wp-page\" data-elementor-id=\"701\" class=\"elementor elementor-701\" data-elementor-post-type=\"page\">\n\t\t\t\t\t\t<section class=\"elementor-section elementor-top-section elementor-element elementor-element-75cbc807 elementor-section-content-middle elementor-section-boxed elementor-section-height-default elementor-section-height-default\" data-id=\"75cbc807\" data-element_type=\"section\" data-e-type=\"section\">\n\t\t\t\t\t\t<div class=\"elementor-container elementor-column-gap-no\">\n\t\t\t\t\t<div class=\"elementor-column elementor-col-100 elementor-top-column elementor-element elementor-element-422ceeb0\" data-id=\"422ceeb0\" data-element_type=\"column\" data-e-type=\"column\">\n\t\t\t<div class=\"elementor-widget-wrap elementor-element-populated\">\n\t\t\t\t\t\t<div class=\"elementor-element elementor-element-26ca7e3d elementor-widget elementor-widget-heading\" data-id=\"26ca7e3d\" data-element_type=\"widget\" data-e-type=\"widget\" data-widget_type=\"heading.default\">\n\t\t\t\t<div class=\"elementor-widget-container\">\n\t\t\t\t\t<h4 class=\"elementor-heading-title elementor-size-default\">HOR\u00c1RIOS<\/h4>\t\t\t\t<\/div>\n\t\t\t\t<\/div>\n\t\t\t\t<section class=\"elementor-section elementor-inner-section elementor-element elementor-element-ed414d9 elementor-section-boxed elementor-section-height-default elementor-section-height-default\" data-id=\"ed414d9\" data-element_type=\"section\" data-e-type=\"section\">\n\t\t\t\t\t\t<div class=\"elementor-container elementor-column-gap-default\">\n\t\t\t\t\t<div class=\"elementor-column elementor-col-33 elementor-inner-column elementor-element elementor-element-3789fb0f\" data-id=\"3789fb0f\" data-element_type=\"column\" data-e-type=\"column\">\n\t\t\t<div class=\"elementor-widget-wrap elementor-element-populated\">\n\t\t\t\t\t\t<div class=\"elementor-element elementor-element-466f1d06 elementor-widget elementor-widget-heading\" data-id=\"466f1d06\" data-element_type=\"widget\" data-e-type=\"widget\" data-widget_type=\"heading.default\">\n\t\t\t\t<div class=\"elementor-widget-container\">\n\t\t\t\t\t<h2 class=\"elementor-heading-title elementor-size-default\">SANTA MISSA<\/h2>\t\t\t\t<\/div>\n\t\t\t\t<\/div>\n\t\t\t\t<div class=\"elementor-element elementor-element-56921fdc elementor-widget elementor-widget-text-editor\" data-id=\"56921fdc\" data-element_type=\"widget\" data-e-type=\"widget\" data-widget_type=\"text-editor.default\">\n\t\t\t\t<div class=\"elementor-widget-container\">\n\t\t\t\t\t\t\t\t\t<p>Segunda a Sexta: 7h30 \u00e0s 19h30<br \/>S\u00e1bado: 7h30 e 16h<br \/>Domingo: 09h, 11h, 17h e 19h<\/p>\t\t\t\t\t\t\t\t<\/div>\n\t\t\t\t<\/div>\n\t\t\t\t\t<\/div>\n\t\t<\/div>\n\t\t\t\t<div class=\"elementor-column elementor-col-33 elementor-inner-column elementor-element elementor-element-14c64ce\" data-id=\"14c64ce\" data-element_type=\"column\" data-e-type=\"column\">\n\t\t\t<div class=\"elementor-widget-wrap elementor-element-populated\">\n\t\t\t\t\t\t<div class=\"elementor-element elementor-element-4a333bd elementor-widget elementor-widget-heading\" data-id=\"4a333bd\" data-element_type=\"widget\" data-e-type=\"widget\" data-widget_type=\"heading.default\">\n\t\t\t\t<div class=\"elementor-widget-container\">\n\t\t\t\t\t<h2 class=\"elementor-heading-title elementor-size-default\">CONFISS\u00d5ES<\/h2>\t\t\t\t<\/div>\n\t\t\t\t<\/div>\n\t\t\t\t<div class=\"elementor-element elementor-element-787c944 elementor-widget elementor-widget-text-editor\" data-id=\"787c944\" data-element_type=\"widget\" data-e-type=\"widget\" data-widget_type=\"text-editor.default\">\n\t\t\t\t<div class=\"elementor-widget-container\">\n\t\t\t\t\t\t\t\t\t<p>Ter\u00e7a a Sexta: 8h \u00e0s 11h e das 14h \u00e0s 17h<\/p><p>(Solicitamos contato telefonico para verificar a disponibilidade do sacerdorte)<\/p>\t\t\t\t\t\t\t\t<\/div>\n\t\t\t\t<\/div>\n\t\t\t\t\t<\/div>\n\t\t<\/div>\n\t\t\t\t<div class=\"elementor-column elementor-col-33 elementor-inner-column elementor-element elementor-element-e2d88fc\" data-id=\"e2d88fc\" data-element_type=\"column\" data-e-type=\"column\">\n\t\t\t<div class=\"elementor-widget-wrap elementor-element-populated\">\n\t\t\t\t\t\t<div class=\"elementor-element elementor-element-e265e6b elementor-widget elementor-widget-heading\" data-id=\"e265e6b\" data-element_type=\"widget\" data-e-type=\"widget\" data-widget_type=\"heading.default\">\n\t\t\t\t<div class=\"elementor-widget-container\">\n\t\t\t\t\t<h2 class=\"elementor-heading-title elementor-size-default\">SECRETARIA<\/h2>\t\t\t\t<\/div>\n\t\t\t\t<\/div>\n\t\t\t\t<div class=\"elementor-element elementor-element-74f62ee elementor-widget elementor-widget-text-editor\" data-id=\"74f62ee\" data-element_type=\"widget\" data-e-type=\"widget\" data-widget_type=\"text-editor.default\">\n\t\t\t\t<div class=\"elementor-widget-container\">\n\t\t\t\t\t\t\t\t\t<p>Segunda: 8h \u00e0s 12h e das 13h30 \u00e0s 16h<\/p><p>Ter\u00e7a a Sexta: 8h \u00e0s 12h e das 13h30 \u00e0s 17h<\/p><p>S\u00e1bado: 8h \u00e0s 11h30<\/p>\t\t\t\t\t\t\t\t<\/div>\n\t\t\t\t<\/div>\n\t\t\t\t\t<\/div>\n\t\t<\/div>\n\t\t\t\t\t<\/div>\n\t\t<\/section>\n\t\t\t\t<section class=\"elementor-section elementor-inner-section elementor-element elementor-element-5396738e elementor-section-boxed elementor-section-height-default elementor-section-height-default\" data-id=\"5396738e\" data-element_type=\"section\" data-e-type=\"section\">\n\t\t\t\t\t\t<div class=\"elementor-container elementor-column-gap-wider\">\n\t\t\t\t\t<div class=\"elementor-column elementor-col-100 elementor-inner-column elementor-element elementor-element-6f380a6c\" data-id=\"6f380a6c\" data-element_type=\"column\" data-e-type=\"column\">\n\t\t\t<div class=\"elementor-widget-wrap\">\n\t\t\t\t\t\t\t<\/div>\n\t\t<\/div>\n\t\t\t\t\t<\/div>\n\t\t<\/section>\n\t\t\t\t\t<\/div>\n\t\t<\/div>\n\t\t\t\t\t<\/div>\n\t\t<\/section>\n\t\t\t\t<\/div>\n\t\t","protected":false},"excerpt":{"rendered":"<p>HOR\u00c1RIOS SANTA MISSA Segunda a Sexta: 7h30 \u00e0s 19h30S\u00e1bado: 7h30 e 16hDomingo: 09h, 11h, 17h e 19h CONFISS\u00d5ES Ter\u00e7a a Sexta: 8h \u00e0s 11h e das<span class=\"excerpt-hellip\"> [\u2026]<\/span><\/p>\n","protected":false},"author":93,"featured_media":0,"parent":0,"menu_order":0,"comment_status":"closed","ping_status":"closed","template":"elementor_header_footer","meta":{"footnotes":""},"class_list":["post-701","page","type-page","status-publish","hentry"],"_links":{"self":[{"href":"https:\/\/salesianossp.org.br\/parstsp\/wp-json\/wp\/v2\/pages\/701","targetHints":{"allow":["GET"]}}],"collection":[{"href":"https:\/\/salesianossp.org.br\/parstsp\/wp-json\/wp\/v2\/pages"}],"about":[{"href":"https:\/\/salesianossp.org.br\/parstsp\/wp-json\/wp\/v2\/types\/page"}],"author":[{"embeddable":true,"href":"https:\/\/salesianossp.org.br\/parstsp\/wp-json\/wp\/v2\/users\/93"}],"replies":[{"embeddable":true,"href":"https:\/\/salesianossp.org.br\/parstsp\/wp-json\/wp\/v2\/comments?post=701"}],"version-history":[{"count":14,"href":"https:\/\/salesianossp.org.br\/parstsp\/wp-json\/wp\/v2\/pages\/701\/revisions"}],"predecessor-version":[{"id":1702,"href":"https:\/\/salesianossp.org.br\/parstsp\/wp-json\/wp\/v2\/pages\/701\/revisions\/1702"}],"wp:attachment":[{"href":"https:\/\/salesianossp.org.br\/parstsp\/wp-json\/wp\/v2\/media?parent=701"}],"curies":[{"name":"wp","href":"https:\/\/api.w.org\/{rel}","templated":true}]}}